{"id":72558,"date":"2025-07-29T10:29:09","date_gmt":"2025-07-29T10:29:09","guid":{"rendered":"https:\/\/fv6qoy3ls0.wpdns.site\/produto\/godox-soporte-de-metal-plegable-para-telefono-inteligente\/"},"modified":"2025-07-29T10:29:09","modified_gmt":"2025-07-29T10:29:09","slug":"godox-soporte-de-metal-plegable-para-telefono-inteligente","status":"publish","type":"product","link":"https:\/\/hi-techwonder.com\/es\/producto\/godox-soporte-de-metal-plegable-para-telefono-inteligente\/","title":{"rendered":"GODOX Soporte de metal plegable para tel\u00e9fono inteligente"},"content":{"rendered":"<p><strong>GODOX Soporte de metal plegable para tel\u00e9fono inteligente<\/strong><\/p>\n<p><strong>Funciones<\/strong><\/p>\n<ul>\n<li>Dimensiones internas m\u00e1ximas 90 mm<\/li>\n<li>Dimensiones internas m\u00ednimas 60 mm<\/li>\n<li>Entrada de rosca hembra de 1\/4&#8243;<\/li>\n<li>Soporte de zapata Flash&nbsp;<\/li>\n<\/ul>\n<p>Este soporte para tel\u00e9fono inteligente todo en uno es flexible, vers\u00e1til y se puede llevar f\u00e1cilmente en el bolsillo.<\/p>\n<p>F\u00e1cil de usar, cuenta con un soporte de zapata de flash para conectar un iluminador LED compacto o un micr\u00f3fono. La conexi\u00f3n con entrada de rosca hembra de 1\/4&#8243; permite montar el soporte del smartphone en otros dispositivos con un tornillo de 1\/4&#8243;. <\/p>\n<p>El soporte es adecuado para tel\u00e9fonos inteligentes con un ancho de 60 a 90 mil\u00edmetros.<\/p>\n","protected":false},"excerpt":{"rendered":"<p>GODOX Soporte de metal plegable para tel\u00e9fono inteligente Funciones Dimensiones internas m\u00e1ximas 90 mm Dimensiones internas m\u00ednimas 60 mm Entrada<\/p>\n","protected":false},"featured_media":63975,"comment_status":"closed","ping_status":"open","template":"","meta":{"_acf_changed":false},"product_brand":[2555],"product_cat":[1085],"product_tag":[],"class_list":{"0":"post-72558","1":"product","2":"type-product","3":"status-publish","4":"has-post-thumbnail","6":"product_brand-godox-es","7":"product_cat-para-smartphones-es","9":"first","10":"onbackorder","11":"taxable","12":"shipping-taxable","13":"purchasable","14":"product-type-simple"},"bundled_by":[],"bundle_stock_status":"onbackorder","bundle_stock_quantity":0,"bundle_virtual":false,"bundle_layout":"","bundle_add_to_cart_form_location":"","bundle_editable_in_cart":false,"bundle_sold_individually_context":"","bundle_item_grouping":"","bundle_min_size":"","bundle_max_size":"","bundle_price":[],"bundled_items":[],"bundle_sell_ids":[],"acf":[],"_links":{"self":[{"href":"https:\/\/hi-techwonder.com\/es\/wp-json\/wp\/v2\/product\/72558","targetHints":{"allow":["GET"]}}],"collection":[{"href":"https:\/\/hi-techwonder.com\/es\/wp-json\/wp\/v2\/product"}],"about":[{"href":"https:\/\/hi-techwonder.com\/es\/wp-json\/wp\/v2\/types\/product"}],"replies":[{"embeddable":true,"href":"https:\/\/hi-techwonder.com\/es\/wp-json\/wp\/v2\/comments?post=72558"}],"wp:featuredmedia":[{"embeddable":true,"href":"https:\/\/hi-techwonder.com\/es\/wp-json\/wp\/v2\/media\/63975"}],"wp:attachment":[{"href":"https:\/\/hi-techwonder.com\/es\/wp-json\/wp\/v2\/media?parent=72558"}],"wp:term":[{"taxonomy":"product_brand","embeddable":true,"href":"https:\/\/hi-techwonder.com\/es\/wp-json\/wp\/v2\/product_brand?post=72558"},{"taxonomy":"product_cat","embeddable":true,"href":"https:\/\/hi-techwonder.com\/es\/wp-json\/wp\/v2\/product_cat?post=72558"},{"taxonomy":"product_tag","embeddable":true,"href":"https:\/\/hi-techwonder.com\/es\/wp-json\/wp\/v2\/product_tag?post=72558"}],"curies":[{"name":"wp","href":"https:\/\/api.w.org\/{rel}","templated":true}]}}