{"id":72559,"date":"2025-07-29T10:18:57","date_gmt":"2025-07-29T10:18:57","guid":{"rendered":"https:\/\/fv6qoy3ls0.wpdns.site\/produto\/godox-paraguas-reversible-plateado-dorado-101cm\/"},"modified":"2025-12-04T20:10:26","modified_gmt":"2025-12-04T20:10:26","slug":"godox-paraguas-reversible-plateado-dorado-101cm","status":"publish","type":"product","link":"https:\/\/hi-techwonder.com\/es\/producto\/godox-paraguas-reversible-plateado-dorado-101cm\/","title":{"rendered":"GODOX Paraguas reversible plateado\/dorado 101cm"},"content":{"rendered":"<p><strong>GODOX Paraguas reversible plateado\/dorado 101cm<\/strong><\/p>\n<p>La sombrilla reflectante dorada proporciona un mejor aprovechamiento de la luz, dando mayor contraste a las im\u00e1genes y tonos m\u00e1s c\u00e1lidos. <br \/>La sombrilla reflectante plateada proporciona un mejor aprovechamiento de la luz, dando mayor contraste a las im\u00e1genes y tonos m\u00e1s fr\u00edos. <br \/><strong><br \/>Caracter\u00edsticas t\u00e9cnicas:<\/strong><\/p>\n<ul>\n<li>Di\u00e1metro: 101cm<\/li>\n<li>Colores: Plata y Oro<\/li>\n<\/ul>\n<p><strong>Contenido de la caja:<\/strong><\/p>\n<ul>\n<li>1x UB-007 Paraguas reflectante reversible &#8211; Plata\/Oro 101cm<\/li>\n<\/ul>\n","protected":false},"excerpt":{"rendered":"<p>GODOX Paraguas reversible plateado\/dorado 101cm La sombrilla reflectante dorada proporciona un mejor aprovechamiento de la luz, dando mayor contraste a<\/p>\n","protected":false},"featured_media":61564,"comment_status":"closed","ping_status":"open","template":"","meta":{"_acf_changed":false},"product_brand":[2555],"product_cat":[1017],"product_tag":[],"class_list":{"0":"post-72559","1":"product","2":"type-product","3":"status-publish","4":"has-post-thumbnail","6":"product_brand-godox-es","7":"product_cat-reflectoras-es","9":"first","10":"instock","11":"taxable","12":"shipping-taxable","13":"purchasable","14":"product-type-simple"},"bundled_by":[],"bundle_stock_status":"instock","bundle_stock_quantity":1,"bundle_virtual":false,"bundle_layout":"","bundle_add_to_cart_form_location":"","bundle_editable_in_cart":false,"bundle_sold_individually_context":"","bundle_item_grouping":"","bundle_min_size":"","bundle_max_size":"","bundle_price":[],"bundled_items":[],"bundle_sell_ids":[],"acf":[],"_links":{"self":[{"href":"https:\/\/hi-techwonder.com\/es\/wp-json\/wp\/v2\/product\/72559","targetHints":{"allow":["GET"]}}],"collection":[{"href":"https:\/\/hi-techwonder.com\/es\/wp-json\/wp\/v2\/product"}],"about":[{"href":"https:\/\/hi-techwonder.com\/es\/wp-json\/wp\/v2\/types\/product"}],"replies":[{"embeddable":true,"href":"https:\/\/hi-techwonder.com\/es\/wp-json\/wp\/v2\/comments?post=72559"}],"wp:featuredmedia":[{"embeddable":true,"href":"https:\/\/hi-techwonder.com\/es\/wp-json\/wp\/v2\/media\/61564"}],"wp:attachment":[{"href":"https:\/\/hi-techwonder.com\/es\/wp-json\/wp\/v2\/media?parent=72559"}],"wp:term":[{"taxonomy":"product_brand","embeddable":true,"href":"https:\/\/hi-techwonder.com\/es\/wp-json\/wp\/v2\/product_brand?post=72559"},{"taxonomy":"product_cat","embeddable":true,"href":"https:\/\/hi-techwonder.com\/es\/wp-json\/wp\/v2\/product_cat?post=72559"},{"taxonomy":"product_tag","embeddable":true,"href":"https:\/\/hi-techwonder.com\/es\/wp-json\/wp\/v2\/product_tag?post=72559"}],"curies":[{"name":"wp","href":"https:\/\/api.w.org\/{rel}","templated":true}]}}