{"id":72563,"date":"2025-07-29T10:18:47","date_gmt":"2025-07-29T10:18:47","guid":{"rendered":"https:\/\/fv6qoy3ls0.wpdns.site\/produto\/godox-sombrilla-de-doble-funcion-negro-plata-blanco-84cm\/"},"modified":"2026-03-17T17:33:52","modified_gmt":"2026-03-17T17:33:52","slug":"godox-sombrilla-de-doble-funcion-negro-plata-blanco-84cm","status":"publish","type":"product","link":"https:\/\/hi-techwonder.com\/es\/producto\/godox-sombrilla-de-doble-funcion-negro-plata-blanco-84cm\/","title":{"rendered":"GODOX Sombrilla de doble funci\u00f3n Negro\/Plata\/Blanco 84cm"},"content":{"rendered":"<p><strong>GODOX UB-006 Sombrilla de doble funci\u00f3n Negro\/Plata\/Blanco 84cm<\/strong><\/p>\n<p>La sombrilla reflectante plateada proporciona un mejor aprovechamiento de la luz, dando mayor contraste a las im\u00e1genes y tonos m\u00e1s fr\u00edos. <br \/>El paraguas reflectante blanco proporciona un mejor aprovechamiento de la luz, dando mayor contraste a las im\u00e1genes y tonos m\u00e1s naturales.<br \/>El paraguas difusor blanco transl\u00facido proporciona una luz suave y difusa, con sombras suaves.<\/p>\n<p><strong>Contenido de la caja:<\/strong><\/p>\n<ul>\n<li>1 x Paraguas reflectante de doble funci\u00f3n negro\/plateado y blanco transl\u00facido 84cm<\/li>\n<\/ul>\n","protected":false},"excerpt":{"rendered":"<p>GODOX UB-006 Sombrilla de doble funci\u00f3n Negro\/Plata\/Blanco 84cm La sombrilla reflectante plateada proporciona un mejor aprovechamiento de la luz, dando<\/p>\n","protected":false},"featured_media":61538,"comment_status":"closed","ping_status":"open","template":"","meta":{"_acf_changed":false},"product_brand":[2555],"product_cat":[1017],"product_tag":[],"class_list":{"0":"post-72563","1":"product","2":"type-product","3":"status-publish","4":"has-post-thumbnail","6":"product_brand-godox-es","7":"product_cat-reflectoras-es","9":"first","10":"instock","11":"taxable","12":"shipping-taxable","13":"purchasable","14":"product-type-simple"},"bundled_by":[],"bundle_stock_status":"instock","bundle_stock_quantity":1,"bundle_virtual":false,"bundle_layout":"","bundle_add_to_cart_form_location":"","bundle_editable_in_cart":false,"bundle_sold_individually_context":"","bundle_item_grouping":"","bundle_min_size":"","bundle_max_size":"","bundle_price":[],"bundled_items":[],"bundle_sell_ids":[],"acf":[],"_links":{"self":[{"href":"https:\/\/hi-techwonder.com\/es\/wp-json\/wp\/v2\/product\/72563","targetHints":{"allow":["GET"]}}],"collection":[{"href":"https:\/\/hi-techwonder.com\/es\/wp-json\/wp\/v2\/product"}],"about":[{"href":"https:\/\/hi-techwonder.com\/es\/wp-json\/wp\/v2\/types\/product"}],"replies":[{"embeddable":true,"href":"https:\/\/hi-techwonder.com\/es\/wp-json\/wp\/v2\/comments?post=72563"}],"wp:featuredmedia":[{"embeddable":true,"href":"https:\/\/hi-techwonder.com\/es\/wp-json\/wp\/v2\/media\/61538"}],"wp:attachment":[{"href":"https:\/\/hi-techwonder.com\/es\/wp-json\/wp\/v2\/media?parent=72563"}],"wp:term":[{"taxonomy":"product_brand","embeddable":true,"href":"https:\/\/hi-techwonder.com\/es\/wp-json\/wp\/v2\/product_brand?post=72563"},{"taxonomy":"product_cat","embeddable":true,"href":"https:\/\/hi-techwonder.com\/es\/wp-json\/wp\/v2\/product_cat?post=72563"},{"taxonomy":"product_tag","embeddable":true,"href":"https:\/\/hi-techwonder.com\/es\/wp-json\/wp\/v2\/product_tag?post=72563"}],"curies":[{"name":"wp","href":"https:\/\/api.w.org\/{rel}","templated":true}]}}