{"id":72571,"date":"2025-07-29T10:17:44","date_gmt":"2025-07-29T10:17:44","guid":{"rendered":"https:\/\/fv6qoy3ls0.wpdns.site\/produto\/kit-de-softbox-68-para-reflector-parabolico-godox-para-bowens\/"},"modified":"2026-01-31T01:43:14","modified_gmt":"2026-01-31T01:43:14","slug":"godox-kit-de-softbox-68-para-reflector-parabolico-godox-para-bowens","status":"publish","type":"product","link":"https:\/\/hi-techwonder.com\/es\/producto\/godox-kit-de-softbox-68-para-reflector-parabolico-godox-para-bowens\/","title":{"rendered":"Kit de Softbox 68 para Reflector Parab\u00f3lico GODOX para Bowens"},"content":{"rendered":"<h3><strong>GODOX Softbox Parabolic P68 Kit<\/strong><\/h3>\n<p><strong>Funciones<\/strong><\/p>\n<ul>\n<li>Dise\u00f1o parab\u00f3lico<\/li>\n<li>Reflector de 24 abrazaderas<\/li>\n<li>Anillo adaptador peque\u00f1o<\/li>\n<li>Liberaci\u00f3n simple con un giro<\/li>\n<li>F\u00e1cil de empujar y tirar<\/li>\n<li>Mecanismo antirrotaci\u00f3n<\/li>\n<li>Cuerda antica\u00edda<\/li>\n<\/ul>\n<p><iframe loading=\"lazy\" src=\"https:\/\/www.youtube.com\/embed\/bATYDVr-mtk\" width=\"560\" height=\"314\" allowfullscreen=\"allowfullscreen\"><\/iframe><\/p>\n<p>Dise\u00f1ado para fot\u00f3grafos de moda y retratos, el kit de reflector parab\u00f3lico 68 de Godox ofrece reflejos limpios y especulares, adem\u00e1s de proporcionar una amplia fuente de luz que envuelve al sujeto. El reflector cuenta con un interior plateado altamente reflectante con un di\u00e1metro exterior de 70 cm y un estuche de transporte CB35. <\/p>\n<p><em>Reflector Parab\u00f3lico Godox 68 (70cm)<\/em><\/p>\n<p>Ideal para moda y retratos, el reflector parab\u00f3lico 68 de Godox presenta un interior plateado altamente reflectante con un di\u00e1metro exterior de 70 cm. El sistema de focos parab\u00f3licos Godox realiza una forma distintiva de dar forma a su luz, gracias al rigor de la ingenier\u00eda y la b\u00fasqueda de la excelencia. El reflector de 24 varillas funciona perfectamente como inventor de luz, creando dimensiones que ning\u00fan otro modelador de luz podr\u00eda.  <\/p>\n<p><em>Soporte de enfoque Godox PF-M<\/em><\/p>\n<p>La montura de enfoque Godox PF-M es un adaptador ajustable e inclinable, que le permite conectar un reflector parab\u00f3lico con un soporte de luz. Adem\u00e1s, conecta un reflector parab\u00f3lico y una varilla de enfoque con un soporte adaptador estrobosc\u00f3pico compatible. <\/p>\n<p><em>Adaptador de luz estrobosc\u00f3pica Godox (montura Bowens)<\/em><\/p>\n<p>El adaptador estrobosc\u00f3pico Bowens de Godox le permite montar una luz estrobosc\u00f3pica de montaje Bowens en un reflector parab\u00f3lico 68, 88, 128 o 158. Se conecta a una varilla de enfoque que se conecta a la montura de enfoque PF-M. <\/p>\n<p><em>Varilla de enfoque Godox PF-R670<\/em><\/p>\n<p>Esta varilla de enfoque Godox PF-R670 es compatible con los reflectores Parabolic 68 y 88 y conecta la montura de enfoque PF-M a un adaptador estrobosc\u00f3pico de la serie PF. El sistema de enfoque de luz ofrece grandes variaciones de luz con un solo modificador. La barra de enfoque f\u00e1cil de usar le permite lograr diferentes resultados de iluminaci\u00f3n. Cuando la luz se coloca m\u00e1s cerca de la base del reflector, los haces dispersos se magnifican para formar un haz estrecho y enfocado con alto contraste. Cuando la luz se coloca m\u00e1s lejos, los rayos reflejados tienden a dispersarse, algunos tocan el objeto mientras que otros se dispersan. Esto hace que la luz sea m\u00e1s suave y proporciona menos contraste.     <\/p>\n<p><em>Godox CB35 Estuche de transporte<\/em><\/p>\n<p>El estuche de transporte Godox CB35 mide 94 x 30,5 x 27 cm y le permite almacenar, proteger y transportar su equipo de iluminaci\u00f3n y fotograf\u00eda.<\/p>\n<p><strong>En la caja<\/strong><\/p>\n<ul>\n<li>1x Reflector parab\u00f3lico 68<\/li>\n<li>1x Bolsa de transporte CB35<\/li>\n<li>1x empu\u00f1adura de PB-G1<\/li>\n<li>1x Montura de enfoque PF-M<\/li>\n<li>1x Varilla de enfoque PF-R670<\/li>\n<li>1x Adaptador estrobosc\u00f3pico PF-BM<\/li>\n<\/ul>\n<p><strong>Compatibilidad<\/strong><\/p>\n<ul>\n<li>Montura de enfoque: PF-M<\/li>\n<li>Varilla de enfoque: PF-R670 a P68, P88<\/li>\n<li>Varilla de enfoque: PF-R870 a P128, P158<\/li>\n<li>Adaptador de montaje Bowens: PF-BM<\/li>\n<li>Adaptador de montura Godox: PF-GM<\/li>\n<li>Adaptador de montura Broncolor: PF-BRM<\/li>\n<li>Adaptador de montura Profoto: PF-PM<\/li>\n<li>MB-01 Soporte de montaje para AR400<\/li>\n<li>MB-02 Soporte de montaje para R1200<\/li>\n<li>Difusores: P68-D1, P88-D1, P128-D1, P158-D1, P68-D2, P88-D2, P128-D2, P158-D2<\/li>\n<li>Rejilla de luz: P68-LG, P88-LG, P128-LG, P158-LG<\/li>\n<\/ul>\n<p><strong>Especificaciones del reflector Godox parab\u00f3lico P68<\/strong><\/p>\n<ul>\n<li>Tama\u00f1o: 27.6&#8243; \/ 70.0 cm<\/li>\n<li>Interior: Plata<\/li>\n<li>Exterior: Negro<\/li>\n<li>Varillas: 24<\/li>\n<\/ul>\n","protected":false},"excerpt":{"rendered":"<p>GODOX Softbox Parabolic P68 Kit Funciones Dise\u00f1o parab\u00f3lico Reflector de 24 abrazaderas Anillo adaptador peque\u00f1o Liberaci\u00f3n simple con un giro<\/p>\n","protected":false},"featured_media":61252,"comment_status":"closed","ping_status":"open","template":"","meta":{"_acf_changed":false},"product_brand":[2555],"product_cat":[1009],"product_tag":[],"class_list":{"0":"post-72571","1":"product","2":"type-product","3":"status-publish","4":"has-post-thumbnail","6":"product_brand-godox-es","7":"product_cat-hexadecagonales","9":"first","10":"onbackorder","11":"taxable","12":"shipping-taxable","13":"purchasable","14":"product-type-simple"},"bundled_by":[],"bundle_stock_status":"onbackorder","bundle_stock_quantity":0,"bundle_virtual":false,"bundle_layout":"","bundle_add_to_cart_form_location":"","bundle_editable_in_cart":false,"bundle_sold_individually_context":"","bundle_item_grouping":"","bundle_min_size":"","bundle_max_size":"","bundle_price":[],"bundled_items":[],"bundle_sell_ids":[],"acf":[],"_links":{"self":[{"href":"https:\/\/hi-techwonder.com\/es\/wp-json\/wp\/v2\/product\/72571","targetHints":{"allow":["GET"]}}],"collection":[{"href":"https:\/\/hi-techwonder.com\/es\/wp-json\/wp\/v2\/product"}],"about":[{"href":"https:\/\/hi-techwonder.com\/es\/wp-json\/wp\/v2\/types\/product"}],"replies":[{"embeddable":true,"href":"https:\/\/hi-techwonder.com\/es\/wp-json\/wp\/v2\/comments?post=72571"}],"wp:featuredmedia":[{"embeddable":true,"href":"https:\/\/hi-techwonder.com\/es\/wp-json\/wp\/v2\/media\/61252"}],"wp:attachment":[{"href":"https:\/\/hi-techwonder.com\/es\/wp-json\/wp\/v2\/media?parent=72571"}],"wp:term":[{"taxonomy":"product_brand","embeddable":true,"href":"https:\/\/hi-techwonder.com\/es\/wp-json\/wp\/v2\/product_brand?post=72571"},{"taxonomy":"product_cat","embeddable":true,"href":"https:\/\/hi-techwonder.com\/es\/wp-json\/wp\/v2\/product_cat?post=72571"},{"taxonomy":"product_tag","embeddable":true,"href":"https:\/\/hi-techwonder.com\/es\/wp-json\/wp\/v2\/product_tag?post=72571"}],"curies":[{"name":"wp","href":"https:\/\/api.w.org\/{rel}","templated":true}]}}