{"id":72584,"date":"2025-07-29T10:17:25","date_gmt":"2025-07-29T10:17:25","guid":{"rendered":"https:\/\/fv6qoy3ls0.wpdns.site\/produto\/godox-caja-de-luz-parabolica-p120h-120cm-para-bowens\/"},"modified":"2025-07-29T10:17:25","modified_gmt":"2025-07-29T10:17:25","slug":"godox-caja-de-luz-parabolica-p120h-120cm-para-bowens","status":"publish","type":"product","link":"https:\/\/hi-techwonder.com\/es\/producto\/godox-caja-de-luz-parabolica-p120h-120cm-para-bowens\/","title":{"rendered":"GODOX Caja De Luz Parab\u00f3lica P120H 120cm Para Bowens"},"content":{"rendered":"<p style=\"box-sizing: border-box; color: #4b4b4b; font-family: 'Open Sans', sans-serif; font-size: 14.4px; text-align: justify;\"> <strong style=\"box-sizing: border-box;\">GODOX Caja De Luz Parab\u00f3lica P120H 120cm Para Bowens<\/strong> <\/p>\n<p style=\"box-sizing: border-box; color: #4b4b4b; font-family: 'Open Sans', sans-serif; font-size: 14.4px; text-align: justify;\">  La caja parab\u00f3lica Godox P120H adopta un dise\u00f1o de caja parab\u00f3lica profunda, que permite que la luz se env\u00ede directamente y que el brillo disminuya progresivamente desde el centro hacia la periferia, ofreciendo efectos de luz extremadamente uniformes, suaves y de alta saturaci\u00f3n para disparar con f\u00e1cil instalaci\u00f3n, operaci\u00f3n simple, gran portabilidad y una amplia variedad de aplicaciones.  <\/p>\n<p style=\"box-sizing: border-box; color: #4b4b4b; font-family: 'Open Sans', sans-serif; font-size: 14.4px; text-align: justify;\">  Funciona como un reflector de gran tama\u00f1o, lo que es bueno para la concentraci\u00f3n de luz y la ganancia de efectos de luz con una saturaci\u00f3n suave y alta. En comparaci\u00f3n con otros productos similares: m\u00e1s ligero y suave. Resistencia confiable y duradera al viento, aplastamiento y ca\u00edda.    <\/p>\n<p style=\"box-sizing: border-box; color: #4b4b4b; font-family: 'Open Sans', sans-serif; font-size: 14.4px; text-align: justify;\">  Con una bolsa de transporte, el P120H pesa solo 2.730 kg. Ligero y port\u00e1til. Alcance. El rodaje en estudio y al aire libre es adecuado.     <\/p>\n<p style=\"box-sizing: border-box; color: #4b4b4b; font-family: 'Open Sans', sans-serif; font-size: 14.4px; text-align: justify;\"> <strong style=\"box-sizing: border-box;\">Caracter\u00edsticas t\u00e9cnicas:<\/strong> <\/p>\n<ul style=\"box-sizing: border-box; color: #4b4b4b; font-family: 'Open Sans', sans-serif; font-size: 14.4px; text-align: justify;\">\n<li style=\"box-sizing: border-box;\">  Marca: Godox<\/li>\n<li style=\"box-sizing: border-box;\">  Modelo: P120H (versi\u00f3n resistente a altas temperaturas)<\/li>\n<li style=\"box-sizing: border-box;\">  Tipo de montaje: Montaje Bowens<\/li>\n<li style=\"box-sizing: border-box;\">  Temperatura de trabajo: &lt;85\u00baC<\/li>\n<li style=\"box-sizing: border-box;\">  Material de la varilla: Metal<\/li>\n<li style=\"box-sizing: border-box;\">  Di\u00e1metro: F120cm<\/li>\n<li style=\"box-sizing: border-box;\">  Profundidad: 74,2 cm<\/li>\n<li style=\"box-sizing: border-box;\">  Peso del paquete: 2.730 kg<\/li>\n<\/ul>\n","protected":false},"excerpt":{"rendered":"<p>GODOX Caja De Luz Parab\u00f3lica P120H 120cm Para Bowens La caja parab\u00f3lica Godox P120H adopta un dise\u00f1o de caja parab\u00f3lica<\/p>\n","protected":false},"featured_media":61184,"comment_status":"closed","ping_status":"open","template":"","meta":{"_acf_changed":false},"product_brand":[2555],"product_cat":[1009],"product_tag":[],"class_list":{"0":"post-72584","1":"product","2":"type-product","3":"status-publish","4":"has-post-thumbnail","6":"product_brand-godox-es","7":"product_cat-hexadecagonales","9":"first","10":"onbackorder","11":"taxable","12":"shipping-taxable","13":"purchasable","14":"product-type-simple"},"bundled_by":[],"bundle_stock_status":"onbackorder","bundle_stock_quantity":0,"bundle_virtual":false,"bundle_layout":"","bundle_add_to_cart_form_location":"","bundle_editable_in_cart":false,"bundle_sold_individually_context":"","bundle_item_grouping":"","bundle_min_size":"","bundle_max_size":"","bundle_price":[],"bundled_items":[],"bundle_sell_ids":[],"acf":[],"_links":{"self":[{"href":"https:\/\/hi-techwonder.com\/es\/wp-json\/wp\/v2\/product\/72584","targetHints":{"allow":["GET"]}}],"collection":[{"href":"https:\/\/hi-techwonder.com\/es\/wp-json\/wp\/v2\/product"}],"about":[{"href":"https:\/\/hi-techwonder.com\/es\/wp-json\/wp\/v2\/types\/product"}],"replies":[{"embeddable":true,"href":"https:\/\/hi-techwonder.com\/es\/wp-json\/wp\/v2\/comments?post=72584"}],"wp:featuredmedia":[{"embeddable":true,"href":"https:\/\/hi-techwonder.com\/es\/wp-json\/wp\/v2\/media\/61184"}],"wp:attachment":[{"href":"https:\/\/hi-techwonder.com\/es\/wp-json\/wp\/v2\/media?parent=72584"}],"wp:term":[{"taxonomy":"product_brand","embeddable":true,"href":"https:\/\/hi-techwonder.com\/es\/wp-json\/wp\/v2\/product_brand?post=72584"},{"taxonomy":"product_cat","embeddable":true,"href":"https:\/\/hi-techwonder.com\/es\/wp-json\/wp\/v2\/product_cat?post=72584"},{"taxonomy":"product_tag","embeddable":true,"href":"https:\/\/hi-techwonder.com\/es\/wp-json\/wp\/v2\/product_tag?post=72584"}],"curies":[{"name":"wp","href":"https:\/\/api.w.org\/{rel}","templated":true}]}}