{"id":72587,"date":"2025-07-29T10:17:14","date_gmt":"2025-07-29T10:17:14","guid":{"rendered":"https:\/\/fv6qoy3ls0.wpdns.site\/produto\/godox-softbox-p120l-120cm-para-bowens\/"},"modified":"2026-01-20T15:30:04","modified_gmt":"2026-01-20T15:30:04","slug":"godox-softbox-p120l-120cm-para-bowens","status":"publish","type":"product","link":"https:\/\/hi-techwonder.com\/es\/producto\/godox-softbox-p120l-120cm-para-bowens\/","title":{"rendered":"GODOX Softbox P120L 120cm para Bowens"},"content":{"rendered":"<p>La caja de luz de 16 \u00e1ngulos es adecuada para fotograf\u00eda de moda y retratos.<br \/>Debido a sus grandes dimensiones, la luz se dispersa de manera \u00f3ptima.<br \/>Est\u00e1 construido con materiales de alta calidad y el interior est\u00e1 recubierto con un material reflectante plateado, lo que garantiza un alto retorno de luz y suficiente reflexi\u00f3n.<\/p>\n<p><strong>Funciones:<\/strong><\/p>\n<ul>\n<li>Di\u00e1metro: 120cm<\/li>\n<li>Peso: 1,79 kg<\/li>\n<\/ul>\n<p><strong>Contenido de la caja:<\/strong><\/p>\n<ul>\n<li>1 x Caja de luz<\/li>\n<li>1 x Difusor<\/li>\n<li>1 x Adaptador Bowens&nbsp; <\/li>\n<li>16 x Palos<\/li>\n<li>1 x bolsa de transporte<\/li>\n<\/ul>\n","protected":false},"excerpt":{"rendered":"<p>La caja de luz de 16 \u00e1ngulos es adecuada para fotograf\u00eda de moda y retratos.Debido a sus grandes dimensiones, la<\/p>\n","protected":false},"featured_media":61138,"comment_status":"closed","ping_status":"open","template":"","meta":{"_acf_changed":false},"product_brand":[2555],"product_cat":[1009],"product_tag":[],"class_list":{"0":"post-72587","1":"product","2":"type-product","3":"status-publish","4":"has-post-thumbnail","6":"product_brand-godox-es","7":"product_cat-hexadecagonales","9":"first","10":"instock","11":"taxable","12":"shipping-taxable","13":"purchasable","14":"product-type-simple"},"bundled_by":[],"bundle_stock_status":"instock","bundle_stock_quantity":1,"bundle_virtual":false,"bundle_layout":"","bundle_add_to_cart_form_location":"","bundle_editable_in_cart":false,"bundle_sold_individually_context":"","bundle_item_grouping":"","bundle_min_size":"","bundle_max_size":"","bundle_price":[],"bundled_items":[],"bundle_sell_ids":[],"acf":[],"_links":{"self":[{"href":"https:\/\/hi-techwonder.com\/es\/wp-json\/wp\/v2\/product\/72587","targetHints":{"allow":["GET"]}}],"collection":[{"href":"https:\/\/hi-techwonder.com\/es\/wp-json\/wp\/v2\/product"}],"about":[{"href":"https:\/\/hi-techwonder.com\/es\/wp-json\/wp\/v2\/types\/product"}],"replies":[{"embeddable":true,"href":"https:\/\/hi-techwonder.com\/es\/wp-json\/wp\/v2\/comments?post=72587"}],"wp:featuredmedia":[{"embeddable":true,"href":"https:\/\/hi-techwonder.com\/es\/wp-json\/wp\/v2\/media\/61138"}],"wp:attachment":[{"href":"https:\/\/hi-techwonder.com\/es\/wp-json\/wp\/v2\/media?parent=72587"}],"wp:term":[{"taxonomy":"product_brand","embeddable":true,"href":"https:\/\/hi-techwonder.com\/es\/wp-json\/wp\/v2\/product_brand?post=72587"},{"taxonomy":"product_cat","embeddable":true,"href":"https:\/\/hi-techwonder.com\/es\/wp-json\/wp\/v2\/product_cat?post=72587"},{"taxonomy":"product_tag","embeddable":true,"href":"https:\/\/hi-techwonder.com\/es\/wp-json\/wp\/v2\/product_tag?post=72587"}],"curies":[{"name":"wp","href":"https:\/\/api.w.org\/{rel}","templated":true}]}}