{"id":72588,"date":"2025-07-29T10:16:39","date_gmt":"2025-07-29T10:16:39","guid":{"rendered":"https:\/\/fv6qoy3ls0.wpdns.site\/produto\/godox-softbox-plegable-150cm-bowens-grill\/"},"modified":"2026-03-17T17:21:38","modified_gmt":"2026-03-17T17:21:38","slug":"godox-softbox-plegable-150cm-bowens-grill","status":"publish","type":"product","link":"https:\/\/hi-techwonder.com\/es\/producto\/godox-softbox-plegable-150cm-bowens-grill\/","title":{"rendered":"GODOX Softbox Plegable 150cm + Bowens Grill"},"content":{"rendered":"<p><b style=\"font-size: 15px; color: rgb(119, 119, 119); font-family: Roboto, sans-serif;\">GODOX UL-BOX-Octa-150 S<\/b><font color=\"#777777\" face=\"Roboto, sans-serif\"><b>Softbox plegable 150cm + Bowens Grill<\/b><\/font><\/p>\n<div style=\"\">Caja de luz multifuncional de f\u00e1cil plegado<\/div>\n<div style=\"color: rgb(119, 119, 119); font-family: Roboto, sans-serif; font-size: 15px;\"><font style=\"vertical-align: inherit;\">Conozca la caja de luz multifunci\u00f3n plegable Godox UL-BOX-Octa-150, dise\u00f1ada para brindar versatilidad y precisi\u00f3n. Con una variedad de formas, tama\u00f1os y opciones de compatibilidad, ofrece un conjunto de herramientas flexible para crear impresionantes retratos y fotos de productos. <\/font><\/div>\n<div style=\"color: rgb(119, 119, 119); font-family: Roboto, sans-serif; font-size: 15px;\"><font style=\"vertical-align: inherit;\">y bodegones con facilidad e impacto.<\/font><\/div>\n<div style=\"color: rgb(119, 119, 119); font-family: Roboto, sans-serif; font-size: 15px;\"><\/div>\n<div style=\"color: rgb(119, 119, 119); font-family: Roboto, sans-serif; font-size: 15px;\">Res\u00famenes<\/div>\n<ul style=\"margin-bottom: 1rem;\">\n<li style=\"color: rgb(119, 119, 119); font-family: Roboto, sans-serif; font-size: 15px;\"><font style=\"vertical-align: inherit;\">Ideal para fotograf\u00eda de producto, editoriales de moda o bodegones comerciales.<\/font><\/li>\n<li style=\"color: rgb(119, 119, 119); font-family: Roboto, sans-serif; font-size: 15px;\"><font style=\"vertical-align: inherit;\">Con m\u00faltiples formas, tama\u00f1os y opciones de compatibilidad<\/font><\/li>\n<li style=\"color: rgb(119, 119, 119); font-family: Roboto, sans-serif; font-size: 15px;\"><font style=\"vertical-align: inherit;\">Dise\u00f1o r\u00e1pido de configurar<\/font><\/li>\n<\/ul>\n<p style=\"color: rgb(119, 119, 119); font-family: Roboto, sans-serif; font-size: 15px;\"><font style=\"vertical-align: inherit;\"><br \/><\/font><\/p>\n<ul style=\"margin-bottom: 1rem;\">\n<li style=\"color: rgb(119, 119, 119); font-family: Roboto, sans-serif; font-size: 15px;\"><font style=\"vertical-align: inherit;\">Contenido del paquete:<\/font><\/li>\n<li style=\"\"><font color=\"#777777\" face=\"Roboto, sans-serif\">En la caja<\/font><\/li>\n<li style=\"\"><font color=\"#777777\" face=\"Roboto, sans-serif\">1 x Caja de luz<\/font><\/li>\n<li style=\"\"><font color=\"#777777\" face=\"Roboto, sans-serif\">1 x Pa\u00f1o blanco exterior<\/font><\/li>\n<li style=\"\"><font color=\"#777777\" face=\"Roboto, sans-serif\">1 x Grella<\/font><\/li>\n<li style=\"\"><font color=\"#777777\" face=\"Roboto, sans-serif\">1 x Tela interior blanca<\/font><\/li>\n<li style=\"\"><font color=\"#777777\" face=\"Roboto, sans-serif\">1 x placa difusora<\/font><\/li>\n<li style=\"\"><font color=\"#777777\" face=\"Roboto, sans-serif\">1 x bolsa de transporte<\/font><\/li>\n<\/ul>\n<p><\/p>\n<div style=\"color: rgb(119, 119, 119); font-family: Roboto, sans-serif; font-size: 15px;\">Perfiles de iluminaci\u00f3n adaptables<\/div>\n<div style=\"color: rgb(119, 119, 119); font-family: Roboto, sans-serif; font-size: 15px;\"><font style=\"vertical-align: inherit;\">Ya sea que necesite reflectores suaves y redondos para retratos, iluminaci\u00f3n de borde estrecho para moda o cobertura amplia y uniforme para fotograf\u00eda de productos, la serie UL lo tiene cubierto. Elija entre cajas de luz octogonales, con bandas, rectangulares o cuadradas, con tama\u00f1os de 30 cm a 180 cm, hechas a medida para retratos, fotos de productos, bodegones o transmisiones en vivo. <\/font><\/div>\n<div style=\"color: rgb(119, 119, 119); font-family: Roboto, sans-serif; font-size: 15px;\"><\/div>\n<div style=\"color: rgb(119, 119, 119); font-family: Roboto, sans-serif; font-size: 15px;\">Da forma con precisi\u00f3n<\/div>\n<div style=\"color: rgb(119, 119, 119); font-family: Roboto, sans-serif; font-size: 15px;\"><font style=\"vertical-align: inherit;\">Como novedad en la serie UL, la m\u00e1scara de borde transforma su caja de luz en una herramienta para una iluminaci\u00f3n de contorno audaz y controlada. Al bloquear el centro de la caja de luz y permitir que la luz fluya a trav\u00e9s de los bordes, produce contornos n\u00edtidos y refinados. <\/font><\/div>\n<div style=\"color: rgb(119, 119, 119); font-family: Roboto, sans-serif; font-size: 15px;\"><font style=\"vertical-align: inherit;\">Destacados, ideales para fotograf\u00eda de producto, editoriales de moda o fotograf\u00eda comercial.<\/font><\/div>\n<div style=\"color: rgb(119, 119, 119); font-family: Roboto, sans-serif; font-size: 15px;\"><\/div>\n<div style=\"color: rgb(119, 119, 119); font-family: Roboto, sans-serif; font-size: 15px;\">Dise\u00f1o de configuraci\u00f3n r\u00e1pida<\/div>\n<div style=\"color: rgb(119, 119, 119); font-family: Roboto, sans-serif; font-size: 15px;\"><font style=\"vertical-align: inherit;\">Con un mecanismo de paraguas r\u00e1pido, la caja de luz UL se puede montar y desmontar en segundos. Una cremallera lateral permite su uso sin quitar los difusores, lo que le permite comenzar a disparar casi de inmediato, ideal para trabajos r\u00e1pidos en estudio o en locaciones. <\/font><\/div>\n<div style=\"color: rgb(119, 119, 119); font-family: Roboto, sans-serif; font-size: 15px;\"><\/div>\n<div style=\"color: rgb(119, 119, 119); font-family: Roboto, sans-serif; font-size: 15px;\">Compacto y port\u00e1til<\/div>\n<div style=\"color: rgb(119, 119, 119); font-family: Roboto, sans-serif; font-size: 15px;\"><font style=\"vertical-align: inherit;\">Cada caja de luz UL es liviana, plegable y compacta, lo que la convierte en la compa\u00f1era perfecta para fotografiar en cualquier lugar, ya sea que est\u00e9 capturando una boda, un trabajo editorial o una fotograf\u00eda de retrato en otro lugar.<\/font><\/div>\n<div style=\"color: rgb(119, 119, 119); font-family: Roboto, sans-serif; font-size: 15px;\"><\/div>\n<div style=\"color: rgb(119, 119, 119); font-family: Roboto, sans-serif; font-size: 15px;\">Creaci\u00f3n de luz profesional y controlada<\/div>\n<div style=\"color: rgb(119, 119, 119); font-family: Roboto, sans-serif; font-size: 15px;\"><font style=\"vertical-align: inherit;\">Convierte tu caja de luz en algo m\u00e1s que una fuente de luz suave. El interior plateado reflectante aumenta la salida de luz, mientras que la placa difusora opcional crea una iluminaci\u00f3n cl\u00e1sica de platos de belleza con luces brillantes. Conecte el difusor para reducir el haz y controlar la distribuci\u00f3n de la luz.  <\/font><\/div>\n<div style=\"color: rgb(119, 119, 119); font-family: Roboto, sans-serif; font-size: 15px;\"><\/div>\n<div style=\"color: rgb(119, 119, 119); font-family: Roboto, sans-serif; font-size: 15px;\">Amplia compatibilidad<\/div>\n<div style=\"color: rgb(119, 119, 119); font-family: Roboto, sans-serif; font-size: 15px;\"><font style=\"vertical-align: inherit;\">Dise\u00f1ado para funcionar a la perfecci\u00f3n con una amplia gama de flashes Bowens y luces continuas. La serie UL tambi\u00e9n se puede adaptar a Godox, Profoto y otros sistemas con el anillo de velocidad adecuado (opcional), lo que garantiza la m\u00e1xima flexibilidad en todas las configuraciones. <\/font><\/div>\n<h3 style=\"margin-top: 0px; margin-bottom: 0.5rem; font-family: Roboto, sans-serif; line-height: 1.2; color: rgb(119, 119, 119); font-size: 1.25rem;\"><font style=\"vertical-align: inherit;\">Funciones<\/font><\/h3>\n<ul style=\"margin-bottom: 1rem; color: rgb(119, 119, 119); font-family: Roboto, sans-serif; font-size: 15px;\">\n<li><font style=\"vertical-align: inherit;\">Peso: 1750 g<\/font><\/li>\n<li><font style=\"vertical-align: inherit;\">Di\u00e1metro abierto: 150 cm<\/font><\/li>\n<li><font style=\"vertical-align: inherit;\">Profundidad de apertura: 55 cm<\/font><\/li>\n<li><font style=\"vertical-align: inherit;\">Longitud plegada: 92 cm<\/font><\/li>\n<\/ul>\n","protected":false},"excerpt":{"rendered":"<p>GODOX UL-BOX-Octa-150 SSoftbox plegable 150cm + Bowens Grill Caja de luz multifuncional de f\u00e1cil plegado Conozca la caja de luz<\/p>\n","protected":false},"featured_media":60964,"comment_status":"closed","ping_status":"open","template":"","meta":{"_acf_changed":false},"product_brand":[2555],"product_cat":[1011],"product_tag":[],"class_list":{"0":"post-72588","1":"product","2":"type-product","3":"status-publish","4":"has-post-thumbnail","6":"product_brand-godox-es","7":"product_cat-octogonales","9":"first","10":"instock","11":"taxable","12":"shipping-taxable","13":"purchasable","14":"product-type-simple"},"bundled_by":[],"bundle_stock_status":"instock","bundle_stock_quantity":3,"bundle_virtual":false,"bundle_layout":"","bundle_add_to_cart_form_location":"","bundle_editable_in_cart":false,"bundle_sold_individually_context":"","bundle_item_grouping":"","bundle_min_size":"","bundle_max_size":"","bundle_price":[],"bundled_items":[],"bundle_sell_ids":[],"acf":[],"_links":{"self":[{"href":"https:\/\/hi-techwonder.com\/es\/wp-json\/wp\/v2\/product\/72588","targetHints":{"allow":["GET"]}}],"collection":[{"href":"https:\/\/hi-techwonder.com\/es\/wp-json\/wp\/v2\/product"}],"about":[{"href":"https:\/\/hi-techwonder.com\/es\/wp-json\/wp\/v2\/types\/product"}],"replies":[{"embeddable":true,"href":"https:\/\/hi-techwonder.com\/es\/wp-json\/wp\/v2\/comments?post=72588"}],"wp:featuredmedia":[{"embeddable":true,"href":"https:\/\/hi-techwonder.com\/es\/wp-json\/wp\/v2\/media\/60964"}],"wp:attachment":[{"href":"https:\/\/hi-techwonder.com\/es\/wp-json\/wp\/v2\/media?parent=72588"}],"wp:term":[{"taxonomy":"product_brand","embeddable":true,"href":"https:\/\/hi-techwonder.com\/es\/wp-json\/wp\/v2\/product_brand?post=72588"},{"taxonomy":"product_cat","embeddable":true,"href":"https:\/\/hi-techwonder.com\/es\/wp-json\/wp\/v2\/product_cat?post=72588"},{"taxonomy":"product_tag","embeddable":true,"href":"https:\/\/hi-techwonder.com\/es\/wp-json\/wp\/v2\/product_tag?post=72588"}],"curies":[{"name":"wp","href":"https:\/\/api.w.org\/{rel}","templated":true}]}}