{"id":72591,"date":"2025-07-29T10:17:02","date_gmt":"2025-07-29T10:17:02","guid":{"rendered":"https:\/\/fv6qoy3ls0.wpdns.site\/produto\/godox-cs-50t-softbox-con-montura-bowens\/"},"modified":"2026-03-03T15:55:41","modified_gmt":"2026-03-03T15:55:41","slug":"godox-cs-50t-softbox-con-montura-bowens","status":"publish","type":"product","link":"https:\/\/hi-techwonder.com\/es\/producto\/godox-cs-50t-softbox-con-montura-bowens\/","title":{"rendered":"GODOX CS-50T Softbox con montura Bowens"},"content":{"rendered":"<p><strong>T\u00edtulo:<\/strong> Godox Lantern Softbox CS-50T con montura Bowens: iluminaci\u00f3n suave y vers\u00e1til para espacios compactos<\/p>\n<hr>\n<p><strong>Funciones<\/strong><\/p>\n<ul>\n<li><strong>Cobertura del haz de 270\u00b0<\/strong>:\n<ul>\n<li>Proporciona una iluminaci\u00f3n suave y uniforme en todas las direcciones, ideal para grabaci\u00f3n de video, transmisi\u00f3n en vivo y fotograf\u00eda.<\/li>\n<\/ul>\n<\/li>\n<li><strong>Compacto y port\u00e1til<\/strong>:\n<ul>\n<li><strong>50 cm (19,7&#8243;)<\/strong> de di\u00e1metro y profundidad ampliada de solo <strong>33,5 cm (13,2&#8243;),<\/strong> lo que facilita su transporte y almacenamiento para sesiones de estudio o al aire libre.<\/li>\n<\/ul>\n<\/li>\n<li><strong>Dise\u00f1o de montaje r\u00e1pido<\/strong>:\n<ul>\n<li>F\u00e1cil de montar y desmontar, ahorrando tiempo y esfuerzo durante la configuraci\u00f3n.<\/li>\n<\/ul>\n<\/li>\n<li><strong>Compatibilidad con monturas Bowens<\/strong>:\n<ul>\n<li>Compatible con una amplia gama de luminarias con montaje Bowens, lo que aumenta la versatilidad.<\/li>\n<\/ul>\n<\/li>\n<li><strong>Accesorios opcionales<\/strong>:\n<ul>\n<li>Admite el uso de faldones opcionales para un mayor control y direcci\u00f3n de la luz (se vende por separado).<\/li>\n<\/ul>\n<\/li>\n<\/ul>\n<hr>\n<p><strong>Descripci\u00f3n<\/strong><br \/>\nLa <strong>caja de luz Godox Lantern CS-50T<\/strong> est\u00e1 dise\u00f1ada para satisfacer las necesidades de iluminaci\u00f3n de espacios peque\u00f1os, ofreciendo una dispersi\u00f3n de luz suave y uniforme con una cobertura de <strong>270\u00b0<\/strong>. Con un dise\u00f1o compacto, es ideal para estudios peque\u00f1os y grabaciones fuera del sitio, lo que lo hace perfecto para transmisi\u00f3n en vivo, grabaci\u00f3n de video y fotograf\u00eda creativa. El sistema de montaje Bowens ofrece flexibilidad y compatibilidad con una variedad de fuentes de luz, mientras que la configuraci\u00f3n r\u00e1pida y sencilla hace que la caja de luz sea una opci\u00f3n pr\u00e1ctica tanto para profesionales como para entusiastas.  <\/p>\n<p>Para un mayor control, puede equiparse con un fald\u00f3n opcional, lo que le permite dirigir la luz con precisi\u00f3n.<\/p>\n<hr>\n<p><strong>Contenido del paquete<\/strong><\/p>\n<ul>\n<li>1 Un. Godox Lantern Softbox CS-50T con Montura Bowens <\/li>\n<\/ul>\n<hr>\n<p><strong>Especificaciones t\u00e9cnicas<\/strong><\/p>\n<ul>\n<li><strong>Tipo de producto<\/strong>: Tipo de linterna Softbox (forma redondeada)<\/li>\n<li><strong>Dimensiones<\/strong>:\n<ul>\n<li>Abierto: <strong>\u00f8 50 cm x 33,5 cm (alto)<\/strong> \/ <strong>19,7&#8243; x 13,2&#8243;<\/strong><\/li>\n<\/ul>\n<\/li>\n<li><strong>Peso<\/strong>: 2,12 lb (0,96 kg)<\/li>\n<li><strong>Compatibilidad<\/strong>: Montura Bowens<\/li>\n<li><strong>Tipo de apertura<\/strong>: Plegable<\/li>\n<li><strong>Dimensiones del paquete<\/strong>: 65 x 20,5 x 14,9 cm (25,6 x 8,1 x 5,85&#8243;)<\/li>\n<\/ul>\n<hr>\n<p><strong>Informaci\u00f3n adicional<\/strong><br \/>\nNota: Im\u00e1genes ilustrativas. Equipo adicional no incluido. Consulte el contenido y las especificaciones del paquete para obtener m\u00e1s detalles.  <\/p>\n","protected":false},"excerpt":{"rendered":"<p>T\u00edtulo: Godox Lantern Softbox CS-50T con montura Bowens: iluminaci\u00f3n suave y vers\u00e1til para espacios compactos Funciones Cobertura del haz de<\/p>\n","protected":false},"featured_media":61091,"comment_status":"closed","ping_status":"open","template":"","meta":{"_acf_changed":false},"product_brand":[2555],"product_cat":[1010],"product_tag":[],"class_list":{"0":"post-72591","1":"product","2":"type-product","3":"status-publish","4":"has-post-thumbnail","6":"product_brand-godox-es","7":"product_cat-linternas","9":"first","10":"instock","11":"taxable","12":"shipping-taxable","13":"purchasable","14":"product-type-simple"},"bundled_by":[],"bundle_stock_status":"instock","bundle_stock_quantity":2,"bundle_virtual":false,"bundle_layout":"","bundle_add_to_cart_form_location":"","bundle_editable_in_cart":false,"bundle_sold_individually_context":"","bundle_item_grouping":"","bundle_min_size":"","bundle_max_size":"","bundle_price":[],"bundled_items":[],"bundle_sell_ids":[],"acf":[],"_links":{"self":[{"href":"https:\/\/hi-techwonder.com\/es\/wp-json\/wp\/v2\/product\/72591","targetHints":{"allow":["GET"]}}],"collection":[{"href":"https:\/\/hi-techwonder.com\/es\/wp-json\/wp\/v2\/product"}],"about":[{"href":"https:\/\/hi-techwonder.com\/es\/wp-json\/wp\/v2\/types\/product"}],"replies":[{"embeddable":true,"href":"https:\/\/hi-techwonder.com\/es\/wp-json\/wp\/v2\/comments?post=72591"}],"wp:featuredmedia":[{"embeddable":true,"href":"https:\/\/hi-techwonder.com\/es\/wp-json\/wp\/v2\/media\/61091"}],"wp:attachment":[{"href":"https:\/\/hi-techwonder.com\/es\/wp-json\/wp\/v2\/media?parent=72591"}],"wp:term":[{"taxonomy":"product_brand","embeddable":true,"href":"https:\/\/hi-techwonder.com\/es\/wp-json\/wp\/v2\/product_brand?post=72591"},{"taxonomy":"product_cat","embeddable":true,"href":"https:\/\/hi-techwonder.com\/es\/wp-json\/wp\/v2\/product_cat?post=72591"},{"taxonomy":"product_tag","embeddable":true,"href":"https:\/\/hi-techwonder.com\/es\/wp-json\/wp\/v2\/product_tag?post=72591"}],"curies":[{"name":"wp","href":"https:\/\/api.w.org\/{rel}","templated":true}]}}