{"id":72592,"date":"2025-07-29T10:15:47","date_gmt":"2025-07-29T10:15:47","guid":{"rendered":"https:\/\/fv6qoy3ls0.wpdns.site\/produto\/godox-softbox-plegable-60x60cm-parrilla-para-bowens\/"},"modified":"2026-04-09T15:27:30","modified_gmt":"2026-04-09T14:27:30","slug":"godox-softbox-plegable-60x60cm-parrilla-para-bowens","status":"publish","type":"product","link":"https:\/\/hi-techwonder.com\/es\/producto\/godox-softbox-plegable-60x60cm-parrilla-para-bowens\/","title":{"rendered":"GODOX Softbox Plegable 60x60cm + Parrilla para Bowens"},"content":{"rendered":"<p><strong>GODOX Softbox Plegable 60x60cm + Parrilla para Bowens<\/strong><br \/><strong>SB-USW6060<\/strong><\/p>\n<p>Caja de luz GODOX SB-USW6060 cuadrada de 60x60cm con montaje r\u00e1pido estilo \u00abparaguas\u00bb.<br \/>Montura universal Bowens, compatible con la mayor\u00eda de flashes de estudio e iluminadores (Godox, Quadralite, Aputure, etc. siempre que sean plug-in Bowens), o con adaptadores S-Holder para flashes compactos).<br \/>Equipado con una rejilla y un difusor externo e interno (ambos extra\u00edbles) para un mejor control de la \u00abdureza\u00bb de la luz.<br \/>Ideal para fotograf\u00eda de grupos peque\u00f1os, productos peque\u00f1os\/medianos o incluso retratos y fotograf\u00eda de moda.<\/p>\n<p><strong>Contenido del paquete:<\/strong><\/p>\n<ul>\n<li>Caja de luz cuadrada 60x60cm<\/li>\n<li>Parrilla<\/li>\n<li>Difusores<\/li>\n<li>Placa de montaje Bowens<\/li>\n<li>Bolsa de transporte<\/li>\n<\/ul>\n","protected":false},"excerpt":{"rendered":"<p>GODOX Softbox Plegable 60x60cm + Parrilla para BowensSB-USW6060 Caja de luz GODOX SB-USW6060 cuadrada de 60x60cm con montaje r\u00e1pido estilo<\/p>\n","protected":false},"featured_media":60827,"comment_status":"closed","ping_status":"open","template":"","meta":{"_acf_changed":false},"product_brand":[2555],"product_cat":[1013],"product_tag":[],"class_list":{"0":"post-72592","1":"product","2":"type-product","3":"status-publish","4":"has-post-thumbnail","6":"product_brand-godox-es","7":"product_cat-cuadradas","9":"first","10":"instock","11":"taxable","12":"shipping-taxable","13":"purchasable","14":"product-type-simple"},"bundled_by":[],"bundle_stock_status":"instock","bundle_stock_quantity":3,"bundle_virtual":false,"bundle_layout":"","bundle_add_to_cart_form_location":"","bundle_editable_in_cart":false,"bundle_sold_individually_context":"","bundle_item_grouping":"","bundle_min_size":"","bundle_max_size":"","bundle_price":[],"bundled_items":[],"bundle_sell_ids":[],"acf":[],"_links":{"self":[{"href":"https:\/\/hi-techwonder.com\/es\/wp-json\/wp\/v2\/product\/72592","targetHints":{"allow":["GET"]}}],"collection":[{"href":"https:\/\/hi-techwonder.com\/es\/wp-json\/wp\/v2\/product"}],"about":[{"href":"https:\/\/hi-techwonder.com\/es\/wp-json\/wp\/v2\/types\/product"}],"replies":[{"embeddable":true,"href":"https:\/\/hi-techwonder.com\/es\/wp-json\/wp\/v2\/comments?post=72592"}],"wp:featuredmedia":[{"embeddable":true,"href":"https:\/\/hi-techwonder.com\/es\/wp-json\/wp\/v2\/media\/60827"}],"wp:attachment":[{"href":"https:\/\/hi-techwonder.com\/es\/wp-json\/wp\/v2\/media?parent=72592"}],"wp:term":[{"taxonomy":"product_brand","embeddable":true,"href":"https:\/\/hi-techwonder.com\/es\/wp-json\/wp\/v2\/product_brand?post=72592"},{"taxonomy":"product_cat","embeddable":true,"href":"https:\/\/hi-techwonder.com\/es\/wp-json\/wp\/v2\/product_cat?post=72592"},{"taxonomy":"product_tag","embeddable":true,"href":"https:\/\/hi-techwonder.com\/es\/wp-json\/wp\/v2\/product_tag?post=72592"}],"curies":[{"name":"wp","href":"https:\/\/api.w.org\/{rel}","templated":true}]}}