{"id":72596,"date":"2025-07-29T10:20:01","date_gmt":"2025-07-29T10:20:01","guid":{"rendered":"https:\/\/fv6qoy3ls0.wpdns.site\/produto\/godox-sn-01-snoot-con-parrilla-bowens\/"},"modified":"2026-04-27T18:01:33","modified_gmt":"2026-04-27T17:01:33","slug":"godox-sn-01-snoot-con-parrilla-bowens","status":"publish","type":"product","link":"https:\/\/hi-techwonder.com\/es\/producto\/godox-sn-01-snoot-con-parrilla-bowens\/","title":{"rendered":"GODOX SN-01 Snoot con parrilla Bowens"},"content":{"rendered":"<p>Tenga un control m\u00e1s preciso sobre d\u00f3nde cae la luz usando la cuadr\u00edcula Snoot con Bowens de Godox.<\/p>\n<p><strong>Caracter\u00edsticas principales:<\/strong><\/p>\n<ul>\n<li>Para luces con soporte Bowens S<\/li>\n<li>Estrecha la viga en un c\u00edrculo de bordes suaves<\/li>\n<li>L\u00edmites adicionales de la rejilla de dispersi\u00f3n de haz<\/li>\n<\/ul>\n<p>A\u00f1ade un control m\u00e1s fino sobre d\u00f3nde incide la luz sobre el sujeto y la escena utilizando un Snoot con Godox Honeycomb Grid en tu luz. Esta versi\u00f3n est\u00e1 disponible con una montura tipo S de Bowens y el snoot estrechar\u00e1 el haz en un c\u00edrculo de bordes suaves. Adem\u00e1s, la rejilla incluida limitar\u00e1 a\u00fan m\u00e1s la dispersi\u00f3n del haz.  <\/p>\n","protected":false},"excerpt":{"rendered":"<p>Tenga un control m\u00e1s preciso sobre d\u00f3nde cae la luz usando la cuadr\u00edcula Snoot con Bowens de Godox. Caracter\u00edsticas principales:<\/p>\n","protected":false},"featured_media":61837,"comment_status":"closed","ping_status":"open","template":"","meta":{"_acf_changed":false},"product_brand":[2555],"product_cat":[1006],"product_tag":[],"class_list":{"0":"post-72596","1":"product","2":"type-product","3":"status-publish","4":"has-post-thumbnail","6":"product_brand-godox-es","7":"product_cat-snoots","9":"first","10":"instock","11":"taxable","12":"shipping-taxable","13":"purchasable","14":"product-type-simple"},"bundled_by":[],"bundle_stock_status":"instock","bundle_stock_quantity":3,"bundle_virtual":false,"bundle_layout":"","bundle_add_to_cart_form_location":"","bundle_editable_in_cart":false,"bundle_sold_individually_context":"","bundle_item_grouping":"","bundle_min_size":"","bundle_max_size":"","bundle_price":[],"bundled_items":[],"bundle_sell_ids":[],"acf":[],"_links":{"self":[{"href":"https:\/\/hi-techwonder.com\/es\/wp-json\/wp\/v2\/product\/72596","targetHints":{"allow":["GET"]}}],"collection":[{"href":"https:\/\/hi-techwonder.com\/es\/wp-json\/wp\/v2\/product"}],"about":[{"href":"https:\/\/hi-techwonder.com\/es\/wp-json\/wp\/v2\/types\/product"}],"replies":[{"embeddable":true,"href":"https:\/\/hi-techwonder.com\/es\/wp-json\/wp\/v2\/comments?post=72596"}],"wp:featuredmedia":[{"embeddable":true,"href":"https:\/\/hi-techwonder.com\/es\/wp-json\/wp\/v2\/media\/61837"}],"wp:attachment":[{"href":"https:\/\/hi-techwonder.com\/es\/wp-json\/wp\/v2\/media?parent=72596"}],"wp:term":[{"taxonomy":"product_brand","embeddable":true,"href":"https:\/\/hi-techwonder.com\/es\/wp-json\/wp\/v2\/product_brand?post=72596"},{"taxonomy":"product_cat","embeddable":true,"href":"https:\/\/hi-techwonder.com\/es\/wp-json\/wp\/v2\/product_cat?post=72596"},{"taxonomy":"product_tag","embeddable":true,"href":"https:\/\/hi-techwonder.com\/es\/wp-json\/wp\/v2\/product_tag?post=72596"}],"curies":[{"name":"wp","href":"https:\/\/api.w.org\/{rel}","templated":true}]}}