{"id":72600,"date":"2025-07-29T10:00:24","date_gmt":"2025-07-29T10:00:24","guid":{"rendered":"https:\/\/fv6qoy3ls0.wpdns.site\/produto\/godox-visera-plegable\/"},"modified":"2025-07-29T10:00:24","modified_gmt":"2025-07-29T10:00:24","slug":"godox-visera-plegable","status":"publish","type":"product","link":"https:\/\/hi-techwonder.com\/es\/producto\/godox-visera-plegable\/","title":{"rendered":"GODOX Visera plegable"},"content":{"rendered":"<p><span style=\"color: #000000;\">El Snoot, a diferencia de un difusor, sirve para concentrar la luz en un punto determinado, haci\u00e9ndola m\u00e1s dura y brillante.  Este accesorio gu\u00eda la luz de tal manera que permite iluminar solo ciertas partes del sujeto a fotografiar.<\/p>\n<p><strong>Contenido de la caja:<\/strong><\/span><\/p>\n<ul>\n<li><span style=\"color: #000000;\">1x Snoot plegable<\/span><\/li>\n<\/ul>\n","protected":false},"excerpt":{"rendered":"<p>El Snoot, a diferencia de un difusor, sirve para concentrar la luz en un punto determinado, haci\u00e9ndola m\u00e1s dura y<\/p>\n","protected":false},"featured_media":57015,"comment_status":"closed","ping_status":"open","template":"","meta":{"_acf_changed":false},"product_brand":[2555],"product_cat":[1023],"product_tag":[],"class_list":{"0":"post-72600","1":"product","2":"type-product","3":"status-publish","4":"has-post-thumbnail","6":"product_brand-godox-es","7":"product_cat-modificadores-de-luz-es","9":"first","10":"pre-order","11":"taxable","12":"shipping-taxable","13":"purchasable","14":"product-type-simple"},"bundled_by":[],"bundle_stock_status":"pre-order","bundle_stock_quantity":0,"bundle_virtual":false,"bundle_layout":"","bundle_add_to_cart_form_location":"","bundle_editable_in_cart":false,"bundle_sold_individually_context":"","bundle_item_grouping":"","bundle_min_size":"","bundle_max_size":"","bundle_price":[],"bundled_items":[],"bundle_sell_ids":[],"acf":[],"_links":{"self":[{"href":"https:\/\/hi-techwonder.com\/es\/wp-json\/wp\/v2\/product\/72600","targetHints":{"allow":["GET"]}}],"collection":[{"href":"https:\/\/hi-techwonder.com\/es\/wp-json\/wp\/v2\/product"}],"about":[{"href":"https:\/\/hi-techwonder.com\/es\/wp-json\/wp\/v2\/types\/product"}],"replies":[{"embeddable":true,"href":"https:\/\/hi-techwonder.com\/es\/wp-json\/wp\/v2\/comments?post=72600"}],"wp:featuredmedia":[{"embeddable":true,"href":"https:\/\/hi-techwonder.com\/es\/wp-json\/wp\/v2\/media\/57015"}],"wp:attachment":[{"href":"https:\/\/hi-techwonder.com\/es\/wp-json\/wp\/v2\/media?parent=72600"}],"wp:term":[{"taxonomy":"product_brand","embeddable":true,"href":"https:\/\/hi-techwonder.com\/es\/wp-json\/wp\/v2\/product_brand?post=72600"},{"taxonomy":"product_cat","embeddable":true,"href":"https:\/\/hi-techwonder.com\/es\/wp-json\/wp\/v2\/product_cat?post=72600"},{"taxonomy":"product_tag","embeddable":true,"href":"https:\/\/hi-techwonder.com\/es\/wp-json\/wp\/v2\/product_tag?post=72600"}],"curies":[{"name":"wp","href":"https:\/\/api.w.org\/{rel}","templated":true}]}}