{"id":72613,"date":"2025-07-29T10:18:22","date_gmt":"2025-07-29T10:18:22","guid":{"rendered":"https:\/\/fv6qoy3ls0.wpdns.site\/produto\/godox-sb-ubw120-paraguas-softbox-octa-120cm-parrilla\/"},"modified":"2026-02-11T14:14:26","modified_gmt":"2026-02-11T14:14:26","slug":"godox-sb-ubw120-paraguas-softbox-octa-120cm-parrilla","status":"publish","type":"product","link":"https:\/\/hi-techwonder.com\/es\/producto\/godox-sb-ubw120-paraguas-softbox-octa-120cm-parrilla\/","title":{"rendered":"GODOX SB-UBW120 Paraguas Softbox Octa 120cm + Parrilla"},"content":{"rendered":"<p><strong>GODOX SB-UBW120 Paraguas Softbox Octa 120cm + Parrilla<\/strong><\/p>\n<p>GODOX SB-UBW120, es una Softbox Plegable Octogonal de 120cm, con un sistema de montaje r\u00e1pido como un paraguas.<br \/>Dise\u00f1ado para flashes compactos Speedlite, as\u00ed como para luces continuas mediante un adaptador de l\u00e1mpara.<br \/>Contiene un sistema sencillo y pr\u00e1ctico de usar, por lo que solo tendr\u00e1s que introducir tu Tr\u00edpode de Estudio (no incluido) por la abertura de la cremallera de la Softbox y encajar el soporte de Flash, Luz Continua o Flash de Estudio (no incluido) y \u00a1listo!<br \/>La luz de tu Flash rebotar\u00e1 en la superficie plateada, lo que minimizar\u00e1 la p\u00e9rdida de luz y la maximizar\u00e1 al reflejarse en la tapa del difusor, proporcionando una luz suave y perfecta para tus producciones.<br \/>Hecho de nylon duradero y de alta calidad, este art\u00edculo viene con una bolsa de almacenamiento.<br \/><strong><br \/>Contenido del paquete:<\/strong><\/p>\n<ul>\n<li>1x Paraguas plegable octogonal de 120 cm<\/li>\n<li>1x Difusor  <\/li>\n<li>1x Parrilla<\/li>\n<li>1x bolsa de almacenamiento<\/li>\n<\/ul>\n","protected":false},"excerpt":{"rendered":"<p>GODOX SB-UBW120 Paraguas Softbox Octa 120cm + Parrilla GODOX SB-UBW120, es una Softbox Plegable Octogonal de 120cm, con un sistema<\/p>\n","protected":false},"featured_media":61456,"comment_status":"closed","ping_status":"open","template":"","meta":{"_acf_changed":false},"product_brand":[2555],"product_cat":[1015],"product_tag":[],"class_list":{"0":"post-72613","1":"product","2":"type-product","3":"status-publish","4":"has-post-thumbnail","6":"product_brand-godox-es","7":"product_cat-paraguas-softbox","9":"first","10":"instock","11":"taxable","12":"shipping-taxable","13":"purchasable","14":"product-type-simple"},"bundled_by":[],"bundle_stock_status":"instock","bundle_stock_quantity":2,"bundle_virtual":false,"bundle_layout":"","bundle_add_to_cart_form_location":"","bundle_editable_in_cart":false,"bundle_sold_individually_context":"","bundle_item_grouping":"","bundle_min_size":"","bundle_max_size":"","bundle_price":[],"bundled_items":[],"bundle_sell_ids":[],"acf":[],"_links":{"self":[{"href":"https:\/\/hi-techwonder.com\/es\/wp-json\/wp\/v2\/product\/72613","targetHints":{"allow":["GET"]}}],"collection":[{"href":"https:\/\/hi-techwonder.com\/es\/wp-json\/wp\/v2\/product"}],"about":[{"href":"https:\/\/hi-techwonder.com\/es\/wp-json\/wp\/v2\/types\/product"}],"replies":[{"embeddable":true,"href":"https:\/\/hi-techwonder.com\/es\/wp-json\/wp\/v2\/comments?post=72613"}],"wp:featuredmedia":[{"embeddable":true,"href":"https:\/\/hi-techwonder.com\/es\/wp-json\/wp\/v2\/media\/61456"}],"wp:attachment":[{"href":"https:\/\/hi-techwonder.com\/es\/wp-json\/wp\/v2\/media?parent=72613"}],"wp:term":[{"taxonomy":"product_brand","embeddable":true,"href":"https:\/\/hi-techwonder.com\/es\/wp-json\/wp\/v2\/product_brand?post=72613"},{"taxonomy":"product_cat","embeddable":true,"href":"https:\/\/hi-techwonder.com\/es\/wp-json\/wp\/v2\/product_cat?post=72613"},{"taxonomy":"product_tag","embeddable":true,"href":"https:\/\/hi-techwonder.com\/es\/wp-json\/wp\/v2\/product_tag?post=72613"}],"curies":[{"name":"wp","href":"https:\/\/api.w.org\/{rel}","templated":true}]}}