{"id":72621,"date":"2025-07-29T10:19:28","date_gmt":"2025-07-29T10:19:28","guid":{"rendered":"https:\/\/fv6qoy3ls0.wpdns.site\/produto\/godox-reflector-beauty-dish-serie-ad\/"},"modified":"2026-02-19T14:50:16","modified_gmt":"2026-02-19T14:50:16","slug":"godox-reflector-beauty-dish-serie-ad","status":"publish","type":"product","link":"https:\/\/hi-techwonder.com\/es\/producto\/godox-reflector-beauty-dish-serie-ad\/","title":{"rendered":"GODOX Reflector Beauty Dish Serie AD"},"content":{"rendered":"<p>El interior plateado da como resultado una mayor reflexi\u00f3n. Ofrece una difusi\u00f3n uniforme de la luz alrededor del sujeto y crea un efecto de iluminaci\u00f3n suave. Se suministra con nido de abeja para crear una luz direccional y eliminar las sombras duras.  <\/p>\n<p><strong>En el embalaje:<\/strong><\/p>\n<ul>\n<li>Plato de belleza<\/li>\n<li>Panal (Favo de Mel)<\/li>\n<li>Difusor<\/li>\n<\/ul>\n<p><strong>Caracter\u00edsticas t\u00e9cnicas:<br \/><\/strong><\/p>\n<ul>\n<li>Modelo: AD-S3<\/li>\n<li>Di\u00e1metro: 30,5 cm<\/li>\n<li>Peso: 440g  <\/li>\n<\/ul>\n","protected":false},"excerpt":{"rendered":"<p>El interior plateado da como resultado una mayor reflexi\u00f3n. Ofrece una difusi\u00f3n uniforme de la luz alrededor del sujeto y<\/p>\n","protected":false},"featured_media":61682,"comment_status":"closed","ping_status":"open","template":"","meta":{"_acf_changed":false},"product_brand":[2555],"product_cat":[1002],"product_tag":[],"class_list":{"0":"post-72621","1":"product","2":"type-product","3":"status-publish","4":"has-post-thumbnail","6":"product_brand-godox-es","7":"product_cat-beauty-dish-es","9":"first","10":"onbackorder","11":"taxable","12":"shipping-taxable","13":"purchasable","14":"product-type-simple"},"bundled_by":[],"bundle_stock_status":"onbackorder","bundle_stock_quantity":null,"bundle_virtual":false,"bundle_layout":"","bundle_add_to_cart_form_location":"","bundle_editable_in_cart":false,"bundle_sold_individually_context":"","bundle_item_grouping":"","bundle_min_size":"","bundle_max_size":"","bundle_price":[],"bundled_items":[],"bundle_sell_ids":[],"acf":[],"_links":{"self":[{"href":"https:\/\/hi-techwonder.com\/es\/wp-json\/wp\/v2\/product\/72621","targetHints":{"allow":["GET"]}}],"collection":[{"href":"https:\/\/hi-techwonder.com\/es\/wp-json\/wp\/v2\/product"}],"about":[{"href":"https:\/\/hi-techwonder.com\/es\/wp-json\/wp\/v2\/types\/product"}],"replies":[{"embeddable":true,"href":"https:\/\/hi-techwonder.com\/es\/wp-json\/wp\/v2\/comments?post=72621"}],"wp:featuredmedia":[{"embeddable":true,"href":"https:\/\/hi-techwonder.com\/es\/wp-json\/wp\/v2\/media\/61682"}],"wp:attachment":[{"href":"https:\/\/hi-techwonder.com\/es\/wp-json\/wp\/v2\/media?parent=72621"}],"wp:term":[{"taxonomy":"product_brand","embeddable":true,"href":"https:\/\/hi-techwonder.com\/es\/wp-json\/wp\/v2\/product_brand?post=72621"},{"taxonomy":"product_cat","embeddable":true,"href":"https:\/\/hi-techwonder.com\/es\/wp-json\/wp\/v2\/product_cat?post=72621"},{"taxonomy":"product_tag","embeddable":true,"href":"https:\/\/hi-techwonder.com\/es\/wp-json\/wp\/v2\/product_tag?post=72621"}],"curies":[{"name":"wp","href":"https:\/\/api.w.org\/{rel}","templated":true}]}}