{"id":72625,"date":"2025-07-29T09:56:12","date_gmt":"2025-07-29T09:56:12","guid":{"rendered":"https:\/\/fv6qoy3ls0.wpdns.site\/produto\/control-remoto-de-alimentacion-godox-ft-16\/"},"modified":"2026-01-31T01:55:57","modified_gmt":"2026-01-31T01:55:57","slug":"godox-control-remoto-de-alimentacion-godox-ft-16","status":"publish","type":"product","link":"https:\/\/hi-techwonder.com\/es\/producto\/godox-control-remoto-de-alimentacion-godox-ft-16\/","title":{"rendered":"Control remoto de alimentaci\u00f3n GODOX FT-16"},"content":{"rendered":"<p style=\"margin-top: 0px;margin-bottom: 1rem;color: #777777;font-family: Roboto, sans-serif;font-size: 15px;font-weight: 300;background-color: #ffffff\"><span style=\"font-weight: bold\">Control remoto Godox Power FT-16<br \/>El controlador inal\u00e1mbrico Godox FT-16 de Godox admite la agrupaci\u00f3n de flash y la configuraci\u00f3n de la potencia del flash externo. Con respuestas r\u00e1pidas y transmisi\u00f3n de se\u00f1al estable, se aplica a unidades de flash con un puerto de control inal\u00e1mbrico. El gatillo tambi\u00e9n es compatible con el transceptor Godox Cells.  <\/span><\/p>\n<h3 style=\"margin-top: 0px;margin-bottom: 0.5rem;font-family: Roboto, sans-serif;font-weight: 500;line-height: 1.2;color: #777777;font-size: 1.25rem;background-color: #ffffff\">Funciones<\/h3>\n<ul style=\"margin-bottom: 1rem;margin-top: 0px;color: #777777;font-family: Roboto, sans-serif;font-size: 15px;font-weight: 300;background-color: #ffffff\">\n<ul style=\"margin-bottom: 1rem;margin-top: 0px;color: #777777;font-family: Roboto, sans-serif;font-size: 15px;font-weight: 300;background-color: #ffffff\">\n<li>Control inal\u00e1mbrico: encendido\/apagado del flash, control de encendido, encendido\/apagado de la luz de peinado, encendido\/apagado del pitido y disparo del flash<\/li>\n<li>Control de potencia por control remoto: cada grupo de disparo se puede configurar en 16 niveles de potencia diferentes<\/li>\n<li>Agrupaci\u00f3n de flashes: controla hasta 16 grupos de flashes para fotograf\u00eda creativa<\/li>\n<li>Un dispositivo para m\u00faltiples funciones<\/li>\n<li>Combinaciones flexibles de un transmisor y m\u00faltiples receptores<\/li>\n<li>Pantalla LCD<\/li>\n<li>Fuente de alimentaci\u00f3n del transmisor: 2 pilas AA<\/li>\n<li>Fuente de alimentaci\u00f3n del receptor: 5V (alimentado por luces estrobosc\u00f3picas)<\/li>\n<li>Frecuencia: 433Mhz<\/li>\n<li>Distancia de trabajo: 50 m (en espacio abierto)<\/li>\n<li>Velocidad m\u00e1xima Velocidad de sincronizaci\u00f3n: 1\/250 seg. <\/li>\n<li>Canales: 16<\/li>\n<li>Garant\u00eda 2 a\u00f1os<\/li>\n<\/ul>\n<\/ul>\n<h3 style=\"margin-top: 0px;margin-bottom: 0.5rem;font-family: Roboto, sans-serif;font-weight: 500;line-height: 1.2;color: #777777;font-size: 1.25rem;background-color: #ffffff\">En la caja<\/h3>\n<ul style=\"margin-bottom: 1rem;margin-top: 0px;color: #777777;font-family: Roboto, sans-serif;font-size: 15px;font-weight: 300;background-color: #ffffff\">\n<ul style=\"margin-bottom: 1rem;margin-top: 0px;color: #777777;font-family: Roboto, sans-serif;font-size: 15px;font-weight: 300;background-color: #ffffff\">\n<ul style=\"margin-bottom: 1rem;margin-top: 0px;color: #777777;font-family: Roboto, sans-serif;font-size: 15px;font-weight: 300;background-color: #ffffff\">\n<li>1x Transmisor<\/li>\n<li>1x receptor<\/li>\n<\/ul>\n<\/ul>\n<\/ul>\n<h3 style=\"margin-top: 0px;margin-bottom: 0.5rem;font-family: Roboto, sans-serif;font-weight: 500;line-height: 1.2;color: #777777;font-size: 1.25rem;background-color: #ffffff\">Compatibilidad<\/h3>\n<ul style=\"margin-bottom: 1rem;margin-top: 0px;color: #777777;font-family: Roboto, sans-serif;font-size: 15px;font-weight: 300;background-color: #ffffff\">\n<ul style=\"margin-bottom: 1rem;margin-top: 0px;color: #777777;font-family: Roboto, sans-serif;font-size: 15px;font-weight: 300;background-color: #ffffff\">\n<li>Serie Godox QT<\/li>\n<li>Serie Godox QS<\/li>\n<li>Serie Godox GT<\/li>\n<li>Serie Godox GS<\/li>\n<li>Godox Energizer ES400P y ES600P<\/li>\n<li>Godox Wistro AD180 y AD360<\/li>\n<\/ul>\n<\/ul>\n","protected":false},"excerpt":{"rendered":"<p>Control remoto Godox Power FT-16El controlador inal\u00e1mbrico Godox FT-16 de Godox admite la agrupaci\u00f3n de flash y la configuraci\u00f3n de<\/p>\n","protected":false},"featured_media":56125,"comment_status":"closed","ping_status":"closed","template":"","meta":{"_acf_changed":false},"product_brand":[2555],"product_cat":[984],"product_tag":[],"class_list":{"0":"post-72625","1":"product","2":"type-product","3":"status-publish","4":"has-post-thumbnail","6":"product_brand-godox-es","7":"product_cat-disparadores-luz","9":"first","10":"instock","11":"taxable","12":"shipping-taxable","13":"purchasable","14":"product-type-simple"},"bundled_by":[],"bundle_stock_status":"instock","bundle_stock_quantity":1,"bundle_virtual":false,"bundle_layout":"","bundle_add_to_cart_form_location":"","bundle_editable_in_cart":false,"bundle_sold_individually_context":"","bundle_item_grouping":"","bundle_min_size":"","bundle_max_size":"","bundle_price":[],"bundled_items":[],"bundle_sell_ids":[],"acf":[],"_links":{"self":[{"href":"https:\/\/hi-techwonder.com\/es\/wp-json\/wp\/v2\/product\/72625","targetHints":{"allow":["GET"]}}],"collection":[{"href":"https:\/\/hi-techwonder.com\/es\/wp-json\/wp\/v2\/product"}],"about":[{"href":"https:\/\/hi-techwonder.com\/es\/wp-json\/wp\/v2\/types\/product"}],"replies":[{"embeddable":true,"href":"https:\/\/hi-techwonder.com\/es\/wp-json\/wp\/v2\/comments?post=72625"}],"wp:featuredmedia":[{"embeddable":true,"href":"https:\/\/hi-techwonder.com\/es\/wp-json\/wp\/v2\/media\/56125"}],"wp:attachment":[{"href":"https:\/\/hi-techwonder.com\/es\/wp-json\/wp\/v2\/media?parent=72625"}],"wp:term":[{"taxonomy":"product_brand","embeddable":true,"href":"https:\/\/hi-techwonder.com\/es\/wp-json\/wp\/v2\/product_brand?post=72625"},{"taxonomy":"product_cat","embeddable":true,"href":"https:\/\/hi-techwonder.com\/es\/wp-json\/wp\/v2\/product_cat?post=72625"},{"taxonomy":"product_tag","embeddable":true,"href":"https:\/\/hi-techwonder.com\/es\/wp-json\/wp\/v2\/product_tag?post=72625"}],"curies":[{"name":"wp","href":"https:\/\/api.w.org\/{rel}","templated":true}]}}