{"id":72631,"date":"2025-07-29T10:18:10","date_gmt":"2025-07-29T10:18:10","guid":{"rendered":"https:\/\/fv6qoy3ls0.wpdns.site\/produto\/godox-qr-p70t-bowens-softbox-con-sistema-de-montaje-rapido\/"},"modified":"2026-02-06T16:47:09","modified_gmt":"2026-02-06T16:47:09","slug":"godox-qr-p70t-bowens-softbox-con-sistema-de-montaje-rapido","status":"publish","type":"product","link":"https:\/\/hi-techwonder.com\/es\/producto\/godox-qr-p70t-bowens-softbox-con-sistema-de-montaje-rapido\/","title":{"rendered":"GODOX QR-P70T Bowens Softbox con sistema de montaje r\u00e1pido"},"content":{"rendered":"<h3>Caja de luz GODOX QR-P70T con sistema de montaje r\u00e1pido<\/h3>\n<p><strong>Funciones<\/strong><\/p>\n<ul>\n<li><strong>Dise\u00f1o compacto<\/strong>: Ideal para producciones de v\u00eddeo en espacios reducidos y emisiones en directo, con profundidad reducida respecto a los modelos anteriores de la serie.<\/li>\n<li><strong>Montaje r\u00e1pido<\/strong>: Sistema de montaje r\u00e1pido que le permite montar y desmontar la caja de luz de manera eficiente. Simplemente levante las varillas hasta que encajen en su lugar. <\/li>\n<li><strong>Iluminaci\u00f3n suave y uniforme<\/strong>: La construcci\u00f3n parab\u00f3lica de la caja de luz dirige la luz en haces paralelos, proporcionando una iluminaci\u00f3n uniforme. El interior plateado reflectante aumenta la intensidad de la luz. <\/li>\n<li><strong>Difusores bien acoplados<\/strong>: El difusor interno est\u00e1 bien sujeto con velcro, lo que garantiza una perfecta difusi\u00f3n de la luz. El difusor interior y frontal son extra\u00edbles y se pueden usar juntos o por separado para ajustar el efecto de iluminaci\u00f3n. <\/li>\n<li><strong>&#8211; Compatibilidad con Bowens<\/strong>: Compatible con fuentes de luz de montaje Bowens, incluidos flashes Godox y luces continuas. Tambi\u00e9n es compatible con Profoto y Broncolor utilizando los anillos de velocidad opcionales. <\/li>\n<\/ul>\n<p><strong>Contenido del paquete<\/strong><\/p>\n<ul>\n<li>1 caja de luz QR-P70T<\/li>\n<li>1 Difusor interno<\/li>\n<li>1 Difusor frontal<\/li>\n<li>1 bolsa de transporte<\/li>\n<\/ul>\n<p>La serie <strong>Godox QR-P<\/strong> est\u00e1 dise\u00f1ada para fot\u00f3grafos y vide\u00f3grafos que necesitan una soluci\u00f3n compacta y eficiente para la iluminaci\u00f3n en espacios reducidos, como transmisiones en vivo y producciones de campo. Con un sistema de montaje r\u00e1pido, montar y desmontar la caja de luz es extremadamente f\u00e1cil, ahorrando tiempo durante la configuraci\u00f3n. El dise\u00f1o compacto reduce la profundidad de la caja de luz en comparaci\u00f3n con los modelos anteriores, lo que la hace ideal para su uso en lugares con poco espacio disponible.  <\/p>\n<p>Con una construcci\u00f3n parab\u00f3lica, el <strong>Godox QR-P70T<\/strong> garantiza que la luz se distribuya de manera uniforme y suave, gracias a la combinaci\u00f3n de sus difusores internos y externos, que se pueden usar juntos o por separado para un mayor control de la luz. El interior plateado aumenta la intensidad de la luz, ofreciendo un rendimiento superior en diferentes condiciones de iluminaci\u00f3n. <\/p>\n<p>Compatible con el soporte Bowens, esta caja de luz se puede utilizar con una amplia gama de fuentes de luz, incluidos flashes Godox y luces continuas. Para mayor versatilidad, tambi\u00e9n es compatible con las luces <strong>Profoto<\/strong> y <strong>Broncolor<\/strong>, utilizando anillos de velocidad opcionales. &nbsp;<\/p>\n<p><\/p>\n<p><strong>Especificaciones t\u00e9cnicas<\/strong><\/p>\n<table>\n<thead>\n<tr>\n<th>Peso del modelo<\/th>\n<th>(kg)<\/th>\n<th>Dimensiones (di\u00e1metro x profundidad)<\/th>\n<\/tr>\n<\/thead>\n<tbody>\n<tr>\n<td>QR-P70T<\/td>\n<td>0,830 kg<\/td>\n<td>34,1 x 70 cm<\/td>\n<\/tr>\n<tr>\n<td>QR-P90T<\/td>\n<td>1.359 kg<\/td>\n<td>42,7 x 90 cm<\/td>\n<\/tr>\n<tr>\n<td>QR-P120T<\/td>\n<td>1.781 kg<\/td>\n<td>56.7 x 120 cm<\/td>\n<\/tr>\n<tr>\n<td>QR-P150T<\/td>\n<td>2.386 kg<\/td>\n<td>\n<p>70,2 x 150 cm<\/p>\n<\/td>\n<\/tr>\n<\/tbody>\n<\/table>\n","protected":false},"excerpt":{"rendered":"<p>Caja de luz GODOX QR-P70T con sistema de montaje r\u00e1pido Funciones Dise\u00f1o compacto: Ideal para producciones de v\u00eddeo en espacios<\/p>\n","protected":false},"featured_media":61408,"comment_status":"closed","ping_status":"open","template":"","meta":{"_acf_changed":false},"product_brand":[2555],"product_cat":[1009],"product_tag":[],"class_list":{"0":"post-72631","1":"product","2":"type-product","3":"status-publish","4":"has-post-thumbnail","6":"product_brand-godox-es","7":"product_cat-hexadecagonales","9":"first","10":"onbackorder","11":"taxable","12":"shipping-taxable","13":"purchasable","14":"product-type-simple"},"bundled_by":[],"bundle_stock_status":"onbackorder","bundle_stock_quantity":null,"bundle_virtual":false,"bundle_layout":"","bundle_add_to_cart_form_location":"","bundle_editable_in_cart":false,"bundle_sold_individually_context":"","bundle_item_grouping":"","bundle_min_size":"","bundle_max_size":"","bundle_price":[],"bundled_items":[],"bundle_sell_ids":[],"acf":[],"_links":{"self":[{"href":"https:\/\/hi-techwonder.com\/es\/wp-json\/wp\/v2\/product\/72631","targetHints":{"allow":["GET"]}}],"collection":[{"href":"https:\/\/hi-techwonder.com\/es\/wp-json\/wp\/v2\/product"}],"about":[{"href":"https:\/\/hi-techwonder.com\/es\/wp-json\/wp\/v2\/types\/product"}],"replies":[{"embeddable":true,"href":"https:\/\/hi-techwonder.com\/es\/wp-json\/wp\/v2\/comments?post=72631"}],"wp:featuredmedia":[{"embeddable":true,"href":"https:\/\/hi-techwonder.com\/es\/wp-json\/wp\/v2\/media\/61408"}],"wp:attachment":[{"href":"https:\/\/hi-techwonder.com\/es\/wp-json\/wp\/v2\/media?parent=72631"}],"wp:term":[{"taxonomy":"product_brand","embeddable":true,"href":"https:\/\/hi-techwonder.com\/es\/wp-json\/wp\/v2\/product_brand?post=72631"},{"taxonomy":"product_cat","embeddable":true,"href":"https:\/\/hi-techwonder.com\/es\/wp-json\/wp\/v2\/product_cat?post=72631"},{"taxonomy":"product_tag","embeddable":true,"href":"https:\/\/hi-techwonder.com\/es\/wp-json\/wp\/v2\/product_tag?post=72631"}],"curies":[{"name":"wp","href":"https:\/\/api.w.org\/{rel}","templated":true}]}}