{"id":72636,"date":"2025-07-29T10:18:57","date_gmt":"2025-07-29T10:18:57","guid":{"rendered":"https:\/\/fv6qoy3ls0.wpdns.site\/produto\/godox-ub-002-parasol-reflectante-negro-plateado-84cm\/"},"modified":"2025-11-14T13:25:49","modified_gmt":"2025-11-14T13:25:49","slug":"godox-ub-002-parasol-reflectante-negro-plateado-84cm","status":"publish","type":"product","link":"https:\/\/hi-techwonder.com\/es\/producto\/godox-ub-002-parasol-reflectante-negro-plateado-84cm\/","title":{"rendered":"GODOX UB-002 Parasol reflectante negro\/plateado 84cm"},"content":{"rendered":"<p><strong>GODOX UB-002 Parasol reflectante negro\/plateado 84cm<\/strong><\/p>\n<p>GODOX UB-002 Sombrilla Reflectante Negra y Plateada 84cm<\/p>\n<p>La sombrilla Godox Silver en el interior y negra en el exterior, es una herramienta sencilla y muy \u00fatil que refleja la luz procedente del flash. Se puede montar en cualquier soporte est\u00e1ndar. Las sombrillas Godox est\u00e1n fabricadas con material de calidad que garantiza una distribuci\u00f3n constante de la luz y una temperatura de color correcta. Tiene 84 cm de di\u00e1metro.   <\/p>\n","protected":false},"excerpt":{"rendered":"<p>GODOX UB-002 Parasol reflectante negro\/plateado 84cm GODOX UB-002 Sombrilla Reflectante Negra y Plateada 84cm La sombrilla Godox Silver en el<\/p>\n","protected":false},"featured_media":61578,"comment_status":"closed","ping_status":"open","template":"","meta":{"_acf_changed":false},"product_brand":[2555],"product_cat":[1017],"product_tag":[],"class_list":{"0":"post-72636","1":"product","2":"type-product","3":"status-publish","4":"has-post-thumbnail","6":"product_brand-godox-es","7":"product_cat-reflectoras-es","9":"first","10":"instock","11":"taxable","12":"shipping-taxable","13":"purchasable","14":"product-type-simple"},"bundled_by":[],"bundle_stock_status":"instock","bundle_stock_quantity":2,"bundle_virtual":false,"bundle_layout":"","bundle_add_to_cart_form_location":"","bundle_editable_in_cart":false,"bundle_sold_individually_context":"","bundle_item_grouping":"","bundle_min_size":"","bundle_max_size":"","bundle_price":[],"bundled_items":[],"bundle_sell_ids":[],"acf":[],"_links":{"self":[{"href":"https:\/\/hi-techwonder.com\/es\/wp-json\/wp\/v2\/product\/72636","targetHints":{"allow":["GET"]}}],"collection":[{"href":"https:\/\/hi-techwonder.com\/es\/wp-json\/wp\/v2\/product"}],"about":[{"href":"https:\/\/hi-techwonder.com\/es\/wp-json\/wp\/v2\/types\/product"}],"replies":[{"embeddable":true,"href":"https:\/\/hi-techwonder.com\/es\/wp-json\/wp\/v2\/comments?post=72636"}],"wp:featuredmedia":[{"embeddable":true,"href":"https:\/\/hi-techwonder.com\/es\/wp-json\/wp\/v2\/media\/61578"}],"wp:attachment":[{"href":"https:\/\/hi-techwonder.com\/es\/wp-json\/wp\/v2\/media?parent=72636"}],"wp:term":[{"taxonomy":"product_brand","embeddable":true,"href":"https:\/\/hi-techwonder.com\/es\/wp-json\/wp\/v2\/product_brand?post=72636"},{"taxonomy":"product_cat","embeddable":true,"href":"https:\/\/hi-techwonder.com\/es\/wp-json\/wp\/v2\/product_cat?post=72636"},{"taxonomy":"product_tag","embeddable":true,"href":"https:\/\/hi-techwonder.com\/es\/wp-json\/wp\/v2\/product_tag?post=72636"}],"curies":[{"name":"wp","href":"https:\/\/api.w.org\/{rel}","templated":true}]}}