{"id":72641,"date":"2025-07-29T09:58:57","date_gmt":"2025-07-29T09:58:57","guid":{"rendered":"https:\/\/fv6qoy3ls0.wpdns.site\/produto\/flash-godox-tt685ii-n-speedlite-para-nikon\/"},"modified":"2026-04-15T18:16:31","modified_gmt":"2026-04-15T17:16:31","slug":"godox-flash-godox-tt685ii-n-speedlite-para-nikon","status":"publish","type":"product","link":"https:\/\/hi-techwonder.com\/es\/producto\/godox-flash-godox-tt685ii-n-speedlite-para-nikon\/","title":{"rendered":"Flash GODOX TT685II-N Speedlite para Nikon"},"content":{"rendered":"<p><strong>Flash GODOX TT685II-N Speedlite para Nikon<\/strong><\/p>\n<p style=\"color: #4b4b4b;font-family: 'Open Sans', sans-serif;font-size: 14.4px;text-align: justify\"><strong>Funciones:<\/strong><\/p>\n<ul style=\"color: #4b4b4b;font-family: 'Open Sans', sans-serif;font-size: 14.4px;text-align: justify\">\n<li>Sistema de radio X inal\u00e1mbrico de 2,4 GHz incorporado<\/li>\n<li>Compatible con Nikon TTL<\/li>\n<li>N\u00famero de gu\u00eda: 60 m en ISO 100<\/li>\n<li>Rango de zoom: 20-200 mm<\/li>\n<li>Se inclina de -7 a 120\u00b0<\/li>\n<li>Rotaci\u00f3n horizontal 330\u00b0<\/li>\n<li>Funcionalidad TTL Maestro\/Esclavo Inal\u00e1mbrico&nbsp;<\/li>\n<li>Tiempo de reciclaje: 0.1-2.6 segundos<\/li>\n<li>Sincronizaci\u00f3n de alta velocidad, 1\u00aa y 2\u00aa cortina<\/li>\n<li>Alimentaci\u00f3n con 4 pilas AA<\/li>\n<\/ul>\n<p style=\"color: #4b4b4b;font-family: 'Open Sans', sans-serif;font-size: 14.4px;text-align: justify\"><strong>Contenido del paquete:<\/strong><\/p>\n<ul style=\"color: #4b4b4b;font-family: 'Open Sans', sans-serif;font-size: 14.4px;text-align: justify\">\n<li><span style=\"font-size: 14.4px\">Godox&nbsp;<\/span><span style=\"font-size: 14.4px\">Flash TT685II-N Speedlite para c\u00e1maras Nikon&nbsp;<\/span><\/li>\n<li>Mini soporte<\/li>\n<li>Cubierta protectora<\/li>\n<\/ul>\n<p style=\"color: #4b4b4b;font-family: 'Open Sans', sans-serif;font-size: 14.4px;text-align: justify\"><span style=\"font-size: 14.4px\">Ofrece soporte TTL completo para Nikon y un sistema de radio de 2,4 GHz incorporado. El Godox Flash TT685II-N facilita la creaci\u00f3n de configuraciones de iluminaci\u00f3n simples y elaboradas. Una herramienta de iluminaci\u00f3n potente y eficaz, tiene un n\u00famero gu\u00eda de 60 m a ISO 100 con un rango de zoom de 20-200 mm. El TT685II-N   <\/span>&nbsp;funciona como una unidad maestra o esclava totalmente inal\u00e1mbrica con funcionalidad TTL, y para una m\u00e1xima versatilidad, esta unidad mejorada se inclina de -7 a 120\u00b0 y gira 330\u00b0, ofreciendo \u00e1ngulos de flash m\u00e1s flexibles y un proceso de configuraci\u00f3n de iluminaci\u00f3n m\u00e1s eficiente. Tambi\u00e9n se introduce una nueva y \u00fanica funci\u00f3n TCM (TTL convertido a manual), que permite la conversi\u00f3n instant\u00e1nea de TTL a modo manual. Esta funci\u00f3n ayuda a fijar el valor de exposici\u00f3n adecuado y es \u00fatil para determinar r\u00e1pidamente un buen punto de partida para configurar flashes externos en modo manual. Para facilitar el uso y la lectura, el panel LCD trasero ilumina la configuraci\u00f3n del flash. El flash incluye un puerto de sincronizaci\u00f3n de 2,5 mm para conectividad b\u00e1sica por cable.    <\/p>\n<ul style=\"color: #4b4b4b;font-family: 'Open Sans', sans-serif;font-size: 14.4px;text-align: justify\">\n<li>Un sistema de radio X integrado de 2,4 GHz est\u00e1 incorporado en el TT685II-N para la conducci\u00f3n inal\u00e1mbrica. Capaz de configurarse como maestro o esclavo, este flash te ayudar\u00e1 a crear una configuraci\u00f3n de iluminaci\u00f3n vers\u00e1til con un alcance de 100 m y soporte para 32 canales y 4 grupos. Funciona como unidad transmisora para sistemas flash V1,  &nbsp;<a href=\"https:\/\/hi-techwonder.com\/godox-flash-witstro-ad200pro\" target=\"_blank\" rel=\"noopener\">AD200Pro<\/a> y&nbsp;<a href=\"https:\/\/hi-techwonder.com\/godox-flash-de-estudio-ad300-pro-ttl\" target=\"_blank\" rel=\"noopener\">AD300Pro<\/a>. Tambi\u00e9n funciona como unidad receptora para unidades transmisoras X1, X2, XPro y V1. <\/li>\n<li>Al ser compatible con el sistema TTL de Nikon, los usuarios disfrutar\u00e1n de varias configuraciones y funciones de flash automatizadas, como la sincronizaci\u00f3n de alta velocidad de hasta 1\/8000 de segundo.<\/li>\n<li>Con un n\u00famero gu\u00eda de 60 m a ISO 100, el TT685II-N iluminar\u00e1 f\u00e1cilmente la mayor\u00eda de los sujetos. Tiene un cabezal de zoom con un rango de 20-200 mm. <\/li>\n<li>Control manual de potencia de 1\/1 a 1\/128 en pasos de 1\/3 EV.<\/li>\n<li>El cabezal del flash se puede inclinar de -7 a 120\u00b0 y girar 330\u00b0 para controlar el rebote y d\u00f3nde cae la luz en la escena.<\/li>\n<li>La funci\u00f3n \u00fanica TCM (TTL convertido a manual) permite la conversi\u00f3n instant\u00e1nea de TTL a modo manual. Esta funci\u00f3n ayuda a fijar el valor de exposici\u00f3n adecuado y es \u00fatil para determinar r\u00e1pidamente un buen punto de partida para configurar flashes externos en modo manual. <\/li>\n<li>La transmisi\u00f3n \u00f3ptica maestro\/esclavo est\u00e1 disponible para trabajar con otros flashes est\u00e1ndar.<\/li>\n<li>Hay disponible un puerto de sincronizaci\u00f3n de 2,5 mm para configurar una conexi\u00f3n por cable a una c\u00e1mara.<\/li>\n<li>El bloqueo de liberaci\u00f3n r\u00e1pida garantiza una configuraci\u00f3n r\u00e1pida y f\u00e1cil para que pueda capturar su pr\u00f3xima toma en momentos cr\u00edticos.<\/li>\n<li>Este flash pasa por 4 pilas alcalinas AA o NiMH que ayudan a entregar alrededor de 330 flashes a plena potencia y tiempos de reciclaje de 0.1-2.6 segundos.<\/li>\n<li>El puerto de alimentaci\u00f3n externo permite la conexi\u00f3n a paquetes de energ\u00eda, incluido el PB960, para aumentar el rendimiento del flash y obtener m\u00e1s posibilidades, lo que lo convierte en el flash ideal para bodas, moda, fotograf\u00eda de peri\u00f3dicos y m\u00e1s.<\/li>\n<li>Conexi\u00f3n USB tipo C (USB-C) para instalar futuras actualizaciones de firmware.<\/li>\n<\/ul>\n<p><strong>Compatibilidad:<\/strong><\/p>\n<ul>\n<li>Hasselblad X1D II 50c<\/li>\n<li>Hasselblad X1D-50c<\/li>\n<li>Nikon COOLPIX P1000<\/li>\n<li>Nikon COOLPIX P950<\/li>\n<li>Nikon Coolpix P7800<\/li>\n<li>Nikon D100<\/li>\n<li>Nikon D1H<\/li>\n<li>Nikon D1X<\/li>\n<li>Nikon D200<\/li>\n<li>Nikon D2H<\/li>\n<li>Nikon D2X<\/li>\n<li>Nikon D2Xs<\/li>\n<li>Nikon D3<\/li>\n<li>Nikon D300<\/li>\n<li>Nikon D3000<\/li>\n<li>Nikon D300s<\/li>\n<li>Nikon D3100<\/li>\n<li>Nikon D3200<\/li>\n<li>Nikon D3300<\/li>\n<li>Nikon D3400<\/li>\n<li>Nikon D3500<\/li>\n<li>Nikon D3S<\/li>\n<li>Nikon D3s<\/li>\n<li>Nikon D3x<\/li>\n<li>Nikon D4<\/li>\n<li>Nikon D40<\/li>\n<li>Nikon D40x<\/li>\n<li>Nikon D4s<\/li>\n<li>Nikon D5<\/li>\n<li>Nikon D50<\/li>\n<li>Nikon D500<\/li>\n<li>Nikon D5000<\/li>\n<li>Nikon D5100<\/li>\n<li>Nikon D5200<\/li>\n<li>Nikon D5300<\/li>\n<li>Nikon D5500<\/li>\n<li>Nikon D5600<\/li>\n<li>Nikon D6<\/li>\n<li>Nikon D60<\/li>\n<li>Nikon D600<\/li>\n<li>Nikon D610<\/li>\n<li>Nikon D70<\/li>\n<li>Nikon D700<\/li>\n<li>Nikon D7000<\/li>\n<li>Nikon D70s<\/li>\n<li>Nikon D7100<\/li>\n<li>Nikon D7200<\/li>\n<li>Nikon D750<\/li>\n<li>Nikon D7500<\/li>\n<li>Nikon D780<\/li>\n<li>Nikon D80<\/li>\n<li>Nikon D800<\/li>\n<li>Nikon D800E<\/li>\n<li>Nikon D810<\/li>\n<li>Nikon D810A<\/li>\n<li>Nikon D850<\/li>\n<li>Nikon D90<\/li>\n<li>Nikon DL18-50<\/li>\n<li>Nikon DL24-500<\/li>\n<li>Nikon DL24-85<\/li>\n<li>Nikon Df<\/li>\n<li>Nikon Z5<\/li>\n<li>Nikon Z50<\/li>\n<li>Nikon Z6<\/li>\n<li>Nikon Z7<\/li>\n<\/ul>\n<p style=\"color: #4b4b4b;font-family: 'Open Sans', sans-serif;font-size: 14.4px;text-align: justify\"><strong>Caracter\u00edsticas t\u00e9cnicas:<\/strong><\/p>\n<div class=\"group_3sxa25I0gg\" style=\"color: #4b4b4b;text-align: justify;margin-bottom: 2.1875rem;font-family: OpenSans, 'Segoe UI', Helvetica, Roboto, Arial, sans-serif;font-size: 16px;background-color: #ffffff\">\n<div class=\"name_3sxa25I0gg firstGroupInItem_3sxa25I0gg\" style=\"padding: 0px 0px 0.875rem;border-bottom: 0.125rem solid #cdcdcd;font-size: 2rem;color: #769e2d;line-height: 2rem\" data-selenium=\"specsItemGroupName\"><strong>Cabezal de flash<\/strong><\/div>\n<table class=\"table_3sxa25I0gg\" style=\"width: 981.75px\" data-selenium=\"specsItemGroupTable\">\n<tbody>\n<tr class=\"pair_3sxa25I0gg\" style=\"border-bottom: 0.0625rem solid #e7e7e7\" data-selenium=\"specsItemGroupTableRow\">\nN\u00famero <\/p>\n<td class=\"label_3sxa25I0gg \" style=\"width: 373.062px;padding: 1.25rem 0px;border-top: none;vertical-align: baseline;font-size: 1.125rem;color: #666666;line-height: 1.375rem\" data-selenium=\"specsItemGroupTableColumnLabel\">de gu\u00eda<\/td>\n<td class=\"value_3sxa25I0gg \" style=\"vertical-align: baseline;font-size: 1.125rem;color: #666666;line-height: 1.375rem;padding: 1.25rem 0px 1.25rem 2.5rem\" data-selenium=\"specsItemGroupTableColumnValue\">60 m a ISO 100<\/td>\n<\/tr>\n<tr class=\"pair_3sxa25I0gg\" style=\"border-bottom: 0.0625rem solid #e7e7e7\" data-selenium=\"specsItemGroupTableRow\">\n<td class=\"label_3sxa25I0gg\" style=\"width: 373.062px;padding: 1.25rem 0px;border-top: none;vertical-align: baseline;font-size: 1.125rem;color: #666666;line-height: 1.375rem\" data-selenium=\"specsItemGroupTableColumnLabel\">Cubrir<\/td>\n<td class=\"value_3sxa25I0gg\" style=\"vertical-align: baseline;font-size: 1.125rem;color: #666666;line-height: 1.375rem;padding: 1.25rem 0px 1.25rem 2.5rem\" data-selenium=\"specsItemGroupTableColumnValue\"><span style=\"font-weight: bolder\">Fotograma completo<br \/>De 20 a 200 mm<\/span><\/td>\n<\/tr>\n<tr class=\"pair_3sxa25I0gg\" style=\"border-bottom: 0.0625rem solid #e7e7e7\" data-selenium=\"specsItemGroupTableRow\">\n<td class=\"label_3sxa25I0gg\" style=\"width: 373.062px;padding: 1.25rem 0px;border-top: none;vertical-align: baseline;font-size: 1.125rem;color: #666666;line-height: 1.375rem\" data-selenium=\"specsItemGroupTableColumnLabel\">Cabezal de zoom autom\u00e1tico<\/td>\n<td class=\"value_3sxa25I0gg\" style=\"vertical-align: baseline;font-size: 1.125rem;color: #666666;line-height: 1.375rem;padding: 1.25rem 0px 1.25rem 2.5rem\" data-selenium=\"specsItemGroupTableColumnValue\">S\u00ed<\/td>\n<\/tr>\n<tr class=\"pair_3sxa25I0gg\" style=\"border-bottom: 0.0625rem solid #e7e7e7\" data-selenium=\"specsItemGroupTableRow\">\nInclinaci\u00f3n <\/p>\n<td class=\"label_3sxa25I0gg\" style=\"width: 373.062px;padding: 1.25rem 0px;border-top: none;vertical-align: baseline;font-size: 1.125rem;color: #666666;line-height: 1.375rem\" data-selenium=\"specsItemGroupTableColumnLabel\">de la cabeza<\/td>\n<td class=\"value_3sxa25I0gg\" style=\"vertical-align: baseline;font-size: 1.125rem;color: #666666;line-height: 1.375rem;padding: 1.25rem 0px 1.25rem 2.5rem\" data-selenium=\"specsItemGroupTableColumnValue\">De -7 a +120\u00b0<\/td>\n<\/tr>\n<tr class=\"pair_3sxa25I0gg\" style=\"border-bottom: 0.0625rem solid #e7e7e7\" data-selenium=\"specsItemGroupTableRow\">\n<td class=\"label_3sxa25I0gg\" style=\"width: 373.062px;padding: 1.25rem 0px;border-top: none;vertical-align: baseline;font-size: 1.125rem;color: #666666;line-height: 1.375rem\" data-selenium=\"specsItemGroupTableColumnLabel\">Cabezal giratorio<\/td>\n<td class=\"value_3sxa25I0gg\" style=\"vertical-align: baseline;font-size: 1.125rem;color: #666666;line-height: 1.375rem;padding: 1.25rem 0px 1.25rem 2.5rem\" data-selenium=\"specsItemGroupTableColumnValue\">330\u00b0<\/td>\n<\/tr>\n<tr class=\"pair_3sxa25I0gg\" style=\"border-bottom: 0.0625rem solid #e7e7e7\" data-selenium=\"specsItemGroupTableRow\">\n<td class=\"label_3sxa25I0gg\" style=\"width: 373.062px;padding: 1.25rem 0px;border-top: none;vertical-align: baseline;font-size: 1.125rem;color: #666666;line-height: 1.375rem\" data-selenium=\"specsItemGroupTableColumnLabel\">Duraci\u00f3n del flash<\/td>\n<td class=\"value_3sxa25I0gg\" style=\"vertical-align: baseline;font-size: 1.125rem;color: #666666;line-height: 1.375rem;padding: 1.25rem 0px 1.25rem 2.5rem\" data-selenium=\"specsItemGroupTableColumnValue\">1\/300 a 1\/20000 segundos<\/td>\n<\/tr>\n<tr class=\"pair_3sxa25I0gg\" style=\"border-bottom: 0.0625rem solid #e7e7e7\" data-selenium=\"specsItemGroupTableRow\">\n<td class=\"label_3sxa25I0gg\" style=\"width: 373.062px;padding: 1.25rem 0px;border-top: none;vertical-align: baseline;font-size: 1.125rem;color: #666666;line-height: 1.375rem\" data-selenium=\"specsItemGroupTableColumnLabel\">Tiempo de reciclaje<\/td>\n<td class=\"value_3sxa25I0gg\" style=\"vertical-align: baseline;font-size: 1.125rem;color: #666666;line-height: 1.375rem;padding: 1.25rem 0px 1.25rem 2.5rem\" data-selenium=\"specsItemGroupTableColumnValue\">Aprox. 0,1 a 2,6 segundos <\/td>\n<\/tr>\n<\/tbody>\n<\/table>\n<\/div>\n<div class=\"group_3sxa25I0gg\" style=\"color: #4b4b4b;text-align: justify;margin-bottom: 2.1875rem;font-family: OpenSans, 'Segoe UI', Helvetica, Roboto, Arial, sans-serif;font-size: 16px;background-color: #ffffff\">\n<div class=\"name_3sxa25I0gg\" style=\"padding: 1rem 0px 0.875rem;border-bottom: 0.125rem solid #cdcdcd;font-size: 2rem;color: #769e2d;line-height: 2rem\" data-selenium=\"specsItemGroupName\"><strong><span style=\"font-size: 12pt\">Control de exposici\u00f3n<\/strong><\/span><\/div>\n<table class=\"table_3sxa25I0gg\" style=\"width: 981.75px\" data-selenium=\"specsItemGroupTable\">\n<tbody>\n<tr class=\"pair_3sxa25I0gg\" style=\"border-bottom: 0.0625rem solid #e7e7e7\" data-selenium=\"specsItemGroupTableRow\">\n<td class=\"label_3sxa25I0gg \" style=\"width: 373.062px;padding: 1.25rem 0px;border-top: none;vertical-align: baseline;font-size: 1.125rem;color: #666666;line-height: 1.375rem\" data-selenium=\"specsItemGroupTableColumnLabel\">Control de exposici\u00f3n<\/td>\n<td class=\"value_3sxa25I0gg \" style=\"vertical-align: baseline;font-size: 1.125rem;color: #666666;line-height: 1.375rem;padding: 1.25rem 0px 1.25rem 2.5rem\" data-selenium=\"specsItemGroupTableColumnValue\">TTL a trav\u00e9s de Separate Commander, Manual, Olympus TTL (SLR)<\/td>\n<\/tr>\n<tr class=\"pair_3sxa25I0gg\" style=\"border-bottom: 0.0625rem solid #e7e7e7\" data-selenium=\"specsItemGroupTableRow\">\nModos <\/p>\n<td class=\"label_3sxa25I0gg\" style=\"width: 373.062px;padding: 1.25rem 0px;border-top: none;vertical-align: baseline;font-size: 1.125rem;color: #666666;line-height: 1.375rem\" data-selenium=\"specsItemGroupTableColumnLabel\">de flash<\/td>\n<td class=\"value_3sxa25I0gg\" style=\"vertical-align: baseline;font-size: 1.125rem;color: #666666;line-height: 1.375rem;padding: 1.25rem 0px 1.25rem 2.5rem\" data-selenium=\"specsItemGroupTableColumnValue\">Sincronizaci\u00f3n de alta velocidad, sincronizaci\u00f3n a la segunda cortina<\/td>\n<\/tr>\n<tr class=\"pair_3sxa25I0gg\" style=\"border-bottom: 0.0625rem solid #e7e7e7\" data-selenium=\"specsItemGroupTableRow\">\n<td class=\"label_3sxa25I0gg\" style=\"width: 373.062px;padding: 1.25rem 0px;border-top: none;vertical-align: baseline;font-size: 1.125rem;color: #666666;line-height: 1.375rem\" data-selenium=\"specsItemGroupTableColumnLabel\">Rango de<\/td>\n<p> potencia<\/p>\n<td class=\"value_3sxa25I0gg\" style=\"vertical-align: baseline;font-size: 1.125rem;color: #666666;line-height: 1.375rem;padding: 1.25rem 0px 1.25rem 2.5rem\" data-selenium=\"specsItemGroupTableColumnValue\">Del 1\/1 al 1\/128<\/td>\n<\/tr>\n<tr class=\"pair_3sxa25I0gg\" style=\"border-bottom: 0.0625rem solid #e7e7e7\" data-selenium=\"specsItemGroupTableRow\">\n<td class=\"label_3sxa25I0gg\" style=\"width: 373.062px;padding: 1.25rem 0px;border-top: none;vertical-align: baseline;font-size: 1.125rem;color: #666666;line-height: 1.375rem\" data-selenium=\"specsItemGroupTableColumnLabel\">Compensaci\u00f3n<\/td>\n<td class=\"value_3sxa25I0gg\" style=\"vertical-align: baseline;font-size: 1.125rem;color: #666666;line-height: 1.375rem;padding: 1.25rem 0px 1.25rem 2.5rem\" data-selenium=\"specsItemGroupTableColumnValue\">De -3 a +3 EV (pasos de 1\/3 EV)<\/td>\n<\/tr>\n<\/tbody>\n<\/table>\n<\/div>\n<div class=\"group_3sxa25I0gg\" style=\"color: #4b4b4b;text-align: justify;margin-bottom: 2.1875rem;font-family: OpenSans, 'Segoe UI', Helvetica, Roboto, Arial, sans-serif;font-size: 16px;background-color: #ffffff\">\n<div class=\"name_3sxa25I0gg\" style=\"padding: 1rem 0px 0.875rem;border-bottom: 0.125rem solid #cdcdcd;font-size: 2rem;color: #769e2d;line-height: 2rem\" data-selenium=\"specsItemGroupName\"><strong><span style=\"font-size: 12pt\">Inal\u00e1mbrico<\/strong><\/span><\/div>\n<table class=\"table_3sxa25I0gg\" style=\"width: 981.75px\" data-selenium=\"specsItemGroupTable\">\n<tbody>\n<tr class=\"pair_3sxa25I0gg\" style=\"border-bottom: 0.0625rem solid #e7e7e7\" data-selenium=\"specsItemGroupTableRow\">\n<td class=\"label_3sxa25I0gg \" style=\"width: 373.062px;padding: 1.25rem 0px;border-top: none;vertical-align: baseline;font-size: 1.125rem;color: #666666;line-height: 1.375rem\" data-selenium=\"specsItemGroupTableColumnLabel\">Funcionamiento inal\u00e1mbrico<\/td>\n<td class=\"value_3sxa25I0gg \" style=\"vertical-align: baseline;font-size: 1.125rem;color: #666666;line-height: 1.375rem;padding: 1.25rem 0px 1.25rem 2.5rem\" data-selenium=\"specsItemGroupTableColumnValue\">\n<p><span style=\"font-weight: bolder\">Radio (TTL\/Manual)<br \/><span>Hasta 100 m<\/span><\/span><\/p>\n<p><span style=\"font-weight: bolder\"><span><span style=\"font-size: 12pt;font-weight: bolder\">Pulso \u00f3ptico (TTL\/Manual)<\/span><\/span><br \/><span style=\"font-size: 12pt\">Hasta 15 m (Maestro, Esclavo)<\/span><\/span><\/p>\n<\/td>\n<\/tr>\n<tr class=\"pair_3sxa25I0gg\" style=\"border-bottom: 0.0625rem solid #e7e7e7\" data-selenium=\"specsItemGroupTableRow\">\n<td class=\"label_3sxa25I0gg\" style=\"width: 373.062px;padding: 1.25rem 0px;border-top: none;vertical-align: baseline;font-size: 1.125rem;color: #666666;line-height: 1.375rem\" data-selenium=\"specsItemGroupTableColumnLabel\">Canales inal\u00e1mbricos<\/td>\n<td class=\"value_3sxa25I0gg\" style=\"vertical-align: baseline;font-size: 1.125rem;color: #666666;line-height: 1.375rem;padding: 1.25rem 0px 1.25rem 2.5rem\" data-selenium=\"specsItemGroupTableColumnValue\">32<\/td>\n<\/tr>\n<tr class=\"pair_3sxa25I0gg\" style=\"border-bottom: 0.0625rem solid #e7e7e7\" data-selenium=\"specsItemGroupTableRow\">\n<td class=\"label_3sxa25I0gg\" style=\"width: 373.062px;padding: 1.25rem 0px;border-top: none;vertical-align: baseline;font-size: 1.125rem;color: #666666;line-height: 1.375rem\" data-selenium=\"specsItemGroupTableColumnLabel\">Grupos inal\u00e1mbricos<\/td>\n<td class=\"value_3sxa25I0gg\" style=\"vertical-align: baseline;font-size: 1.125rem;color: #666666;line-height: 1.375rem;padding: 1.25rem 0px 1.25rem 2.5rem\" data-selenium=\"specsItemGroupTableColumnValue\">5<\/td>\n<\/tr>\n<tr class=\"pair_3sxa25I0gg\" style=\"border-bottom: 0.0625rem solid #e7e7e7\" data-selenium=\"specsItemGroupTableRow\">\n<td class=\"label_3sxa25I0gg\" style=\"width: 373.062px;padding: 1.25rem 0px;border-top: none;vertical-align: baseline;font-size: 1.125rem;color: #666666;line-height: 1.375rem\" data-selenium=\"specsItemGroupTableColumnLabel\">Modos de temporizaci\u00f3n remota<\/td>\n<td class=\"value_3sxa25I0gg\" style=\"vertical-align: baseline;font-size: 1.125rem;color: #666666;line-height: 1.375rem;padding: 1.25rem 0px 1.25rem 2.5rem\" data-selenium=\"specsItemGroupTableColumnValue\">Sincronizaci\u00f3n instant\u00e1nea<br \/>Omitir preflash<\/td>\n<\/tr>\n<\/tbody>\n<\/table>\n<\/div>\n<div class=\"group_3sxa25I0gg\" style=\"color: #4b4b4b;text-align: justify;margin-bottom: 2.1875rem;font-family: OpenSans, 'Segoe UI', Helvetica, Roboto, Arial, sans-serif;font-size: 16px;background-color: #ffffff\">\n<div class=\"name_3sxa25I0gg\" style=\"padding: 1rem 0px 0.875rem;border-bottom: 0.125rem solid #cdcdcd;font-size: 2rem;color: #769e2d;line-height: 2rem\" data-selenium=\"specsItemGroupName\"><strong><span style=\"font-size: 12pt\">Alimentaci\u00f3n<\/strong><\/span><\/div>\n<table class=\"table_3sxa25I0gg\" style=\"width: 981.75px\" data-selenium=\"specsItemGroupTable\">\n<tbody>\n<tr class=\"pair_3sxa25I0gg\" style=\"border-bottom: 0.0625rem solid #e7e7e7\" data-selenium=\"specsItemGroupTableRow\">\n<td class=\"label_3sxa25I0gg \" style=\"width: 373.062px;padding: 1.25rem 0px;border-top: none;vertical-align: baseline;font-size: 1.125rem;color: #666666;line-height: 1.375rem\" data-selenium=\"specsItemGroupTableColumnLabel\">Fuente<\/td>\n<p> de alimentaci\u00f3n interna <\/p>\n<td class=\"value_3sxa25I0gg \" style=\"vertical-align: baseline;font-size: 1.125rem;color: #666666;line-height: 1.375rem;padding: 1.25rem 0px 1.25rem 2.5rem\" data-selenium=\"specsItemGroupTableColumnValue\"><span>4 x AA (alcalino, NiMH)<\/span><\/td>\n<\/tr>\n<\/tbody>\n<\/table>\n<\/div>\n<div class=\"group_3sxa25I0gg\" style=\"color: #4b4b4b;text-align: justify;margin-bottom: 2.1875rem;font-family: OpenSans, 'Segoe UI', Helvetica, Roboto, Arial, sans-serif;font-size: 16px;background-color: #ffffff\">\n<div class=\"name_3sxa25I0gg\" style=\"padding: 1rem 0px 0.875rem;border-bottom: 0.125rem solid #cdcdcd;font-size: 2rem;color: #769e2d;line-height: 2rem\" data-selenium=\"specsItemGroupName\"><strong><span style=\"font-size: 12pt\">General<\/strong><\/span><\/div>\n<table class=\"table_3sxa25I0gg\" style=\"width: 981.75px\" data-selenium=\"specsItemGroupTable\">\n<tbody>\n<tr class=\"pair_3sxa25I0gg\" style=\"border-bottom: 0.0625rem solid #e7e7e7\" data-selenium=\"specsItemGroupTableRow\">\n<td class=\"label_3sxa25I0gg \" style=\"width: 373.062px;padding: 1.25rem 0px;border-top: none;vertical-align: baseline;font-size: 1.125rem;color: #666666;line-height: 1.375rem\" data-selenium=\"specsItemGroupTableColumnLabel\">Montura<\/td>\n<td class=\"value_3sxa25I0gg \" style=\"vertical-align: baseline;font-size: 1.125rem;color: #666666;line-height: 1.375rem;padding: 1.25rem 0px 1.25rem 2.5rem\" data-selenium=\"specsItemGroupTableColumnValue\">Zapata<\/td>\n<\/tr>\n<tr class=\"pair_3sxa25I0gg\" style=\"border-bottom: 0.0625rem solid #e7e7e7\" data-selenium=\"specsItemGroupTableRow\">\n<td class=\"label_3sxa25I0gg\" style=\"width: 373.062px;padding: 1.25rem 0px;border-top: none;vertical-align: baseline;font-size: 1.125rem;color: #666666;line-height: 1.375rem\" data-selenium=\"specsItemGroupTableColumnLabel\">Terminal fuera de c\u00e1mara<\/td>\n<td class=\"value_3sxa25I0gg\" style=\"vertical-align: baseline;font-size: 1.125rem;color: #666666;line-height: 1.375rem;padding: 1.25rem 0px 1.25rem 2.5rem\" data-selenium=\"specsItemGroupTableColumnValue\">2,5 mil\u00edmetros<\/td>\n<\/tr>\n<tr class=\"pair_3sxa25I0gg\" style=\"border-bottom: 0.0625rem solid #e7e7e7\" data-selenium=\"specsItemGroupTableRow\">\n<td class=\"label_3sxa25I0gg\" style=\"width: 373.062px;padding: 1.25rem 0px;border-top: none;vertical-align: baseline;font-size: 1.125rem;color: #666666;line-height: 1.375rem\" data-selenium=\"specsItemGroupTableColumnLabel\">Dimensiones<\/td>\n<td class=\"value_3sxa25I0gg\" style=\"vertical-align: baseline;font-size: 1.125rem;color: #666666;line-height: 1.375rem;padding: 1.25rem 0px 1.25rem 2.5rem\" data-selenium=\"specsItemGroupTableColumnValue\">64 x 76 x 190 mm<\/td>\n<\/tr>\n<tr class=\"pair_3sxa25I0gg\" style=\"border-bottom: 0.0625rem solid #e7e7e7\" data-selenium=\"specsItemGroupTableRow\">\n<td class=\"label_3sxa25I0gg\" style=\"width: 373.062px;padding: 1.25rem 0px;border-top: none;vertical-align: baseline;font-size: 1.125rem;color: #666666;line-height: 1.375rem\" data-selenium=\"specsItemGroupTableColumnLabel\">Peso<\/td>\n<td class=\"value_3sxa25I0gg\" style=\"vertical-align: baseline;font-size: 1.125rem;color: #666666;line-height: 1.375rem;padding: 1.25rem 0px 1.25rem 2.5rem\" data-selenium=\"specsItemGroupTableColumnValue\">405 g (sin pilas)<\/td>\n<\/tr>\n<\/tbody>\n<\/table>\n<\/div>\n","protected":false},"excerpt":{"rendered":"<p>Flash GODOX TT685II-N Speedlite para Nikon Funciones: Sistema de radio X inal\u00e1mbrico de 2,4 GHz incorporado Compatible con Nikon TTL<\/p>\n","protected":false},"featured_media":56693,"comment_status":"closed","ping_status":"closed","template":"","meta":{"_acf_changed":false},"product_brand":[2555],"product_cat":[1024],"product_tag":[],"class_list":{"0":"post-72641","1":"product","2":"type-product","3":"status-publish","4":"has-post-thumbnail","6":"product_brand-godox-es","7":"product_cat-ttl-es","9":"first","10":"instock","11":"taxable","12":"shipping-taxable","13":"purchasable","14":"product-type-simple"},"bundled_by":[],"bundle_stock_status":"instock","bundle_stock_quantity":1,"bundle_virtual":false,"bundle_layout":"","bundle_add_to_cart_form_location":"","bundle_editable_in_cart":false,"bundle_sold_individually_context":"","bundle_item_grouping":"","bundle_min_size":"","bundle_max_size":"","bundle_price":[],"bundled_items":[],"bundle_sell_ids":[],"acf":[],"_links":{"self":[{"href":"https:\/\/hi-techwonder.com\/es\/wp-json\/wp\/v2\/product\/72641","targetHints":{"allow":["GET"]}}],"collection":[{"href":"https:\/\/hi-techwonder.com\/es\/wp-json\/wp\/v2\/product"}],"about":[{"href":"https:\/\/hi-techwonder.com\/es\/wp-json\/wp\/v2\/types\/product"}],"replies":[{"embeddable":true,"href":"https:\/\/hi-techwonder.com\/es\/wp-json\/wp\/v2\/comments?post=72641"}],"wp:featuredmedia":[{"embeddable":true,"href":"https:\/\/hi-techwonder.com\/es\/wp-json\/wp\/v2\/media\/56693"}],"wp:attachment":[{"href":"https:\/\/hi-techwonder.com\/es\/wp-json\/wp\/v2\/media?parent=72641"}],"wp:term":[{"taxonomy":"product_brand","embeddable":true,"href":"https:\/\/hi-techwonder.com\/es\/wp-json\/wp\/v2\/product_brand?post=72641"},{"taxonomy":"product_cat","embeddable":true,"href":"https:\/\/hi-techwonder.com\/es\/wp-json\/wp\/v2\/product_cat?post=72641"},{"taxonomy":"product_tag","embeddable":true,"href":"https:\/\/hi-techwonder.com\/es\/wp-json\/wp\/v2\/product_tag?post=72641"}],"curies":[{"name":"wp","href":"https:\/\/api.w.org\/{rel}","templated":true}]}}