{"id":72643,"date":"2025-07-29T10:18:32","date_gmt":"2025-07-29T10:18:32","guid":{"rendered":"https:\/\/fv6qoy3ls0.wpdns.site\/produto\/godox-ub-010-paraguas-reflectante-84cm\/"},"modified":"2025-07-29T10:18:32","modified_gmt":"2025-07-29T10:18:32","slug":"godox-ub-010-paraguas-reflectante-84cm","status":"publish","type":"product","link":"https:\/\/hi-techwonder.com\/es\/producto\/godox-ub-010-paraguas-reflectante-84cm\/","title":{"rendered":"GODOX UB-010 Paraguas reflectante 84cm"},"content":{"rendered":"<p><span style=\"font-size: small;\"><br \/><\/span><\/p>\n<p><span style=\"font-size: small;\">La sombrilla \/ caja de luz es f\u00e1cil de transportar y una buena alternativa a una caja de luz a bajo costo.<br \/>Est\u00e1 montado en un parag\u00fcero.<br \/>La difusi\u00f3n se realiza a trav\u00e9s del tejido exterior blanco transl\u00facido.<\/p>\n<p>Adecuado para luz indirecta \/ reflejada.<\/span><\/p>\n<p><span style=\"font-size: small;\"><br \/><\/span><\/p>\n<p><font size=\"2\"><b>Funciones:<\/b><\/font><\/p>\n<p><font size=\"2\">Reflexi\u00f3n blanca y nailon negro<\/font><\/p>\n<p><font size=\"2\">Para grabar dentro o fuera del estudio<\/font><\/p>\n<p><font size=\"2\">Puede configurar r\u00e1pidamente la funda del paraguas colocando el reflector del cabezal del flash en la funda del paraguas y cerrando las aberturas de la cremallera<\/font><\/p>\n<p><font size=\"2\">Di\u00e1metro: 84cm<\/font><\/p>\n<p><font size=\"2\">F\u00e1cil de montar\/desmontar<\/font><\/p>\n<p><font size=\"2\">Compacto y f\u00e1cil de almacenar<\/font><\/p>\n<p><font size=\"2\">Montura de nailon POM, duradera y fiable<\/font><\/p>\n<p><font size=\"2\">Tela de alta calidad<\/font><\/p>\n<p><span style=\"font-size: small;\"><br \/><strong>Contenido de la caja:<\/strong><br \/>1x Paraguas reflectante \/ Softbox 84cm<\/span><\/p>\n","protected":false},"excerpt":{"rendered":"<p>La sombrilla \/ caja de luz es f\u00e1cil de transportar y una buena alternativa a una caja de luz a<\/p>\n","protected":false},"featured_media":61484,"comment_status":"closed","ping_status":"open","template":"","meta":{"_acf_changed":false},"product_brand":[2555],"product_cat":[1015],"product_tag":[],"class_list":{"0":"post-72643","1":"product","2":"type-product","3":"status-publish","4":"has-post-thumbnail","6":"product_brand-godox-es","7":"product_cat-paraguas-softbox","9":"first","10":"instock","11":"taxable","12":"shipping-taxable","13":"purchasable","14":"product-type-simple"},"bundled_by":[],"bundle_stock_status":"instock","bundle_stock_quantity":1,"bundle_virtual":false,"bundle_layout":"","bundle_add_to_cart_form_location":"","bundle_editable_in_cart":false,"bundle_sold_individually_context":"","bundle_item_grouping":"","bundle_min_size":"","bundle_max_size":"","bundle_price":[],"bundled_items":[],"bundle_sell_ids":[],"acf":[],"_links":{"self":[{"href":"https:\/\/hi-techwonder.com\/es\/wp-json\/wp\/v2\/product\/72643","targetHints":{"allow":["GET"]}}],"collection":[{"href":"https:\/\/hi-techwonder.com\/es\/wp-json\/wp\/v2\/product"}],"about":[{"href":"https:\/\/hi-techwonder.com\/es\/wp-json\/wp\/v2\/types\/product"}],"replies":[{"embeddable":true,"href":"https:\/\/hi-techwonder.com\/es\/wp-json\/wp\/v2\/comments?post=72643"}],"wp:featuredmedia":[{"embeddable":true,"href":"https:\/\/hi-techwonder.com\/es\/wp-json\/wp\/v2\/media\/61484"}],"wp:attachment":[{"href":"https:\/\/hi-techwonder.com\/es\/wp-json\/wp\/v2\/media?parent=72643"}],"wp:term":[{"taxonomy":"product_brand","embeddable":true,"href":"https:\/\/hi-techwonder.com\/es\/wp-json\/wp\/v2\/product_brand?post=72643"},{"taxonomy":"product_cat","embeddable":true,"href":"https:\/\/hi-techwonder.com\/es\/wp-json\/wp\/v2\/product_cat?post=72643"},{"taxonomy":"product_tag","embeddable":true,"href":"https:\/\/hi-techwonder.com\/es\/wp-json\/wp\/v2\/product_tag?post=72643"}],"curies":[{"name":"wp","href":"https:\/\/api.w.org\/{rel}","templated":true}]}}