{"id":72644,"date":"2025-07-28T23:42:48","date_gmt":"2025-07-28T23:42:48","guid":{"rendered":"https:\/\/fv6qoy3ls0.wpdns.site\/produto\/tripode-de-jirafa-godox-420lb-con-bolsa-de-contrapeso\/"},"modified":"2026-03-12T18:07:58","modified_gmt":"2026-03-12T18:07:58","slug":"godox-tripode-de-jirafa-godox-420lb-con-bolsa-de-contrapeso","status":"publish","type":"product","link":"https:\/\/hi-techwonder.com\/es\/producto\/godox-tripode-de-jirafa-godox-420lb-con-bolsa-de-contrapeso\/","title":{"rendered":"Tr\u00edpode de jirafa GODOX 420LB con bolsa de contrapeso"},"content":{"rendered":"<p><strong>Tr\u00edpode de jirafa GODOX 420LB con bolsa de contrapeso<\/strong><\/p>\n<p><strong>Contenido del paquete:<\/strong><\/p>\n<ul>\n<li>1 x Tr\u00edpode de estudio<\/li>\n<li>1 x Brazo<\/li>\n<li>1 x Bolsa de contrapeso<\/li>\n<\/ul>\n<p>El 420LB consta de un tr\u00edpode de estudio, un contrapeso y un brazo. Se suministra con una abrazadera de inclinaci\u00f3n, que se monta en la parte superior del tr\u00edpode de estudio. <\/p>\n<p>Ideal para luces y efectos de luz desde atr\u00e1s o desde arriba.<\/p>\n<p>El brazo es telesc\u00f3pico y est\u00e1 equipado con una tija de sill\u00edn.<\/p>\n<p><strong>Caracter\u00edsticas t\u00e9cnicas:<\/strong><\/p>\n<p><strong> <\/strong><\/p>\n<table border=\"0\" width=\"100%\" cellspacing=\"0\" cellpadding=\"2\">\n<colgroup>\n<col width=\"105*\">\n<col width=\"151*\"><\/colgroup>\n<tbody>\n<tr>\n<td width=\"41%\"> <span style=\"color: #666666\">Modelo: <\/span><\/td>\n<td width=\"59%\"> <span style=\"color: #666666\">420 LIBRAS <\/span><\/td>\n<\/tr>\n<tr>\n<td width=\"41%\"> <span style=\"color: #666666\">Altura m\u00e1xima: <\/span><\/td>\n<td width=\"59%\"> <span style=\"color: #666666\">422 cm <\/span><\/td>\n<\/tr>\n<tr>\n<td><span style=\"color: #666666\">Dimensiones cerradas:<\/span><\/td>\n<td><span style=\"color: #666666\">125 cm<\/span><\/td>\n<\/tr>\n<tr>\n<td><span style=\"color: #666666\">Di\u00e1metro de la base:<\/span><\/td>\n<td><span style=\"color: #666666\">109 cm<\/span><\/td>\n<\/tr>\n<tr>\n<td width=\"41%\"> <span style=\"color: #666666\">Rosca del tr\u00edpode: <\/span><\/td>\n<td width=\"59%\"> <span style=\"color: #666666\">1\/4&#8243; <\/span><\/td>\n<\/tr>\n<tr>\n<td width=\"41%\"> <span style=\"color: #666666\">Capacidad de carga: <\/span><\/td>\n<td width=\"59%\"> <span style=\"color: #666666\">10 kg <\/span><\/td>\n<\/tr>\n<tr>\n<td width=\"41%\"> <span style=\"color: #666666\">Peso: <\/span><\/td>\n<td width=\"59%\"><span style=\"color: #666666\">6,3 kg <\/span><\/td>\n<\/tr>\n<tr>\n<td width=\"41%\"> <span style=\"color: #666666\">Material: <\/span><\/td>\n<td width=\"59%\"> <span style=\"color: #666666\">Aluminio <\/span><\/td>\n<\/tr>\n<\/tbody>\n<\/table>\n<p> <\/p>\n","protected":false},"excerpt":{"rendered":"<p>Tr\u00edpode de jirafa GODOX 420LB con bolsa de contrapeso Contenido del paquete: 1 x Tr\u00edpode de estudio 1 x Brazo<\/p>\n","protected":false},"featured_media":26614,"comment_status":"closed","ping_status":"open","template":"","meta":{"_acf_changed":false},"product_brand":[2555],"product_cat":[969],"product_tag":[],"class_list":{"0":"post-72644","1":"product","2":"type-product","3":"status-publish","4":"has-post-thumbnail","6":"product_brand-godox-es","7":"product_cat-jirafas","9":"first","10":"instock","11":"taxable","12":"shipping-taxable","13":"purchasable","14":"product-type-simple"},"bundled_by":[],"bundle_stock_status":"instock","bundle_stock_quantity":1,"bundle_virtual":false,"bundle_layout":"","bundle_add_to_cart_form_location":"","bundle_editable_in_cart":false,"bundle_sold_individually_context":"","bundle_item_grouping":"","bundle_min_size":"","bundle_max_size":"","bundle_price":[],"bundled_items":[],"bundle_sell_ids":[],"acf":[],"_links":{"self":[{"href":"https:\/\/hi-techwonder.com\/es\/wp-json\/wp\/v2\/product\/72644","targetHints":{"allow":["GET"]}}],"collection":[{"href":"https:\/\/hi-techwonder.com\/es\/wp-json\/wp\/v2\/product"}],"about":[{"href":"https:\/\/hi-techwonder.com\/es\/wp-json\/wp\/v2\/types\/product"}],"replies":[{"embeddable":true,"href":"https:\/\/hi-techwonder.com\/es\/wp-json\/wp\/v2\/comments?post=72644"}],"wp:featuredmedia":[{"embeddable":true,"href":"https:\/\/hi-techwonder.com\/es\/wp-json\/wp\/v2\/media\/26614"}],"wp:attachment":[{"href":"https:\/\/hi-techwonder.com\/es\/wp-json\/wp\/v2\/media?parent=72644"}],"wp:term":[{"taxonomy":"product_brand","embeddable":true,"href":"https:\/\/hi-techwonder.com\/es\/wp-json\/wp\/v2\/product_brand?post=72644"},{"taxonomy":"product_cat","embeddable":true,"href":"https:\/\/hi-techwonder.com\/es\/wp-json\/wp\/v2\/product_cat?post=72644"},{"taxonomy":"product_tag","embeddable":true,"href":"https:\/\/hi-techwonder.com\/es\/wp-json\/wp\/v2\/product_tag?post=72644"}],"curies":[{"name":"wp","href":"https:\/\/api.w.org\/{rel}","templated":true}]}}