{"id":72646,"date":"2025-07-28T23:43:15","date_gmt":"2025-07-28T23:43:15","guid":{"rendered":"https:\/\/fv6qoy3ls0.wpdns.site\/produto\/tripode-de-estudio-godox-c-stand-270cs-con-brazo-270cm\/"},"modified":"2026-01-31T03:36:41","modified_gmt":"2026-01-31T03:36:41","slug":"godox-tripode-de-estudio-godox-c-stand-270cs-con-brazo-270cm","status":"publish","type":"product","link":"https:\/\/hi-techwonder.com\/es\/producto\/godox-tripode-de-estudio-godox-c-stand-270cs-con-brazo-270cm\/","title":{"rendered":"Tr\u00edpode de estudio GODOX C-Stand 270CS con brazo 270cm"},"content":{"rendered":"<p style=\"margin-bottom: 0cm\"><strong>Tr\u00edpode de estudio GODOX C-Stand 270CS con brazo 270cm<\/strong><\/p>\n<p style=\"margin-bottom: 0cm\"><strong>Contenido del paquete:<\/strong><\/p>\n<ul>\n<li>1 x Tr\u00edpode de estudio C-Stand<\/li>\n<li>1 x Brazo<\/li>\n<\/ul>\n<p style=\"margin-bottom: 0cm\">El tr\u00edpode de estudio C-Stand 270CS de Godox, es un tr\u00edpode resistente y estable. Ideal para montar flashes de estudio pesados. Tiene una capacidad de carga m\u00e1xima de hasta 10kg y una altura m\u00e1xima de 270cm  <\/p>\n<p> <\/p>\n<p><strong>Caracter\u00edsticas t\u00e9cnicas:<\/strong><\/p>\n<p><strong> <\/strong><\/p>\n<table border=\"0\" width=\"100%\" cellspacing=\"0\" cellpadding=\"2\">\n<tbody>\n<tr>\n<td width=\"41%\"><span style=\"color: #666666\">Modelo:<\/span><\/td>\n<td width=\"59%\"><span style=\"color: #666666\">270CS <\/span><\/td>\n<\/tr>\n<tr>\n<td width=\"41%\"><span style=\"color: #666666\">Altura m\u00e1xima:<\/span><\/td>\n<td width=\"59%\"><span style=\"color: #666666\">270 cm<\/span><\/td>\n<\/tr>\n<tr>\n<td width=\"41%\"><span style=\"color: #666666\">Altura m\u00ednima:<\/span><\/td>\n<td width=\"59%\"><span style=\"color: #666666\">120 cm<\/span><\/td>\n<\/tr>\n<tr>\n<td width=\"41%\"><span style=\"color: #666666\">Reunido:<\/span><\/td>\n<td width=\"59%\"><span style=\"color: #666666\">120 cm<\/span><\/td>\n<\/tr>\n<tr>\n<td width=\"41%\"><span style=\"color: #666666\">Longitud del brazo:<\/span><\/td>\n<td width=\"59%\"><span style=\"color: #666666\">127,5 cm<\/span><\/td>\n<\/tr>\n<tr>\n<td width=\"41%\"><span style=\"color: #666666\">Capacidad de carga:<\/span><\/td>\n<td width=\"59%\"><span style=\"color: #666666\">10 kg<\/span><\/td>\n<\/tr>\n<tr>\n<td width=\"41%\"><span style=\"color: #666666\">Peso:<\/span><\/td>\n<td width=\"59%\"><span style=\"color: #666666\">6,3 kg<\/span><\/td>\n<\/tr>\n<tr>\n<td width=\"41%\"><span style=\"color: #666666\">Material:<\/span><\/td>\n<td width=\"59%\"><span style=\"color: #666666\">Aluminio<\/span><\/td>\n<\/tr>\n<\/tbody>\n<\/table>\n<p> <\/p>\n","protected":false},"excerpt":{"rendered":"<p>Tr\u00edpode de estudio GODOX C-Stand 270CS con brazo 270cm Contenido del paquete: 1 x Tr\u00edpode de estudio C-Stand 1 x<\/p>\n","protected":false},"featured_media":26694,"comment_status":"closed","ping_status":"open","template":"","meta":{"_acf_changed":false},"product_brand":[2555],"product_cat":[967],"product_tag":[],"class_list":{"0":"post-72646","1":"product","2":"type-product","3":"status-publish","4":"has-post-thumbnail","6":"product_brand-godox-es","7":"product_cat-c-stands-es","9":"first","10":"instock","11":"taxable","12":"shipping-taxable","13":"purchasable","14":"product-type-simple"},"bundled_by":[],"bundle_stock_status":"instock","bundle_stock_quantity":1,"bundle_virtual":false,"bundle_layout":"","bundle_add_to_cart_form_location":"","bundle_editable_in_cart":false,"bundle_sold_individually_context":"","bundle_item_grouping":"","bundle_min_size":"","bundle_max_size":"","bundle_price":[],"bundled_items":[],"bundle_sell_ids":[],"acf":[],"_links":{"self":[{"href":"https:\/\/hi-techwonder.com\/es\/wp-json\/wp\/v2\/product\/72646","targetHints":{"allow":["GET"]}}],"collection":[{"href":"https:\/\/hi-techwonder.com\/es\/wp-json\/wp\/v2\/product"}],"about":[{"href":"https:\/\/hi-techwonder.com\/es\/wp-json\/wp\/v2\/types\/product"}],"replies":[{"embeddable":true,"href":"https:\/\/hi-techwonder.com\/es\/wp-json\/wp\/v2\/comments?post=72646"}],"wp:featuredmedia":[{"embeddable":true,"href":"https:\/\/hi-techwonder.com\/es\/wp-json\/wp\/v2\/media\/26694"}],"wp:attachment":[{"href":"https:\/\/hi-techwonder.com\/es\/wp-json\/wp\/v2\/media?parent=72646"}],"wp:term":[{"taxonomy":"product_brand","embeddable":true,"href":"https:\/\/hi-techwonder.com\/es\/wp-json\/wp\/v2\/product_brand?post=72646"},{"taxonomy":"product_cat","embeddable":true,"href":"https:\/\/hi-techwonder.com\/es\/wp-json\/wp\/v2\/product_cat?post=72646"},{"taxonomy":"product_tag","embeddable":true,"href":"https:\/\/hi-techwonder.com\/es\/wp-json\/wp\/v2\/product_tag?post=72646"}],"curies":[{"name":"wp","href":"https:\/\/api.w.org\/{rel}","templated":true}]}}