{"id":72648,"date":"2025-07-28T23:41:57","date_gmt":"2025-07-28T23:41:57","guid":{"rendered":"https:\/\/fv6qoy3ls0.wpdns.site\/produto\/tripode-de-estudio-godox-380f-110-380cm\/"},"modified":"2026-01-31T03:37:26","modified_gmt":"2026-01-31T03:37:26","slug":"godox-tripode-de-estudio-godox-380f-110-380cm","status":"publish","type":"product","link":"https:\/\/hi-techwonder.com\/es\/producto\/godox-tripode-de-estudio-godox-380f-110-380cm\/","title":{"rendered":"Tr\u00edpode de estudio GODOX 380F &#8211; 110-380cm"},"content":{"rendered":"<p>Capacidad de carga: 5Kg<\/p>\n<p>Altura m\u00ednima: 110cm<\/p>\n<p>Altura m\u00e1xima: 380cm<\/p>\n<p>Dimensi\u00f3n cerrada: 110cm<\/p>\n<p>Peso: 2Kg<\/p>\n","protected":false},"excerpt":{"rendered":"<p>Capacidad de carga: 5Kg Altura m\u00ednima: 110cm Altura m\u00e1xima: 380cm Dimensi\u00f3n cerrada: 110cm Peso: 2Kg<\/p>\n","protected":false},"featured_media":26369,"comment_status":"closed","ping_status":"open","template":"","meta":{"_acf_changed":false},"product_brand":[2555],"product_cat":[971],"product_tag":[],"class_list":{"0":"post-72648","1":"product","2":"type-product","3":"status-publish","4":"has-post-thumbnail","6":"product_brand-godox-es","7":"product_cat-pies-foco","9":"first","10":"onbackorder","11":"taxable","12":"shipping-taxable","13":"purchasable","14":"product-type-simple"},"bundled_by":[],"bundle_stock_status":"onbackorder","bundle_stock_quantity":null,"bundle_virtual":false,"bundle_layout":"","bundle_add_to_cart_form_location":"","bundle_editable_in_cart":false,"bundle_sold_individually_context":"","bundle_item_grouping":"","bundle_min_size":"","bundle_max_size":"","bundle_price":[],"bundled_items":[],"bundle_sell_ids":[],"acf":[],"_links":{"self":[{"href":"https:\/\/hi-techwonder.com\/es\/wp-json\/wp\/v2\/product\/72648","targetHints":{"allow":["GET"]}}],"collection":[{"href":"https:\/\/hi-techwonder.com\/es\/wp-json\/wp\/v2\/product"}],"about":[{"href":"https:\/\/hi-techwonder.com\/es\/wp-json\/wp\/v2\/types\/product"}],"replies":[{"embeddable":true,"href":"https:\/\/hi-techwonder.com\/es\/wp-json\/wp\/v2\/comments?post=72648"}],"wp:featuredmedia":[{"embeddable":true,"href":"https:\/\/hi-techwonder.com\/es\/wp-json\/wp\/v2\/media\/26369"}],"wp:attachment":[{"href":"https:\/\/hi-techwonder.com\/es\/wp-json\/wp\/v2\/media?parent=72648"}],"wp:term":[{"taxonomy":"product_brand","embeddable":true,"href":"https:\/\/hi-techwonder.com\/es\/wp-json\/wp\/v2\/product_brand?post=72648"},{"taxonomy":"product_cat","embeddable":true,"href":"https:\/\/hi-techwonder.com\/es\/wp-json\/wp\/v2\/product_cat?post=72648"},{"taxonomy":"product_tag","embeddable":true,"href":"https:\/\/hi-techwonder.com\/es\/wp-json\/wp\/v2\/product_tag?post=72648"}],"curies":[{"name":"wp","href":"https:\/\/api.w.org\/{rel}","templated":true}]}}