{"id":72650,"date":"2025-07-28T23:41:52","date_gmt":"2025-07-28T23:41:52","guid":{"rendered":"https:\/\/fv6qoy3ls0.wpdns.site\/produto\/tripode-de-estudio-godox-304-70-200cm\/"},"modified":"2026-04-23T11:14:02","modified_gmt":"2026-04-23T10:14:02","slug":"godox-tripode-de-estudio-godox-304-70-200cm","status":"publish","type":"product","link":"https:\/\/hi-techwonder.com\/es\/producto\/godox-tripode-de-estudio-godox-304-70-200cm\/","title":{"rendered":"Tr\u00edpode de estudio GODOX 304 &#8211; 70-200cm"},"content":{"rendered":"<p><span style=\"font-size: small\">Tiene una altura m\u00e1xima de 200cm.<\/p>\n<p>Tr\u00edpode muy robusto y estable.<\/p>\n<p><strong>Contenido de la caja:<\/strong><br \/><\/span><\/p>\n<ul>\n<li><span style=\"font-size: small\">1x Tr\u00edpode Godox 304<\/span><\/li>\n<\/ul>\n<div><span style=\"font-size: small\">&nbsp;<\/span><\/div>\n<div>\n<table style=\"border-collapse: collapse;border-spacing: 0px;color: #434343;font-size: 14px;font-style: normal;font-weight: 400;letter-spacing: normal;text-align: start;text-indent: 0px;text-transform: none;white-space: normal;background-color: #ffffff;width: 850px\" border=\"0\">\n<tbody>\n<tr style=\"border: 1px solid #b8b8b8\">\n<td style=\"border: 1px solid #b8b8b8;padding: 5px\" width=\"340\">\n<p style=\"font-style: normal;font-weight: normal;margin: 0px;padding: 6px 0px\"><span style=\"font-size: small\">Altura m\u00e1xima:<\/span><\/p>\n<\/td>\n<td style=\"border: 1px solid #b8b8b8;padding: 5px\" width=\"510\">\n<p style=\"font-style: normal;font-weight: normal;margin: 0px;padding: 6px 0px\"><span style=\"font-size: small\">200cm<\/span><\/p>\n<\/td>\n<\/tr>\n<tr style=\"border: 1px solid #b8b8b8\">\n<td style=\"border: 1px solid #b8b8b8;padding: 5px\" width=\"340\">\n<p style=\"font-style: normal;font-weight: normal;margin: 0px;padding: 6px 0px\"><span style=\"font-size: small\">Altura m\u00ednima:<\/span><\/p>\n<\/td>\n<td style=\"border: 1px solid #b8b8b8;padding: 5px\" width=\"510\">\n<p style=\"font-style: normal;font-weight: normal;margin: 0px;padding: 6px 0px\"><span style=\"font-size: small\">70cm<\/span><\/p>\n<\/td>\n<\/tr>\n<tr style=\"border: 1px solid #b8b8b8\">\n<td style=\"border: 1px solid #b8b8b8;padding: 5px\" width=\"340\">\n<p style=\"font-style: normal;font-weight: normal;margin: 0px;padding: 6px 0px\"><span style=\"font-size: small\">Di\u00e1metro m\u00e1ximo\/m\u00ednimo del tubo:<\/span><\/p>\n<\/td>\n<td style=\"border: 1px solid #b8b8b8;padding: 5px\" width=\"510\">\n<p style=\"font-style: normal;font-weight: normal;margin: 0px;padding: 6px 0px\"><span style=\"font-size: small\">25\/19 mm<\/span><\/p>\n<\/td>\n<\/tr>\n<tr style=\"border: 1px solid #b8b8b8\">\n<td style=\"border: 1px solid #b8b8b8;padding: 5px\" width=\"340\">\n<p style=\"font-style: normal;font-weight: normal;margin: 0px;padding: 6px 0px\"><span style=\"font-size: small\">Secciones:<\/span><\/p>\n<\/td>\n<td style=\"border: 1px solid #b8b8b8;padding: 5px\" width=\"510\">\n<p style=\"font-style: normal;font-weight: normal;margin: 0px;padding: 6px 0px\"><span style=\"font-size: small\">3<\/span><\/p>\n<\/td>\n<\/tr>\n<\/tbody>\n<\/table>\n<\/div>\n","protected":false},"excerpt":{"rendered":"<p>Tiene una altura m\u00e1xima de 200cm. Tr\u00edpode muy robusto y estable. Contenido de la caja: 1x Tr\u00edpode Godox 304 &nbsp;<\/p>\n","protected":false},"featured_media":26334,"comment_status":"closed","ping_status":"open","template":"","meta":{"_acf_changed":false},"product_brand":[2555],"product_cat":[971],"product_tag":[],"class_list":{"0":"post-72650","1":"product","2":"type-product","3":"status-publish","4":"has-post-thumbnail","6":"product_brand-godox-es","7":"product_cat-pies-foco","9":"first","10":"instock","11":"taxable","12":"shipping-taxable","13":"purchasable","14":"product-type-simple"},"bundled_by":[],"bundle_stock_status":"instock","bundle_stock_quantity":2,"bundle_virtual":false,"bundle_layout":"","bundle_add_to_cart_form_location":"","bundle_editable_in_cart":false,"bundle_sold_individually_context":"","bundle_item_grouping":"","bundle_min_size":"","bundle_max_size":"","bundle_price":[],"bundled_items":[],"bundle_sell_ids":[],"acf":[],"_links":{"self":[{"href":"https:\/\/hi-techwonder.com\/es\/wp-json\/wp\/v2\/product\/72650","targetHints":{"allow":["GET"]}}],"collection":[{"href":"https:\/\/hi-techwonder.com\/es\/wp-json\/wp\/v2\/product"}],"about":[{"href":"https:\/\/hi-techwonder.com\/es\/wp-json\/wp\/v2\/types\/product"}],"replies":[{"embeddable":true,"href":"https:\/\/hi-techwonder.com\/es\/wp-json\/wp\/v2\/comments?post=72650"}],"wp:featuredmedia":[{"embeddable":true,"href":"https:\/\/hi-techwonder.com\/es\/wp-json\/wp\/v2\/media\/26334"}],"wp:attachment":[{"href":"https:\/\/hi-techwonder.com\/es\/wp-json\/wp\/v2\/media?parent=72650"}],"wp:term":[{"taxonomy":"product_brand","embeddable":true,"href":"https:\/\/hi-techwonder.com\/es\/wp-json\/wp\/v2\/product_brand?post=72650"},{"taxonomy":"product_cat","embeddable":true,"href":"https:\/\/hi-techwonder.com\/es\/wp-json\/wp\/v2\/product_cat?post=72650"},{"taxonomy":"product_tag","embeddable":true,"href":"https:\/\/hi-techwonder.com\/es\/wp-json\/wp\/v2\/product_tag?post=72650"}],"curies":[{"name":"wp","href":"https:\/\/api.w.org\/{rel}","templated":true}]}}