{"id":72653,"date":"2025-07-29T00:03:38","date_gmt":"2025-07-29T00:03:38","guid":{"rendered":"https:\/\/fv6qoy3ls0.wpdns.site\/produto\/carro-godox-cb-04\/"},"modified":"2026-01-31T03:14:20","modified_gmt":"2026-01-31T03:14:20","slug":"godox-carro-godox-cb-04","status":"publish","type":"product","link":"https:\/\/hi-techwonder.com\/es\/producto\/godox-carro-godox-cb-04\/","title":{"rendered":"Carro GODOX CB-04"},"content":{"rendered":"<p>El estuche de transporte r\u00edgido <strong>CB-04<\/strong> de Godox con ruedas puede acomodar un kit de dos o tres luces con accesorios. Un dise\u00f1o similar al de las bolsas de viaje, con ruedas de pat\u00edn incorporadas y un asa superior que te permite enrollar f\u00e1cilmente la bolsa sobre superficies lisas. Para distancias cortas, las correas a cada lado de la bolsa se pueden conectar a trav\u00e9s de un asa desmontable para facilitar su manejo.  <\/p>\n<table border=\"1\" width=\"100%\" cellspacing=\"0\" cellpadding=\"4\">\n<colgroup>\n<col width=\"128*\">\n<col width=\"128*\"> <\/colgroup>\n<tbody>\n<tr valign=\"TOP\">\n<td width=\"50%\">\n<p><strong>Dimensiones<\/strong><\/p>\n<\/td>\n<td width=\"50%\">\n<p>Exteriores: 78 x 24 x 24 cm<\/p>\n<p>Interiores: 74 x 25 x 24 cm<\/p>\n<\/td>\n<\/tr>\n<tr valign=\"TOP\">\n<td width=\"50%\">\n<p><strong>Tipo de cierre<\/strong><\/p>\n<\/td>\n<td width=\"50%\">\n<p>Cremallera<\/p>\n<\/td>\n<\/tr>\n<\/tbody>\n<\/table>\n","protected":false},"excerpt":{"rendered":"<p>El estuche de transporte r\u00edgido CB-04 de Godox con ruedas puede acomodar un kit de dos o tres luces con<\/p>\n","protected":false},"featured_media":32745,"comment_status":"closed","ping_status":"open","template":"","meta":{"_acf_changed":false},"product_brand":[2555],"product_cat":[911],"product_tag":[],"class_list":{"0":"post-72653","1":"product","2":"type-product","3":"status-publish","4":"has-post-thumbnail","6":"product_brand-godox-es","7":"product_cat-para-estudio-es","9":"first","10":"onbackorder","11":"taxable","12":"shipping-taxable","13":"purchasable","14":"product-type-simple"},"bundled_by":[],"bundle_stock_status":"onbackorder","bundle_stock_quantity":null,"bundle_virtual":false,"bundle_layout":"","bundle_add_to_cart_form_location":"","bundle_editable_in_cart":false,"bundle_sold_individually_context":"","bundle_item_grouping":"","bundle_min_size":"","bundle_max_size":"","bundle_price":[],"bundled_items":[],"bundle_sell_ids":[],"acf":[],"_links":{"self":[{"href":"https:\/\/hi-techwonder.com\/es\/wp-json\/wp\/v2\/product\/72653","targetHints":{"allow":["GET"]}}],"collection":[{"href":"https:\/\/hi-techwonder.com\/es\/wp-json\/wp\/v2\/product"}],"about":[{"href":"https:\/\/hi-techwonder.com\/es\/wp-json\/wp\/v2\/types\/product"}],"replies":[{"embeddable":true,"href":"https:\/\/hi-techwonder.com\/es\/wp-json\/wp\/v2\/comments?post=72653"}],"wp:featuredmedia":[{"embeddable":true,"href":"https:\/\/hi-techwonder.com\/es\/wp-json\/wp\/v2\/media\/32745"}],"wp:attachment":[{"href":"https:\/\/hi-techwonder.com\/es\/wp-json\/wp\/v2\/media?parent=72653"}],"wp:term":[{"taxonomy":"product_brand","embeddable":true,"href":"https:\/\/hi-techwonder.com\/es\/wp-json\/wp\/v2\/product_brand?post=72653"},{"taxonomy":"product_cat","embeddable":true,"href":"https:\/\/hi-techwonder.com\/es\/wp-json\/wp\/v2\/product_cat?post=72653"},{"taxonomy":"product_tag","embeddable":true,"href":"https:\/\/hi-techwonder.com\/es\/wp-json\/wp\/v2\/product_tag?post=72653"}],"curies":[{"name":"wp","href":"https:\/\/api.w.org\/{rel}","templated":true}]}}