{"id":72654,"date":"2025-07-28T23:41:52","date_gmt":"2025-07-28T23:41:52","guid":{"rendered":"https:\/\/fv6qoy3ls0.wpdns.site\/produto\/tripode-de-estudio-godox-300f-300cm\/"},"modified":"2026-04-15T18:16:27","modified_gmt":"2026-04-15T17:16:27","slug":"godox-tripode-de-estudio-godox-300f-300cm","status":"publish","type":"product","link":"https:\/\/hi-techwonder.com\/es\/producto\/godox-tripode-de-estudio-godox-300f-300cm\/","title":{"rendered":"Tr\u00edpode de estudio GODOX 300F &#8211; 300cm"},"content":{"rendered":"<p class=\"western\">Soporte de luz Godox 300F<\/p>\n<p class=\"western\">El soporte de luz Godox 300F es un tr\u00edpode de l\u00e1mpara de aluminio ligero con una altura ajustable de 86 a 300 cent\u00edmetros y una capacidad de carga de 3 kilogramos. Gracias a sus grandes perillas, el ajuste de los segmentos es r\u00e1pido y sencillo. La tija de sill\u00edn de 5\/8&#8243; tiene una rosca macho de 1\/4&#8243;-20.  <\/p>\n<p class=\"western\"><\/p>\n<p class=\"western\">Funciones<\/p>\n<p class=\"western\">Portal\u00e1mparas de aluminio ligero<\/p>\n<p class=\"western\">Las perillas grandes hacen que el ajuste sea r\u00e1pido y f\u00e1cil<\/p>\n<p class=\"western\">Tija de sill\u00edn de 5\/8&#8243; con rosca macho de 1\/4&#8243;-20<\/p>\n<p class=\"western\">Construcci\u00f3n robusta y duradera<\/p>\n<p class=\"western\">Sin amortiguaci\u00f3n<\/p>\n<p class=\"western\">Garant\u00eda de 2 a\u00f1os<\/p>\n<p class=\"western\">En la caja<\/p>\n<p class=\"western\">Soporte de luz Godox 300F<\/p>\n<p class=\"western\"><\/p>\n<p class=\"western\">Traducido con la versi\u00f3n gratuita del traductor &#8211; DeepL.com<\/p>\n<p class=\"western\"><\/p>\n<p><\/p>\n","protected":false},"excerpt":{"rendered":"<p>Soporte de luz Godox 300F El soporte de luz Godox 300F es un tr\u00edpode de l\u00e1mpara de aluminio ligero con<\/p>\n","protected":false},"featured_media":26343,"comment_status":"closed","ping_status":"open","template":"","meta":{"_acf_changed":false},"product_brand":[2555],"product_cat":[971],"product_tag":[],"class_list":{"0":"post-72654","1":"product","2":"type-product","3":"status-publish","4":"has-post-thumbnail","6":"product_brand-godox-es","7":"product_cat-pies-foco","9":"first","10":"instock","11":"taxable","12":"shipping-taxable","13":"purchasable","14":"product-type-simple"},"bundled_by":[],"bundle_stock_status":"instock","bundle_stock_quantity":1,"bundle_virtual":false,"bundle_layout":"","bundle_add_to_cart_form_location":"","bundle_editable_in_cart":false,"bundle_sold_individually_context":"","bundle_item_grouping":"","bundle_min_size":"","bundle_max_size":"","bundle_price":[],"bundled_items":[],"bundle_sell_ids":[],"acf":[],"_links":{"self":[{"href":"https:\/\/hi-techwonder.com\/es\/wp-json\/wp\/v2\/product\/72654","targetHints":{"allow":["GET"]}}],"collection":[{"href":"https:\/\/hi-techwonder.com\/es\/wp-json\/wp\/v2\/product"}],"about":[{"href":"https:\/\/hi-techwonder.com\/es\/wp-json\/wp\/v2\/types\/product"}],"replies":[{"embeddable":true,"href":"https:\/\/hi-techwonder.com\/es\/wp-json\/wp\/v2\/comments?post=72654"}],"wp:featuredmedia":[{"embeddable":true,"href":"https:\/\/hi-techwonder.com\/es\/wp-json\/wp\/v2\/media\/26343"}],"wp:attachment":[{"href":"https:\/\/hi-techwonder.com\/es\/wp-json\/wp\/v2\/media?parent=72654"}],"wp:term":[{"taxonomy":"product_brand","embeddable":true,"href":"https:\/\/hi-techwonder.com\/es\/wp-json\/wp\/v2\/product_brand?post=72654"},{"taxonomy":"product_cat","embeddable":true,"href":"https:\/\/hi-techwonder.com\/es\/wp-json\/wp\/v2\/product_cat?post=72654"},{"taxonomy":"product_tag","embeddable":true,"href":"https:\/\/hi-techwonder.com\/es\/wp-json\/wp\/v2\/product_tag?post=72654"}],"curies":[{"name":"wp","href":"https:\/\/api.w.org\/{rel}","templated":true}]}}