{"id":72658,"date":"2025-07-28T23:41:52","date_gmt":"2025-07-28T23:41:52","guid":{"rendered":"https:\/\/fv6qoy3ls0.wpdns.site\/produto\/tripode-de-estudio-godox-210f-51-213cm\/"},"modified":"2026-01-31T03:37:39","modified_gmt":"2026-01-31T03:37:39","slug":"godox-tripode-de-estudio-godox-210f-51-213cm","status":"publish","type":"product","link":"https:\/\/hi-techwonder.com\/es\/producto\/godox-tripode-de-estudio-godox-210f-51-213cm\/","title":{"rendered":"Tr\u00edpode de estudio GODOX 210F &#8211; 51-213cm"},"content":{"rendered":"<p><strong>Tr\u00edpode de estudio GODOX 210F &#8211; 51-210cm<\/strong><\/p>\n<p><strong>Contenido del paquete:<\/strong><\/p>\n<ul>\n<li>Tr\u00edpode de estudio<\/li>\n<\/ul>\n<p>Tr\u00edpode de estudio compacto con patas plegables reversibles. Puede alcanzar los 213 cm de altura y puede soportar una carga m\u00e1xima de 2 kg. <\/p>\n<p><strong>Caracter\u00edsticas t\u00e9cnicas:<\/strong><\/p>\n<table border=\"0\" width=\"100%\" cellspacing=\"0\" cellpadding=\"2\">\n<tbody>\n<tr>\n<td width=\"41%\"><span style=\"color: #666666\">Modelo:<\/span><\/td>\n<td width=\"59%\"><span style=\"color: #666666\">Piso 210<\/span><\/td>\n<\/tr>\n<tr>\n<td width=\"41%\"><span style=\"color: #666666\">Altura m\u00e1xima:<\/span><\/td>\n<td width=\"59%\"><span style=\"color: #666666\">210 cm<\/span><\/td>\n<\/tr>\n<tr>\n<td width=\"41%\"><span style=\"color: #666666\">Altura m\u00ednima:<\/span><\/td>\n<td width=\"59%\"><span style=\"color: #666666\">51 cm<\/span><\/td>\n<\/tr>\n<tr>\n<td width=\"41%\"><span style=\"color: #666666\">Reunido:<\/span><\/td>\n<td width=\"59%\"><span style=\"color: #666666\">51 cm<\/span><\/td>\n<\/tr>\n<tr>\n<td width=\"41%\"><span style=\"color: #666666\">Di\u00e1metro de la columna:<\/span><\/td>\n<td width=\"59%\"><span style=\"color: #666666\">2,91 cm \/ 1,6 cm<\/span><\/td>\n<\/tr>\n<tr>\n<td width=\"41%\"><span style=\"color: #666666\">Rosca:<\/span><\/td>\n<td width=\"59%\"><span style=\"color: #666666\">1\/4&#8243;<\/span><\/td>\n<\/tr>\n<tr>\n<td width=\"41%\"><span style=\"color: #666666\">Capacidad de carga:<\/span><\/td>\n<td width=\"59%\"><span style=\"color: #666666\">2 kg<\/span><\/td>\n<\/tr>\n<tr>\n<td width=\"41%\"><span style=\"color: #666666\">Peso:<\/span><\/td>\n<td width=\"59%\"><span style=\"color: #666666\">1,4 kg<\/span><\/td>\n<\/tr>\n<tr>\n<td width=\"41%\"><span style=\"color: #666666\">Material:<\/span><\/td>\n<td width=\"59%\"><span style=\"color: #666666\">Aluminio<\/span><\/td>\n<\/tr>\n<\/tbody>\n<\/table>\n<p> <\/p>\n","protected":false},"excerpt":{"rendered":"<p>Tr\u00edpode de estudio GODOX 210F &#8211; 51-210cm Contenido del paquete: Tr\u00edpode de estudio Tr\u00edpode de estudio compacto con patas plegables<\/p>\n","protected":false},"featured_media":26346,"comment_status":"closed","ping_status":"open","template":"","meta":{"_acf_changed":false},"product_brand":[2555],"product_cat":[971],"product_tag":[],"class_list":{"0":"post-72658","1":"product","2":"type-product","3":"status-publish","4":"has-post-thumbnail","6":"product_brand-godox-es","7":"product_cat-pies-foco","9":"first","10":"instock","11":"taxable","12":"shipping-taxable","13":"purchasable","14":"product-type-simple"},"bundled_by":[],"bundle_stock_status":"instock","bundle_stock_quantity":1,"bundle_virtual":false,"bundle_layout":"","bundle_add_to_cart_form_location":"","bundle_editable_in_cart":false,"bundle_sold_individually_context":"","bundle_item_grouping":"","bundle_min_size":"","bundle_max_size":"","bundle_price":[],"bundled_items":[],"bundle_sell_ids":[],"acf":[],"_links":{"self":[{"href":"https:\/\/hi-techwonder.com\/es\/wp-json\/wp\/v2\/product\/72658","targetHints":{"allow":["GET"]}}],"collection":[{"href":"https:\/\/hi-techwonder.com\/es\/wp-json\/wp\/v2\/product"}],"about":[{"href":"https:\/\/hi-techwonder.com\/es\/wp-json\/wp\/v2\/types\/product"}],"replies":[{"embeddable":true,"href":"https:\/\/hi-techwonder.com\/es\/wp-json\/wp\/v2\/comments?post=72658"}],"wp:featuredmedia":[{"embeddable":true,"href":"https:\/\/hi-techwonder.com\/es\/wp-json\/wp\/v2\/media\/26346"}],"wp:attachment":[{"href":"https:\/\/hi-techwonder.com\/es\/wp-json\/wp\/v2\/media?parent=72658"}],"wp:term":[{"taxonomy":"product_brand","embeddable":true,"href":"https:\/\/hi-techwonder.com\/es\/wp-json\/wp\/v2\/product_brand?post=72658"},{"taxonomy":"product_cat","embeddable":true,"href":"https:\/\/hi-techwonder.com\/es\/wp-json\/wp\/v2\/product_cat?post=72658"},{"taxonomy":"product_tag","embeddable":true,"href":"https:\/\/hi-techwonder.com\/es\/wp-json\/wp\/v2\/product_tag?post=72658"}],"curies":[{"name":"wp","href":"https:\/\/api.w.org\/{rel}","templated":true}]}}