{"id":72663,"date":"2025-07-29T09:56:31","date_gmt":"2025-07-29T09:56:31","guid":{"rendered":"https:\/\/fv6qoy3ls0.wpdns.site\/produto\/transmisor-godox-x2t-f-para-fujifilm\/"},"modified":"2026-01-31T01:54:35","modified_gmt":"2026-01-31T01:54:35","slug":"godox-transmisor-godox-x2t-f-para-fujifilm","status":"publish","type":"product","link":"https:\/\/hi-techwonder.com\/es\/producto\/godox-transmisor-godox-x2t-f-para-fujifilm\/","title":{"rendered":"Transmisor GODOX X2T-F para Fujifilm"},"content":{"rendered":"<p>El transmisor Godox X2 es compatible con flashes Godox y flashes de estudio con un sistema de radio inal\u00e1mbrico Godox X incorporado (receptores Godox).<\/p>\n<p>El X2 ofrece una transferencia de se\u00f1al en tiempo real estable, confiable y efectiva, lo que lo convierte en una buena opci\u00f3n para fot\u00f3grafos con diferentes necesidades de iluminaci\u00f3n.<\/p>\n<p>El transmisor est\u00e1 equipado con una pantalla LCD clara con iluminaci\u00f3n.<\/p>\n<p>Cuenta con cinco botones de ajuste de grupo y tres teclas de funci\u00f3n con las que podr\u00e1s configurar la toma r\u00e1pidamente.<\/p>\n<p>El Godox X2 est\u00e1 bloqueado en la rec\u00e1mara con la zapata de bloqueo r\u00e1pido.<\/p>\n<p>A trav\u00e9s de Bluetooth, conecte su tel\u00e9fono inteligente o tableta iOS o Android con el Godox X2 para controlar el modo de flash, la potencia del flash, el modo de l\u00e1mpara de modelado y el pitido de las unidades de flash Godox, etc., despu\u00e9s de descargar la aplicaci\u00f3n gratuita GodoxPhoto.<\/p>\n<p>Tiene 5 grupos, 32 canales y acceso a 99 configuraciones de identificaci\u00f3n inal\u00e1mbrica para limitar la interferencia con otros sistemas cercanos.<\/p>\n<p>El disparo tambi\u00e9n es posible a trav\u00e9s del puerto de sincronizaci\u00f3n de PC de 3,5 mm.<\/p>\n<p>X2 admite flash autom\u00e1tico TTL, sincronizaci\u00f3n de alta velocidad hasta 1\/8000s, modo manual, compensaci\u00f3n de exposici\u00f3n con flash, ajuste de par\u00e1metros de exposici\u00f3n a trav\u00e9s de la aplicaci\u00f3n m\u00f3vil, configuraci\u00f3n de escaneo, configuraci\u00f3n de disparo \u00fanico y disparo m\u00faltiple, control de l\u00e1mpara de modelado, ajuste de potencia del flash de todos los grupos al mismo tiempo, etc.<\/p>\n<p>La funci\u00f3n de configuraci\u00f3n reci\u00e9n agregada ayuda a detectar autom\u00e1ticamente el canal con menos interferencias.<\/p>\n<p><iframe loading=\"lazy\" src=\"\/\/www.youtube.com\/embed\/M1yOtzOu5R4?feature=emb_title\" width=\"560\" height=\"314\" allowfullscreen=\"allowfullscreen\"><\/iframe><\/p>\n<p><strong>Caracter\u00edsticas principales:<\/strong><\/p>\n<ul>\n<li>Transmisor inal\u00e1mbrico para flash<\/li>\n<li>Frecuencia: 2,4 GHz, 32 canales<\/li>\n<li>Alcance inal\u00e1mbrico: 100 m<\/li>\n<li>Sincronizaci\u00f3n de alta velocidad de hasta 1\/8000 segundos<\/li>\n<\/ul>\n<p>El disparador de flash inal\u00e1mbrico Godox X2 TTL de 2,4 GHz est\u00e1 dedicado al sistema TTL de Fujifilm y funciona en una frecuencia de 2,4 GHz. El disparador de flash inal\u00e1mbrico puede disparar un solo flash o varias unidades de flash dedicadas dentro de 5 grupos, 32 canales y 99 configuraciones de ID para evitar interferencias de otros sistemas cercanos. Para mayor comodidad, la funci\u00f3n de configuraci\u00f3n de escaneo integrada puede ayudarlo a ubicar autom\u00e1ticamente un canal de identificaci\u00f3n con la menor interferencia. Tambi\u00e9n puede operar las unidades de flash dentro de un alcance inal\u00e1mbrico de hasta 100 m.   <\/p>\n<p>Todos los ajustes se ven f\u00e1cilmente en la gran pantalla LCD del gatillo, que se puede retroiluminar junto con los botones de grupo y funci\u00f3n. Un puerto USB tipo C se encuentra en el costado del disparador inal\u00e1mbrico para descargar actualizaciones de firmware, al igual que una toma de sincronizaci\u00f3n de 3,5 mm para conectar flashes que no sean TTL o para disparar c\u00e1maras a trav\u00e9s de un cable de c\u00e1mara remoto. La aplicaci\u00f3n descargable GodoxPhoto es compatible con tel\u00e9fonos inteligentes o tabletas iPhone o Android mientras opera los gatillos a trav\u00e9s de Bluetooth. La aplicaci\u00f3n puede controlar las mismas funciones que el disparador inal\u00e1mbrico, como el modo de flash, la potencia de salida, la luz de modelado, la sincronizaci\u00f3n de alta velocidad y el pitido audible de los flashes Godox.   <\/p>\n<ul>\n<li>El disparador inal\u00e1mbrico, que funciona en una frecuencia de 2,4 GHz, puede disparar m\u00faltiples unidades de flash dentro de 32 canales y 99 configuraciones de identificaci\u00f3n, por lo que no hay interferencias de los sistemas cercanos.<\/li>\n<li>Puede controlar las funciones del flash, como el modo de flash, la potencia de salida, la luz de modelado, la sincronizaci\u00f3n de alta velocidad de 1\/8000 segundos y el pitido audible de los flashes Godox mientras opera las unidades de flash dentro de un rango inal\u00e1mbrico de hasta 100 m.<\/li>\n<li>La funci\u00f3n de configuraci\u00f3n de escaneo integrada puede ayudarlo a ubicar autom\u00e1ticamente un canal de identificaci\u00f3n con la menor interferencia.<\/li>\n<li>Todos los ajustes se ven f\u00e1cilmente en la gran pantalla LCD del gatillo, que se puede retroiluminar junto con los botones de grupo y funci\u00f3n.<\/li>\n<li>Un puerto USB tipo C se encuentra en el costado del disparador inal\u00e1mbrico para descargar actualizaciones de firmware, al igual que una toma de sincronizaci\u00f3n de 3,5 mm para conectar flashes que no sean TTL o para disparar c\u00e1maras a trav\u00e9s de un cable de c\u00e1mara remoto.<\/li>\n<li>La aplicaci\u00f3n descargable GodoxPhoto es compatible con tel\u00e9fonos inteligentes o tabletas iPhone o Android mientras opera los gatillos a trav\u00e9s de Bluetooth.<\/li>\n<li>El bloqueo r\u00e1pido de la zapata garantiza que el gatillo inal\u00e1mbrico permanezca seguro en la zapata de la c\u00e1mara.<\/li>\n<\/ul>\n<h2 class=\"title_1tNQ83iPOOgJ6m5fVkxmSw\" style=\"margin: 0px;padding: 2.8125rem 0px;text-transform: capitalize;font-size: 2.125rem;font-weight: 400;color: #333333;line-height: 3.1875rem;font-family: OpenSans, 'Segoe UI', Helvetica, Roboto, Arial, sans-serif;background-color: #ffffff\" data-selenium=\"specsItemTitle\"><strong><span style=\"font-size: 12pt\">Especificaciones de Godox X2<\/strong><\/span><\/h2>\n<div class=\"group_K7YrQottgVsRZ4B6zAaGG\" style=\"margin-bottom: 2.1875rem;font-family: OpenSans, 'Segoe UI', Helvetica, Roboto, Arial, sans-serif;font-size: 16px;background-color: #ffffff\">\n<div class=\"name_3mapjiENorVzh8SvFyXVPc firstGroupInItem_k8WqCFToyTsIW3AYbSuui\" style=\"padding: 0px 0px 0.875rem;border-bottom: 0.125rem solid #cdcdcd;font-size: 2rem;color: #769e2d;line-height: 2rem\" data-selenium=\"specsItemGroupName\">Inal\u00e1mbrico<\/div>\n<table class=\"table_o418fscimQZEg1oshu4aX\" style=\"width: 726.667px\" data-selenium=\"specsItemGroupTable\">\n<tbody>\n<tr class=\"pair_3u9fnESIQrtuEu6ye_zM4k\" style=\"border-bottom: 0.0625rem solid #e7e7e7\" data-selenium=\"specsItemGroupTableRow\">\n<td class=\"label_3bLwbW8ibvYc5tUwpKVQsL \" style=\"width: 275.556px;padding: 1.25rem 0px;border-top: none;vertical-align: baseline;font-size: 1.125rem;color: #666666;line-height: 1.375rem\" data-selenium=\"specsItemGroupTableColumnLabel\">Canales<\/td>\n<td class=\"value_11Av1yGkVYn9TX48mQeu9v \" style=\"padding: 1.25rem 0px 1.25rem 2.5rem;vertical-align: baseline;font-size: 1.125rem;color: #666666;line-height: 1.375rem\" data-selenium=\"specsItemGroupTableColumnValue\">32<\/td>\n<\/tr>\n<tr class=\"pair_3u9fnESIQrtuEu6ye_zM4k\" style=\"border-bottom: 0.0625rem solid #e7e7e7\" data-selenium=\"specsItemGroupTableRow\">\n<td class=\"label_3bLwbW8ibvYc5tUwpKVQsL\" style=\"width: 275.556px;padding: 1.25rem 0px;border-top: none;vertical-align: baseline;font-size: 1.125rem;color: #666666;line-height: 1.375rem\" data-selenium=\"specsItemGroupTableColumnLabel\">Grupos<\/td>\n<td class=\"value_11Av1yGkVYn9TX48mQeu9v\" style=\"padding: 1.25rem 0px 1.25rem 2.5rem;vertical-align: baseline;font-size: 1.125rem;color: #666666;line-height: 1.375rem\" data-selenium=\"specsItemGroupTableColumnValue\">5 (A, B, C, D, E)<\/td>\n<\/tr>\n<tr class=\"pair_3u9fnESIQrtuEu6ye_zM4k\" style=\"border-bottom: 0.0625rem solid #e7e7e7\" data-selenium=\"specsItemGroupTableRow\">\n<td class=\"label_3bLwbW8ibvYc5tUwpKVQsL\" style=\"width: 275.556px;padding: 1.25rem 0px;border-top: none;vertical-align: baseline;font-size: 1.125rem;color: #666666;line-height: 1.375rem\" data-selenium=\"specsItemGroupTableColumnLabel\">Alcance<\/td>\n<p> inal\u00e1mbrico<\/p>\n<td class=\"value_11Av1yGkVYn9TX48mQeu9v\" style=\"padding: 1.25rem 0px 1.25rem 2.5rem;vertical-align: baseline;font-size: 1.125rem;color: #666666;line-height: 1.375rem\" data-selenium=\"specsItemGroupTableColumnValue\">100 m<\/td>\n<\/tr>\n<tr class=\"pair_3u9fnESIQrtuEu6ye_zM4k\" style=\"border-bottom: 0.0625rem solid #e7e7e7\" data-selenium=\"specsItemGroupTableRow\">\n<td class=\"label_3bLwbW8ibvYc5tUwpKVQsL\" style=\"width: 275.556px;padding: 1.25rem 0px;border-top: none;vertical-align: baseline;font-size: 1.125rem;color: #666666;line-height: 1.375rem\" data-selenium=\"specsItemGroupTableColumnLabel\">Radiofrecuencia<\/td>\n<td class=\"value_11Av1yGkVYn9TX48mQeu9v\" style=\"padding: 1.25rem 0px 1.25rem 2.5rem;vertical-align: baseline;font-size: 1.125rem;color: #666666;line-height: 1.375rem\" data-selenium=\"specsItemGroupTableColumnValue\">2,4 GHz<\/td>\n<\/tr>\n<\/tbody>\n<\/table>\n<\/div>\n<div class=\"group_K7YrQottgVsRZ4B6zAaGG\" style=\"margin-bottom: 2.1875rem;font-family: OpenSans, 'Segoe UI', Helvetica, Roboto, Arial, sans-serif;font-size: 16px;background-color: #ffffff\">\n<div class=\"name_3mapjiENorVzh8SvFyXVPc\" style=\"padding: 1rem 0px 0.875rem;border-bottom: 0.125rem solid #cdcdcd;font-size: 2rem;color: #769e2d;line-height: 2rem\" data-selenium=\"specsItemGroupName\">General<\/div>\n<table class=\"table_o418fscimQZEg1oshu4aX\" style=\"width: 726.667px\" data-selenium=\"specsItemGroupTable\">\n<tbody>\n<tr class=\"pair_3u9fnESIQrtuEu6ye_zM4k\" style=\"border-bottom: 0.0625rem solid #e7e7e7\" data-selenium=\"specsItemGroupTableRow\">\n<td class=\"label_3bLwbW8ibvYc5tUwpKVQsL \" style=\"width: 275.556px;padding: 1.25rem 0px;border-top: none;vertical-align: baseline;font-size: 1.125rem;color: #666666;line-height: 1.375rem\" data-selenium=\"specsItemGroupTableColumnLabel\">Modos<\/td>\n<p> de control<\/p>\n<td class=\"value_11Av1yGkVYn9TX48mQeu9v \" style=\"padding: 1.25rem 0px 1.25rem 2.5rem;vertical-align: baseline;font-size: 1.125rem;color: #666666;line-height: 1.375rem\" data-selenium=\"specsItemGroupTableColumnValue\">Autom\u00e1tico, Grupo, Manual, Multi, TTL<\/td>\n<\/tr>\n<tr class=\"pair_3u9fnESIQrtuEu6ye_zM4k\" style=\"border-bottom: 0.0625rem solid #e7e7e7\" data-selenium=\"specsItemGroupTableRow\">\n<td class=\"label_3bLwbW8ibvYc5tUwpKVQsL\" style=\"width: 275.556px;padding: 1.25rem 0px;border-top: none;vertical-align: baseline;font-size: 1.125rem;color: #666666;line-height: 1.375rem\" data-selenium=\"specsItemGroupTableColumnLabel\">Velocidad de sincronizaci\u00f3n<\/td>\n<td class=\"value_11Av1yGkVYn9TX48mQeu9v\" style=\"padding: 1.25rem 0px 1.25rem 2.5rem;vertical-align: baseline;font-size: 1.125rem;color: #666666;line-height: 1.375rem\" data-selenium=\"specsItemGroupTableColumnValue\">1\/256 s (normal)<br \/>1\/8000 segundos (alta velocidad)<\/td>\n<\/tr>\n<\/tbody>\n<\/table>\n<\/div>\n<div class=\"group_K7YrQottgVsRZ4B6zAaGG\" style=\"margin-bottom: 2.1875rem;font-family: OpenSans, 'Segoe UI', Helvetica, Roboto, Arial, sans-serif;font-size: 16px;background-color: #ffffff\">\n<div class=\"name_3mapjiENorVzh8SvFyXVPc\" style=\"padding: 1rem 0px 0.875rem;border-bottom: 0.125rem solid #cdcdcd;font-size: 2rem;color: #769e2d;line-height: 2rem\" data-selenium=\"specsItemGroupName\">Conectividad<\/div>\n<table class=\"table_o418fscimQZEg1oshu4aX\" style=\"width: 726.667px\" data-selenium=\"specsItemGroupTable\">\n<tbody>\n<tr class=\"pair_3u9fnESIQrtuEu6ye_zM4k\" style=\"border-bottom: 0.0625rem solid #e7e7e7\" data-selenium=\"specsItemGroupTableRow\">\n<td class=\"label_3bLwbW8ibvYc5tUwpKVQsL \" style=\"width: 275.556px;padding: 1.25rem 0px;border-top: none;vertical-align: baseline;font-size: 1.125rem;color: #666666;line-height: 1.375rem\" data-selenium=\"specsItemGroupTableColumnLabel\">Puertos<\/td>\n<td class=\"value_11Av1yGkVYn9TX48mQeu9v \" style=\"padding: 1.25rem 0px 1.25rem 2.5rem;vertical-align: baseline;font-size: 1.125rem;color: #666666;line-height: 1.375rem\" data-selenium=\"specsItemGroupTableColumnValue\"><span style=\"font-weight: bolder\">1 x USB tipo C (datos)<br \/>1 x 3,5 mm (flash)<\/span><\/td>\n<\/tr>\n<\/tbody>\n<\/table>\n<\/div>\n<div class=\"group_K7YrQottgVsRZ4B6zAaGG\" style=\"margin-bottom: 2.1875rem;font-family: OpenSans, 'Segoe UI', Helvetica, Roboto, Arial, sans-serif;font-size: 16px;background-color: #ffffff\">\n<div class=\"name_3mapjiENorVzh8SvFyXVPc\" style=\"padding: 1rem 0px 0.875rem;border-bottom: 0.125rem solid #cdcdcd;font-size: 2rem;color: #769e2d;line-height: 2rem\" data-selenium=\"specsItemGroupName\">Montura<\/div>\n<table class=\"table_o418fscimQZEg1oshu4aX\" style=\"width: 726.667px\" data-selenium=\"specsItemGroupTable\">\n<tbody>\n<tr class=\"pair_3u9fnESIQrtuEu6ye_zM4k\" style=\"border-bottom: 0.0625rem solid #e7e7e7\" data-selenium=\"specsItemGroupTableRow\">\n<td class=\"label_3bLwbW8ibvYc5tUwpKVQsL \" style=\"width: 275.556px;padding: 1.25rem 0px;border-top: none;vertical-align: baseline;font-size: 1.125rem;color: #666666;line-height: 1.375rem\" data-selenium=\"specsItemGroupTableColumnLabel\">Montaje<\/td>\n<p> inferior<\/p>\n<td class=\"value_11Av1yGkVYn9TX48mQeu9v \" style=\"padding: 1.25rem 0px 1.25rem 2.5rem;vertical-align: baseline;font-size: 1.125rem;color: #666666;line-height: 1.375rem\" data-selenium=\"specsItemGroupTableColumnValue\">Pie caliente (bloqueo)<\/td>\n<\/tr>\n<tr class=\"pair_3u9fnESIQrtuEu6ye_zM4k\" style=\"border-bottom: 0.0625rem solid #e7e7e7\" data-selenium=\"specsItemGroupTableRow\">\n<td class=\"label_3bLwbW8ibvYc5tUwpKVQsL\" style=\"width: 275.556px;padding: 1.25rem 0px;border-top: none;vertical-align: baseline;font-size: 1.125rem;color: #666666;line-height: 1.375rem\" data-selenium=\"specsItemGroupTableColumnLabel\">Montaje<\/td>\n<p> superior<\/p>\n<td class=\"value_11Av1yGkVYn9TX48mQeu9v\" style=\"padding: 1.25rem 0px 1.25rem 2.5rem;vertical-align: baseline;font-size: 1.125rem;color: #666666;line-height: 1.375rem\" data-selenium=\"specsItemGroupTableColumnValue\">Zapata<\/td>\n<\/tr>\n<\/tbody>\n<\/table>\n<\/div>\n<div class=\"group_K7YrQottgVsRZ4B6zAaGG\" style=\"margin-bottom: 2.1875rem;font-family: OpenSans, 'Segoe UI', Helvetica, Roboto, Arial, sans-serif;font-size: 16px;background-color: #ffffff\">\n<div class=\"name_3mapjiENorVzh8SvFyXVPc\" style=\"padding: 1rem 0px 0.875rem;border-bottom: 0.125rem solid #cdcdcd;font-size: 2rem;color: #769e2d;line-height: 2rem\" data-selenium=\"specsItemGroupName\">El\u00e9ctrico<\/div>\n<table class=\"table_o418fscimQZEg1oshu4aX\" style=\"width: 726.667px\" data-selenium=\"specsItemGroupTable\">\n<tbody>\n<tr class=\"pair_3u9fnESIQrtuEu6ye_zM4k\" style=\"border-bottom: 0.0625rem solid #e7e7e7\" data-selenium=\"specsItemGroupTableRow\">\n<td class=\"label_3bLwbW8ibvYc5tUwpKVQsL \" style=\"width: 275.556px;padding: 1.25rem 0px;border-top: none;vertical-align: baseline;font-size: 1.125rem;color: #666666;line-height: 1.375rem\" data-selenium=\"specsItemGroupTableColumnLabel\">Tipo<\/td>\n<p> de bater\u00eda<\/p>\n<td class=\"value_11Av1yGkVYn9TX48mQeu9v \" style=\"padding: 1.25rem 0px 1.25rem 2.5rem;vertical-align: baseline;font-size: 1.125rem;color: #666666;line-height: 1.375rem\" data-selenium=\"specsItemGroupTableColumnValue\"><span style=\"font-weight: bolder\">2 x AA<\/span><\/td>\n<\/tr>\n<\/tbody>\n<\/table>\n<\/div>\n<div class=\"group_K7YrQottgVsRZ4B6zAaGG\" style=\"margin-bottom: 2.1875rem;font-family: OpenSans, 'Segoe UI', Helvetica, Roboto, Arial, sans-serif;font-size: 16px;background-color: #ffffff\">\n<div class=\"name_3mapjiENorVzh8SvFyXVPc\" style=\"padding: 1rem 0px 0.875rem;border-bottom: 0.125rem solid #cdcdcd;font-size: 2rem;color: #769e2d;line-height: 2rem\" data-selenium=\"specsItemGroupName\">F\u00edsico<\/div>\n<table class=\"table_o418fscimQZEg1oshu4aX\" style=\"width: 726.667px\" data-selenium=\"specsItemGroupTable\">\n<tbody>\n<tr class=\"pair_3u9fnESIQrtuEu6ye_zM4k\" style=\"border-bottom: 0.0625rem solid #e7e7e7\" data-selenium=\"specsItemGroupTableRow\">\n<td class=\"label_3bLwbW8ibvYc5tUwpKVQsL \" style=\"width: 275.556px;padding: 1.25rem 0px;border-top: none;vertical-align: baseline;font-size: 1.125rem;color: #666666;line-height: 1.375rem\" data-selenium=\"specsItemGroupTableColumnLabel\">Dimensiones<\/td>\n<td class=\"value_11Av1yGkVYn9TX48mQeu9v \" style=\"padding: 1.25rem 0px 1.25rem 2.5rem;vertical-align: baseline;font-size: 1.125rem;color: #666666;line-height: 1.375rem\" data-selenium=\"specsItemGroupTableColumnValue\">72 x 70 x 58 mm<\/td>\n<\/tr>\n<tr class=\"pair_3u9fnESIQrtuEu6ye_zM4k\" style=\"border-bottom: 0.0625rem solid #e7e7e7\" data-selenium=\"specsItemGroupTableRow\">\n<td class=\"label_3bLwbW8ibvYc5tUwpKVQsL\" style=\"width: 275.556px;padding: 1.25rem 0px;border-top: none;vertical-align: baseline;font-size: 1.125rem;color: #666666;line-height: 1.375rem\" data-selenium=\"specsItemGroupTableColumnLabel\">Peso<\/td>\n<td class=\"value_11Av1yGkVYn9TX48mQeu9v\" style=\"padding: 1.25rem 0px 1.25rem 2.5rem;vertical-align: baseline;font-size: 1.125rem;color: #666666;line-height: 1.375rem\" data-selenium=\"specsItemGroupTableColumnValue\">90 gramos<\/td>\n<\/tr>\n<\/tbody>\n<\/table>\n<\/div>\n","protected":false},"excerpt":{"rendered":"<p>El transmisor Godox X2 es compatible con flashes Godox y flashes de estudio con un sistema de radio inal\u00e1mbrico Godox<\/p>\n","protected":false},"featured_media":56182,"comment_status":"closed","ping_status":"closed","template":"","meta":{"_acf_changed":false},"product_brand":[2555],"product_cat":[984],"product_tag":[],"class_list":{"0":"post-72663","1":"product","2":"type-product","3":"status-publish","4":"has-post-thumbnail","6":"product_brand-godox-es","7":"product_cat-disparadores-luz","9":"first","10":"instock","11":"taxable","12":"shipping-taxable","13":"purchasable","14":"product-type-simple"},"bundled_by":[],"bundle_stock_status":"instock","bundle_stock_quantity":1,"bundle_virtual":false,"bundle_layout":"","bundle_add_to_cart_form_location":"","bundle_editable_in_cart":false,"bundle_sold_individually_context":"","bundle_item_grouping":"","bundle_min_size":"","bundle_max_size":"","bundle_price":[],"bundled_items":[],"bundle_sell_ids":[],"acf":[],"_links":{"self":[{"href":"https:\/\/hi-techwonder.com\/es\/wp-json\/wp\/v2\/product\/72663","targetHints":{"allow":["GET"]}}],"collection":[{"href":"https:\/\/hi-techwonder.com\/es\/wp-json\/wp\/v2\/product"}],"about":[{"href":"https:\/\/hi-techwonder.com\/es\/wp-json\/wp\/v2\/types\/product"}],"replies":[{"embeddable":true,"href":"https:\/\/hi-techwonder.com\/es\/wp-json\/wp\/v2\/comments?post=72663"}],"wp:featuredmedia":[{"embeddable":true,"href":"https:\/\/hi-techwonder.com\/es\/wp-json\/wp\/v2\/media\/56182"}],"wp:attachment":[{"href":"https:\/\/hi-techwonder.com\/es\/wp-json\/wp\/v2\/media?parent=72663"}],"wp:term":[{"taxonomy":"product_brand","embeddable":true,"href":"https:\/\/hi-techwonder.com\/es\/wp-json\/wp\/v2\/product_brand?post=72663"},{"taxonomy":"product_cat","embeddable":true,"href":"https:\/\/hi-techwonder.com\/es\/wp-json\/wp\/v2\/product_cat?post=72663"},{"taxonomy":"product_tag","embeddable":true,"href":"https:\/\/hi-techwonder.com\/es\/wp-json\/wp\/v2\/product_tag?post=72663"}],"curies":[{"name":"wp","href":"https:\/\/api.w.org\/{rel}","templated":true}]}}