{"id":72664,"date":"2025-07-29T09:56:18","date_gmt":"2025-07-29T09:56:18","guid":{"rendered":"https:\/\/fv6qoy3ls0.wpdns.site\/produto\/transmisor-godox-x2t-c-para-canon\/"},"modified":"2026-04-15T18:16:32","modified_gmt":"2026-04-15T17:16:32","slug":"godox-transmisor-godox-x2t-c-para-canon","status":"publish","type":"product","link":"https:\/\/hi-techwonder.com\/es\/producto\/godox-transmisor-godox-x2t-c-para-canon\/","title":{"rendered":"Transmisor GODOX X2T-C para Canon"},"content":{"rendered":"<p><strong>Transmisor GODOX X2T-C para Canon<\/strong><\/p>\n<p>El transmisor Godox X2 es compatible con flashes Godox y flashes de estudio con un sistema de radio inal\u00e1mbrico Godox X incorporado (receptores Godox).<br \/>El X2 ofrece una transferencia de se\u00f1al en tiempo real estable, confiable y efectiva, lo que lo convierte en una buena opci\u00f3n para fot\u00f3grafos con diferentes necesidades de iluminaci\u00f3n.<br \/>El transmisor est\u00e1 equipado con una pantalla LCD clara con iluminaci\u00f3n.<br \/>Cuenta con cinco botones de ajuste de grupo y tres teclas de funci\u00f3n con las que podr\u00e1s configurar la toma r\u00e1pidamente.<br \/>El Godox X2 est\u00e1 bloqueado en la rec\u00e1mara con la zapata de bloqueo r\u00e1pido.<br \/>A trav\u00e9s de Bluetooth, conecte su tel\u00e9fono inteligente o tableta iOS o Android con el Godox X2 para controlar el modo de flash, la potencia del flash, el modo de l\u00e1mpara de modelado y el pitido de las unidades de flash Godox, etc., despu\u00e9s de descargar la aplicaci\u00f3n gratuita GodoxPhoto.<br \/>Tiene 5 grupos, 32 canales y acceso a 99 configuraciones de identificaci\u00f3n inal\u00e1mbrica para limitar la interferencia con otros sistemas cercanos.<br \/>El disparo tambi\u00e9n es posible a trav\u00e9s del puerto de sincronizaci\u00f3n de PC de 3,5 mm.<br \/>X2 admite flash autom\u00e1tico TTL, sincronizaci\u00f3n de alta velocidad hasta 1\/8000s, modo manual, compensaci\u00f3n de exposici\u00f3n con flash, ajuste de par\u00e1metros de exposici\u00f3n a trav\u00e9s de la aplicaci\u00f3n m\u00f3vil, configuraci\u00f3n de escaneo, configuraci\u00f3n de disparo \u00fanico y disparo m\u00faltiple, control de l\u00e1mpara de modelado, ajuste de potencia del flash de todos los grupos al mismo tiempo, etc.<br \/>La funci\u00f3n de configuraci\u00f3n reci\u00e9n agregada ayuda a detectar autom\u00e1ticamente el canal con menos interferencias.<br \/>El transmisor Godox X2 admite la actualizaci\u00f3n de firmware a trav\u00e9s del puerto USB tipo C preparado para el futuro.<\/p>\n<p><strong>Caracter\u00edsticas de Godox X2:<\/strong><\/p>\n<ul>\n<li>Bluetooth para el control con su tel\u00e9fono inteligente y la aplicaci\u00f3n GodoxPhoto<\/li>\n<li>E-TTL II, manual y ajustes de flash apagado<\/li>\n<li>5 grupos de botones de control y 3 botones de funci\u00f3n<\/li>\n<li>5 grupos y 32 canales<\/li>\n<li>Sincronizaci\u00f3n de alta velocidad de hasta 1\/8000s s<\/li>\n<li>Alcance de aproximadamente 100 metros<\/li>\n<li>Gran pantalla LCD con retroiluminaci\u00f3n<\/li>\n<li>Almacenamiento autom\u00e1tico de ajustes<\/li>\n<li>Conexi\u00f3n USB tipo C para actualizaci\u00f3n de firmware<\/li>\n<li>Funciona en 2,4 GHz<\/li>\n<li>Funciona con dos pilas AA<\/li>\n<li>Dimensiones 72 x 70 x 58 mm<\/li>\n<li>Pesa 90 gramos<\/li>\n<\/ul>\n<p><strong>Contenido de la caja:<\/strong><\/p>\n<ul>\n<li>1 x Transmisor X2T-C para Canon<\/li>\n<\/ul>\n","protected":false},"excerpt":{"rendered":"<p>Transmisor GODOX X2T-C para Canon El transmisor Godox X2 es compatible con flashes Godox y flashes de estudio con un<\/p>\n","protected":false},"featured_media":56166,"comment_status":"closed","ping_status":"closed","template":"","meta":{"_acf_changed":false},"product_brand":[2555],"product_cat":[984],"product_tag":[],"class_list":{"0":"post-72664","1":"product","2":"type-product","3":"status-publish","4":"has-post-thumbnail","6":"product_brand-godox-es","7":"product_cat-disparadores-luz","9":"first","10":"instock","11":"taxable","12":"shipping-taxable","13":"purchasable","14":"product-type-simple"},"bundled_by":[],"bundle_stock_status":"instock","bundle_stock_quantity":1,"bundle_virtual":false,"bundle_layout":"","bundle_add_to_cart_form_location":"","bundle_editable_in_cart":false,"bundle_sold_individually_context":"","bundle_item_grouping":"","bundle_min_size":"","bundle_max_size":"","bundle_price":[],"bundled_items":[],"bundle_sell_ids":[],"acf":[],"_links":{"self":[{"href":"https:\/\/hi-techwonder.com\/es\/wp-json\/wp\/v2\/product\/72664","targetHints":{"allow":["GET"]}}],"collection":[{"href":"https:\/\/hi-techwonder.com\/es\/wp-json\/wp\/v2\/product"}],"about":[{"href":"https:\/\/hi-techwonder.com\/es\/wp-json\/wp\/v2\/types\/product"}],"replies":[{"embeddable":true,"href":"https:\/\/hi-techwonder.com\/es\/wp-json\/wp\/v2\/comments?post=72664"}],"wp:featuredmedia":[{"embeddable":true,"href":"https:\/\/hi-techwonder.com\/es\/wp-json\/wp\/v2\/media\/56166"}],"wp:attachment":[{"href":"https:\/\/hi-techwonder.com\/es\/wp-json\/wp\/v2\/media?parent=72664"}],"wp:term":[{"taxonomy":"product_brand","embeddable":true,"href":"https:\/\/hi-techwonder.com\/es\/wp-json\/wp\/v2\/product_brand?post=72664"},{"taxonomy":"product_cat","embeddable":true,"href":"https:\/\/hi-techwonder.com\/es\/wp-json\/wp\/v2\/product_cat?post=72664"},{"taxonomy":"product_tag","embeddable":true,"href":"https:\/\/hi-techwonder.com\/es\/wp-json\/wp\/v2\/product_tag?post=72664"}],"curies":[{"name":"wp","href":"https:\/\/api.w.org\/{rel}","templated":true}]}}