{"id":72666,"date":"2025-07-29T10:13:19","date_gmt":"2025-07-29T10:13:19","guid":{"rendered":"https:\/\/fv6qoy3ls0.wpdns.site\/produto\/godox-tl180-rgb-tubo-de-luz-led\/"},"modified":"2025-07-29T10:13:19","modified_gmt":"2025-07-29T10:13:19","slug":"godox-tl180-rgb-tubo-de-luz-led","status":"publish","type":"product","link":"https:\/\/hi-techwonder.com\/es\/producto\/godox-tl180-rgb-tubo-de-luz-led\/","title":{"rendered":"GODOX TL180 RGB Tubo de luz LED"},"content":{"rendered":"<p><b><br \/><\/b><\/p>\n<p><b>Tubo de luz LED Godox TL180 RGB&nbsp;<\/b><\/p>\n<p><b>Caracter\u00edsticas principales:<\/b><\/p>\n<ul>\n<li>Para los amantes de la fotograf\u00eda y el v\u00eddeo<\/li>\n<li>Salida: 729 Lux a 3.3&#8242; (5600K)<\/li>\n<li>CCT 2700-6500K; Modo RGB<\/li>\n<li>Control integrado, inal\u00e1mbrico, DMX y de aplicaciones<\/li>\n<li>CRI 96 | TLCI 98<\/li>\n<li>39 efectos especiales preestablecidos<\/li>\n<li>Bater\u00eda recargable incorporada; Alimentaci\u00f3n de CA<\/li>\n<li>Abrazadera de retenci\u00f3n con 1\/4&#8243;-20 para montaje<\/li>\n<li>Compatible con el mando a distancia opcional<\/li>\n<li>Incluye adaptador, clips de montaje y bolsa<\/li>\n<\/ul>\n<p><\/p>\n<p>La TL180 es una l\u00e1mpara de tubo RGBWW de 180 cm dise\u00f1ada para cineastas, creadores de contenido, vide\u00f3grafos y fot\u00f3grafos. Como es el miembro m\u00e1s nuevo de la serie Godox TL de l\u00e1mparas tubulares, es m\u00e1s potente y tiene un \u00e1rea de emisi\u00f3n de luz m\u00e1s grande, lo que le da m\u00e1s libertad a su creaci\u00f3n. <\/p>\n<p><b>Amplio potencial<\/b><\/p>\n<p>La longitud de 180 cm le da al TL180 ventajas \u00fanicas sobre sus predecesores. A diferencia de otros modelos m\u00e1s cortos, tiene un efecto visual impresionantemente m\u00e1s fuerte al filmar o fijar, especialmente adecuado para escenas grandes al formar formas creativas o crear efectos de iluminaci\u00f3n impresionantes. Tambi\u00e9n se utiliza mejor como luz principal flexible o luz de relleno para sujetos relativamente grandes, ya que el \u00e1rea del haz extendido puede cubrir toda la longitud sin bordes duros en ninguno de los extremos.  <\/p>\n<p>\u00a1Trabaja con el TL180 y convi\u00e9rtete en un artista visual! Con tono, saturaci\u00f3n, intensidad ajustables ?? y 40 geles de color preestablecidos, la luz puede proporcionar cualquier color que desee para realizar sus ideas de creaci\u00f3n m\u00e1s audaces. A medida que juegues con diferentes combinaciones, ver\u00e1s que los colores chocan, se mezclan, agregan estado de \u00e1nimo y profundidad a tus escenas y generan un sinf\u00edn de inspiraciones.<\/p>\n<p><b>Juega con las formas&nbsp;<\/b><\/p>\n<p>Con varios accesorios, que incluyen un cable de alambre, un clip y un portabombillas m\u00faltiples, la bombilla se puede montar en casi cualquier lugar y en cualquier direcci\u00f3n. Desde apilar bombillas para una fuente m\u00e1s grande, crear patrones geom\u00e9tricos innovadores o dividir el espacio con l\u00edneas espaciadas irregularmente, hay innumerables formas de explorar y divertirse. &nbsp;<\/p>\n<p><b>&nbsp;<\/b><\/p>\n<p><b>La magia nunca termina<\/b><\/p>\n<p>Con el TL180 la creaci\u00f3n nunca se detiene. Utilizado como pincel en la pintura con luz, puede crear rayas, alas, halos y muchos otros efectos de iluminaci\u00f3n impresionantes. <\/p>\n<p><b>Temperatura de color variable<\/b><\/p>\n<p>La temperatura de color var\u00eda de 2700K a 6500K y permite una r\u00e1pida integraci\u00f3n en la iluminaci\u00f3n existente. El color de la piel se puede refinar, lo que ofrece m\u00e1s posibilidades para aplicaciones creativas. <\/p>\n<p><b>Varios efectos de iluminaci\u00f3n especiales&nbsp;<\/b><\/p>\n<p>El TL180 tiene 14 tipos de efectos de iluminaci\u00f3n preestablecidos y cada uno tiene de 2 a 3 modos, lo que permite un total de 39 efectos especiales. En el modo m\u00fasica, la luz cambia de color con la variaci\u00f3n de los sonidos, creando una atm\u00f3sfera fresca y emocionante. <\/p>\n<p><b>Operaci\u00f3n simple, producci\u00f3n simple<\/b><\/p>\n<p>Adem\u00e1s de los controles intuitivos incorporados, el TL180 tambi\u00e9n se puede controlar en grupo o individualmente a trav\u00e9s de la aplicaci\u00f3n Godox Light, el control remoto RC-R9 o el controlador DMX, lo que hace que cada ejecuci\u00f3n de producci\u00f3n sea simple y eficiente.<\/p>\n<p><b>Fuente de alimentaci\u00f3n en todas partes<\/b><\/p>\n<p>Alimentada por un adaptador de CA o una bater\u00eda de litio incorporada, la luz proporciona libertad creativa tanto en interiores como en el sitio. Puede funcionar hasta 160 minutos con un brillo del 100% a plena carga, lo que garantiza una producci\u00f3n confiable sin interrupci\u00f3n. <\/p>\n<p><b>Funciones:<\/b><\/p>\n<p>Bater\u00eda de litio incorporada: 14,4 V\/5200 mAh \/ 74,88 Wh<\/p>\n<p>Adaptador: 20 V \/ 4,8 A<\/p>\n<p>Potencia de salida: 55W<\/p>\n<p>Canal: 32<\/p>\n<p>Grupo: 6 (ABCDEF)<\/p>\n<p>Rango de temperatura de color: 2700K ~ 6500K<\/p>\n<p>Rango de brillo de la luz: 0% ~ 100%<\/p>\n<p>Gama de colores RGB: 0 ~ 360\u00ba<\/p>\n<p>CRI(~): 96<\/p>\n<p>TLCI (~): 98<\/p>\n<p>Duraci\u00f3n (salida continua al 100% a plena potencia a 2700K o 6500K): 160 minutos<\/p>\n<p>M\u00e9todo de control: aplicaci\u00f3n de tel\u00e9fono inteligente \/ 2.4G inal\u00e1mbrico \/ control DMX<\/p>\n<p>Distancia de funcionamiento inal\u00e1mbrico Bluetooth: ~ 30 m<\/p>\n<p>Distancia de control inal\u00e1mbrico 2.4G: ~ 50 m (con control remoto RC-R9 opcional)<\/p>\n<p>Temperatura de funcionamiento: -10 ~ 40\u00baC<\/p>\n<p>Dimensiones: 51x1800mm<\/p>\n<p>Peso: 2,21 kg<\/p>\n<p>CCT: 2700K: LUX- 1m- 776 \/ FC-1m-72.1<\/p>\n<p><\/p>\n<p><b>Contenido del paquete:<\/b><\/p>\n<p>1x Tubo de luz LED Godox TL180 RGB (6&#8242;)<\/p>\n<p>3x Clip 3x<\/p>\n<p>1x Cable de alimentaci\u00f3n<\/p>\n<p>2x Cable de acero<\/p>\n<p>1x Adaptador<\/p>\n<p>1x soporte adaptador<\/p>\n<p>1x Cable RJ45<\/p>\n","protected":false},"excerpt":{"rendered":"<p>Tubo de luz LED Godox TL180 RGB&nbsp; Caracter\u00edsticas principales: Para los amantes de la fotograf\u00eda y el v\u00eddeo Salida: 729<\/p>\n","protected":false},"featured_media":60303,"comment_status":"closed","ping_status":"open","template":"","meta":{"_acf_changed":false},"product_brand":[2555],"product_cat":[999],"product_tag":[],"class_list":{"0":"post-72666","1":"product","2":"type-product","3":"status-publish","4":"has-post-thumbnail","6":"product_brand-godox-es","7":"product_cat-tubulares-es","9":"first","10":"onbackorder","11":"taxable","12":"shipping-taxable","13":"purchasable","14":"product-type-simple"},"bundled_by":[],"bundle_stock_status":"onbackorder","bundle_stock_quantity":0,"bundle_virtual":false,"bundle_layout":"","bundle_add_to_cart_form_location":"","bundle_editable_in_cart":false,"bundle_sold_individually_context":"","bundle_item_grouping":"","bundle_min_size":"","bundle_max_size":"","bundle_price":[],"bundled_items":[],"bundle_sell_ids":[],"acf":[],"_links":{"self":[{"href":"https:\/\/hi-techwonder.com\/es\/wp-json\/wp\/v2\/product\/72666","targetHints":{"allow":["GET"]}}],"collection":[{"href":"https:\/\/hi-techwonder.com\/es\/wp-json\/wp\/v2\/product"}],"about":[{"href":"https:\/\/hi-techwonder.com\/es\/wp-json\/wp\/v2\/types\/product"}],"replies":[{"embeddable":true,"href":"https:\/\/hi-techwonder.com\/es\/wp-json\/wp\/v2\/comments?post=72666"}],"wp:featuredmedia":[{"embeddable":true,"href":"https:\/\/hi-techwonder.com\/es\/wp-json\/wp\/v2\/media\/60303"}],"wp:attachment":[{"href":"https:\/\/hi-techwonder.com\/es\/wp-json\/wp\/v2\/media?parent=72666"}],"wp:term":[{"taxonomy":"product_brand","embeddable":true,"href":"https:\/\/hi-techwonder.com\/es\/wp-json\/wp\/v2\/product_brand?post=72666"},{"taxonomy":"product_cat","embeddable":true,"href":"https:\/\/hi-techwonder.com\/es\/wp-json\/wp\/v2\/product_cat?post=72666"},{"taxonomy":"product_tag","embeddable":true,"href":"https:\/\/hi-techwonder.com\/es\/wp-json\/wp\/v2\/product_tag?post=72666"}],"curies":[{"name":"wp","href":"https:\/\/api.w.org\/{rel}","templated":true}]}}