{"id":72670,"date":"2025-07-29T10:12:55","date_gmt":"2025-07-29T10:12:55","guid":{"rendered":"https:\/\/fv6qoy3ls0.wpdns.site\/produto\/iluminador-de-tubo-led-godox-tl120-bicolor-rgb\/"},"modified":"2026-01-31T01:46:23","modified_gmt":"2026-01-31T01:46:23","slug":"godox-iluminador-de-tubo-led-godox-tl120-bicolor-rgb","status":"publish","type":"product","link":"https:\/\/hi-techwonder.com\/es\/producto\/godox-iluminador-de-tubo-led-godox-tl120-bicolor-rgb\/","title":{"rendered":"Iluminador de tubo LED GODOX TL120 (bicolor + RGB)"},"content":{"rendered":"<p>Da rienda suelta a tu creatividad interior e ilumina la escena con el tubo de luz Godox TL120 RGB. Ofreciendo controles avanzados y m\u00faltiples opciones inal\u00e1mbricas y cableadas, esta luz cuenta con una bater\u00eda de video ajustable, una fotograf\u00eda recargable incorporada incorporada para aplicaciones de temperatura y control. Un aumento en el tama\u00f1o de las l\u00e1mparas TL30 y TL60 de la longitud de 1 l\u00e1mpara, lo que le permite iluminar f\u00e1cilmente un \u00e1rea de dise\u00f1o m\u00e1s grande y 17 cm m\u00e1s tubular, adem\u00e1s de opciones de montaje \u00fanicas.  <\/p>\n<p><iframe loading=\"lazy\" src=\"https:\/\/www.youtube.com\/embed\/dvnZjs7j3L8\" width=\"560\" height=\"314\" allowfullscreen=\"allowfullscreen\"><\/iframe><\/p>\n<p><strong>Caracter\u00edsticas principales<\/strong><\/p>\n<ul>\n<li>Color: 2700-6500K, CRI\/TLCI: 96\/98<\/li>\n<li>Bater\u00eda recargable incorporada<\/li>\n<li>Atenuaci\u00f3n del 0-100% y control RGB<\/li>\n<li>Tel\u00e9fono, DMX, control inal\u00e1mbrico de 2,4 GHz<\/li>\n<li>Alcance inal\u00e1mbrico de 30-50 m<\/li>\n<li>32 canales, 6 grupos<\/li>\n<\/ul>\n<p>Da rienda suelta a tu creatividad interior e ilumina la escena con el tubo de luz RGB TL120 de Godox. Ofreciendo controles de color avanzados y m\u00faltiples opciones de control inal\u00e1mbrico y por cable, esta luz cuenta con una bater\u00eda de litio recargable incorporada y un rango de temperatura de color variable de 2700-6300K para aplicaciones de fotograf\u00eda y video. Un aumento de tama\u00f1o con respecto a las l\u00e1mparas de tubo TL30 y TL60, la longitud de 117 cm de la luminaria le permite iluminar f\u00e1cilmente \u00e1reas m\u00e1s grandes, adem\u00e1s de ofrecer un dise\u00f1o apilable para una multitud de opciones de montaje \u00fanicas.  <\/p>\n<ul>\n<li>Amplio rango de temperatura de color de 2700 a 6500K con una alta clasificaci\u00f3n CRI \/ TLCI de 96\/98.<\/li>\n<li>Los controles RGB, HSI, CCT, Gel y FX proporcionan una amplia gama de efectos creativos multicolores.<\/li>\n<li>Soluciones de control m\u00faltiple para que pueda controlar la luz con un control remoto opcional, DMX o una aplicaci\u00f3n para tel\u00e9fonos inteligentes a distancias de hasta 50 m. El Tube Light tiene 32 canales y 6 grupos para amplias opciones de control remoto. <\/li>\n<li>El factor de forma compacto y el dise\u00f1o apilable le permiten ensamblar la luz en una variedad de formas creativas que solo est\u00e1n limitadas por su imaginaci\u00f3n.<\/li>\n<li>La bater\u00eda de litio recargable incorporada proporciona 150 minutos de autonom\u00eda.<\/li>\n<\/ul>\n<div class=\"title_vdXF96s7fO\" style=\"padding: 2.8125rem 0px;text-transform: capitalize;font-family: OpenSans, 'Segoe UI', Helvetica, Roboto, Arial, sans-serif;font-size: 16px;background-color: #ffffff\">\n<h2 class=\"text_v_wGSQBcdt comfy_v_wGSQBcdt sizeTitle1_v_wGSQBcdt weightNormal_v_wGSQBcdt primary_aEALyqkgyT\" style=\"margin: 0px;font-size: 2rem;font-weight: 400;line-height: 2.5rem\" data-selenium=\"specsItemTitle\"><strong>Especificaciones de Godox TL120<\/strong><\/h2>\n<\/div>\n<div class=\"group_3sxa25I0gg\" style=\"margin-bottom: 2.1875rem;font-family: OpenSans, 'Segoe UI', Helvetica, Roboto, Arial, sans-serif;font-size: 16px;background-color: #ffffff\">\n<div class=\"name_3sxa25I0gg firstGroupInItem_3sxa25I0gg\" style=\"border-bottom: 0.125rem solid #cdcdcd;color: #769e2d;font-size: 2rem;line-height: 2rem;padding: 0px 0px 0.875rem\" data-selenium=\"specsItemGroupName\">L\u00e1mpara<\/div>\n<table class=\"table_3sxa25I0gg\" style=\"width: 981.75px\" data-selenium=\"specsItemGroupTable\">\n<tbody>\n<tr class=\"pair_3sxa25I0gg\" style=\"border-bottom: 0.0625rem solid #e7e7e7\" data-selenium=\"specsItemGroupTableRow\">\n<td class=\"label_3sxa25I0gg \" style=\"border-top: none;padding: 1.25rem 0px;width: 373.062px;color: #666666;font-size: 1.125rem;line-height: 1.375rem;vertical-align: baseline\" data-selenium=\"specsItemGroupTableColumnLabel\">Fotometr\u00eda<\/td>\n<td class=\"value_3sxa25I0gg \" style=\"color: #666666;font-size: 1.125rem;line-height: 1.375rem;vertical-align: baseline;padding: 1.25rem 0px 1.25rem 2.5rem\" data-selenium=\"specsItemGroupTableColumnValue\"><span style=\"font-weight: bolder\">2800K:<br \/>61,2 fc \/ 659 lux a 39,4&#8243; \/ 1 m<br \/>18,8 fc \/ 202 Lux a 78,7&#8243; \/ 2 m<br \/>9,4 fc \/ 101 lux a 118,1&#8243; \/ 3 m<br \/>3200K:<br \/>56,7 fc \/ 610 lux a 39,4&#8243; \/ 1 m<br \/>17,4 fc \/ 187 lux a 78,7&#8243; \/ 2 m<br \/>8,6 fc \/ 93 lux a 118,1&#8243; \/ 3 m<br \/>4300K:<br \/>61,9 fc \/ 666 lux a 39,4&#8243; \/ 1 m<br \/>19 fc \/ 205 Lux a 78,7&#8243; \/ 2 m<br \/>9.5 fc \/ 102 Lux a 118.1&#8243; \/ 3 m<br \/>5600K:<br \/>63,6 fc \/ 685 lux a 39,4&#8243; \/ 1 m<br \/>19,5 fc \/ 210 lux a 78,7&#8243; \/ 2 m<br \/>9.7 fc \/ 104 Lux a 118.1&#8243; \/ 3 m<br \/>6500K:<br \/>71,4 fc \/ 769 Lux a 39,4&#8243; \/ 1 m<br \/>21,7 fc \/ 234 lux a 78,7&#8243; \/ 2 m<br \/>10,9 fc \/ 117 lux a 118,1&#8243; \/ 3 m<\/span><\/td>\n<\/tr>\n<tr class=\"pair_3sxa25I0gg\" style=\"border-bottom: 0.0625rem solid #e7e7e7\" data-selenium=\"specsItemGroupTableRow\">\n<td class=\"label_3sxa25I0gg\" style=\"border-top: none;padding: 1.25rem 0px;width: 373.062px;color: #666666;font-size: 1.125rem;line-height: 1.375rem;vertical-align: baseline\" data-selenium=\"specsItemGroupTableColumnLabel\">Temperatura de<\/td>\n<p> color<\/p>\n<td class=\"value_3sxa25I0gg\" style=\"color: #666666;font-size: 1.125rem;line-height: 1.375rem;vertical-align: baseline;padding: 1.25rem 0px 1.25rem 2.5rem\" data-selenium=\"specsItemGroupTableColumnValue\">De 2700 a 6500K<\/td>\n<\/tr>\n<tr class=\"pair_3sxa25I0gg\" style=\"border-bottom: 0.0625rem solid #e7e7e7\" data-selenium=\"specsItemGroupTableRow\">\n<td class=\"label_3sxa25I0gg\" style=\"border-top: none;padding: 1.25rem 0px;width: 373.062px;color: #666666;font-size: 1.125rem;line-height: 1.375rem;vertical-align: baseline\" data-selenium=\"specsItemGroupTableColumnLabel\">Modos de<\/td>\n<p> color<\/p>\n<td class=\"value_3sxa25I0gg\" style=\"color: #666666;font-size: 1.125rem;line-height: 1.375rem;vertical-align: baseline;padding: 1.25rem 0px 1.25rem 2.5rem\" data-selenium=\"specsItemGroupTableColumnValue\">Ajuste RGB completo<\/td>\n<\/tr>\n<tr class=\"pair_3sxa25I0gg\" style=\"border-bottom: 0.0625rem solid #e7e7e7\" data-selenium=\"specsItemGroupTableRow\">\n<td class=\"label_3sxa25I0gg\" style=\"border-top: none;padding: 1.25rem 0px;width: 373.062px;color: #666666;font-size: 1.125rem;line-height: 1.375rem;vertical-align: baseline\" data-selenium=\"specsItemGroupTableColumnLabel\">Est\u00e1ndar de precisi\u00f3n de color<\/td>\n<td class=\"value_3sxa25I0gg\" style=\"color: #666666;font-size: 1.125rem;line-height: 1.375rem;vertical-align: baseline;padding: 1.25rem 0px 1.25rem 2.5rem\" data-selenium=\"specsItemGroupTableColumnValue\">CRI 96<br \/>TLCI 98<\/td>\n<\/tr>\n<tr class=\"pair_3sxa25I0gg\" style=\"border-bottom: 0.0625rem solid #e7e7e7\" data-selenium=\"specsItemGroupTableRow\">\n<td class=\"label_3sxa25I0gg\" style=\"border-top: none;padding: 1.25rem 0px;width: 373.062px;color: #666666;font-size: 1.125rem;line-height: 1.375rem;vertical-align: baseline\" data-selenium=\"specsItemGroupTableColumnLabel\">Oscurecimiento<\/td>\n<td class=\"value_3sxa25I0gg\" style=\"color: #666666;font-size: 1.125rem;line-height: 1.375rem;vertical-align: baseline;padding: 1.25rem 0px 1.25rem 2.5rem\" data-selenium=\"specsItemGroupTableColumnValue\">S\u00ed, 0 a 100% (continuo)<\/td>\n<\/tr>\n<tr class=\"pair_3sxa25I0gg\" style=\"border-bottom: 0.0625rem solid #e7e7e7\" data-selenium=\"specsItemGroupTableRow\">\n<td class=\"label_3sxa25I0gg\" style=\"border-top: none;padding: 1.25rem 0px;width: 373.062px;color: #666666;font-size: 1.125rem;line-height: 1.375rem;vertical-align: baseline\" data-selenium=\"specsItemGroupTableColumnLabel\">Dimensiones de la luminaria<\/td>\n<td class=\"value_3sxa25I0gg\" style=\"color: #666666;font-size: 1.125rem;line-height: 1.375rem;vertical-align: baseline;padding: 1.25rem 0px 1.25rem 2.5rem\" data-selenium=\"specsItemGroupTableColumnValue\">L\u00e1mpara: 117,0 x 4,8 x 4,8 cm<\/td>\n<\/tr>\n<tr class=\"pair_3sxa25I0gg\" style=\"border-bottom: 0.0625rem solid #e7e7e7\" data-selenium=\"specsItemGroupTableRow\">\n<td class=\"label_3sxa25I0gg\" style=\"border-top: none;padding: 1.25rem 0px;width: 373.062px;color: #666666;font-size: 1.125rem;line-height: 1.375rem;vertical-align: baseline\" data-selenium=\"specsItemGroupTableColumnLabel\">Peso del<\/td>\n<p> accesorio<\/p>\n<td class=\"value_3sxa25I0gg\" style=\"color: #666666;font-size: 1.125rem;line-height: 1.375rem;vertical-align: baseline;padding: 1.25rem 0px 1.25rem 2.5rem\" data-selenium=\"specsItemGroupTableColumnValue\">1,27 kg<\/td>\n<\/tr>\n<\/tbody>\n<\/table>\n<\/div>\n<div class=\"group_3sxa25I0gg\" style=\"margin-bottom: 2.1875rem;font-family: OpenSans, 'Segoe UI', Helvetica, Roboto, Arial, sans-serif;font-size: 16px;background-color: #ffffff\">\n<div class=\"name_3sxa25I0gg\" style=\"border-bottom: 0.125rem solid #cdcdcd;color: #769e2d;font-size: 2rem;line-height: 2rem;padding: 1rem 0px 0.875rem\" data-selenium=\"specsItemGroupName\">Conectores<\/div>\n<table class=\"table_3sxa25I0gg\" style=\"width: 981.75px\" data-selenium=\"specsItemGroupTable\">\n<tbody>\n<tr class=\"pair_3sxa25I0gg\" style=\"border-bottom: 0.0625rem solid #e7e7e7\" data-selenium=\"specsItemGroupTableRow\">\n<td class=\"label_3sxa25I0gg \" style=\"border-top: none;padding: 1.25rem 0px;width: 373.062px;color: #666666;font-size: 1.125rem;line-height: 1.375rem;vertical-align: baseline\" data-selenium=\"specsItemGroupTableColumnLabel\">Conexi\u00f3n de entrada de energ\u00eda<\/td>\n<td class=\"value_3sxa25I0gg \" style=\"color: #666666;font-size: 1.125rem;line-height: 1.375rem;vertical-align: baseline;padding: 1.25rem 0px 1.25rem 2.5rem\" data-selenium=\"specsItemGroupTableColumnValue\">Due\u00f1o<\/td>\n<\/tr>\n<\/tbody>\n<\/table>\n<\/div>\n<div class=\"group_3sxa25I0gg\" style=\"margin-bottom: 2.1875rem;font-family: OpenSans, 'Segoe UI', Helvetica, Roboto, Arial, sans-serif;font-size: 16px;background-color: #ffffff\">\n<div class=\"name_3sxa25I0gg\" style=\"border-bottom: 0.125rem solid #cdcdcd;color: #769e2d;font-size: 2rem;line-height: 2rem;padding: 1rem 0px 0.875rem\" data-selenium=\"specsItemGroupName\">Operaci\u00f3n remota<\/div>\n<table class=\"table_3sxa25I0gg\" style=\"width: 981.75px\" data-selenium=\"specsItemGroupTable\">\n<tbody>\n<tr class=\"pair_3sxa25I0gg\" style=\"border-bottom: 0.0625rem solid #e7e7e7\" data-selenium=\"specsItemGroupTableRow\">\n<td class=\"label_3sxa25I0gg \" style=\"border-top: none;padding: 1.25rem 0px;width: 373.062px;color: #666666;font-size: 1.125rem;line-height: 1.375rem;vertical-align: baseline\" data-selenium=\"specsItemGroupTableColumnLabel\">Tipo<\/td>\n<p> de control remoto <\/p>\n<td class=\"value_3sxa25I0gg \" style=\"color: #666666;font-size: 1.125rem;line-height: 1.375rem;vertical-align: baseline;padding: 1.25rem 0px 1.25rem 2.5rem\" data-selenium=\"specsItemGroupTableColumnValue\">Bluetooth, DMX, Wi-Fi, inal\u00e1mbrico patentado<\/td>\n<\/tr>\n<tr class=\"pair_3sxa25I0gg\" style=\"border-bottom: 0.0625rem solid #e7e7e7\" data-selenium=\"specsItemGroupTableRow\">\n<td class=\"label_3sxa25I0gg\" style=\"border-top: none;padding: 1.25rem 0px;width: 373.062px;color: #666666;font-size: 1.125rem;line-height: 1.375rem;vertical-align: baseline\" data-selenium=\"specsItemGroupTableColumnLabel\">Alcance<\/td>\n<p> inal\u00e1mbrico<\/p>\n<td class=\"value_3sxa25I0gg\" style=\"color: #666666;font-size: 1.125rem;line-height: 1.375rem;vertical-align: baseline;padding: 1.25rem 0px 1.25rem 2.5rem\" data-selenium=\"specsItemGroupTableColumnValue\">50 m (Wi-Fi)<\/td>\n<\/tr>\n<tr class=\"pair_3sxa25I0gg\" style=\"border-bottom: 0.0625rem solid #e7e7e7\" data-selenium=\"specsItemGroupTableRow\">\n<td class=\"label_3sxa25I0gg\" style=\"border-top: none;padding: 1.25rem 0px;width: 373.062px;color: #666666;font-size: 1.125rem;line-height: 1.375rem;vertical-align: baseline\" data-selenium=\"specsItemGroupTableColumnLabel\">Canales\/grupos inal\u00e1mbricos<\/td>\n<td class=\"value_3sxa25I0gg\" style=\"color: #666666;font-size: 1.125rem;line-height: 1.375rem;vertical-align: baseline;padding: 1.25rem 0px 1.25rem 2.5rem\" data-selenium=\"specsItemGroupTableColumnValue\">32\/6<\/td>\n<\/tr>\n<\/tbody>\n<\/table>\n<\/div>\n<div class=\"group_3sxa25I0gg\" style=\"margin-bottom: 2.1875rem;font-family: OpenSans, 'Segoe UI', Helvetica, Roboto, Arial, sans-serif;font-size: 16px;background-color: #ffffff\">\n<div class=\"name_3sxa25I0gg\" style=\"border-bottom: 0.125rem solid #cdcdcd;color: #769e2d;font-size: 2rem;line-height: 2rem;padding: 1rem 0px 0.875rem\" data-selenium=\"specsItemGroupName\">Poder<\/div>\n<table class=\"table_3sxa25I0gg\" style=\"width: 981.75px\" data-selenium=\"specsItemGroupTable\">\n<tbody>\n<tr class=\"pair_3sxa25I0gg\" style=\"border-bottom: 0.0625rem solid #e7e7e7\" data-selenium=\"specsItemGroupTableRow\">\nPotencia de entrada <\/p>\n<td class=\"label_3sxa25I0gg \" style=\"border-top: none;padding: 1.25rem 0px;width: 373.062px;color: #666666;font-size: 1.125rem;line-height: 1.375rem;vertical-align: baseline\" data-selenium=\"specsItemGroupTableColumnLabel\">de CC<\/td>\n<td class=\"value_3sxa25I0gg \" style=\"color: #666666;font-size: 1.125rem;line-height: 1.375rem;vertical-align: baseline;padding: 1.25rem 0px 1.25rem 2.5rem\" data-selenium=\"specsItemGroupTableColumnValue\">14,4 V CC<\/td>\n<\/tr>\n<tr class=\"pair_3sxa25I0gg\" style=\"border-bottom: 0.0625rem solid #e7e7e7\" data-selenium=\"specsItemGroupTableRow\">\nFuente <\/p>\n<td class=\"label_3sxa25I0gg\" style=\"border-top: none;padding: 1.25rem 0px;width: 373.062px;color: #666666;font-size: 1.125rem;line-height: 1.375rem;vertical-align: baseline\" data-selenium=\"specsItemGroupTableColumnLabel\">de alimentaci\u00f3n<\/td>\n<td class=\"value_3sxa25I0gg\" style=\"color: #666666;font-size: 1.125rem;line-height: 1.375rem;vertical-align: baseline;padding: 1.25rem 0px 1.25rem 2.5rem\" data-selenium=\"specsItemGroupTableColumnValue\">Bater\u00eda integrada<\/td>\n<\/tr>\n<tr class=\"pair_3sxa25I0gg\" style=\"border-bottom: 0.0625rem solid #e7e7e7\" data-selenium=\"specsItemGroupTableRow\">\n<td class=\"label_3sxa25I0gg\" style=\"border-top: none;padding: 1.25rem 0px;width: 373.062px;color: #666666;font-size: 1.125rem;line-height: 1.375rem;vertical-align: baseline\" data-selenium=\"specsItemGroupTableColumnLabel\">Consumo m\u00e1ximo de energ\u00eda<\/td>\n<td class=\"value_3sxa25I0gg\" style=\"color: #666666;font-size: 1.125rem;line-height: 1.375rem;vertical-align: baseline;padding: 1.25rem 0px 1.25rem 2.5rem\" data-selenium=\"specsItemGroupTableColumnValue\">30 W<\/td>\n<\/tr>\n<tr class=\"pair_3sxa25I0gg\" style=\"border-bottom: 0.0625rem solid #e7e7e7\" data-selenium=\"specsItemGroupTableRow\">\n<td class=\"label_3sxa25I0gg\" style=\"border-top: none;padding: 1.25rem 0px;width: 373.062px;color: #666666;font-size: 1.125rem;line-height: 1.375rem;vertical-align: baseline\" data-selenium=\"specsItemGroupTableColumnLabel\">Paso de<\/td>\n<p> energ\u00eda<\/p>\n<td class=\"value_3sxa25I0gg\" style=\"color: #666666;font-size: 1.125rem;line-height: 1.375rem;vertical-align: baseline;padding: 1.25rem 0px 1.25rem 2.5rem\" data-selenium=\"specsItemGroupTableColumnValue\">No<\/td>\n<\/tr>\n<\/tbody>\n<\/table>\n<\/div>\n<div class=\"group_3sxa25I0gg\" style=\"margin-bottom: 2.1875rem;font-family: OpenSans, 'Segoe UI', Helvetica, Roboto, Arial, sans-serif;font-size: 16px;background-color: #ffffff\">\n<div class=\"name_3sxa25I0gg\" style=\"border-bottom: 0.125rem solid #cdcdcd;color: #769e2d;font-size: 2rem;line-height: 2rem;padding: 1rem 0px 0.875rem\" data-selenium=\"specsItemGroupName\">Bater\u00eda interna<\/div>\n<table class=\"table_3sxa25I0gg\" style=\"width: 981.75px\" data-selenium=\"specsItemGroupTable\">\n<tbody>\n<tr class=\"pair_3sxa25I0gg\" style=\"border-bottom: 0.0625rem solid #e7e7e7\" data-selenium=\"specsItemGroupTableRow\">\n<td class=\"label_3sxa25I0gg \" style=\"border-top: none;padding: 1.25rem 0px;width: 373.062px;color: #666666;font-size: 1.125rem;line-height: 1.375rem;vertical-align: baseline\" data-selenium=\"specsItemGroupTableColumnLabel\">Ejecuci\u00f3n<\/td>\n<td class=\"value_3sxa25I0gg \" style=\"color: #666666;font-size: 1.125rem;line-height: 1.375rem;vertical-align: baseline;padding: 1.25rem 0px 1.25rem 2.5rem\" data-selenium=\"specsItemGroupTableColumnValue\">150 minutos a plena potencia<\/td>\n<\/tr>\n<\/tbody>\n<\/table>\n<\/div>\n<div class=\"group_3sxa25I0gg\" style=\"margin-bottom: 2.1875rem;font-family: OpenSans, 'Segoe UI', Helvetica, Roboto, Arial, sans-serif;font-size: 16px;background-color: #ffffff\">\n<div class=\"name_3sxa25I0gg\" style=\"border-bottom: 0.125rem solid #cdcdcd;color: #769e2d;font-size: 2rem;line-height: 2rem;padding: 1rem 0px 0.875rem\" data-selenium=\"specsItemGroupName\">Cabo<\/div>\n<table class=\"table_3sxa25I0gg\" style=\"width: 981.75px\" data-selenium=\"specsItemGroupTable\">\n<tbody>\n<tr class=\"pair_3sxa25I0gg\" style=\"border-bottom: 0.0625rem solid #e7e7e7\" data-selenium=\"specsItemGroupTableRow\">\n<td class=\"label_3sxa25I0gg \" style=\"border-top: none;padding: 1.25rem 0px;width: 373.062px;color: #666666;font-size: 1.125rem;line-height: 1.375rem;vertical-align: baseline\" data-selenium=\"specsItemGroupTableColumnLabel\">Longitud del cable<\/td>\n<td class=\"value_3sxa25I0gg \" style=\"color: #666666;font-size: 1.125rem;line-height: 1.375rem;vertical-align: baseline;padding: 1.25rem 0px 1.25rem 2.5rem\" data-selenium=\"specsItemGroupTableColumnValue\">5 m<\/td>\n<\/tr>\n<\/tbody>\n<\/table>\n<\/div>\n<div class=\"group_3sxa25I0gg\" style=\"margin-bottom: 2.1875rem;font-family: OpenSans, 'Segoe UI', Helvetica, Roboto, Arial, sans-serif;font-size: 16px;background-color: #ffffff\">\n<div class=\"name_3sxa25I0gg\" style=\"border-bottom: 0.125rem solid #cdcdcd;color: #769e2d;font-size: 2rem;line-height: 2rem;padding: 1rem 0px 0.875rem\" data-selenium=\"specsItemGroupName\">F\u00edsico<\/div>\n<table class=\"table_3sxa25I0gg\" style=\"width: 981.75px\" data-selenium=\"specsItemGroupTable\">\n<tbody>\n<tr class=\"pair_3sxa25I0gg\" style=\"border-bottom: 0.0625rem solid #e7e7e7\" data-selenium=\"specsItemGroupTableRow\">\n<td class=\"label_3sxa25I0gg \" style=\"border-top: none;padding: 1.25rem 0px;width: 373.062px;color: #666666;font-size: 1.125rem;line-height: 1.375rem;vertical-align: baseline\" data-selenium=\"specsItemGroupTableColumnLabel\">Temperatura de funcionamiento<\/td>\n<td class=\"value_3sxa25I0gg \" style=\"color: #666666;font-size: 1.125rem;line-height: 1.375rem;vertical-align: baseline;padding: 1.25rem 0px 1.25rem 2.5rem\" data-selenium=\"specsItemGroupTableColumnValue\">De -10 a 40 \u00b0C<\/td>\n<\/tr>\n<\/tbody>\n<\/table>\n<\/div>\n<p><strong>En la caja<\/strong><\/p>\n<ul>\n<li>Tubo de luz Godox TL120 RGB<\/li>\n<li>Cable de alimentaci\u00f3n<\/li>\n<li>Adaptador<\/li>\n<li>RJ45 Cable<\/li>\n<li>2 x Clip<\/li>\n<li>2 x Cable de acero<\/li>\n<li>Estuche de transporte<\/li>\n<\/ul>\n","protected":false},"excerpt":{"rendered":"<p>Da rienda suelta a tu creatividad interior e ilumina la escena con el tubo de luz Godox TL120 RGB. Ofreciendo<\/p>\n","protected":false},"featured_media":60232,"comment_status":"closed","ping_status":"open","template":"","meta":{"_acf_changed":false},"product_brand":[2555],"product_cat":[999],"product_tag":[],"class_list":{"0":"post-72670","1":"product","2":"type-product","3":"status-publish","4":"has-post-thumbnail","6":"product_brand-godox-es","7":"product_cat-tubulares-es","9":"first","10":"onbackorder","11":"taxable","12":"shipping-taxable","13":"purchasable","14":"product-type-simple"},"bundled_by":[],"bundle_stock_status":"onbackorder","bundle_stock_quantity":0,"bundle_virtual":false,"bundle_layout":"","bundle_add_to_cart_form_location":"","bundle_editable_in_cart":false,"bundle_sold_individually_context":"","bundle_item_grouping":"","bundle_min_size":"","bundle_max_size":"","bundle_price":[],"bundled_items":[],"bundle_sell_ids":[],"acf":[],"_links":{"self":[{"href":"https:\/\/hi-techwonder.com\/es\/wp-json\/wp\/v2\/product\/72670","targetHints":{"allow":["GET"]}}],"collection":[{"href":"https:\/\/hi-techwonder.com\/es\/wp-json\/wp\/v2\/product"}],"about":[{"href":"https:\/\/hi-techwonder.com\/es\/wp-json\/wp\/v2\/types\/product"}],"replies":[{"embeddable":true,"href":"https:\/\/hi-techwonder.com\/es\/wp-json\/wp\/v2\/comments?post=72670"}],"wp:featuredmedia":[{"embeddable":true,"href":"https:\/\/hi-techwonder.com\/es\/wp-json\/wp\/v2\/media\/60232"}],"wp:attachment":[{"href":"https:\/\/hi-techwonder.com\/es\/wp-json\/wp\/v2\/media?parent=72670"}],"wp:term":[{"taxonomy":"product_brand","embeddable":true,"href":"https:\/\/hi-techwonder.com\/es\/wp-json\/wp\/v2\/product_brand?post=72670"},{"taxonomy":"product_cat","embeddable":true,"href":"https:\/\/hi-techwonder.com\/es\/wp-json\/wp\/v2\/product_cat?post=72670"},{"taxonomy":"product_tag","embeddable":true,"href":"https:\/\/hi-techwonder.com\/es\/wp-json\/wp\/v2\/product_tag?post=72670"}],"curies":[{"name":"wp","href":"https:\/\/api.w.org\/{rel}","templated":true}]}}