{"id":72671,"date":"2025-07-29T10:12:45","date_gmt":"2025-07-29T10:12:45","guid":{"rendered":"https:\/\/fv6qoy3ls0.wpdns.site\/produto\/tubo-de-luz-godox-tl60-bicolor-rgb\/"},"modified":"2026-01-31T01:46:26","modified_gmt":"2026-01-31T01:46:26","slug":"godox-tubo-de-luz-godox-tl60-bicolor-rgb","status":"publish","type":"product","link":"https:\/\/hi-techwonder.com\/es\/producto\/godox-tubo-de-luz-godox-tl60-bicolor-rgb\/","title":{"rendered":"Tubo de luz GODOX TL60 (bicolor + RGB)"},"content":{"rendered":"<p><strong>Iluminador LED GODOX<\/strong> <strong>1x TL60 (Bicolor + RGB)<\/strong><\/p>\n<p><strong>Caracter\u00edsticas principales<\/strong><\/p>\n<ul>\n<li>Color: 2700-6500K, CRI\/TLCI: 96\/98<\/li>\n<li>RGB con control HSI, 40 filtros incorporados<\/li>\n<li>29,5&#8243; de largo, la bater\u00eda dura 2 horas<\/li>\n<li>Tel\u00e9fono, DMX, control inal\u00e1mbrico de 2,4 GHz<\/li>\n<li>Dimms 0-100%, 98-164&#8242; Alcance inal\u00e1mbrico<\/li>\n<li>32 canales, 6 grupos<\/li>\n<li>Adaptador de corriente, cable de CC, bolsa de transporte<\/li>\n<\/ul>\n<p><strong>En la caja<\/strong><\/p>\n<ul>\n<li>Luz LED TL60<\/li>\n<li>Adaptador de corriente<\/li>\n<li>Cable de CC<\/li>\n<li>Abrazadera de retenci\u00f3n<\/li>\n<li>RJ-45 Cable<\/li>\n<li>Cable met\u00e1lico<\/li>\n<li>Bolsa de transporte<\/li>\n<\/ul>\n<p><iframe loading=\"lazy\" src=\"https:\/\/www.youtube.com\/embed\/thFN3_36LzI\" width=\"560\" height=\"314\" allowfullscreen=\"allowfullscreen\"><\/iframe><\/p>\n<p><iframe loading=\"lazy\" src=\"https:\/\/www.youtube.com\/embed\/ghTYWt-zN2g\" width=\"560\" height=\"314\" allowfullscreen=\"allowfullscreen\"><\/iframe><\/p>\n<p>Cuando el m\u00e1ximo control del color, un factor de forma flexible, el uso inal\u00e1mbrico y el control son las principales prioridades, el tubo de luz Godox es una elecci\u00f3n acertada. La luz tiene una bater\u00eda de iones de litio incorporada que ofrece dos horas de duraci\u00f3n de la bater\u00eda y mucho m\u00e1s con energ\u00eda parcial. Su longitud de 750 mm y su di\u00e1metro de 48 mm hacen que el montaje discreto, o incluso la cinta adhesiva, sean una opci\u00f3n. Tiene forma de varita, por lo que casi pide ser port\u00e1til.   <\/p>\n<p>El tubo de luz tiene un amplio rango CCT de 2700 a 6500K para enfrentar cualquier desaf\u00edo de luz ambiental, combinar con otros accesorios o simplemente para estimular la expresi\u00f3n creativa, mientras que una biblioteca de 40 filtros Rosco y Lee sella el trato. Otra ventaja es el modo RGB de la luz con control de tono, saturaci\u00f3n e intensidad, que da acceso a una multitud de colores personalizados. Otra ventaja es el control inal\u00e1mbrico con equipamiento opcional a distancias de hasta 50 m a trav\u00e9s de DMX, un mando a distancia o una aplicaci\u00f3n para smartphone compatible con 32 canales y 6 grupos. El tubo de luz se suministra con un adaptador de corriente, un cable de CC y una bolsa de transporte.   <\/p>\n<p><strong>La capacidad multicolor libera el potencial creativo<\/strong><\/p>\n<p>Tube Light tiene un amplio rango de colores CCT de 2700 a 6500K con una alta clasificaci\u00f3n CRI \/ TLCI de 96\/98.<\/p>\n<p><strong>Modo RGB<\/strong><\/p>\n<p>La luz tiene un modo RGB con control de tono, saturaci\u00f3n e intensidad, dando acceso a numerosos colores personalizados.<\/p>\n<p><strong>Biblioteca de filtros integrada<\/strong><\/p>\n<p>Tube Light tiene 40 filtros Rosco y Lee incorporados<\/p>\n<p><strong>Opciones de control m\u00faltiple<\/strong><\/p>\n<p>Controle la luz con un control remoto opcional, DMX o una aplicaci\u00f3n para tel\u00e9fonos inteligentes desde distancias de 98 a 164 pies. El Tube Light tiene 32 canales y 6 grupos para amplias opciones de control remoto. <\/p>\n<p><strong>Factor de forma flexible<\/strong><\/p>\n<p>Con 750 mm de largo y 48 mm de di\u00e1metro, puede montarlo en cualquier lugar, sujetarlo discretamente o incluso sostenerlo con la mano.<\/p>\n<p><strong>Bater\u00eda de iones de litio incorporada<\/strong><\/p>\n<p>La bater\u00eda incorporada ofrece 2 horas de autonom\u00eda y mucho m\u00e1s con potencia parcial.<\/p>\n<p><strong>Caracter\u00edsticas t\u00e9cnicas:<\/strong><\/p>\n<div class=\"group_K7YrQottgVsRZ4B6zAaGG\" style=\"margin-bottom: 2.1875rem;font-family: OpenSans, 'Segoe UI', Helvetica, Roboto, Arial, sans-serif;font-size: 16px;background-color: #ffffff\">\n<div class=\"name_3mapjiENorVzh8SvFyXVPc firstGroupInItem_k8WqCFToyTsIW3AYbSuui\" style=\"padding: 0px 0px 0.875rem;border-bottom: 0.125rem solid #cdcdcd;font-size: 2rem;color: #769e2d;line-height: 2rem\" data-selenium=\"specsItemGroupName\"><strong><span style=\"font-size: 12pt\">L\u00e1mpara<\/strong><\/span><\/div>\n<table class=\"table_o418fscimQZEg1oshu4aX\" style=\"width: 981px\" data-selenium=\"specsItemGroupTable\">\n<tbody>\n<tr class=\"pair_3u9fnESIQrtuEu6ye_zM4k\" style=\"border-bottom: 0.0625rem solid #e7e7e7\" data-selenium=\"specsItemGroupTableRow\">\n<td class=\"label_3bLwbW8ibvYc5tUwpKVQsL \" style=\"width: 372px;padding: 1.25rem 0px;border-top: none;vertical-align: baseline;font-size: 1.125rem;color: #666666;line-height: 1.375rem\" data-selenium=\"specsItemGroupTableColumnLabel\">Temperatura de<\/td>\n<p> color<\/p>\n<td class=\"value_11Av1yGkVYn9TX48mQeu9v \" style=\"vertical-align: baseline;font-size: 1.125rem;color: #666666;line-height: 1.375rem;padding: 1.25rem 0px 1.25rem 2.5rem\" data-selenium=\"specsItemGroupTableColumnValue\">De 2700 a 6500K<\/td>\n<\/tr>\n<tr class=\"pair_3u9fnESIQrtuEu6ye_zM4k\" style=\"border-bottom: 0.0625rem solid #e7e7e7\" data-selenium=\"specsItemGroupTableRow\">\n<td class=\"label_3bLwbW8ibvYc5tUwpKVQsL\" style=\"width: 372px;padding: 1.25rem 0px;border-top: none;vertical-align: baseline;font-size: 1.125rem;color: #666666;line-height: 1.375rem\" data-selenium=\"specsItemGroupTableColumnLabel\">Modos de<\/td>\n<p> color<\/p>\n<td class=\"value_11Av1yGkVYn9TX48mQeu9v\" style=\"vertical-align: baseline;font-size: 1.125rem;color: #666666;line-height: 1.375rem;padding: 1.25rem 0px 1.25rem 2.5rem\" data-selenium=\"specsItemGroupTableColumnValue\">Ajuste RGB completo<\/td>\n<\/tr>\n<tr class=\"pair_3u9fnESIQrtuEu6ye_zM4k\" style=\"border-bottom: 0.0625rem solid #e7e7e7\" data-selenium=\"specsItemGroupTableRow\">\n<td class=\"label_3bLwbW8ibvYc5tUwpKVQsL\" style=\"width: 372px;padding: 1.25rem 0px;border-top: none;vertical-align: baseline;font-size: 1.125rem;color: #666666;line-height: 1.375rem\" data-selenium=\"specsItemGroupTableColumnLabel\">Est\u00e1ndar de precisi\u00f3n de color<\/td>\n<td class=\"value_11Av1yGkVYn9TX48mQeu9v\" style=\"vertical-align: baseline;font-size: 1.125rem;color: #666666;line-height: 1.375rem;padding: 1.25rem 0px 1.25rem 2.5rem\" data-selenium=\"specsItemGroupTableColumnValue\">CRI 96<br \/>TLCI 98<\/td>\n<\/tr>\n<tr class=\"pair_3u9fnESIQrtuEu6ye_zM4k\" style=\"border-bottom: 0.0625rem solid #e7e7e7\" data-selenium=\"specsItemGroupTableRow\">\n<td class=\"label_3bLwbW8ibvYc5tUwpKVQsL\" style=\"width: 372px;padding: 1.25rem 0px;border-top: none;vertical-align: baseline;font-size: 1.125rem;color: #666666;line-height: 1.375rem\" data-selenium=\"specsItemGroupTableColumnLabel\">Sistema de refrigeraci\u00f3n<\/td>\n<td class=\"value_11Av1yGkVYn9TX48mQeu9v\" style=\"vertical-align: baseline;font-size: 1.125rem;color: #666666;line-height: 1.375rem;padding: 1.25rem 0px 1.25rem 2.5rem\" data-selenium=\"specsItemGroupTableColumnValue\">Pasivo<\/td>\n<\/tr>\n<tr class=\"pair_3u9fnESIQrtuEu6ye_zM4k\" style=\"border-bottom: 0.0625rem solid #e7e7e7\" data-selenium=\"specsItemGroupTableRow\">\n<td class=\"label_3bLwbW8ibvYc5tUwpKVQsL\" style=\"width: 372px;padding: 1.25rem 0px;border-top: none;vertical-align: baseline;font-size: 1.125rem;color: #666666;line-height: 1.375rem\" data-selenium=\"specsItemGroupTableColumnLabel\">Oscurecimiento<\/td>\n<td class=\"value_11Av1yGkVYn9TX48mQeu9v\" style=\"vertical-align: baseline;font-size: 1.125rem;color: #666666;line-height: 1.375rem;padding: 1.25rem 0px 1.25rem 2.5rem\" data-selenium=\"specsItemGroupTableColumnValue\">S\u00ed, de 0 a 100%<\/td>\n<\/tr>\n<tr class=\"pair_3u9fnESIQrtuEu6ye_zM4k\" style=\"border-bottom: 0.0625rem solid #e7e7e7\" data-selenium=\"specsItemGroupTableRow\">\n<td class=\"label_3bLwbW8ibvYc5tUwpKVQsL\" style=\"width: 372px;padding: 1.25rem 0px;border-top: none;vertical-align: baseline;font-size: 1.125rem;color: #666666;line-height: 1.375rem\" data-selenium=\"specsItemGroupTableColumnLabel\">Dimensiones de la luminaria<\/td>\n<td class=\"value_11Av1yGkVYn9TX48mQeu9v\" style=\"vertical-align: baseline;font-size: 1.125rem;color: #666666;line-height: 1.375rem;padding: 1.25rem 0px 1.25rem 2.5rem\" data-selenium=\"specsItemGroupTableColumnValue\">750,0 x 48,0 mil\u00edmetros<\/td>\n<\/tr>\n<tr class=\"pair_3u9fnESIQrtuEu6ye_zM4k\" style=\"border-bottom: 0.0625rem solid #e7e7e7\" data-selenium=\"specsItemGroupTableRow\">\n<td class=\"label_3bLwbW8ibvYc5tUwpKVQsL\" style=\"width: 372px;padding: 1.25rem 0px;border-top: none;vertical-align: baseline;font-size: 1.125rem;color: #666666;line-height: 1.375rem\" data-selenium=\"specsItemGroupTableColumnLabel\">Peso del<\/td>\n<p> accesorio<\/p>\n<td class=\"value_11Av1yGkVYn9TX48mQeu9v\" style=\"vertical-align: baseline;font-size: 1.125rem;color: #666666;line-height: 1.375rem;padding: 1.25rem 0px 1.25rem 2.5rem\" data-selenium=\"specsItemGroupTableColumnValue\">0,73 kg<\/td>\n<\/tr>\n<\/tbody>\n<\/table>\n<\/div>\n<div class=\"group_K7YrQottgVsRZ4B6zAaGG\" style=\"margin-bottom: 2.1875rem;font-family: OpenSans, 'Segoe UI', Helvetica, Roboto, Arial, sans-serif;font-size: 16px;background-color: #ffffff\">\n<div class=\"name_3mapjiENorVzh8SvFyXVPc\" style=\"padding: 1rem 0px 0.875rem;border-bottom: 0.125rem solid #cdcdcd;font-size: 2rem;color: #769e2d;line-height: 2rem\" data-selenium=\"specsItemGroupName\"><strong><span style=\"font-size: 12pt\">Operaci\u00f3n remota<\/strong><\/span><\/div>\n<table class=\"table_o418fscimQZEg1oshu4aX\" style=\"width: 981px\" data-selenium=\"specsItemGroupTable\">\n<tbody>\n<tr class=\"pair_3u9fnESIQrtuEu6ye_zM4k\" style=\"border-bottom: 0.0625rem solid #e7e7e7\" data-selenium=\"specsItemGroupTableRow\">\n<td class=\"label_3bLwbW8ibvYc5tUwpKVQsL \" style=\"width: 372px;padding: 1.25rem 0px;border-top: none;vertical-align: baseline;font-size: 1.125rem;color: #666666;line-height: 1.375rem\" data-selenium=\"specsItemGroupTableColumnLabel\">Tipo<\/td>\n<p> de control remoto <\/p>\n<td class=\"value_11Av1yGkVYn9TX48mQeu9v \" style=\"vertical-align: baseline;font-size: 1.125rem;color: #666666;line-height: 1.375rem;padding: 1.25rem 0px 1.25rem 2.5rem\" data-selenium=\"specsItemGroupTableColumnValue\">Bluetooth, DMX, Wi-Fi, DMX inal\u00e1mbrico<\/td>\n<\/tr>\n<tr class=\"pair_3u9fnESIQrtuEu6ye_zM4k\" style=\"border-bottom: 0.0625rem solid #e7e7e7\" data-selenium=\"specsItemGroupTableRow\">\n<td class=\"label_3bLwbW8ibvYc5tUwpKVQsL\" style=\"width: 372px;padding: 1.25rem 0px;border-top: none;vertical-align: baseline;font-size: 1.125rem;color: #666666;line-height: 1.375rem\" data-selenium=\"specsItemGroupTableColumnLabel\">Alcance<\/td>\n<p> inal\u00e1mbrico<\/p>\n<td class=\"value_11Av1yGkVYn9TX48mQeu9v\" style=\"vertical-align: baseline;font-size: 1.125rem;color: #666666;line-height: 1.375rem;padding: 1.25rem 0px 1.25rem 2.5rem\" data-selenium=\"specsItemGroupTableColumnValue\">50 m<\/td>\n<\/tr>\n<tr class=\"pair_3u9fnESIQrtuEu6ye_zM4k\" style=\"border-bottom: 0.0625rem solid #e7e7e7\" data-selenium=\"specsItemGroupTableRow\">\n<td class=\"label_3bLwbW8ibvYc5tUwpKVQsL\" style=\"width: 372px;padding: 1.25rem 0px;border-top: none;vertical-align: baseline;font-size: 1.125rem;color: #666666;line-height: 1.375rem\" data-selenium=\"specsItemGroupTableColumnLabel\">Canales\/grupos inal\u00e1mbricos<\/td>\n<td class=\"value_11Av1yGkVYn9TX48mQeu9v\" style=\"vertical-align: baseline;font-size: 1.125rem;color: #666666;line-height: 1.375rem;padding: 1.25rem 0px 1.25rem 2.5rem\" data-selenium=\"specsItemGroupTableColumnValue\">32\/6<\/td>\n<\/tr>\n<\/tbody>\n<\/table>\n<\/div>\n<div class=\"group_K7YrQottgVsRZ4B6zAaGG\" style=\"margin-bottom: 2.1875rem;font-family: OpenSans, 'Segoe UI', Helvetica, Roboto, Arial, sans-serif;font-size: 16px;background-color: #ffffff\">\n<div class=\"name_3mapjiENorVzh8SvFyXVPc\" style=\"padding: 1rem 0px 0.875rem;border-bottom: 0.125rem solid #cdcdcd;font-size: 2rem;color: #769e2d;line-height: 2rem\" data-selenium=\"specsItemGroupName\"><strong><span style=\"font-size: 12pt\">Poder<\/strong><\/span><\/div>\n<table class=\"table_o418fscimQZEg1oshu4aX\" style=\"width: 981px\" data-selenium=\"specsItemGroupTable\">\n<tbody>\n<tr class=\"pair_3u9fnESIQrtuEu6ye_zM4k\" style=\"border-bottom: 0.0625rem solid #e7e7e7\" data-selenium=\"specsItemGroupTableRow\">\nFuente <\/p>\n<td class=\"label_3bLwbW8ibvYc5tUwpKVQsL \" style=\"width: 372px;padding: 1.25rem 0px;border-top: none;vertical-align: baseline;font-size: 1.125rem;color: #666666;line-height: 1.375rem\" data-selenium=\"specsItemGroupTableColumnLabel\">de alimentaci\u00f3n<\/td>\n<td class=\"value_11Av1yGkVYn9TX48mQeu9v \" style=\"vertical-align: baseline;font-size: 1.125rem;color: #666666;line-height: 1.375rem;padding: 1.25rem 0px 1.25rem 2.5rem\" data-selenium=\"specsItemGroupTableColumnValue\">Bater\u00eda integrada<\/td>\n<\/tr>\n<tr class=\"pair_3u9fnESIQrtuEu6ye_zM4k\" style=\"border-bottom: 0.0625rem solid #e7e7e7\" data-selenium=\"specsItemGroupTableRow\">\n<td class=\"label_3bLwbW8ibvYc5tUwpKVQsL\" style=\"width: 372px;padding: 1.25rem 0px;border-top: none;vertical-align: baseline;font-size: 1.125rem;color: #666666;line-height: 1.375rem\" data-selenium=\"specsItemGroupTableColumnLabel\">Consumo m\u00e1ximo de energ\u00eda<\/td>\n<td class=\"value_11Av1yGkVYn9TX48mQeu9v\" style=\"vertical-align: baseline;font-size: 1.125rem;color: #666666;line-height: 1.375rem;padding: 1.25rem 0px 1.25rem 2.5rem\" data-selenium=\"specsItemGroupTableColumnValue\">18 W<\/td>\n<\/tr>\n<\/tbody>\n<\/table>\n<\/div>\n<div class=\"group_K7YrQottgVsRZ4B6zAaGG\" style=\"margin-bottom: 2.1875rem;font-family: OpenSans, 'Segoe UI', Helvetica, Roboto, Arial, sans-serif;font-size: 16px;background-color: #ffffff\">\n<div class=\"name_3mapjiENorVzh8SvFyXVPc\" style=\"padding: 1rem 0px 0.875rem;border-bottom: 0.125rem solid #cdcdcd;font-size: 2rem;color: #769e2d;line-height: 2rem\" data-selenium=\"specsItemGroupName\"><strong><span style=\"font-size: 12pt\">Bater\u00eda interna<\/strong><\/span><\/div>\n<table class=\"table_o418fscimQZEg1oshu4aX\" style=\"width: 981px\" data-selenium=\"specsItemGroupTable\">\n<tbody>\n<tr class=\"pair_3u9fnESIQrtuEu6ye_zM4k\" style=\"border-bottom: 0.0625rem solid #e7e7e7\" data-selenium=\"specsItemGroupTableRow\">\n<td class=\"label_3bLwbW8ibvYc5tUwpKVQsL \" style=\"width: 372px;padding: 1.25rem 0px;border-top: none;vertical-align: baseline;font-size: 1.125rem;color: #666666;line-height: 1.375rem\" data-selenium=\"specsItemGroupTableColumnLabel\">Ejecuci\u00f3n<\/td>\n<td class=\"value_11Av1yGkVYn9TX48mQeu9v \" style=\"vertical-align: baseline;font-size: 1.125rem;color: #666666;line-height: 1.375rem;padding: 1.25rem 0px 1.25rem 2.5rem\" data-selenium=\"specsItemGroupTableColumnValue\">2 horas a plena potencia<\/td>\n<\/tr>\n<\/tbody>\n<\/table>\n<\/div>\n","protected":false},"excerpt":{"rendered":"<p>Iluminador LED GODOX 1x TL60 (Bicolor + RGB) Caracter\u00edsticas principales Color: 2700-6500K, CRI\/TLCI: 96\/98 RGB con control HSI, 40 filtros<\/p>\n","protected":false},"featured_media":60147,"comment_status":"closed","ping_status":"open","template":"","meta":{"_acf_changed":false},"product_brand":[2555],"product_cat":[999],"product_tag":[],"class_list":{"0":"post-72671","1":"product","2":"type-product","3":"status-publish","4":"has-post-thumbnail","6":"product_brand-godox-es","7":"product_cat-tubulares-es","9":"first","10":"onbackorder","11":"taxable","12":"shipping-taxable","13":"purchasable","14":"product-type-simple"},"bundled_by":[],"bundle_stock_status":"onbackorder","bundle_stock_quantity":0,"bundle_virtual":false,"bundle_layout":"","bundle_add_to_cart_form_location":"","bundle_editable_in_cart":false,"bundle_sold_individually_context":"","bundle_item_grouping":"","bundle_min_size":"","bundle_max_size":"","bundle_price":[],"bundled_items":[],"bundle_sell_ids":[],"acf":[],"_links":{"self":[{"href":"https:\/\/hi-techwonder.com\/es\/wp-json\/wp\/v2\/product\/72671","targetHints":{"allow":["GET"]}}],"collection":[{"href":"https:\/\/hi-techwonder.com\/es\/wp-json\/wp\/v2\/product"}],"about":[{"href":"https:\/\/hi-techwonder.com\/es\/wp-json\/wp\/v2\/types\/product"}],"replies":[{"embeddable":true,"href":"https:\/\/hi-techwonder.com\/es\/wp-json\/wp\/v2\/comments?post=72671"}],"wp:featuredmedia":[{"embeddable":true,"href":"https:\/\/hi-techwonder.com\/es\/wp-json\/wp\/v2\/media\/60147"}],"wp:attachment":[{"href":"https:\/\/hi-techwonder.com\/es\/wp-json\/wp\/v2\/media?parent=72671"}],"wp:term":[{"taxonomy":"product_brand","embeddable":true,"href":"https:\/\/hi-techwonder.com\/es\/wp-json\/wp\/v2\/product_brand?post=72671"},{"taxonomy":"product_cat","embeddable":true,"href":"https:\/\/hi-techwonder.com\/es\/wp-json\/wp\/v2\/product_cat?post=72671"},{"taxonomy":"product_tag","embeddable":true,"href":"https:\/\/hi-techwonder.com\/es\/wp-json\/wp\/v2\/product_tag?post=72671"}],"curies":[{"name":"wp","href":"https:\/\/api.w.org\/{rel}","templated":true}]}}