{"id":72672,"date":"2025-07-29T10:09:21","date_gmt":"2025-07-29T10:09:21","guid":{"rendered":"https:\/\/fv6qoy3ls0.wpdns.site\/produto\/iluminador-de-zoom-led-godox-sz300r-rgb\/"},"modified":"2026-01-31T01:48:11","modified_gmt":"2026-01-31T01:48:11","slug":"godox-iluminador-de-zoom-led-godox-sz300r-rgb","status":"publish","type":"product","link":"https:\/\/hi-techwonder.com\/es\/producto\/godox-iluminador-de-zoom-led-godox-sz300r-rgb\/","title":{"rendered":"Iluminador de zoom LED GODOX SZ300R RGB"},"content":{"rendered":"<p><b>Iluminador de zoom LED GODOX SZ300R RGB<\/b><\/p>\n<p><\/p>\n<p>Godox SZ300R es una luz de video LED vers\u00e1til con zoom dise\u00f1ada para vide\u00f3grafos y fot\u00f3grafos profesionales que requieren un control de iluminaci\u00f3n preciso y precisi\u00f3n de color.  <\/p>\n<p>Tiene un \u00e1ngulo de haz que se puede ajustar de 20 a 65 grados, lo que facilita el enfoque y la dispersi\u00f3n de la luz para un equilibrio perfecto entre brillo y sombra.&nbsp;<\/p>\n<p><\/p>\n<p><iframe loading=\"lazy\" frameborder=\"0\" src=\"https:\/\/www.youtube.com\/embed\/cEBlHOG01Ts?start=10\" width=\"640\" height=\"360\"><\/iframe><\/p>\n<p><\/p>\n<p>Los modos de color como CCT, HSI, RGB y GEL le permiten manipular un amplio espectro de colores y crear un espacio impresionante con facilidad. La temperatura de color oscila entre 2.500 K y 10.000 K, ofreciendo una amplia variedad de opciones de fr\u00edo y calor. Tiene 14 efectos FX, lo que le permite controlar la velocidad y crear una variedad de escenas.  &nbsp;<\/p>\n<p><\/p>\n<p>El SZ300R se puede controlar a trav\u00e9s de 2.4G, Bluetooth y DMX, lo que le permite ajustar la iluminaci\u00f3n sin estar f\u00edsicamente en las luminarias. Con la capacidad de actualizar el firmware de sus luces, se convierte en un proceso sin complicaciones para mejorar el rendimiento y la funcionalidad, lo que lleva a una mejor experiencia de usuario. <\/p>\n<p><b>Funciones<\/b><\/p>\n<ul>\n<li>Modelo: SZ300R<\/li>\n<li>Salida del adaptador: 52V5.7A<\/li>\n<li>Potencia: M\u00e1x. 330W <\/li>\n<li>CCT: 2500-10000K<\/li>\n<li>Rango de brillo: 0% -100%<\/li>\n<li>Tipo de efectos: 14<\/li>\n<li>CRI: =96<\/li>\n<li>TLCI: =96<\/li>\n<li>VICTORIA: 32 (1-32)<\/li>\n<li>PORTERO: 16 (AF, 0-9)<\/li>\n<li>Identificaci\u00f3n: 99 (1-99)<\/li>\n<li>Modo: Modo CCT \/ Modo HSI \/ Modo RGBW \/ Modo GEL \/ Modo FX<\/li>\n<li>M\u00e9todo de control: control inal\u00e1mbrico 2.4G \/ control DMX512 \/ control de cuerpo ligero<\/li>\n<li>Distancia de control de 2.4G: m\u00e1x. 50 m <\/li>\n<li>Distancia de verificaci\u00f3n de Bluetooth: m\u00e1x. 30 m <\/li>\n<li>Zoom: \u00e1ngulo de iluminaci\u00f3n 20 \u00b0 ~ 65 \u00b0<\/li>\n<li>\u00c1ngulo ajustable del soporte tipo U: 360 \u00b0<\/li>\n<li>Temperatura ambiente de trabajo: -10 ?~40?<\/li>\n<li>Dimensi\u00f3n (incluido el soporte tipo U): 354 mm x 201 mm x 378 mm<\/li>\n<li>Peso neto (incluido el soporte tipo U): 3,2 kg<\/li>\n<\/ul>\n<p><b>Contenido del paquete:<\/b><\/p>\n<p>1x cuerpo ligero<\/p>\n<p>1x Cable de acero<\/p>\n<p>1x Cable de alimentaci\u00f3n<\/p>\n<p>1x soporte adaptador<\/p>\n<p>1x reflector<\/p>\n<p>1x Adaptador<\/p>\n<p>1x cubierta protectora<\/p>\n","protected":false},"excerpt":{"rendered":"<p>Iluminador de zoom LED GODOX SZ300R RGB Godox SZ300R es una luz de video LED vers\u00e1til con zoom dise\u00f1ada para<\/p>\n","protected":false},"featured_media":59214,"comment_status":"closed","ping_status":"open","template":"","meta":{"_acf_changed":false},"product_brand":[2555],"product_cat":[997],"product_tag":[],"class_list":{"0":"post-72672","1":"product","2":"type-product","3":"status-publish","4":"has-post-thumbnail","6":"product_brand-godox-es","7":"product_cat-focos","9":"first","10":"onbackorder","11":"taxable","12":"shipping-taxable","13":"purchasable","14":"product-type-simple"},"bundled_by":[],"bundle_stock_status":"onbackorder","bundle_stock_quantity":0,"bundle_virtual":false,"bundle_layout":"","bundle_add_to_cart_form_location":"","bundle_editable_in_cart":false,"bundle_sold_individually_context":"","bundle_item_grouping":"","bundle_min_size":"","bundle_max_size":"","bundle_price":[],"bundled_items":[],"bundle_sell_ids":[],"acf":[],"_links":{"self":[{"href":"https:\/\/hi-techwonder.com\/es\/wp-json\/wp\/v2\/product\/72672","targetHints":{"allow":["GET"]}}],"collection":[{"href":"https:\/\/hi-techwonder.com\/es\/wp-json\/wp\/v2\/product"}],"about":[{"href":"https:\/\/hi-techwonder.com\/es\/wp-json\/wp\/v2\/types\/product"}],"replies":[{"embeddable":true,"href":"https:\/\/hi-techwonder.com\/es\/wp-json\/wp\/v2\/comments?post=72672"}],"wp:featuredmedia":[{"embeddable":true,"href":"https:\/\/hi-techwonder.com\/es\/wp-json\/wp\/v2\/media\/59214"}],"wp:attachment":[{"href":"https:\/\/hi-techwonder.com\/es\/wp-json\/wp\/v2\/media?parent=72672"}],"wp:term":[{"taxonomy":"product_brand","embeddable":true,"href":"https:\/\/hi-techwonder.com\/es\/wp-json\/wp\/v2\/product_brand?post=72672"},{"taxonomy":"product_cat","embeddable":true,"href":"https:\/\/hi-techwonder.com\/es\/wp-json\/wp\/v2\/product_cat?post=72672"},{"taxonomy":"product_tag","embeddable":true,"href":"https:\/\/hi-techwonder.com\/es\/wp-json\/wp\/v2\/product_tag?post=72672"}],"curies":[{"name":"wp","href":"https:\/\/api.w.org\/{rel}","templated":true}]}}