{"id":72676,"date":"2025-07-29T09:55:58","date_gmt":"2025-07-29T09:55:58","guid":{"rendered":"https:\/\/fv6qoy3ls0.wpdns.site\/produto\/bateria-godox-wb100-para-ad100-pro\/"},"modified":"2026-01-31T01:56:02","modified_gmt":"2026-01-31T01:56:02","slug":"godox-bateria-godox-wb100-para-ad100-pro","status":"publish","type":"product","link":"https:\/\/hi-techwonder.com\/es\/producto\/godox-bateria-godox-wb100-para-ad100-pro\/","title":{"rendered":"Bater\u00eda GODOX WB100 para AD100 Pro"},"content":{"rendered":"<p>La bater\u00eda Godox WB100 es una pieza de repuesto o repuesto para el AD100Pro. La bater\u00eda de iones de litio de 7,2 V \/ 2600 mAh es extra\u00edble y recargable. <\/p>\n","protected":false},"excerpt":{"rendered":"<p>La bater\u00eda Godox WB100 es una pieza de repuesto o repuesto para el AD100Pro. La bater\u00eda de iones de litio<\/p>\n","protected":false},"featured_media":56101,"comment_status":"closed","ping_status":"open","template":"","meta":{"_acf_changed":false},"product_brand":[2555],"product_cat":[987],"product_tag":[],"class_list":{"0":"post-72676","1":"product","2":"type-product","3":"status-publish","4":"has-post-thumbnail","6":"product_brand-godox-es","7":"product_cat-accesorios-flashes-de-estudio","9":"first","10":"instock","11":"taxable","12":"shipping-taxable","13":"purchasable","14":"product-type-simple"},"bundled_by":[],"bundle_stock_status":"instock","bundle_stock_quantity":1,"bundle_virtual":false,"bundle_layout":"","bundle_add_to_cart_form_location":"","bundle_editable_in_cart":false,"bundle_sold_individually_context":"","bundle_item_grouping":"","bundle_min_size":"","bundle_max_size":"","bundle_price":[],"bundled_items":[],"bundle_sell_ids":[],"acf":[],"_links":{"self":[{"href":"https:\/\/hi-techwonder.com\/es\/wp-json\/wp\/v2\/product\/72676","targetHints":{"allow":["GET"]}}],"collection":[{"href":"https:\/\/hi-techwonder.com\/es\/wp-json\/wp\/v2\/product"}],"about":[{"href":"https:\/\/hi-techwonder.com\/es\/wp-json\/wp\/v2\/types\/product"}],"replies":[{"embeddable":true,"href":"https:\/\/hi-techwonder.com\/es\/wp-json\/wp\/v2\/comments?post=72676"}],"wp:featuredmedia":[{"embeddable":true,"href":"https:\/\/hi-techwonder.com\/es\/wp-json\/wp\/v2\/media\/56101"}],"wp:attachment":[{"href":"https:\/\/hi-techwonder.com\/es\/wp-json\/wp\/v2\/media?parent=72676"}],"wp:term":[{"taxonomy":"product_brand","embeddable":true,"href":"https:\/\/hi-techwonder.com\/es\/wp-json\/wp\/v2\/product_brand?post=72676"},{"taxonomy":"product_cat","embeddable":true,"href":"https:\/\/hi-techwonder.com\/es\/wp-json\/wp\/v2\/product_cat?post=72676"},{"taxonomy":"product_tag","embeddable":true,"href":"https:\/\/hi-techwonder.com\/es\/wp-json\/wp\/v2\/product_tag?post=72676"}],"curies":[{"name":"wp","href":"https:\/\/api.w.org\/{rel}","templated":true}]}}