{"id":72678,"date":"2025-07-28T23:28:05","date_gmt":"2025-07-28T23:28:05","guid":{"rendered":"https:\/\/fv6qoy3ls0.wpdns.site\/produto\/bateria-godox-vb30-para-flash-speedlite-v1pro-2890mah\/"},"modified":"2026-04-21T08:40:55","modified_gmt":"2026-04-21T07:40:55","slug":"godox-bateria-godox-vb30-para-flash-speedlite-v1pro-2890mah","status":"publish","type":"product","link":"https:\/\/hi-techwonder.com\/es\/producto\/godox-bateria-godox-vb30-para-flash-speedlite-v1pro-2890mah\/","title":{"rendered":"Bater\u00eda GODOX VB30 para Flash Speedlite V1Pro 2890mAh"},"content":{"rendered":"<p><strong>Bater\u00eda GODOX VB30 para Flash Speedlite V1 Pro 2890mAh<\/strong><\/p>\n<p><strong>Funciones:<\/strong><\/p>\n<ul>\n<li>Bater\u00eda de iones de litio<\/li>\n<li>7,2 V \/ 2980 mAh<\/li>\n<\/ul>\n<p><strong>Contenido del paquete:<\/strong><\/p>\n<ul>\n<li>Bater\u00eda Godox VB30 para Flash Speedlite V1Pro<\/li>\n<\/ul>\n<p><strong>Godox VB30; Descripci\u00f3n:<\/strong><\/p>\n<ul>\n<li style=\"text-align: justify\">La bater\u00eda VB30 para el cabezal de flash V1Pro de Godox es una fuente de alimentaci\u00f3n recargable de iones de litio para el cabezal. Esta bater\u00eda tiene una capacidad nominal de 7,2 V y 2980 mAh para una capacidad de 21 Wh. <\/li>\n<\/ul>\n<p><strong>Caracter\u00edsticas t\u00e9cnicas:<\/strong><\/p>\n<p><strong style=\"font-size: 2rem;background-color: #ffffff;font-family: OpenSans, 'Segoe UI', Helvetica, Roboto, Arial, sans-serif;text-transform: capitalize\">General<\/strong><\/p>\n<div class=\"group_fDXOr6EpR9\" style=\"margin-bottom: 2.1875rem;font-family: OpenSans, 'Segoe UI', Helvetica, Roboto, Arial, sans-serif;font-size: 16px;background-color: #ffffff\">\n<table class=\"table_fDXOr6EpR9\" style=\"width: 936.656px\" data-selenium=\"specsItemGroupTable\">\n<tbody>\n<tr class=\"pair_KqJ3Q3GPKv\" style=\"border-bottom: 0.0625rem solid #e5e5e5\" data-selenium=\"specsItemGroupTableRow\">\n<td class=\"label_KqJ3Q3GPKv \" style=\"border-top: none;padding: 1.25rem 0px;width: 355.922px;color: #666666;font-size: 1.125rem;line-height: 1.375rem;vertical-align: baseline\" data-selenium=\"specsItemGroupTableColumnLabel\"><span style=\"vertical-align: inherit\">Compatibilidad<\/span><\/td>\n<td class=\"value_KqJ3Q3GPKv \" style=\"color: #666666;font-size: 1.125rem;line-height: 1.375rem;vertical-align: baseline;padding: 1.25rem 0px 1.25rem 2.5rem\" data-selenium=\"specsItemGroupTableColumnValue\">\n<div class=\"expandableValue_KqJ3Q3GPKv\"><span style=\"vertical-align: inherit\"><span style=\"vertical-align: inherit\">Godox<\/span><span style=\"vertical-align: inherit\">V1Pro<\/span><\/span><\/div>\n<\/td>\n<\/tr>\n<\/tbody>\n<\/table>\n<\/div>\n<div class=\"group_fDXOr6EpR9\" style=\"margin-bottom: 2.1875rem;font-family: OpenSans, 'Segoe UI', Helvetica, Roboto, Arial, sans-serif;font-size: 16px;background-color: #ffffff\">\n<div class=\"name_fDXOr6EpR9\" style=\"border-bottom: 0.125rem solid #cccccc;color: #3f9a59;font-size: 2rem;line-height: 2rem;padding: 1rem 0px 0.875rem\" data-selenium=\"specsItemGroupName\"><strong><span style=\"vertical-align: inherit\">Bater\u00eda<\/span><\/strong><\/div>\n<table class=\"table_fDXOr6EpR9\" style=\"width: 936.656px;height: 44px\" data-selenium=\"specsItemGroupTable\">\n<tbody>\n<tr class=\"pair_KqJ3Q3GPKv\" style=\"border-bottom: 0.0625rem solid #e5e5e5;height: 22px\" data-selenium=\"specsItemGroupTableRow\">\n<td class=\"label_KqJ3Q3GPKv \" style=\"border-top: none;padding: 1.25rem 0px;width: 355.922px;color: #666666;font-size: 1.125rem;line-height: 1.375rem;vertical-align: baseline;height: 22px\" data-selenium=\"specsItemGroupTableColumnLabel\"><span style=\"vertical-align: inherit\">Qu\u00edmica de la bater\u00eda<\/span><\/td>\n<td class=\"value_KqJ3Q3GPKv \" style=\"color: #666666;font-size: 1.125rem;line-height: 1.375rem;vertical-align: baseline;padding: 1.25rem 0px 1.25rem 2.5rem;height: 22px\" data-selenium=\"specsItemGroupTableColumnValue\">\n<div class=\"expandableValue_KqJ3Q3GPKv\">Iones de litio<\/div>\n<\/td>\n<\/tr>\n<tr class=\"pair_KqJ3Q3GPKv\" style=\"border-bottom: 0.0625rem solid #e5e5e5;height: 22px\" data-selenium=\"specsItemGroupTableRow\">\n<td class=\"label_KqJ3Q3GPKv\" style=\"border-top: none;padding: 1.25rem 0px;width: 355.922px;color: #666666;font-size: 1.125rem;line-height: 1.375rem;vertical-align: baseline;height: 22px\" data-selenium=\"specsItemGroupTableColumnLabel\"><span style=\"vertical-align: inherit\">Capacidad de carga<\/span><\/td>\n<td class=\"value_KqJ3Q3GPKv\" style=\"color: #666666;font-size: 1.125rem;line-height: 1.375rem;vertical-align: baseline;padding: 1.25rem 0px 1.25rem 2.5rem;height: 22px\" data-selenium=\"specsItemGroupTableColumnValue\">\n<div class=\"expandableValue_KqJ3Q3GPKv\">2890 mAh \/ 21 Wh<\/div>\n<\/td>\n<\/tr>\n<\/tbody>\n<\/table>\n<\/div>\n","protected":false},"excerpt":{"rendered":"<p>Bater\u00eda GODOX VB30 para Flash Speedlite V1 Pro 2890mAh Funciones: Bater\u00eda de iones de litio 7,2 V \/ 2980 mAh<\/p>\n","protected":false},"featured_media":22239,"comment_status":"closed","ping_status":"closed","template":"","meta":{"_acf_changed":false},"product_brand":[2555],"product_cat":[861],"product_tag":[],"class_list":{"0":"post-72678","1":"product","2":"type-product","3":"status-publish","4":"has-post-thumbnail","6":"product_brand-godox-es","7":"product_cat-otras","9":"first","10":"pre-order","11":"taxable","12":"shipping-taxable","13":"purchasable","14":"product-type-simple"},"bundled_by":[],"bundle_stock_status":"pre-order","bundle_stock_quantity":null,"bundle_virtual":false,"bundle_layout":"","bundle_add_to_cart_form_location":"","bundle_editable_in_cart":false,"bundle_sold_individually_context":"","bundle_item_grouping":"","bundle_min_size":"","bundle_max_size":"","bundle_price":[],"bundled_items":[],"bundle_sell_ids":[],"acf":[],"_links":{"self":[{"href":"https:\/\/hi-techwonder.com\/es\/wp-json\/wp\/v2\/product\/72678","targetHints":{"allow":["GET"]}}],"collection":[{"href":"https:\/\/hi-techwonder.com\/es\/wp-json\/wp\/v2\/product"}],"about":[{"href":"https:\/\/hi-techwonder.com\/es\/wp-json\/wp\/v2\/types\/product"}],"replies":[{"embeddable":true,"href":"https:\/\/hi-techwonder.com\/es\/wp-json\/wp\/v2\/comments?post=72678"}],"wp:featuredmedia":[{"embeddable":true,"href":"https:\/\/hi-techwonder.com\/es\/wp-json\/wp\/v2\/media\/22239"}],"wp:attachment":[{"href":"https:\/\/hi-techwonder.com\/es\/wp-json\/wp\/v2\/media?parent=72678"}],"wp:term":[{"taxonomy":"product_brand","embeddable":true,"href":"https:\/\/hi-techwonder.com\/es\/wp-json\/wp\/v2\/product_brand?post=72678"},{"taxonomy":"product_cat","embeddable":true,"href":"https:\/\/hi-techwonder.com\/es\/wp-json\/wp\/v2\/product_cat?post=72678"},{"taxonomy":"product_tag","embeddable":true,"href":"https:\/\/hi-techwonder.com\/es\/wp-json\/wp\/v2\/product_tag?post=72678"}],"curies":[{"name":"wp","href":"https:\/\/api.w.org\/{rel}","templated":true}]}}