{"id":72684,"date":"2025-07-29T09:59:16","date_gmt":"2025-07-29T09:59:16","guid":{"rendered":"https:\/\/fv6qoy3ls0.wpdns.site\/produto\/flash-v860iii-godox-speedlite-sistema-om-panasonic\/"},"modified":"2026-01-31T01:52:40","modified_gmt":"2026-01-31T01:52:40","slug":"godox-flash-v860iii-godox-speedlite-sistema-om-panasonic","status":"publish","type":"product","link":"https:\/\/hi-techwonder.com\/es\/producto\/godox-flash-v860iii-godox-speedlite-sistema-om-panasonic\/","title":{"rendered":"Flash V860III GODOX Speedlite &#8211; Sistema OM \/ Panasonic"},"content":{"rendered":"<p>Totalmente compatible con sistemas TTL, V860III admite muchas funciones y caracter\u00edsticas avanzadas. Adem\u00e1s, cuenta con el sistema de radio inal\u00e1mbrico Godox X, que ofrece la funcionalidad de distancia TTL de distancia maestro y esclavo. <\/p>\n<p><iframe loading=\"lazy\" src=\"https:\/\/www.youtube.com\/embed\/BvGgS_nnLK4\" width=\"560\" height=\"314\" allowfullscreen=\"allowfullscreen\"><\/iframe><\/p>\n<p><strong>Caracter\u00edsticas principales:<\/strong><\/p>\n<ul>\n<li>Sistema de radio inal\u00e1mbrico X incorporado<\/li>\n<li>Reciclaje 1,5 segundos Potencia total<\/li>\n<li>N\u00famero de gu\u00eda: 60 m en ISO 100<\/li>\n<li>La bater\u00eda proporciona 480 destellos de potencia m\u00e1xima<\/li>\n<li>Cobertura de flash: 20-200 mm<\/li>\n<li>Funcionalidad TTL maestro\/esclavo inal\u00e1mbrico<\/li>\n<\/ul>\n<p>La potencia, la velocidad y la transmisi\u00f3n de radio incorporada hacen que el kit de flash de iones de litio TTL V860III de Godox sea una opci\u00f3n dif\u00edcil de superar para sus c\u00e1maras Olympus y Panasonic. Totalmente compatible con los sistemas TTL, Ving V860III admite muchas funciones y caracter\u00edsticas avanzadas. Adem\u00e1s, cuenta con el sistema de radio inal\u00e1mbrico Godox X, que proporciona funcionalidad TTL maestro y esclavo a distancia. Adem\u00e1s, el flash es potente y vers\u00e1til, con un n\u00famero gu\u00eda de 60 m a ISO 100 y 200 mm junto con un rango de zoom de 20-200 mm. Y este flash funciona con una bater\u00eda recargable de iones de litio que garantiza una recarga r\u00e1pida con una capacidad de hasta 480 flashes de m\u00e1xima potencia.    <\/p>\n<p>Para el funcionamiento general, el Ving V860III tiene capacidades de flash de rebote completo, que incluyen inclinaci\u00f3n y giro hacia la izquierda y hacia la derecha. Como unidad compatible con TTL, este flash admite sincronizaci\u00f3n de alta velocidad, compensaci\u00f3n de exposici\u00f3n con flash, sincronizaci\u00f3n de 1\u00aa y 2\u00aa cortina y m\u00e1s. Adem\u00e1s, puede funcionar como una unidad \u00f3ptica maestra o esclava si es necesario.  <\/p>\n<p><strong>Especificaciones <span style=\"font-size: 12pt;background-color: #ffffff;font-family: OpenSans, 'Segoe UI', Helvetica, Roboto, Arial, sans-serif;text-transform: capitalize\"> de Godox V860III<\/strong><\/span><\/p>\n<div class=\"group_K7YrQottgVsRZ4B6zAaGG\" style=\"margin-bottom: 2.1875rem;font-family: OpenSans, 'Segoe UI', Helvetica, Roboto, Arial, sans-serif;font-size: 16px;background-color: #ffffff\">\n<div class=\"name_3mapjiENorVzh8SvFyXVPc firstGroupInItem_k8WqCFToyTsIW3AYbSuui\" style=\"padding: 0px 0px 0.875rem;border-bottom: 0.125rem solid #cdcdcd;font-size: 2rem;color: #769e2d;line-height: 2rem\" data-selenium=\"specsItemGroupName\">Cabezal de flash<\/div>\n<table class=\"table_o418fscimQZEg1oshu4aX\" style=\"width: 981.75px\" data-selenium=\"specsItemGroupTable\">\n<tbody>\n<tr class=\"pair_3u9fnESIQrtuEu6ye_zM4k\" style=\"border-bottom: 0.0625rem solid #e7e7e7\" data-selenium=\"specsItemGroupTableRow\">\n<td class=\"label_3bLwbW8ibvYc5tUwpKVQsL \" style=\"width: 373.062px;padding: 1.25rem 0px;border-top: none;vertical-align: baseline;font-size: 1.125rem;color: #666666;line-height: 1.375rem\" data-selenium=\"specsItemGroupTableColumnLabel\">N\u00famero de gu\u00eda<\/td>\n<td class=\"value_11Av1yGkVYn9TX48mQeu9v \" style=\"vertical-align: baseline;font-size: 1.125rem;color: #666666;line-height: 1.375rem;padding: 1.25rem 0px 1.25rem 2.5rem\" data-selenium=\"specsItemGroupTableColumnValue\">60 m a ISO 100 (posici\u00f3n de 200 mm)<\/td>\n<\/tr>\n<tr class=\"pair_3u9fnESIQrtuEu6ye_zM4k\" style=\"border-bottom: 0.0625rem solid #e7e7e7\" data-selenium=\"specsItemGroupTableRow\">\n<td class=\"label_3bLwbW8ibvYc5tUwpKVQsL\" style=\"width: 373.062px;padding: 1.25rem 0px;border-top: none;vertical-align: baseline;font-size: 1.125rem;color: #666666;line-height: 1.375rem\" data-selenium=\"specsItemGroupTableColumnLabel\">Cubrir<\/td>\n<td class=\"value_11Av1yGkVYn9TX48mQeu9v\" style=\"vertical-align: baseline;font-size: 1.125rem;color: #666666;line-height: 1.375rem;padding: 1.25rem 0px 1.25rem 2.5rem\" data-selenium=\"specsItemGroupTableColumnValue\"><span style=\"font-weight: bolder\">Imagen completa<br \/>De 20 a 200 mm<\/span><\/td>\n<\/tr>\n<tr class=\"pair_3u9fnESIQrtuEu6ye_zM4k\" style=\"border-bottom: 0.0625rem solid #e7e7e7\" data-selenium=\"specsItemGroupTableRow\">\n<td class=\"label_3bLwbW8ibvYc5tUwpKVQsL\" style=\"width: 373.062px;padding: 1.25rem 0px;border-top: none;vertical-align: baseline;font-size: 1.125rem;color: #666666;line-height: 1.375rem\" data-selenium=\"specsItemGroupTableColumnLabel\">Cabezal de zoom autom\u00e1tico<\/td>\n<td class=\"value_11Av1yGkVYn9TX48mQeu9v\" style=\"vertical-align: baseline;font-size: 1.125rem;color: #666666;line-height: 1.375rem;padding: 1.25rem 0px 1.25rem 2.5rem\" data-selenium=\"specsItemGroupTableColumnValue\">S\u00ed<\/td>\n<\/tr>\n<tr class=\"pair_3u9fnESIQrtuEu6ye_zM4k\" style=\"border-bottom: 0.0625rem solid #e7e7e7\" data-selenium=\"specsItemGroupTableRow\">\n<td class=\"label_3bLwbW8ibvYc5tUwpKVQsL\" style=\"width: 373.062px;padding: 1.25rem 0px;border-top: none;vertical-align: baseline;font-size: 1.125rem;color: #666666;line-height: 1.375rem\" data-selenium=\"specsItemGroupTableColumnLabel\">Cabeza plegada<\/td>\n<td class=\"value_11Av1yGkVYn9TX48mQeu9v\" style=\"vertical-align: baseline;font-size: 1.125rem;color: #666666;line-height: 1.375rem;padding: 1.25rem 0px 1.25rem 2.5rem\" data-selenium=\"specsItemGroupTableColumnValue\"><em>Ninguno<\/em><\/td>\n<\/tr>\n<tr class=\"pair_3u9fnESIQrtuEu6ye_zM4k\" style=\"border-bottom: 0.0625rem solid #e7e7e7\" data-selenium=\"specsItemGroupTableRow\">\n<td class=\"label_3bLwbW8ibvYc5tUwpKVQsL\" style=\"width: 373.062px;padding: 1.25rem 0px;border-top: none;vertical-align: baseline;font-size: 1.125rem;color: #666666;line-height: 1.375rem\" data-selenium=\"specsItemGroupTableColumnLabel\">Cabezal giratorio<\/td>\n<td class=\"value_11Av1yGkVYn9TX48mQeu9v\" style=\"vertical-align: baseline;font-size: 1.125rem;color: #666666;line-height: 1.375rem;padding: 1.25rem 0px 1.25rem 2.5rem\" data-selenium=\"specsItemGroupTableColumnValue\"><em>Ninguno<\/em><\/td>\n<\/tr>\n<tr class=\"pair_3u9fnESIQrtuEu6ye_zM4k\" style=\"border-bottom: 0.0625rem solid #e7e7e7\" data-selenium=\"specsItemGroupTableRow\">\nDuraci\u00f3n <\/p>\n<td class=\"label_3bLwbW8ibvYc5tUwpKVQsL\" style=\"width: 373.062px;padding: 1.25rem 0px;border-top: none;vertical-align: baseline;font-size: 1.125rem;color: #666666;line-height: 1.375rem\" data-selenium=\"specsItemGroupTableColumnLabel\">del flash<\/td>\n<td class=\"value_11Av1yGkVYn9TX48mQeu9v\" style=\"vertical-align: baseline;font-size: 1.125rem;color: #666666;line-height: 1.375rem;padding: 1.25rem 0px 1.25rem 2.5rem\" data-selenium=\"specsItemGroupTableColumnValue\">1\/300 a 1\/20000 segundos<\/td>\n<\/tr>\n<tr class=\"pair_3u9fnESIQrtuEu6ye_zM4k\" style=\"border-bottom: 0.0625rem solid #e7e7e7\" data-selenium=\"specsItemGroupTableRow\">\n<td class=\"label_3bLwbW8ibvYc5tUwpKVQsL\" style=\"width: 373.062px;padding: 1.25rem 0px;border-top: none;vertical-align: baseline;font-size: 1.125rem;color: #666666;line-height: 1.375rem\" data-selenium=\"specsItemGroupTableColumnLabel\">Tiempo de reciclaje<\/td>\n<td class=\"value_11Av1yGkVYn9TX48mQeu9v\" style=\"vertical-align: baseline;font-size: 1.125rem;color: #666666;line-height: 1.375rem;padding: 1.25rem 0px 1.25rem 2.5rem\" data-selenium=\"specsItemGroupTableColumnValue\">Aproximadamente. 1,5 segundos <\/td>\n<\/tr>\n<tr class=\"pair_3u9fnESIQrtuEu6ye_zM4k\" style=\"border-bottom: 0.0625rem solid #e7e7e7\" data-selenium=\"specsItemGroupTableRow\">\n<td class=\"label_3bLwbW8ibvYc5tUwpKVQsL\" style=\"width: 373.062px;padding: 1.25rem 0px;border-top: none;vertical-align: baseline;font-size: 1.125rem;color: #666666;line-height: 1.375rem\" data-selenium=\"specsItemGroupTableColumnLabel\">Iluminaci\u00f3n secundaria<\/td>\n<td class=\"value_11Av1yGkVYn9TX48mQeu9v\" style=\"vertical-align: baseline;font-size: 1.125rem;color: #666666;line-height: 1.375rem;padding: 1.25rem 0px 1.25rem 2.5rem\" data-selenium=\"specsItemGroupTableColumnValue\">Luz de modelado<\/td>\n<\/tr>\n<\/tbody>\n<\/table>\n<\/div>\n<div class=\"group_K7YrQottgVsRZ4B6zAaGG\" style=\"margin-bottom: 2.1875rem;font-family: OpenSans, 'Segoe UI', Helvetica, Roboto, Arial, sans-serif;font-size: 16px;background-color: #ffffff\">\n<div class=\"name_3mapjiENorVzh8SvFyXVPc\" style=\"padding: 1rem 0px 0.875rem;border-bottom: 0.125rem solid #cdcdcd;font-size: 2rem;color: #769e2d;line-height: 2rem\" data-selenium=\"specsItemGroupName\">Control de exposici\u00f3n<\/div>\n<table class=\"table_o418fscimQZEg1oshu4aX\" style=\"width: 981.75px\" data-selenium=\"specsItemGroupTable\">\n<tbody>\n<tr class=\"pair_3u9fnESIQrtuEu6ye_zM4k\" style=\"border-bottom: 0.0625rem solid #e7e7e7\" data-selenium=\"specsItemGroupTableRow\">\n<td class=\"label_3bLwbW8ibvYc5tUwpKVQsL \" style=\"width: 373.062px;padding: 1.25rem 0px;border-top: none;vertical-align: baseline;font-size: 1.125rem;color: #666666;line-height: 1.375rem\" data-selenium=\"specsItemGroupTableColumnLabel\">Control de exposici\u00f3n<\/td>\n<td class=\"value_11Av1yGkVYn9TX48mQeu9v \" style=\"vertical-align: baseline;font-size: 1.125rem;color: #666666;line-height: 1.375rem;padding: 1.25rem 0px 1.25rem 2.5rem\" data-selenium=\"specsItemGroupTableColumnValue\">Flash autom\u00e1tico TTL, manual<\/td>\n<\/tr>\n<tr class=\"pair_3u9fnESIQrtuEu6ye_zM4k\" style=\"border-bottom: 0.0625rem solid #e7e7e7\" data-selenium=\"specsItemGroupTableRow\">\nModos <\/p>\n<td class=\"label_3bLwbW8ibvYc5tUwpKVQsL\" style=\"width: 373.062px;padding: 1.25rem 0px;border-top: none;vertical-align: baseline;font-size: 1.125rem;color: #666666;line-height: 1.375rem\" data-selenium=\"specsItemGroupTableColumnLabel\">de flash<\/td>\n<td class=\"value_11Av1yGkVYn9TX48mQeu9v\" style=\"vertical-align: baseline;font-size: 1.125rem;color: #666666;line-height: 1.375rem;padding: 1.25rem 0px 1.25rem 2.5rem\" data-selenium=\"specsItemGroupTableColumnValue\">Sincronizaci\u00f3n de alta velocidad, sincronizaci\u00f3n de segunda cortina<\/td>\n<\/tr>\n<tr class=\"pair_3u9fnESIQrtuEu6ye_zM4k\" style=\"border-bottom: 0.0625rem solid #e7e7e7\" data-selenium=\"specsItemGroupTableRow\">\n<td class=\"label_3bLwbW8ibvYc5tUwpKVQsL\" style=\"width: 373.062px;padding: 1.25rem 0px;border-top: none;vertical-align: baseline;font-size: 1.125rem;color: #666666;line-height: 1.375rem\" data-selenium=\"specsItemGroupTableColumnLabel\">Compensaci\u00f3n de flash<\/td>\n<td class=\"value_11Av1yGkVYn9TX48mQeu9v\" style=\"vertical-align: baseline;font-size: 1.125rem;color: #666666;line-height: 1.375rem;padding: 1.25rem 0px 1.25rem 2.5rem\" data-selenium=\"specsItemGroupTableColumnValue\"><em>Ninguno<\/em><\/td>\n<\/tr>\n<\/tbody>\n<\/table>\n<\/div>\n<div class=\"group_K7YrQottgVsRZ4B6zAaGG\" style=\"margin-bottom: 2.1875rem;font-family: OpenSans, 'Segoe UI', Helvetica, Roboto, Arial, sans-serif;font-size: 16px;background-color: #ffffff\">\n<div class=\"name_3mapjiENorVzh8SvFyXVPc\" style=\"padding: 1rem 0px 0.875rem;border-bottom: 0.125rem solid #cdcdcd;font-size: 2rem;color: #769e2d;line-height: 2rem\" data-selenium=\"specsItemGroupName\">Inal\u00e1mbrico<\/div>\n<table class=\"table_o418fscimQZEg1oshu4aX\" style=\"width: 981.75px\" data-selenium=\"specsItemGroupTable\">\n<tbody>\n<tr class=\"pair_3u9fnESIQrtuEu6ye_zM4k\" style=\"border-bottom: 0.0625rem solid #e7e7e7\" data-selenium=\"specsItemGroupTableRow\">\n<td class=\"label_3bLwbW8ibvYc5tUwpKVQsL \" style=\"width: 373.062px;padding: 1.25rem 0px;border-top: none;vertical-align: baseline;font-size: 1.125rem;color: #666666;line-height: 1.375rem\" data-selenium=\"specsItemGroupTableColumnLabel\">Funcionamiento<\/td>\n<p> inal\u00e1mbrico<\/p>\n<td class=\"value_11Av1yGkVYn9TX48mQeu9v \" style=\"vertical-align: baseline;font-size: 1.125rem;color: #666666;line-height: 1.375rem;padding: 1.25rem 0px 1.25rem 2.5rem\" data-selenium=\"specsItemGroupTableColumnValue\"><em>Ninguno<\/em><\/td>\n<\/tr>\n<tr class=\"pair_3u9fnESIQrtuEu6ye_zM4k\" style=\"border-bottom: 0.0625rem solid #e7e7e7\" data-selenium=\"specsItemGroupTableRow\">\n<td class=\"label_3bLwbW8ibvYc5tUwpKVQsL\" style=\"width: 373.062px;padding: 1.25rem 0px;border-top: none;vertical-align: baseline;font-size: 1.125rem;color: #666666;line-height: 1.375rem\" data-selenium=\"specsItemGroupTableColumnLabel\">Canales<\/td>\n<p> inal\u00e1mbricos<\/p>\n<td class=\"value_11Av1yGkVYn9TX48mQeu9v\" style=\"vertical-align: baseline;font-size: 1.125rem;color: #666666;line-height: 1.375rem;padding: 1.25rem 0px 1.25rem 2.5rem\" data-selenium=\"specsItemGroupTableColumnValue\">32<\/td>\n<\/tr>\n<tr class=\"pair_3u9fnESIQrtuEu6ye_zM4k\" style=\"border-bottom: 0.0625rem solid #e7e7e7\" data-selenium=\"specsItemGroupTableRow\">\n<td class=\"label_3bLwbW8ibvYc5tUwpKVQsL\" style=\"width: 373.062px;padding: 1.25rem 0px;border-top: none;vertical-align: baseline;font-size: 1.125rem;color: #666666;line-height: 1.375rem\" data-selenium=\"specsItemGroupTableColumnLabel\">Grupos inal\u00e1mbricos<\/td>\n<td class=\"value_11Av1yGkVYn9TX48mQeu9v\" style=\"vertical-align: baseline;font-size: 1.125rem;color: #666666;line-height: 1.375rem;padding: 1.25rem 0px 1.25rem 2.5rem\" data-selenium=\"specsItemGroupTableColumnValue\">5<\/td>\n<\/tr>\n<\/tbody>\n<\/table>\n<\/div>\n<div class=\"group_K7YrQottgVsRZ4B6zAaGG\" style=\"margin-bottom: 2.1875rem;font-family: OpenSans, 'Segoe UI', Helvetica, Roboto, Arial, sans-serif;font-size: 16px;background-color: #ffffff\">\n<div class=\"name_3mapjiENorVzh8SvFyXVPc\" style=\"padding: 1rem 0px 0.875rem;border-bottom: 0.125rem solid #cdcdcd;font-size: 2rem;color: #769e2d;line-height: 2rem\" data-selenium=\"specsItemGroupName\">Poder<\/div>\n<table class=\"table_o418fscimQZEg1oshu4aX\" style=\"width: 981.75px\" data-selenium=\"specsItemGroupTable\">\n<tbody>\n<tr class=\"pair_3u9fnESIQrtuEu6ye_zM4k\" style=\"border-bottom: 0.0625rem solid #e7e7e7\" data-selenium=\"specsItemGroupTableRow\">\n<td class=\"label_3bLwbW8ibvYc5tUwpKVQsL \" style=\"width: 373.062px;padding: 1.25rem 0px;border-top: none;vertical-align: baseline;font-size: 1.125rem;color: #666666;line-height: 1.375rem\" data-selenium=\"specsItemGroupTableColumnLabel\">Energ\u00eda<\/td>\n<p> interna<\/p>\n<td class=\"value_11Av1yGkVYn9TX48mQeu9v \" style=\"vertical-align: baseline;font-size: 1.125rem;color: #666666;line-height: 1.375rem;padding: 1.25rem 0px 1.25rem 2.5rem\" data-selenium=\"specsItemGroupTableColumnValue\"><span style=\"font-weight: bolder\">1 x recargable<\/span><\/td>\n<\/tr>\n<tr class=\"pair_3u9fnESIQrtuEu6ye_zM4k\" style=\"border-bottom: 0.0625rem solid #e7e7e7\" data-selenium=\"specsItemGroupTableRow\">\n<td class=\"label_3bLwbW8ibvYc5tUwpKVQsL\" style=\"width: 373.062px;padding: 1.25rem 0px;border-top: none;vertical-align: baseline;font-size: 1.125rem;color: #666666;line-height: 1.375rem\" data-selenium=\"specsItemGroupTableColumnLabel\">Compatible con<\/td>\n<p> fuente de alimentaci\u00f3n externa <\/p>\n<td class=\"value_11Av1yGkVYn9TX48mQeu9v\" style=\"vertical-align: baseline;font-size: 1.125rem;color: #666666;line-height: 1.375rem;padding: 1.25rem 0px 1.25rem 2.5rem\" data-selenium=\"specsItemGroupTableColumnValue\">No<\/td>\n<\/tr>\n<\/tbody>\n<\/table>\n<\/div>\n<div class=\"group_K7YrQottgVsRZ4B6zAaGG\" style=\"margin-bottom: 2.1875rem;background-color: #ffffff\">\n<div class=\"name_3mapjiENorVzh8SvFyXVPc\" style=\"font-family: OpenSans, 'Segoe UI', Helvetica, Roboto, Arial, sans-serif;font-size: 2rem;padding: 1rem 0px 0.875rem;border-bottom: 0.125rem solid #cdcdcd;color: #769e2d;line-height: 2rem\" data-selenium=\"specsItemGroupName\">Generalmente<\/div>\n<table class=\"table_o418fscimQZEg1oshu4aX\" style=\"font-family: OpenSans, 'Segoe UI', Helvetica, Roboto, Arial, sans-serif;font-size: 16px;width: 981.75px\" data-selenium=\"specsItemGroupTable\">\n<tbody>\n<tr class=\"pair_3u9fnESIQrtuEu6ye_zM4k\" style=\"border-bottom: 0.0625rem solid #e7e7e7\" data-selenium=\"specsItemGroupTableRow\">\n<td class=\"label_3bLwbW8ibvYc5tUwpKVQsL \" style=\"width: 373.062px;padding: 1.25rem 0px;border-top: none;vertical-align: baseline;font-size: 1.125rem;color: #666666;line-height: 1.375rem\" data-selenium=\"specsItemGroupTableColumnLabel\">Ensamblar<\/td>\n<td class=\"value_11Av1yGkVYn9TX48mQeu9v \" style=\"vertical-align: baseline;font-size: 1.125rem;color: #666666;line-height: 1.375rem;padding: 1.25rem 0px 1.25rem 2.5rem\" data-selenium=\"specsItemGroupTableColumnValue\">Zapato<\/td>\n<\/tr>\n<tr class=\"pair_3u9fnESIQrtuEu6ye_zM4k\" style=\"border-bottom: 0.0625rem solid #e7e7e7\" data-selenium=\"specsItemGroupTableRow\">\n<td class=\"label_3bLwbW8ibvYc5tUwpKVQsL\" style=\"width: 373.062px;padding: 1.25rem 0px;border-top: none;vertical-align: baseline;font-size: 1.125rem;color: #666666;line-height: 1.375rem\" data-selenium=\"specsItemGroupTableColumnLabel\">Terminal fuera de c\u00e1mara<\/td>\n<td class=\"value_11Av1yGkVYn9TX48mQeu9v\" style=\"vertical-align: baseline;font-size: 1.125rem;color: #666666;line-height: 1.375rem;padding: 1.25rem 0px 1.25rem 2.5rem\" data-selenium=\"specsItemGroupTableColumnValue\">2,5 mil\u00edmetros<\/td>\n<\/tr>\n<tr class=\"pair_3u9fnESIQrtuEu6ye_zM4k\" style=\"border-bottom: 0.0625rem solid #e7e7e7\" data-selenium=\"specsItemGroupTableRow\">\n<td class=\"label_3bLwbW8ibvYc5tUwpKVQsL\" style=\"width: 373.062px;padding: 1.25rem 0px;border-top: none;vertical-align: baseline;font-size: 1.125rem;color: #666666;line-height: 1.375rem\" data-selenium=\"specsItemGroupTableColumnLabel\">Dimensiones (ancho x alto x profundidad)<\/td>\n<td class=\"value_11Av1yGkVYn9TX48mQeu9v\" style=\"vertical-align: baseline;font-size: 1.125rem;color: #666666;line-height: 1.375rem;padding: 1.25rem 0px 1.25rem 2.5rem\" data-selenium=\"specsItemGroupTableColumnValue\">195 x 75 x 59 mm<\/td>\n<\/tr>\n<tr class=\"pair_3u9fnESIQrtuEu6ye_zM4k\" style=\"border-bottom: 0.0625rem solid #e7e7e7\" data-selenium=\"specsItemGroupTableRow\">\n<td class=\"label_3bLwbW8ibvYc5tUwpKVQsL\" style=\"width: 373.062px;padding: 1.25rem 0px;border-top: none;vertical-align: baseline;font-size: 1.125rem;color: #666666;line-height: 1.375rem\" data-selenium=\"specsItemGroupTableColumnLabel\">Peso<\/td>\n<td class=\"value_11Av1yGkVYn9TX48mQeu9v\" style=\"vertical-align: baseline;font-size: 1.125rem;color: #666666;line-height: 1.375rem;padding: 1.25rem 0px 1.25rem 2.5rem\" data-selenium=\"specsItemGroupTableColumnValue\">530 g (con bater\u00eda)<\/td>\n<\/tr>\n<\/tbody>\n<\/table>\n<p><strong>En la caja:<\/strong><\/p>\n<ul>\n<li>Godox Ving V860III Kit de flash de iones de litio TTL para c\u00e1maras Micro 4\/3 (Olympus y Panasonic)<\/li>\n<li>Bater\u00eda de litio<\/li>\n<li>Cargador de bater\u00eda<\/li>\n<li>Cable USB<\/li>\n<li>Mini soporte<\/li>\n<li>Cubierta protectora<\/li>\n<\/ul>\n<\/div>\n","protected":false},"excerpt":{"rendered":"<p>Totalmente compatible con sistemas TTL, V860III admite muchas funciones y caracter\u00edsticas avanzadas. Adem\u00e1s, cuenta con el sistema de radio inal\u00e1mbrico<\/p>\n","protected":false},"featured_media":56696,"comment_status":"closed","ping_status":"closed","template":"","meta":{"_acf_changed":false},"product_brand":[2555],"product_cat":[1024],"product_tag":[],"class_list":{"0":"post-72684","1":"product","2":"type-product","3":"status-publish","4":"has-post-thumbnail","6":"product_brand-godox-es","7":"product_cat-ttl-es","9":"first","10":"pre-order","11":"taxable","12":"shipping-taxable","13":"purchasable","14":"product-type-simple"},"bundled_by":[],"bundle_stock_status":"pre-order","bundle_stock_quantity":null,"bundle_virtual":false,"bundle_layout":"","bundle_add_to_cart_form_location":"","bundle_editable_in_cart":false,"bundle_sold_individually_context":"","bundle_item_grouping":"","bundle_min_size":"","bundle_max_size":"","bundle_price":[],"bundled_items":[],"bundle_sell_ids":[],"acf":[],"_links":{"self":[{"href":"https:\/\/hi-techwonder.com\/es\/wp-json\/wp\/v2\/product\/72684","targetHints":{"allow":["GET"]}}],"collection":[{"href":"https:\/\/hi-techwonder.com\/es\/wp-json\/wp\/v2\/product"}],"about":[{"href":"https:\/\/hi-techwonder.com\/es\/wp-json\/wp\/v2\/types\/product"}],"replies":[{"embeddable":true,"href":"https:\/\/hi-techwonder.com\/es\/wp-json\/wp\/v2\/comments?post=72684"}],"wp:featuredmedia":[{"embeddable":true,"href":"https:\/\/hi-techwonder.com\/es\/wp-json\/wp\/v2\/media\/56696"}],"wp:attachment":[{"href":"https:\/\/hi-techwonder.com\/es\/wp-json\/wp\/v2\/media?parent=72684"}],"wp:term":[{"taxonomy":"product_brand","embeddable":true,"href":"https:\/\/hi-techwonder.com\/es\/wp-json\/wp\/v2\/product_brand?post=72684"},{"taxonomy":"product_cat","embeddable":true,"href":"https:\/\/hi-techwonder.com\/es\/wp-json\/wp\/v2\/product_cat?post=72684"},{"taxonomy":"product_tag","embeddable":true,"href":"https:\/\/hi-techwonder.com\/es\/wp-json\/wp\/v2\/product_tag?post=72684"}],"curies":[{"name":"wp","href":"https:\/\/api.w.org\/{rel}","templated":true}]}}