{"id":72687,"date":"2025-07-29T10:18:37","date_gmt":"2025-07-29T10:18:37","guid":{"rendered":"https:\/\/fv6qoy3ls0.wpdns.site\/produto\/godox-ubl-085t-parasol-translucido-para-ad300pro\/"},"modified":"2025-07-29T10:18:37","modified_gmt":"2025-07-29T10:18:37","slug":"godox-ubl-085t-parasol-translucido-para-ad300pro","status":"publish","type":"product","link":"https:\/\/hi-techwonder.com\/es\/producto\/godox-ubl-085t-parasol-translucido-para-ad300pro\/","title":{"rendered":"GODOX UBL-085T Parasol transl\u00facido para AD300Pro"},"content":{"rendered":"<p><strong>GODOX UBL-085T Parasol transl\u00facido para AD300Pro<\/strong><\/p>\n<p>La sombrilla transl\u00facida de 85 cm para el cabezal de flash Godox AD300Pro es un modificador que dispersa la luz sobre una amplia \u00e1rea del objeto, aumentando el nivel de luz ambiental. Una caracter\u00edstica \u00fanica de la sombrilla (ideal para techos bajos) es la opci\u00f3n de girarla para \u00abdisparar\u00bb apuntando el exterior curvo de la sombrilla a su sujeto para obtener una calidad de luz ligeramente m\u00e1s n\u00edtida. <\/p>\n","protected":false},"excerpt":{"rendered":"<p>GODOX UBL-085T Parasol transl\u00facido para AD300Pro La sombrilla transl\u00facida de 85 cm para el cabezal de flash Godox AD300Pro es<\/p>\n","protected":false},"featured_media":61499,"comment_status":"closed","ping_status":"open","template":"","meta":{"_acf_changed":false},"product_brand":[2555],"product_cat":[1018],"product_tag":[],"class_list":{"0":"post-72687","1":"product","2":"type-product","3":"status-publish","4":"has-post-thumbnail","6":"product_brand-godox-es","7":"product_cat-translucidas-es","9":"first","10":"onbackorder","11":"taxable","12":"shipping-taxable","13":"purchasable","14":"product-type-simple"},"bundled_by":[],"bundle_stock_status":"onbackorder","bundle_stock_quantity":0,"bundle_virtual":false,"bundle_layout":"","bundle_add_to_cart_form_location":"","bundle_editable_in_cart":false,"bundle_sold_individually_context":"","bundle_item_grouping":"","bundle_min_size":"","bundle_max_size":"","bundle_price":[],"bundled_items":[],"bundle_sell_ids":[],"acf":[],"_links":{"self":[{"href":"https:\/\/hi-techwonder.com\/es\/wp-json\/wp\/v2\/product\/72687","targetHints":{"allow":["GET"]}}],"collection":[{"href":"https:\/\/hi-techwonder.com\/es\/wp-json\/wp\/v2\/product"}],"about":[{"href":"https:\/\/hi-techwonder.com\/es\/wp-json\/wp\/v2\/types\/product"}],"replies":[{"embeddable":true,"href":"https:\/\/hi-techwonder.com\/es\/wp-json\/wp\/v2\/comments?post=72687"}],"wp:featuredmedia":[{"embeddable":true,"href":"https:\/\/hi-techwonder.com\/es\/wp-json\/wp\/v2\/media\/61499"}],"wp:attachment":[{"href":"https:\/\/hi-techwonder.com\/es\/wp-json\/wp\/v2\/media?parent=72687"}],"wp:term":[{"taxonomy":"product_brand","embeddable":true,"href":"https:\/\/hi-techwonder.com\/es\/wp-json\/wp\/v2\/product_brand?post=72687"},{"taxonomy":"product_cat","embeddable":true,"href":"https:\/\/hi-techwonder.com\/es\/wp-json\/wp\/v2\/product_cat?post=72687"},{"taxonomy":"product_tag","embeddable":true,"href":"https:\/\/hi-techwonder.com\/es\/wp-json\/wp\/v2\/product_tag?post=72687"}],"curies":[{"name":"wp","href":"https:\/\/api.w.org\/{rel}","templated":true}]}}