{"id":72689,"date":"2025-07-29T10:18:32","date_gmt":"2025-07-29T10:18:32","guid":{"rendered":"https:\/\/fv6qoy3ls0.wpdns.site\/produto\/godox-ub-l2-75-paraguas-difusor-translucido-185cm\/"},"modified":"2025-07-29T10:18:32","modified_gmt":"2025-07-29T10:18:32","slug":"godox-ub-l2-75-paraguas-difusor-translucido-185cm","status":"publish","type":"product","link":"https:\/\/hi-techwonder.com\/es\/producto\/godox-ub-l2-75-paraguas-difusor-translucido-185cm\/","title":{"rendered":"GODOX UB-L2 75&#8243; Paraguas Difusor Transl\u00facido 185cm"},"content":{"rendered":"<p><strong style=\"font-size: 12pt;\">GODOX <\/strong><strong>UB-L2 75<\/strong><strong style=\"font-size: 12pt;\"> Paraguas Difusor Blanco Transl\u00facido <\/strong><strong>185cm<\/strong><\/p>\n<p><strong>En el embalaje:<\/strong><\/p>\n<ul>\n<li>Sombrilla Godox UB-L2 75<\/li>\n<li>Bolsa protectora<\/li>\n<\/ul>\n<p><strong>Caracter\u00edsticas t\u00e9cnicas:<\/strong><\/p>\n<table border=\"0\" width=\"641\" cellspacing=\"0\" cellpadding=\"2\">\n<colgroup>\n<col width=\"299\">\n<col width=\"334\"> <\/colgroup>\n<tbody>\n<tr>\n<td width=\"299\"> <span style=\"color: #666666;\">Paraguas <\/span><\/td>\n<td width=\"334\"> <span style=\"color: #666666;\">Difusor blanco transl\u00facido <\/span><\/td>\n<\/tr>\n<tr>\n<td width=\"299\"> <span style=\"color: #666666;\">Dimensiones abiertas: <\/span><\/td>\n<td width=\"334\"> <span style=\"color: #666666;\">185 cm <\/span><\/td>\n<\/tr>\n<\/tbody>\n<\/table>\n<p> <\/p>\n","protected":false},"excerpt":{"rendered":"<p>GODOX UB-L2 75 Paraguas Difusor Blanco Transl\u00facido 185cm En el embalaje: Sombrilla Godox UB-L2 75 Bolsa protectora Caracter\u00edsticas t\u00e9cnicas: Paraguas<\/p>\n","protected":false},"featured_media":61492,"comment_status":"closed","ping_status":"open","template":"","meta":{"_acf_changed":false},"product_brand":[2555],"product_cat":[1018],"product_tag":[],"class_list":{"0":"post-72689","1":"product","2":"type-product","3":"status-publish","4":"has-post-thumbnail","6":"product_brand-godox-es","7":"product_cat-translucidas-es","9":"first","10":"instock","11":"taxable","12":"shipping-taxable","13":"purchasable","14":"product-type-simple"},"bundled_by":[],"bundle_stock_status":"instock","bundle_stock_quantity":1,"bundle_virtual":false,"bundle_layout":"","bundle_add_to_cart_form_location":"","bundle_editable_in_cart":false,"bundle_sold_individually_context":"","bundle_item_grouping":"","bundle_min_size":"","bundle_max_size":"","bundle_price":[],"bundled_items":[],"bundle_sell_ids":[],"acf":[],"_links":{"self":[{"href":"https:\/\/hi-techwonder.com\/es\/wp-json\/wp\/v2\/product\/72689","targetHints":{"allow":["GET"]}}],"collection":[{"href":"https:\/\/hi-techwonder.com\/es\/wp-json\/wp\/v2\/product"}],"about":[{"href":"https:\/\/hi-techwonder.com\/es\/wp-json\/wp\/v2\/types\/product"}],"replies":[{"embeddable":true,"href":"https:\/\/hi-techwonder.com\/es\/wp-json\/wp\/v2\/comments?post=72689"}],"wp:featuredmedia":[{"embeddable":true,"href":"https:\/\/hi-techwonder.com\/es\/wp-json\/wp\/v2\/media\/61492"}],"wp:attachment":[{"href":"https:\/\/hi-techwonder.com\/es\/wp-json\/wp\/v2\/media?parent=72689"}],"wp:term":[{"taxonomy":"product_brand","embeddable":true,"href":"https:\/\/hi-techwonder.com\/es\/wp-json\/wp\/v2\/product_brand?post=72689"},{"taxonomy":"product_cat","embeddable":true,"href":"https:\/\/hi-techwonder.com\/es\/wp-json\/wp\/v2\/product_cat?post=72689"},{"taxonomy":"product_tag","embeddable":true,"href":"https:\/\/hi-techwonder.com\/es\/wp-json\/wp\/v2\/product_tag?post=72689"}],"curies":[{"name":"wp","href":"https:\/\/api.w.org\/{rel}","templated":true}]}}