{"id":72690,"date":"2025-07-29T09:59:16","date_gmt":"2025-07-29T09:59:16","guid":{"rendered":"https:\/\/fv6qoy3ls0.wpdns.site\/produto\/flash-godox-v1-speedlite-sistema-om-panasonic\/"},"modified":"2026-01-31T01:52:42","modified_gmt":"2026-01-31T01:52:42","slug":"godox-flash-godox-v1-speedlite-sistema-om-panasonic","status":"publish","type":"product","link":"https:\/\/hi-techwonder.com\/es\/producto\/godox-flash-godox-v1-speedlite-sistema-om-panasonic\/","title":{"rendered":"Flash GODOX V1 Speedlite &#8211; Sistema OM \/ Panasonic"},"content":{"rendered":"<p><span style=\"font-size: medium\"><strong>Flash Godox Speedlite V1 para Olympus\/Panasonic<\/strong><\/p>\n<p>Flash V1 de Godox adopta un cabezal fresnel redondo que permite un nivel de estudio suave y efectos de iluminaci\u00f3n innovadores. <br \/><strong><iframe loading=\"lazy\" src=\"\/\/www.youtube.com\/embed\/5yTmoICDM0k\" width=\"100%\" height=\"auto\" allowfullscreen=\"allowfullscreen\"><\/iframe><br \/>Contenido de la caja:<\/strong><br \/><\/span><\/p>\n<ul>\n<li>1x Flash Speedlite V1<\/li>\n<li>1x Bater\u00eda VB26<\/li>\n<li>1x Cargador<\/li>\n<li>1x Base<\/li>\n<li>1x Bolsa<\/li>\n<\/ul>\n<p> <object><\/object> <\/p>\n<p>&nbsp;<\/p>\n<p><strong>Funciones:<\/strong><\/p>\n<ul>\n<li>Con un rango de zoom de 28-105 mm, permite TTL y HSS y est\u00e1 alimentado por una bater\u00eda de iones de litio de 7,2 V y 2600 mAh que permite realizar 450 disparos a m\u00e1xima potencia.<\/li>\n<li>El tiempo de reciclaje es de ~1s a plena potencia.<\/li>\n<li>Permite excelentes efectos de luz y se puede utilizar tanto dentro como fuera de la c\u00e1mara.<\/li>\n<li>Tiene una luz de modelado incorporada en el cabezal que tambi\u00e9n funciona como una asistencia de AF y se puede ajustar de uno a diez.  <\/li>\n<li>Rango de potencia: 1\/1 &#8211; 1\/256 en incrementos de 0.1EV o 1EV  <\/li>\n<li>Radio 2.4G Master and Slave Operation ofrece una variedad de funciones y compatibilidad con una gran cantidad de equipos.<\/li>\n<li>La interfaz de usuario redise\u00f1ada y el sistema de men\u00fa simplificado se pueden controlar f\u00e1cilmente a trav\u00e9s del transmisor Godox X-system.  <\/li>\n<li>Funci\u00f3n de asistencia de canal de radio (para evitar interferencias).<\/li>\n<li>Su diadema magn\u00e9tica le permite colocar f\u00e1cilmente todos los accesorios del kit de <a href=\"https:\/\/hi-techwonder.com\/godox-kit-acessorios-ak-r1-p\/-ad200-\/-h200r-\/-v1\" target=\"_blank\" rel=\"noopener\">accesorios AK-R1<\/a> (no incluido).<\/li>\n<\/ul>\n","protected":false},"excerpt":{"rendered":"<p>Flash Godox Speedlite V1 para Olympus\/Panasonic Flash V1 de Godox adopta un cabezal fresnel redondo que permite un nivel de<\/p>\n","protected":false},"featured_media":56705,"comment_status":"closed","ping_status":"closed","template":"","meta":{"_acf_changed":false},"product_brand":[2555],"product_cat":[1024],"product_tag":[],"class_list":{"0":"post-72690","1":"product","2":"type-product","3":"status-publish","4":"has-post-thumbnail","6":"product_brand-godox-es","7":"product_cat-ttl-es","9":"first","10":"instock","11":"taxable","12":"shipping-taxable","13":"purchasable","14":"product-type-simple"},"bundled_by":[],"bundle_stock_status":"instock","bundle_stock_quantity":1,"bundle_virtual":false,"bundle_layout":"","bundle_add_to_cart_form_location":"","bundle_editable_in_cart":false,"bundle_sold_individually_context":"","bundle_item_grouping":"","bundle_min_size":"","bundle_max_size":"","bundle_price":[],"bundled_items":[],"bundle_sell_ids":[],"acf":[],"_links":{"self":[{"href":"https:\/\/hi-techwonder.com\/es\/wp-json\/wp\/v2\/product\/72690","targetHints":{"allow":["GET"]}}],"collection":[{"href":"https:\/\/hi-techwonder.com\/es\/wp-json\/wp\/v2\/product"}],"about":[{"href":"https:\/\/hi-techwonder.com\/es\/wp-json\/wp\/v2\/types\/product"}],"replies":[{"embeddable":true,"href":"https:\/\/hi-techwonder.com\/es\/wp-json\/wp\/v2\/comments?post=72690"}],"wp:featuredmedia":[{"embeddable":true,"href":"https:\/\/hi-techwonder.com\/es\/wp-json\/wp\/v2\/media\/56705"}],"wp:attachment":[{"href":"https:\/\/hi-techwonder.com\/es\/wp-json\/wp\/v2\/media?parent=72690"}],"wp:term":[{"taxonomy":"product_brand","embeddable":true,"href":"https:\/\/hi-techwonder.com\/es\/wp-json\/wp\/v2\/product_brand?post=72690"},{"taxonomy":"product_cat","embeddable":true,"href":"https:\/\/hi-techwonder.com\/es\/wp-json\/wp\/v2\/product_cat?post=72690"},{"taxonomy":"product_tag","embeddable":true,"href":"https:\/\/hi-techwonder.com\/es\/wp-json\/wp\/v2\/product_tag?post=72690"}],"curies":[{"name":"wp","href":"https:\/\/api.w.org\/{rel}","templated":true}]}}