{"id":72691,"date":"2025-07-29T10:20:12","date_gmt":"2025-07-29T10:20:12","guid":{"rendered":"https:\/\/fv6qoy3ls0.wpdns.site\/produto\/kit-de-geles-de-color-godox-v-11t-para-ak-r1-ak-r16\/"},"modified":"2026-04-28T00:14:03","modified_gmt":"2026-04-27T23:14:03","slug":"godox-kit-de-geles-de-color-godox-v-11t-para-ak-r1-ak-r16","status":"publish","type":"product","link":"https:\/\/hi-techwonder.com\/es\/producto\/godox-kit-de-geles-de-color-godox-v-11t-para-ak-r1-ak-r16\/","title":{"rendered":"Kit de geles de color GODOX V-11T para AK-R1 \/ AK-R16"},"content":{"rendered":"<p>Un conjunto de filtros de gel para ajustar la temperatura de uso del flash. Godox desarrolla un conjunto de filtros avanzados para ayudar a los fot\u00f3grafos a ajustar la luz del d\u00eda o un dise\u00f1o del gel de luz avanzado para desarrollar el color de la luz del flash. <\/p>\n<p>Un conjunto de filtros de gel utilizados para ajustar la temperatura de color del flash. Godox ha desarrollado un conjunto de filtros de gel avanzados para ayudar a los fot\u00f3grafos a ajustar el balance de color de la luz del d\u00eda, o para colores c\u00e1lidos o fr\u00edos de la luz del flash. <\/p>\n<p>Ya sea que est\u00e9 disparando en interiores con luces mixtas o al aire libre al atardecer, el color neutro del flash se ver\u00e1 muy bien, y corregirlo despu\u00e9s del proceso a menudo falla. Ajustar la temperatura de color de un flash nunca ha sido tan f\u00e1cil con los filtros de gel Godox V-11T. <\/p>\n<p>El set consta de cuatro tonos de cuatro colores diferentes, dos de cada uno, es decir, un total de 32 filtros de gel.<\/p>\n<p><strong>Incluye:<\/strong><\/p>\n<p>Colores naranjas: CTO de Sun, 1\/2 CTO, 1\/4 CTO y 1\/8 CTO<\/p>\n<p>Colores azules: CTB completo, 1\/2 CTB, 1\/4 CTB y 1\/8 CTB<\/p>\n<p>Colores verdes: Plusgreen, 1\/2 Plusgreen, 1\/4 Plusgreen y 1\/8 Plusgreen<\/p>\n<p>Colores rosas: Minusgreen, 1\/2 Minusgreen, 1\/4 Minusgreen y 1\/8 Minusgreen<\/p>\n<p><strong>Junto:<\/strong><\/p>\n<p>32 filtros de gel<\/p>\n<p>embalaje original<\/p>\n","protected":false},"excerpt":{"rendered":"<p>Un conjunto de filtros de gel para ajustar la temperatura de uso del flash. Godox desarrolla un conjunto de filtros<\/p>\n","protected":false},"featured_media":61856,"comment_status":"closed","ping_status":"open","template":"","meta":{"_acf_changed":false},"product_brand":[2555],"product_cat":[1003],"product_tag":[],"class_list":{"0":"post-72691","1":"product","2":"type-product","3":"status-publish","4":"has-post-thumbnail","6":"product_brand-godox-es","7":"product_cat-filtros-geles","9":"first","10":"instock","11":"taxable","12":"shipping-taxable","13":"purchasable","14":"product-type-simple"},"bundled_by":[],"bundle_stock_status":"instock","bundle_stock_quantity":1,"bundle_virtual":false,"bundle_layout":"","bundle_add_to_cart_form_location":"","bundle_editable_in_cart":false,"bundle_sold_individually_context":"","bundle_item_grouping":"","bundle_min_size":"","bundle_max_size":"","bundle_price":[],"bundled_items":[],"bundle_sell_ids":[],"acf":[],"_links":{"self":[{"href":"https:\/\/hi-techwonder.com\/es\/wp-json\/wp\/v2\/product\/72691","targetHints":{"allow":["GET"]}}],"collection":[{"href":"https:\/\/hi-techwonder.com\/es\/wp-json\/wp\/v2\/product"}],"about":[{"href":"https:\/\/hi-techwonder.com\/es\/wp-json\/wp\/v2\/types\/product"}],"replies":[{"embeddable":true,"href":"https:\/\/hi-techwonder.com\/es\/wp-json\/wp\/v2\/comments?post=72691"}],"wp:featuredmedia":[{"embeddable":true,"href":"https:\/\/hi-techwonder.com\/es\/wp-json\/wp\/v2\/media\/61856"}],"wp:attachment":[{"href":"https:\/\/hi-techwonder.com\/es\/wp-json\/wp\/v2\/media?parent=72691"}],"wp:term":[{"taxonomy":"product_brand","embeddable":true,"href":"https:\/\/hi-techwonder.com\/es\/wp-json\/wp\/v2\/product_brand?post=72691"},{"taxonomy":"product_cat","embeddable":true,"href":"https:\/\/hi-techwonder.com\/es\/wp-json\/wp\/v2\/product_cat?post=72691"},{"taxonomy":"product_tag","embeddable":true,"href":"https:\/\/hi-techwonder.com\/es\/wp-json\/wp\/v2\/product_tag?post=72691"}],"curies":[{"name":"wp","href":"https:\/\/api.w.org\/{rel}","templated":true}]}}