{"id":72694,"date":"2025-07-28T23:28:05","date_gmt":"2025-07-28T23:28:05","guid":{"rendered":"https:\/\/fv6qoy3ls0.wpdns.site\/produto\/bateria-godox-wb87-para-ad600-ad600b-ad600m-ad600bm\/"},"modified":"2026-01-31T03:56:16","modified_gmt":"2026-01-31T03:56:16","slug":"godox-bateria-godox-wb87-para-ad600-ad600b-ad600m-ad600bm","status":"publish","type":"product","link":"https:\/\/hi-techwonder.com\/es\/producto\/godox-bateria-godox-wb87-para-ad600-ad600b-ad600m-ad600bm\/","title":{"rendered":"Bater\u00eda GODOX WB87 para AD600 \/ AD600B \/ AD600M \/ AD600BM"},"content":{"rendered":"<p>Bater\u00eda para cabezales de flash AD600, AD600B, AD600M y AD600BM.  <strong>Esta bater\u00eda no es compatible con AD600PRO.<\/strong><\/p>\n<p> <strong>LUCES<\/strong><\/p>\n<ul>\n<li>  Bater\u00eda de litio<\/li>\n<li>  500 flashes de potencia total de la serie AD600<\/li>\n<li>  11,1 V \/ 8700 mAh<\/li>\n<\/ul>\n<p>  La bater\u00eda de los cabezales de flash de la serie AD600 de Godox es una fuente de alimentaci\u00f3n de litio de alta capacidad de 11,1 V y 8700 mAh compatible con los cabezales de flash Godox Wistro AD600, AD600B, AD600M y AD600BM. Una bater\u00eda completamente cargada le dar\u00e1 a los cabezales 500 destellos de m\u00e1xima potencia.   <\/p>\n<p style=\"margin-bottom: 0cm;border-top: none;border-bottom: 1pt solid #cdcdcd;border-left: none;border-right: none;padding: 0cm 0cm 0.05cm;line-height: 200%\"> <strong><span style=\"font-family: OpenSans, Segoe UI, Helvetica, Roboto, Arial, sans-serif\">Bater\u00eda<\/span><\/strong> <\/p>\n<table border=\"0\" width=\"161\" cellspacing=\"0\" cellpadding=\"2\">\n<colgroup>\n<col width=\"80\">\n<col width=\"73\"><\/colgroup>\n<tbody>\n<tr>\n<td width=\"80\">\n<p style=\"border: none;padding: 0cm\" align=\"LEFT\">  Amperios-hora<\/p>\n<\/td>\n<td width=\"73\">\n<p style=\"border: none;padding: 0cm\">  8700mAh<\/p>\n<\/td>\n<\/tr>\n<tr>\n<td width=\"80\">\n<p style=\"border: none;padding: 0cm\" align=\"LEFT\">  Qu\u00edmica<\/p>\n<\/td>\n<td width=\"73\">\n<p style=\"border: none;padding: 0cm\">  Litio<\/p>\n<\/td>\n<\/tr>\n<\/tbody>\n<\/table>\n","protected":false},"excerpt":{"rendered":"<p>Bater\u00eda para cabezales de flash AD600, AD600B, AD600M y AD600BM. Esta bater\u00eda no es compatible con AD600PRO. LUCES Bater\u00eda de<\/p>\n","protected":false},"featured_media":22233,"comment_status":"closed","ping_status":"closed","template":"","meta":{"_acf_changed":false},"product_brand":[2555],"product_cat":[861],"product_tag":[],"class_list":{"0":"post-72694","1":"product","2":"type-product","3":"status-publish","4":"has-post-thumbnail","6":"product_brand-godox-es","7":"product_cat-otras","9":"first","10":"onbackorder","11":"taxable","12":"shipping-taxable","13":"purchasable","14":"product-type-simple"},"bundled_by":[],"bundle_stock_status":"onbackorder","bundle_stock_quantity":null,"bundle_virtual":false,"bundle_layout":"","bundle_add_to_cart_form_location":"","bundle_editable_in_cart":false,"bundle_sold_individually_context":"","bundle_item_grouping":"","bundle_min_size":"","bundle_max_size":"","bundle_price":[],"bundled_items":[],"bundle_sell_ids":[],"acf":[],"_links":{"self":[{"href":"https:\/\/hi-techwonder.com\/es\/wp-json\/wp\/v2\/product\/72694","targetHints":{"allow":["GET"]}}],"collection":[{"href":"https:\/\/hi-techwonder.com\/es\/wp-json\/wp\/v2\/product"}],"about":[{"href":"https:\/\/hi-techwonder.com\/es\/wp-json\/wp\/v2\/types\/product"}],"replies":[{"embeddable":true,"href":"https:\/\/hi-techwonder.com\/es\/wp-json\/wp\/v2\/comments?post=72694"}],"wp:featuredmedia":[{"embeddable":true,"href":"https:\/\/hi-techwonder.com\/es\/wp-json\/wp\/v2\/media\/22233"}],"wp:attachment":[{"href":"https:\/\/hi-techwonder.com\/es\/wp-json\/wp\/v2\/media?parent=72694"}],"wp:term":[{"taxonomy":"product_brand","embeddable":true,"href":"https:\/\/hi-techwonder.com\/es\/wp-json\/wp\/v2\/product_brand?post=72694"},{"taxonomy":"product_cat","embeddable":true,"href":"https:\/\/hi-techwonder.com\/es\/wp-json\/wp\/v2\/product_cat?post=72694"},{"taxonomy":"product_tag","embeddable":true,"href":"https:\/\/hi-techwonder.com\/es\/wp-json\/wp\/v2\/product_tag?post=72694"}],"curies":[{"name":"wp","href":"https:\/\/api.w.org\/{rel}","templated":true}]}}