{"id":72696,"date":"2025-07-28T23:28:05","date_gmt":"2025-07-28T23:28:05","guid":{"rendered":"https:\/\/fv6qoy3ls0.wpdns.site\/produto\/bateria-godox-wb300p-para-ad300pro\/"},"modified":"2026-04-15T18:16:27","modified_gmt":"2026-04-15T17:16:27","slug":"godox-bateria-godox-wb300p-para-ad300pro","status":"publish","type":"product","link":"https:\/\/hi-techwonder.com\/es\/producto\/godox-bateria-godox-wb300p-para-ad300pro\/","title":{"rendered":"Bater\u00eda GODOX WB300P para AD300Pro"},"content":{"rendered":"<p><strong>Bater\u00eda recargable para GODOX AD300Pro<\/strong><\/p>\n<p><strong>LUCES<\/strong><\/p>\n<ul>\n<li>14,4 V \/ 2600 mAh<\/li>\n<li>Proporciona 300 destellos de m\u00e1xima potencia<\/li>\n<\/ul>\n<p>La bater\u00eda de litio extra\u00edble de Godox para AD300pro es la fuente de alimentaci\u00f3n de 14,4 V \/ 2600 mAh para el cabezal del flash. La bater\u00eda proporcionar\u00e1 aproximadamente 300 destellos de potencia total por carga. <\/p>\n","protected":false},"excerpt":{"rendered":"<p>Bater\u00eda recargable para GODOX AD300Pro LUCES 14,4 V \/ 2600 mAh Proporciona 300 destellos de m\u00e1xima potencia La bater\u00eda de<\/p>\n","protected":false},"featured_media":22236,"comment_status":"closed","ping_status":"closed","template":"","meta":{"_acf_changed":false},"product_brand":[2555],"product_cat":[861,854,855],"product_tag":[],"class_list":{"0":"post-72696","1":"product","2":"type-product","3":"status-publish","4":"has-post-thumbnail","6":"product_brand-godox-es","7":"product_cat-otras","8":"product_cat-alimentacion","9":"product_cat-baterias-es","11":"first","12":"instock","13":"taxable","14":"shipping-taxable","15":"purchasable","16":"product-type-simple"},"bundled_by":[],"bundle_stock_status":"instock","bundle_stock_quantity":2,"bundle_virtual":false,"bundle_layout":"","bundle_add_to_cart_form_location":"","bundle_editable_in_cart":false,"bundle_sold_individually_context":"","bundle_item_grouping":"","bundle_min_size":"","bundle_max_size":"","bundle_price":[],"bundled_items":[],"bundle_sell_ids":[],"acf":[],"_links":{"self":[{"href":"https:\/\/hi-techwonder.com\/es\/wp-json\/wp\/v2\/product\/72696","targetHints":{"allow":["GET"]}}],"collection":[{"href":"https:\/\/hi-techwonder.com\/es\/wp-json\/wp\/v2\/product"}],"about":[{"href":"https:\/\/hi-techwonder.com\/es\/wp-json\/wp\/v2\/types\/product"}],"replies":[{"embeddable":true,"href":"https:\/\/hi-techwonder.com\/es\/wp-json\/wp\/v2\/comments?post=72696"}],"wp:featuredmedia":[{"embeddable":true,"href":"https:\/\/hi-techwonder.com\/es\/wp-json\/wp\/v2\/media\/22236"}],"wp:attachment":[{"href":"https:\/\/hi-techwonder.com\/es\/wp-json\/wp\/v2\/media?parent=72696"}],"wp:term":[{"taxonomy":"product_brand","embeddable":true,"href":"https:\/\/hi-techwonder.com\/es\/wp-json\/wp\/v2\/product_brand?post=72696"},{"taxonomy":"product_cat","embeddable":true,"href":"https:\/\/hi-techwonder.com\/es\/wp-json\/wp\/v2\/product_cat?post=72696"},{"taxonomy":"product_tag","embeddable":true,"href":"https:\/\/hi-techwonder.com\/es\/wp-json\/wp\/v2\/product_tag?post=72696"}],"curies":[{"name":"wp","href":"https:\/\/api.w.org\/{rel}","templated":true}]}}