{"id":72701,"date":"2025-07-29T10:01:02","date_gmt":"2025-07-29T10:01:02","guid":{"rendered":"https:\/\/fv6qoy3ls0.wpdns.site\/produto\/abrazadera-hahnel-module-360\/"},"modified":"2026-01-31T01:51:15","modified_gmt":"2026-01-31T01:51:15","slug":"hahnel-abrazadera-hahnel-module-360","status":"publish","type":"product","link":"https:\/\/hi-techwonder.com\/es\/producto\/hahnel-abrazadera-hahnel-module-360\/","title":{"rendered":"Abrazadera HAHNEL Module 360"},"content":{"rendered":"<p>Esta montura H\u00e4hnel 360 cuenta con un sistema magn\u00e9tico extremadamente potente que permite la conexi\u00f3n de accesorios en segundos.<\/p>\n<p>Los imanes de alta calidad son excepcionalmente fuertes y fiables, ya que aseguran firmemente los accesorios.<\/p>\n<p><strong>Especificaciones t\u00e9cnicas:<\/strong><\/p>\n<ul>\n<li>Fuerte soporte magn\u00e9tico que conecta f\u00e1cilmente los accesorios en segundos<\/li>\n<li>Ancho m\u00e1ximo de 64 mm<\/li>\n<li>Este soporte es compatible con la mayor\u00eda de los flashes del mercado<\/li>\n<li>Potente sistema magn\u00e9tico de alta calidad<\/li>\n<\/ul>\n","protected":false},"excerpt":{"rendered":"<p>Esta montura H\u00e4hnel 360 cuenta con un sistema magn\u00e9tico extremadamente potente que permite la conexi\u00f3n de accesorios en segundos. Los<\/p>\n","protected":false},"featured_media":57127,"comment_status":"closed","ping_status":"open","template":"","meta":{"_acf_changed":false},"product_brand":[2568],"product_cat":[1020],"product_tag":[],"class_list":{"0":"post-72701","1":"product","2":"type-product","3":"status-publish","4":"has-post-thumbnail","6":"product_brand-hahnel-es","7":"product_cat-accesorios-cables","9":"first","10":"instock","11":"taxable","12":"shipping-taxable","13":"purchasable","14":"product-type-simple"},"bundled_by":[],"bundle_stock_status":"instock","bundle_stock_quantity":1,"bundle_virtual":false,"bundle_layout":"","bundle_add_to_cart_form_location":"","bundle_editable_in_cart":false,"bundle_sold_individually_context":"","bundle_item_grouping":"","bundle_min_size":"","bundle_max_size":"","bundle_price":[],"bundled_items":[],"bundle_sell_ids":[],"acf":[],"_links":{"self":[{"href":"https:\/\/hi-techwonder.com\/es\/wp-json\/wp\/v2\/product\/72701","targetHints":{"allow":["GET"]}}],"collection":[{"href":"https:\/\/hi-techwonder.com\/es\/wp-json\/wp\/v2\/product"}],"about":[{"href":"https:\/\/hi-techwonder.com\/es\/wp-json\/wp\/v2\/types\/product"}],"replies":[{"embeddable":true,"href":"https:\/\/hi-techwonder.com\/es\/wp-json\/wp\/v2\/comments?post=72701"}],"wp:featuredmedia":[{"embeddable":true,"href":"https:\/\/hi-techwonder.com\/es\/wp-json\/wp\/v2\/media\/57127"}],"wp:attachment":[{"href":"https:\/\/hi-techwonder.com\/es\/wp-json\/wp\/v2\/media?parent=72701"}],"wp:term":[{"taxonomy":"product_brand","embeddable":true,"href":"https:\/\/hi-techwonder.com\/es\/wp-json\/wp\/v2\/product_brand?post=72701"},{"taxonomy":"product_cat","embeddable":true,"href":"https:\/\/hi-techwonder.com\/es\/wp-json\/wp\/v2\/product_cat?post=72701"},{"taxonomy":"product_tag","embeddable":true,"href":"https:\/\/hi-techwonder.com\/es\/wp-json\/wp\/v2\/product_tag?post=72701"}],"curies":[{"name":"wp","href":"https:\/\/api.w.org\/{rel}","templated":true}]}}