{"id":72705,"date":"2025-07-29T08:54:45","date_gmt":"2025-07-29T08:54:45","guid":{"rendered":"https:\/\/fv6qoy3ls0.wpdns.site\/produto\/kit-de-limpieza-de-sensores-green-clean-sc-6200-aps-c\/"},"modified":"2026-03-02T17:30:47","modified_gmt":"2026-03-02T17:30:47","slug":"green-clean-kit-de-limpieza-de-sensores-green-clean-sc-6200-aps-c","status":"publish","type":"product","link":"https:\/\/hi-techwonder.com\/es\/producto\/green-clean-kit-de-limpieza-de-sensores-green-clean-sc-6200-aps-c\/","title":{"rendered":"Kit de limpieza de sensores GREEN CLEAN SC-6200 APS-C"},"content":{"rendered":"<p style=\"text-align: justify\"><span style=\"font-size: small\">Con el kit de limpieza SC-6200 de Green Clean, puede eliminar f\u00e1cilmente todo tipo de suciedad del sensor de su c\u00e1mara de forma segura y eficaz. Este kit de limpieza funciona a trav\u00e9s de un sistema de vac\u00edo activado con aire comprimido, que permite la eliminaci\u00f3n de part\u00edculas instaladas en el sensor y zona adyacente, incluso cuando est\u00e1n sometidas a cierta electricidad est\u00e1tica. &nbsp;  El sistema de aspiraci\u00f3n se desarroll\u00f3 en material no abrasivo, con punta de goma. Con el fin de eliminar las part\u00edculas de la suciedad m\u00e1s resistente, este kit tambi\u00e9n incluye esp\u00e1tulas h\u00famedas y secas que te permitir\u00e1n disolver y limpiar este tipo de suciedad. Sin embargo, estos solo deben usarse despu\u00e9s de aspirar, para no rayar ni da\u00f1ar el sensor.  <\/span><\/p>\n<p><span style=\"font-size: small\"> <\/span><\/p>\n<p style=\"text-align: center\"><span style=\"font-size: small\">&nbsp; <br \/><\/span><\/p>\n<p><span style=\"font-size: small\"> <\/span><\/p>\n<p style=\"text-align: justify\"><span style=\"font-size: small\"><span style=\"text-decoration: underline\"><strong>Atenci\u00f3n:<\/strong> Antes de realizar cualquier procedimiento de limpieza en su c\u00e1mara, lea atentamente las instrucciones del fabricante con respecto a este asunto.<\/span><\/span><\/p>\n<p style=\"text-align: justify\"><span style=\"font-size: small\"><br \/><span style=\"text-decoration: underline\"><strong>Compatibilidad:&nbsp; <\/strong><\/span><\/span><\/p>\n<ul>\n<li><span style=\"font-size: small\"><span style=\"text-decoration: underline\">C\u00e1maras con sensor APS-C<\/span><\/span><\/li>\n<\/ul>\n<p><span style=\"font-size: small\"> <\/span><\/p>\n<p style=\"text-align: justify\"><span style=\"font-size: small\"><br \/><span style=\"text-decoration: underline\"><strong>  Contenido del paquete:<\/strong><br \/><\/span><\/span><\/p>\n<p><span style=\"font-size: small\"> <\/span><\/p>\n<ul>\n<li><span style=\"font-size: small\">  1x Mini tubo de vac\u00edo<\/span><\/li>\n<li><span style=\"font-size: small\">1x lata de aire comprimido de 400 mm<\/span><\/li>\n<li><span style=\"font-size: small\">  2x Puntas de soplador<\/span><\/li>\n<li><span style=\"font-size: small\">3x <a href=\"https:\/\/www.hi-techwonder.com\/green-clean-espatulas-de-limpeza-sensor-aps-c\">Juegos de esp\u00e1tulas de limpieza (h\u00famedas y secas)<\/a><\/span><\/li>\n<li><span style=\"font-size: small\">1x Pa\u00f1o de limpieza (25x25cm)<br \/><\/span><\/li>\n<\/ul>\n<p><span style=\"font-size: small\"> <\/span><\/p>\n<p style=\"text-align: justify\"><object><\/object><\/p>\n","protected":false},"excerpt":{"rendered":"<p>Con el kit de limpieza SC-6200 de Green Clean, puede eliminar f\u00e1cilmente todo tipo de suciedad del sensor de su<\/p>\n","protected":false},"featured_media":42645,"comment_status":"closed","ping_status":"open","template":"","meta":{"_acf_changed":false},"product_brand":[2667],"product_cat":[920],"product_tag":[],"class_list":{"0":"post-72705","1":"product","2":"type-product","3":"status-publish","4":"has-post-thumbnail","6":"product_brand-green-clean-es","7":"product_cat-limpieza","9":"first","10":"instock","11":"taxable","12":"shipping-taxable","13":"purchasable","14":"product-type-simple"},"bundled_by":[],"bundle_stock_status":"instock","bundle_stock_quantity":1,"bundle_virtual":false,"bundle_layout":"","bundle_add_to_cart_form_location":"","bundle_editable_in_cart":false,"bundle_sold_individually_context":"","bundle_item_grouping":"","bundle_min_size":"","bundle_max_size":"","bundle_price":[],"bundled_items":[],"bundle_sell_ids":[],"acf":[],"_links":{"self":[{"href":"https:\/\/hi-techwonder.com\/es\/wp-json\/wp\/v2\/product\/72705","targetHints":{"allow":["GET"]}}],"collection":[{"href":"https:\/\/hi-techwonder.com\/es\/wp-json\/wp\/v2\/product"}],"about":[{"href":"https:\/\/hi-techwonder.com\/es\/wp-json\/wp\/v2\/types\/product"}],"replies":[{"embeddable":true,"href":"https:\/\/hi-techwonder.com\/es\/wp-json\/wp\/v2\/comments?post=72705"}],"wp:featuredmedia":[{"embeddable":true,"href":"https:\/\/hi-techwonder.com\/es\/wp-json\/wp\/v2\/media\/42645"}],"wp:attachment":[{"href":"https:\/\/hi-techwonder.com\/es\/wp-json\/wp\/v2\/media?parent=72705"}],"wp:term":[{"taxonomy":"product_brand","embeddable":true,"href":"https:\/\/hi-techwonder.com\/es\/wp-json\/wp\/v2\/product_brand?post=72705"},{"taxonomy":"product_cat","embeddable":true,"href":"https:\/\/hi-techwonder.com\/es\/wp-json\/wp\/v2\/product_cat?post=72705"},{"taxonomy":"product_tag","embeddable":true,"href":"https:\/\/hi-techwonder.com\/es\/wp-json\/wp\/v2\/product_tag?post=72705"}],"curies":[{"name":"wp","href":"https:\/\/api.w.org\/{rel}","templated":true}]}}