{"id":72706,"date":"2025-07-29T09:56:18","date_gmt":"2025-07-29T09:56:18","guid":{"rendered":"https:\/\/fv6qoy3ls0.wpdns.site\/produto\/transmisor-godox-x-pro-o-sistema-om-panasonic\/"},"modified":"2026-03-02T17:27:14","modified_gmt":"2026-03-02T17:27:14","slug":"godox-transmisor-godox-x-pro-o-sistema-om-panasonic","status":"publish","type":"product","link":"https:\/\/hi-techwonder.com\/es\/producto\/godox-transmisor-godox-x-pro-o-sistema-om-panasonic\/","title":{"rendered":"Transmisor GODOX X PRO-O &#8211; Sistema OM \/ Panasonic"},"content":{"rendered":"<p style=\"text-align: justify\">El transmisor Xpro-O TTL de Godox no solo puede controlar los flashes con el sistema inal\u00e1mbrico X Godox incorporado, sino que tambi\u00e9n puede controlar los flashes originales de Olympus o Panasonic cuando se usa en combinaci\u00f3n con el receptor X1R-O.<\/p>\n<p style=\"text-align: justify\">Con disparo multicanal y transmisi\u00f3n de se\u00f1al estable, se adapta a las c\u00e1maras montadas en zapata de Olympus y Panasonic.<\/p>\n<p style=\"text-align: justify\">  Utiliza una frecuencia de 2,4 GHz y permite 16 grupos y 32 canales.<\/p>\n<p style=\"text-align: justify\">  Es totalmente compatible con TTL, sincronizaci\u00f3n de alta velocidad 1\/8000, flash m\u00faltiple, flash manual, compensaci\u00f3n de exposici\u00f3n, funci\u00f3n de transformaci\u00f3n TCM, funci\u00f3n de aumento, configuraci\u00f3n de disparo \u00fanico y disparo m\u00faltiple, control de l\u00e1mpara de modelado de grupo, zoom de grupo, ajuste de todos los grupos, valor de salida simult\u00e1neamente, etc.<\/p>\n<p style=\"text-align: justify\">  El panel LCD extragrande, los 5 botones de grupo y los 4 botones de funci\u00f3n ofrecen un manejo y una configuraci\u00f3n sencillos.<\/p>\n<p style=\"text-align: justify\">Pesa solo 80 g para una gran portabilidad.<\/p>\n<p style=\"text-align: justify\"><strong>Contenido de la caja:<br \/><\/strong><\/p>\n<ul style=\"text-align: justify\">\n<li style=\"text-align: justify\">1x<strong> <\/strong>x Transmisor X PRO-O para Olympus y Panasonic<\/li>\n<\/ul>\n","protected":false},"excerpt":{"rendered":"<p>El transmisor Xpro-O TTL de Godox no solo puede controlar los flashes con el sistema inal\u00e1mbrico X Godox incorporado, sino<\/p>\n","protected":false},"featured_media":56138,"comment_status":"closed","ping_status":"closed","template":"","meta":{"_acf_changed":false},"product_brand":[2555],"product_cat":[984],"product_tag":[],"class_list":{"0":"post-72706","1":"product","2":"type-product","3":"status-publish","4":"has-post-thumbnail","6":"product_brand-godox-es","7":"product_cat-disparadores-luz","9":"first","10":"instock","11":"taxable","12":"shipping-taxable","13":"purchasable","14":"product-type-simple"},"bundled_by":[],"bundle_stock_status":"instock","bundle_stock_quantity":1,"bundle_virtual":false,"bundle_layout":"","bundle_add_to_cart_form_location":"","bundle_editable_in_cart":false,"bundle_sold_individually_context":"","bundle_item_grouping":"","bundle_min_size":"","bundle_max_size":"","bundle_price":[],"bundled_items":[],"bundle_sell_ids":[],"acf":[],"_links":{"self":[{"href":"https:\/\/hi-techwonder.com\/es\/wp-json\/wp\/v2\/product\/72706","targetHints":{"allow":["GET"]}}],"collection":[{"href":"https:\/\/hi-techwonder.com\/es\/wp-json\/wp\/v2\/product"}],"about":[{"href":"https:\/\/hi-techwonder.com\/es\/wp-json\/wp\/v2\/types\/product"}],"replies":[{"embeddable":true,"href":"https:\/\/hi-techwonder.com\/es\/wp-json\/wp\/v2\/comments?post=72706"}],"wp:featuredmedia":[{"embeddable":true,"href":"https:\/\/hi-techwonder.com\/es\/wp-json\/wp\/v2\/media\/56138"}],"wp:attachment":[{"href":"https:\/\/hi-techwonder.com\/es\/wp-json\/wp\/v2\/media?parent=72706"}],"wp:term":[{"taxonomy":"product_brand","embeddable":true,"href":"https:\/\/hi-techwonder.com\/es\/wp-json\/wp\/v2\/product_brand?post=72706"},{"taxonomy":"product_cat","embeddable":true,"href":"https:\/\/hi-techwonder.com\/es\/wp-json\/wp\/v2\/product_cat?post=72706"},{"taxonomy":"product_tag","embeddable":true,"href":"https:\/\/hi-techwonder.com\/es\/wp-json\/wp\/v2\/product_tag?post=72706"}],"curies":[{"name":"wp","href":"https:\/\/api.w.org\/{rel}","templated":true}]}}