{"id":72710,"date":"2025-07-29T09:56:53","date_gmt":"2025-07-29T09:56:53","guid":{"rendered":"https:\/\/fv6qoy3ls0.wpdns.site\/produto\/transmisor-godox-x-pro-ii-para-leica\/"},"modified":"2026-01-31T01:54:20","modified_gmt":"2026-01-31T01:54:20","slug":"godox-transmisor-godox-x-pro-ii-para-leica","status":"publish","type":"product","link":"https:\/\/hi-techwonder.com\/es\/producto\/godox-transmisor-godox-x-pro-ii-para-leica\/","title":{"rendered":"Transmisor GODOX X PRO II para Leica"},"content":{"rendered":"<p><strong>Transmisor X PRO II para Leica<\/strong><\/p>\n<p><strong>Descripci\u00f3n:<\/strong><\/p>\n<p>Dise\u00f1ado para el sistema de radio inal\u00e1mbrico Godox X de 2,4 GHz, este disparador de flash inal\u00e1mbrico XPro II TTL le permite disparar flashes de hasta 100 metros de manera efectiva y confiable. Este modelo actualizado es compatible con el sistema Leica TTL, incluido el soporte para sincronizaci\u00f3n de alta velocidad de hasta 1\/8000 de segundo, y ofrece funciones de control avanzadas para trabajar con funciones espec\u00edficas del sistema. Para garantizar la m\u00e1xima confiabilidad y control, los usuarios pueden configurar 16 grupos en uno de los 32 canales y acceder a 99 configuraciones de identificaci\u00f3n inal\u00e1mbrica para limitar la interferencia de otros sistemas cercanos.  <\/p>\n<p><strong>Disparo m\u00faltiple<\/strong><\/p>\n<p>Al fotografiar el mismo sujeto con otros y compartir un conjunto de luces fijas, puede probar el modo multidisparo. Al disparar varias veces, su Xpro II env\u00eda el valor de flash que configur\u00f3 a la luz y el flash se disparar\u00e1 de acuerdo con esos datos. Mientras disfruta de la diversi\u00f3n de disparar con otros, ajuste el flash para realizar sus ideas creativas.  <\/p>\n<p><strong>Iluminaci\u00f3n uniforme para tus fotos<\/strong><\/p>\n<p>Se proponen TTL y HSS, lo que le permite usar su flash a velocidades de obturaci\u00f3n de hasta 1\/8000s. Xpro II garantiza que toda su foto est\u00e9 expuesta de manera uniforme y obtenga la mejor toma posible. Adem\u00e1s, la configuraci\u00f3n del flash remoto se muestra en tiempo real en la pantalla LCD extra grande para obtener resultados profesionales. Esto asegura que su foto obtenga la exposici\u00f3n perfecta.   <\/p>\n<p><strong>Dispara tu flash de forma remota<\/strong><\/p>\n<p>Con Channel  ID puedes controlar y activar el flash de forma remota en cualquier momento. El flash puede dispararse si el flash y el disparador del flash est\u00e1n configurados en el mismo canal e ID. Los canales e ID separados pueden evitar eficazmente la interferencia de la se\u00f1al. Si se utilizan varios flashes en una escena y est\u00e1 buscando el canal y la identificaci\u00f3n menos molestos, la funci\u00f3n de escaneo encuentra r\u00e1pidamente un canal adecuado para que su trabajo sea m\u00e1s eficiente.   <\/p>\n<p><strong>Sin problemas con los dispositivos<\/strong><\/p>\n<p>Godox ha formado una estrecha asociaci\u00f3n con Sekonic. Al tomar una foto, despu\u00e9s de la medici\u00f3n con el medidor de luz Sekonic L-858 con el m\u00f3dulo Godox 2.4G incorporado, puede configurar inmediatamente el valor del flash en el medidor de luz L-858. Por lo tanto, puede configurar el valor del flash directamente con el medidor de luz. Con esta funci\u00f3n, ahorras m\u00e1s tiempo para fotografiar tus im\u00e1genes de forma satisfactoria, sin tener que recurrir a otras dosis.   <\/p>\n<p><strong>Contenido del paquete:<\/strong><\/p>\n<p>1x Transmisor GODOX X Pro II para Leica<\/p>\n<p><strong>Funciones:&nbsp;<\/strong><\/p>\n<table style=\"border-collapse: collapse;width: 100.023%;height: 319.541px\" border=\"1\">\n<tbody>\n<tr style=\"height: 22.3958px\">\n<td style=\"width: 48.9576%;height: 22.3958px\">Canales<\/td>\n<td style=\"width: 48.9576%;height: 22.3958px\">32<\/td>\n<\/tr>\n<tr style=\"height: 22.3958px\">\n<td style=\"width: 48.9576%;height: 22.3958px\">Grupos<\/td>\n<td style=\"width: 48.9576%;height: 22.3958px\">16<\/td>\n<\/tr>\n<tr style=\"height: 22.3958px\">\n<td style=\"width: 48.9576%;height: 22.3958px\">Inal\u00e1mbrico (alcance)<\/td>\n<td style=\"width: 48.9576%;height: 22.3958px\">100 m (328 pulgadas)<\/td>\n<\/tr>\n<tr style=\"height: 22.3958px\">\n<td style=\"width: 48.9576%;height: 22.3958px\">Radiofrecuencia<\/td>\n<td style=\"width: 48.9576%;height: 22.3958px\">2,4 GHz<\/td>\n<\/tr>\n<tr style=\"height: 22.3958px\">\n<td style=\"width: 48.9576%;height: 22.3958px\">Modos de control<\/td>\n<td style=\"width: 48.9576%;height: 22.3958px\">Manual, TTL<\/td>\n<\/tr>\n<tr style=\"height: 22.3958px\">\n<td style=\"width: 48.9576%;height: 22.3958px\">\n Autonom\u00eda EV<\/td>\n<td style=\"width: 48.9576%;height: 22.3958px\">\u00b13 (incrementos de 1\/3)<\/td>\n<\/tr>\n<tr style=\"height: 22.3958px\">\n<td style=\"width: 48.9576%;height: 22.3958px\">Velocidad de sincronizaci\u00f3n<\/td>\n<td style=\"width: 48.9576%;height: 22.3958px\">1\/8000 segundos<\/td>\n<\/tr>\n<tr style=\"height: 22.3958px\">\n<td style=\"width: 48.9576%;height: 22.3958px\">Compatible con aplicaciones m\u00f3viles<\/td>\n<td style=\"width: 48.9576%;height: 22.3958px\">S\u00ed: Android e iOS<\/td>\n<\/tr>\n<tr style=\"height: 50.7917px\">\n<td style=\"width: 48.9576%;height: 50.7917px\">Entradas\/salidas<\/td>\n<td style=\"width: 48.9576%;height: 50.7917px\">\n<p>1 x 2,5 mm (flash)<\/p>\n<p>1 x USB-C<\/p>\n<\/td>\n<\/tr>\n<tr style=\"height: 22.3958px\">\n<td style=\"width: 48.9576%;height: 22.3958px\">Montaje<\/td>\n<p> inferior<\/p>\n<td style=\"width: 48.9576%;height: 22.3958px\">Pie caliente<\/td>\n<\/tr>\n<tr style=\"height: 22.3958px\">\n<td style=\"width: 48.9576%;height: 22.3958px\">Alimentaci\u00f3n<\/td>\n<td style=\"width: 48.9576%;height: 22.3958px\">2 x AA<\/td>\n<\/tr>\n<tr style=\"height: 22.3958px\">\n<td style=\"width: 48.9576%;height: 22.3958px\">Dimensiones<\/td>\n<td style=\"width: 48.9576%;height: 22.3958px\">95 x 62 x 49 mm (3,7 x 2,4 x 1,9&#8243;)<\/td>\n<\/tr>\n<tr style=\"height: 22.3958px\">\n<td style=\"width: 48.9576%;height: 22.3958px\">Peso<\/td>\n<td style=\"width: 48.9576%;height: 22.3958px\">93 gramos<\/td>\n<\/tr>\n<\/tbody>\n<\/table>\n","protected":false},"excerpt":{"rendered":"<p>Transmisor X PRO II para Leica Descripci\u00f3n: Dise\u00f1ado para el sistema de radio inal\u00e1mbrico Godox X de 2,4 GHz, este<\/p>\n","protected":false},"featured_media":56272,"comment_status":"closed","ping_status":"closed","template":"","meta":{"_acf_changed":false},"product_brand":[2555],"product_cat":[984],"product_tag":[],"class_list":{"0":"post-72710","1":"product","2":"type-product","3":"status-publish","4":"has-post-thumbnail","6":"product_brand-godox-es","7":"product_cat-disparadores-luz","9":"first","10":"instock","11":"taxable","12":"shipping-taxable","13":"purchasable","14":"product-type-simple"},"bundled_by":[],"bundle_stock_status":"instock","bundle_stock_quantity":1,"bundle_virtual":false,"bundle_layout":"","bundle_add_to_cart_form_location":"","bundle_editable_in_cart":false,"bundle_sold_individually_context":"","bundle_item_grouping":"","bundle_min_size":"","bundle_max_size":"","bundle_price":[],"bundled_items":[],"bundle_sell_ids":[],"acf":[],"_links":{"self":[{"href":"https:\/\/hi-techwonder.com\/es\/wp-json\/wp\/v2\/product\/72710","targetHints":{"allow":["GET"]}}],"collection":[{"href":"https:\/\/hi-techwonder.com\/es\/wp-json\/wp\/v2\/product"}],"about":[{"href":"https:\/\/hi-techwonder.com\/es\/wp-json\/wp\/v2\/types\/product"}],"replies":[{"embeddable":true,"href":"https:\/\/hi-techwonder.com\/es\/wp-json\/wp\/v2\/comments?post=72710"}],"wp:featuredmedia":[{"embeddable":true,"href":"https:\/\/hi-techwonder.com\/es\/wp-json\/wp\/v2\/media\/56272"}],"wp:attachment":[{"href":"https:\/\/hi-techwonder.com\/es\/wp-json\/wp\/v2\/media?parent=72710"}],"wp:term":[{"taxonomy":"product_brand","embeddable":true,"href":"https:\/\/hi-techwonder.com\/es\/wp-json\/wp\/v2\/product_brand?post=72710"},{"taxonomy":"product_cat","embeddable":true,"href":"https:\/\/hi-techwonder.com\/es\/wp-json\/wp\/v2\/product_cat?post=72710"},{"taxonomy":"product_tag","embeddable":true,"href":"https:\/\/hi-techwonder.com\/es\/wp-json\/wp\/v2\/product_tag?post=72710"}],"curies":[{"name":"wp","href":"https:\/\/api.w.org\/{rel}","templated":true}]}}