{"id":72734,"date":"2025-07-29T08:50:37","date_gmt":"2025-07-29T08:50:37","guid":{"rendered":"https:\/\/fv6qoy3ls0.wpdns.site\/produto\/insta360-ace-pro-2-paquete-de-bateria-dual\/"},"modified":"2026-04-08T12:28:31","modified_gmt":"2026-04-08T11:28:31","slug":"insta360-ace-pro-2-paquete-de-bateria-dual","status":"publish","type":"product","link":"https:\/\/hi-techwonder.com\/es\/producto\/insta360-ace-pro-2-paquete-de-bateria-dual\/","title":{"rendered":"INSTA360 Ace Pro 2 Paquete de bater\u00eda dual"},"content":{"rendered":"<p><b>INSTA360 Ace Pro 2 Paquete de bater\u00eda dual<\/b><\/p>\n<p><\/p>\n<p><\/p>\n<p><strong>Funciones<\/strong><\/p>\n<ul>\n<li><strong>Lente Leica Summarit<\/strong>: Dise\u00f1ada en conjunto con Leica, ofrece una calidad de imagen superior con apertura F2.6 para una recolecci\u00f3n de luz optimizada y reducci\u00f3n de ruido.<\/li>\n<li><strong>Nuevo sensor de 1\/1,3&#8243; con resoluci\u00f3n 8K<\/strong>: Sensor CMOS 8K con 13,5 pasos de rango din\u00e1mico, que ofrece una gama de detalles n\u00edtidos y una amplia profundidad de color.<\/li>\n<li><strong>Chip AI dual<\/strong>: procesamiento de im\u00e1genes incorporado e IA para un rendimiento avanzado en captura y reducci\u00f3n de ruido.<\/li>\n<li><strong>Zoom 4K<\/strong>: zoom digital de 2x a trav\u00e9s de la pantalla t\u00e1ctil, manteniendo la calidad de la imagen.<\/li>\n<li><strong>Estabilizaci\u00f3n de imagen<\/strong>: Estabilizaci\u00f3n digital con modo FlowState y bloqueo de horizonte de 360\u00b0 para un disparo estable.<\/li>\n<li><strong>Capacidad de grabaci\u00f3n<\/strong>: Graba en 4K a hasta 120 fps para obtener un v\u00eddeo fluido en situaciones din\u00e1micas y en modo PureVideo 4K60fps con poca luz.<\/li>\n<li><strong>Perfiles de color Leica<\/strong>: Tonos exclusivos de Leica para la captura cinematogr\u00e1fica.<\/li>\n<li><strong>Dise\u00f1o robusto e impermeable<\/strong>: resistente a la intemperie y al agua hasta 12 m (ampliable hasta 60 m con carcasa adicional).<\/li>\n<li><strong>Bater\u00eda y carga r\u00e1pida<\/strong>: Incluye bater\u00eda de 1800 mAh con autonom\u00eda de hasta 180 minutos y carga r\u00e1pida PD, que alcanza el 80% de carga en 18 minutos.<\/li>\n<li><strong>Compatibilidad<\/strong>: Sistema de montaje magn\u00e9tico para cambios r\u00e1pidos de accesorios y compatible con auriculares Bluetooth para comandos manos libres.<\/li>\n<\/ul>\n<p><strong><br \/><\/strong><\/p>\n<p><strong>Contenido del paquete<\/strong><\/p>\n<ul>\n<li>1 x Insta360 ACE PRO 2<\/li>\n<li>2 bater\u00edas de litio recargables de 1800 mAh<\/li>\n<li>1 x Sistema de montaje magn\u00e9tico<\/li>\n<li>1 x Cable de carga USB<\/li>\n<li>1 x Manual de usuario<\/li>\n<\/ul>\n<p><strong><br \/><\/strong><\/p>\n<p><strong>Descripci\u00f3n<\/strong><\/p>\n<p><iframe loading=\"lazy\" frameborder=\"0\" src=\"https:\/\/www.youtube.com\/embed\/fA5Q1kZ6bNw?start=9\" width=\"640\" height=\"360\" class=\"note-video-clip\" referrerpolicy=\"strict-origin-when-cross-origin\"><\/iframe><strong><br \/><\/strong><\/p>\n<p><\/p>\n<ul>\n<li>El Insta360 ACE PRO 2 DUAL BATTERY BUNDLE redefine la experiencia de disparo con un sensor 8K, lentes Leica y capacidad de procesamiento dual AI para una calidad de imagen inigualable en c\u00e1maras de acci\u00f3n. Ideal para creadores de contenido, esta c\u00e1mara ofrece grabaci\u00f3n de 8K30fps y 4K60fps con HDR activo, im\u00e1genes fijas de 50MP y control de luz avanzado para entornos con poca luz. El ACE PRO 2 proporciona versatilidad en cualquier entorno con resistencia a la intemperie, protecci\u00f3n contra el viento y caracter\u00edsticas de dise\u00f1o ergon\u00f3mico, manteni\u00e9ndolo listo para la acci\u00f3n en todo momento.  <\/li>\n<\/ul>\n<p><\/p>\n<p><\/p>\n<p><iframe loading=\"lazy\" frameborder=\"0\" src=\"https:\/\/www.youtube.com\/embed\/tNXEOfd7pLE\" width=\"640\" height=\"360\" class=\"note-video-clip\" referrerpolicy=\"strict-origin-when-cross-origin\"><\/iframe><strong><br \/><\/strong><\/p>\n<p><strong><br \/><\/strong><\/p>\n<p><strong>Especificaciones t\u00e9cnicas<\/strong><\/p>\n<ul>\n<li><strong>Sensor<\/strong>: CMOS de 1\/1,3&#8243; con 48 MP efectivos (7680 x 4320)<\/li>\n<li><strong>Apertura<\/strong>: F2.6<\/li>\n<li><strong>\u00c1ngulo de visi\u00f3n<\/strong>: 157\u00b0<\/li>\n<li><strong>Pantalla<\/strong>: LCD t\u00e1ctil inclinable de 2,5&#8243;, LCD secundario fijo de 0,9&#8243;<\/li>\n<li><strong>Grabaci\u00f3n<\/strong>: 8K30fps, 4K hasta 120fps, 1080p hasta 240fps<\/li>\n<li><strong>Soporte de imagen<\/strong>: DNG\/JPEG\/RAW, hasta 50 MP<\/li>\n<li><strong>Estabilizaci\u00f3n de imagen<\/strong>: Digital con FlowState y bloqueo de horizonte de 360\u00ba<\/li>\n<li><strong>Memoria<\/strong>: Ranura microSD de hasta 1 TB (UHS-I U3\/V30 o superior)<\/li>\n<li><strong>Audio<\/strong>: Micr\u00f3fono est\u00e9reo con parabrisas y algoritmos de audio avanzados<\/li>\n<li><strong>Bater\u00eda<\/strong>: Dos bater\u00edas de litio recargables de 1800 mAh<\/li>\n<li><strong>Montaje<\/strong>: Magn\u00e9tico<\/li>\n<li><strong>Compatibilidad con Bluetooth<\/strong>: auriculares y control manos libres<\/li>\n<\/ul>\n<p><strong>Embalaje<\/strong><\/p>\n<ul>\n<li><strong>Peso del paquete<\/strong>: 800 g<\/li>\n<li><strong>Dimensiones del paquete (LxAxA):<\/strong> 15 x 15 x 8 cm<\/li>\n<\/ul>\n<p><strong>Informaci\u00f3n adicional<\/strong><br \/>Nota: Im\u00e1genes ilustrativas. Equipo adicional no incluido. Consulte el contenido y las especificaciones del paquete para obtener m\u00e1s detalles.  <\/p>\n","protected":false},"excerpt":{"rendered":"<p>INSTA360 Ace Pro 2 Paquete de bater\u00eda dual Funciones Lente Leica Summarit: Dise\u00f1ada en conjunto con Leica, ofrece una calidad<\/p>\n","protected":false},"featured_media":41670,"comment_status":"closed","ping_status":"closed","template":"","meta":{"_acf_changed":false},"product_brand":[2565],"product_cat":[927],"product_tag":[],"class_list":{"0":"post-72734","1":"product","2":"type-product","3":"status-publish","4":"has-post-thumbnail","6":"product_brand-insta360-es","7":"product_cat-camaras-accion-360o","9":"first","10":"onbackorder","11":"taxable","12":"shipping-taxable","13":"purchasable","14":"product-type-simple"},"bundled_by":[],"bundle_stock_status":"onbackorder","bundle_stock_quantity":null,"bundle_virtual":false,"bundle_layout":"","bundle_add_to_cart_form_location":"","bundle_editable_in_cart":false,"bundle_sold_individually_context":"","bundle_item_grouping":"","bundle_min_size":"","bundle_max_size":"","bundle_price":[],"bundled_items":[],"bundle_sell_ids":[],"acf":[],"_links":{"self":[{"href":"https:\/\/hi-techwonder.com\/es\/wp-json\/wp\/v2\/product\/72734","targetHints":{"allow":["GET"]}}],"collection":[{"href":"https:\/\/hi-techwonder.com\/es\/wp-json\/wp\/v2\/product"}],"about":[{"href":"https:\/\/hi-techwonder.com\/es\/wp-json\/wp\/v2\/types\/product"}],"replies":[{"embeddable":true,"href":"https:\/\/hi-techwonder.com\/es\/wp-json\/wp\/v2\/comments?post=72734"}],"wp:featuredmedia":[{"embeddable":true,"href":"https:\/\/hi-techwonder.com\/es\/wp-json\/wp\/v2\/media\/41670"}],"wp:attachment":[{"href":"https:\/\/hi-techwonder.com\/es\/wp-json\/wp\/v2\/media?parent=72734"}],"wp:term":[{"taxonomy":"product_brand","embeddable":true,"href":"https:\/\/hi-techwonder.com\/es\/wp-json\/wp\/v2\/product_brand?post=72734"},{"taxonomy":"product_cat","embeddable":true,"href":"https:\/\/hi-techwonder.com\/es\/wp-json\/wp\/v2\/product_cat?post=72734"},{"taxonomy":"product_tag","embeddable":true,"href":"https:\/\/hi-techwonder.com\/es\/wp-json\/wp\/v2\/product_tag?post=72734"}],"curies":[{"name":"wp","href":"https:\/\/api.w.org\/{rel}","templated":true}]}}