{"id":72737,"date":"2025-07-29T10:55:27","date_gmt":"2025-07-29T10:55:27","guid":{"rendered":"https:\/\/fv6qoy3ls0.wpdns.site\/produto\/estabilizador-insta360-flow-2-pro-para-smartphone-blanco\/"},"modified":"2026-04-08T12:28:31","modified_gmt":"2026-04-08T11:28:31","slug":"insta360-estabilizador-insta360-flow-2-pro-para-smartphone-blanco","status":"publish","type":"product","link":"https:\/\/hi-techwonder.com\/es\/producto\/insta360-estabilizador-insta360-flow-2-pro-para-smartphone-blanco\/","title":{"rendered":"Estabilizador INSTA360 Flow 2 Pro para smartphone blanco"},"content":{"rendered":"<h3><b>Estabilizador INSTA360 Flow 2 Pro para smartphone blanco<\/b><\/h3>\n<p><\/p>\n<h3><strong>Funciones<\/strong><\/h3>\n<ul>\n<li><strong>Estabilizaci\u00f3n de 3 ejes:<\/strong> Grabaciones fluidas y profesionales en cualquier situaci\u00f3n.<\/li>\n<li><strong>Palo selfie y tr\u00edpode incorporados:<\/strong> Expansi\u00f3n incorporada con brazo extensible de 8.3&#8243; y patas de tr\u00edpode.<\/li>\n<li><strong>Pista profunda 4.0:<\/strong> Seguimiento de inteligencia artificial con precisi\u00f3n superior, incluidos animales y objetos en movimiento.<\/li>\n<li><strong>Emparejamiento r\u00e1pido:<\/strong> emparejamiento con 1 toque a trav\u00e9s de NFC y Apple DockKit para dispositivos iOS.<\/li>\n<li><strong>Indicador de luz circular:<\/strong> Anillo de luz incorporado que indica el modo de seguimiento activo.<\/li>\n<li><strong>Panor\u00e1mica infinita de 360\u00b0:<\/strong> Movimientos de panor\u00e1mica fluidos e ininterrumpidos.<\/li>\n<li><strong>SmartWheel intuitivo:<\/strong> Control de zoom, modos y disparos con comandos simples.<\/li>\n<li><strong>Soporte magn\u00e9tico:<\/strong> Abrazadera magn\u00e9tica segura para tel\u00e9fonos inteligentes de 64 a 84 mm \/ 2.5 \u00aba 3.3\u00bb de ancho.<\/li>\n<li><strong>Aplicaci\u00f3n Insta360:<\/strong> Edici\u00f3n avanzada con modos cinematogr\u00e1ficos como Dolly Zoom, Motion Time-Lapse y Barrel Roll.<\/li>\n<\/ul>\n<hr>\n<h3><strong>Contenido del paquete<\/strong><\/h3>\n<ul>\n<li>1 x Gimbal estabilizador Insta360 Flow 2 Pro (blanco)<\/li>\n<li>1 x abrazadera magn\u00e9tica para tel\u00e9fono inteligente<\/li>\n<li>1 x Bolsa protectora<\/li>\n<li>1 x Cable de carga USB-C a USB-A<\/li>\n<\/ul>\n<hr>\n<h3><strong>Descripci\u00f3n<\/strong><\/h3>\n<p>Insta360 Flow 2 Pro es la herramienta ideal para creadores de contenido, vloggers y viajeros que buscan capturar im\u00e1genes estables y de calidad cinematogr\u00e1fica con sus tel\u00e9fonos inteligentes. Con un dise\u00f1o compacto y plegable, el Flow 2 Pro facilita la portabilidad y siempre est\u00e1 listo para usar con el sistema de despliegue r\u00e1pido. <\/p>\n<p>Equipado con la avanzada tecnolog\u00eda de seguimiento Deep Track 4.0, garantiza que el enfoque permanezca en el sujeto incluso en movimientos r\u00e1pidos o cuando est\u00e1 temporalmente fuera de cuadro. Gracias a su bater\u00eda de larga duraci\u00f3n (hasta 10 horas) y a la posibilidad de cargar el smartphone a trav\u00e9s de USB-C, es un compa\u00f1ero fiable para sesiones prolongadas. <\/p>\n<p>El Flow 2 Pro admite una amplia gama de modos de disparo, que incluyen panor\u00e1mica de 360\u00b0, FPV y autoajuste ambiental, al tiempo que ofrece una experiencia pr\u00e1ctica e intuitiva a trav\u00e9s de SmartWheel y gestos controlados por IA.<\/p>\n<p><iframe loading=\"lazy\" frameborder=\"0\" src=\"https:\/\/www.youtube.com\/embed\/KFi10aONo8Y\" width=\"640\" height=\"360\"><\/iframe><\/p>\n<hr>\n<h3><strong>Especificaciones t\u00e9cnicas<\/strong><\/h3>\n<ul>\n<li><strong>Capacidad de carga:<\/strong> 130 a 300 g&nbsp;<\/li>\n<li><strong>Ejes de movimiento:<\/strong> 3 (Panor\u00e1mica, Inclinaci\u00f3n, Balanceo)<\/li>\n<li><strong>Rango de rotaci\u00f3n:<\/strong>\n<ul>\n<li>Panor\u00e1mica: 360\u00b0<\/li>\n<li>Inclinaci\u00f3n: -99\u00b0 a 231\u00b0<\/li>\n<li>Balanceo: -30\u00b0 a 135\u00b0<\/li>\n<\/ul>\n<\/li>\n<li><strong>Velocidad de seguimiento:<\/strong> 120 \u00b0 \/ s<\/li>\n<li><strong>Compatibilidad con tel\u00e9fonos inteligentes:<\/strong>\n<ul>\n<li><strong>Ancho:<\/strong> 64 a 84 mm \/ 2,5&#8243; a 3,3&#8243;<\/li>\n<li><strong>Espesor:<\/strong> 6,9 a 10 mm&nbsp;<\/li>\n<\/ul>\n<\/li>\n<li><strong>Conectividad:<\/strong>\n<ul>\n<li>Entrada\/salida: 1 x USB-C<\/li>\n<li>Aplicaci\u00f3n compatible: iOS y Android<\/li>\n<\/ul>\n<\/li>\n<li><strong>Bater\u00eda:<\/strong>\n<ul>\n<li>Tipo: Iones de litio integrados<\/li>\n<li>Capacidad: 1100 mAh<\/li>\n<li>Duraci\u00f3n de la bater\u00eda: hasta 10 horas<\/li>\n<li>Tiempo de carga: 2 horas<\/li>\n<li>Voltaje: 5.0 VDC<\/li>\n<\/ul>\n<\/li>\n<li><strong>Material:<\/strong> Estructura de pl\u00e1stico<\/li>\n<li><strong>Dimensiones:<\/strong>\n<ul>\n<li>Plegado: 178,4 x 97,9 x 36,7 mm<\/li>\n<li>Abierto: 282,1 x 121,1 x 54 mm&nbsp;<\/li>\n<\/ul>\n<\/li>\n<li><strong>Peso:<\/strong> 357 g&nbsp;<\/li>\n<li><strong>Temperatura de funcionamiento:<\/strong> -10 \u00b0C a 40 \u00b0C&nbsp;<\/li>\n<\/ul>\n<hr>\n<h3><strong>Embalaje<\/strong><\/h3>\n<ul>\n<li><strong>Peso del paquete:<\/strong> 700 g<\/li>\n<li><strong>Dimensiones del paquete:<\/strong> 20 x 15 x 7 cm<\/li>\n<\/ul>\n<hr>\n<h3><strong>Informaci\u00f3n adicional<\/strong><\/h3>\n<p>Nota: Im\u00e1genes ilustrativas. Equipo fotogr\u00e1fico no incluido. Consulte el contenido y las especificaciones del paquete para obtener m\u00e1s detalles.  <\/p>\n","protected":false},"excerpt":{"rendered":"<p>Estabilizador INSTA360 Flow 2 Pro para smartphone blanco Funciones Estabilizaci\u00f3n de 3 ejes: Grabaciones fluidas y profesionales en cualquier situaci\u00f3n.<\/p>\n","protected":false},"featured_media":69486,"comment_status":"closed","ping_status":"open","template":"","meta":{"_acf_changed":false},"product_brand":[2565],"product_cat":[1114],"product_tag":[],"class_list":{"0":"post-72737","1":"product","2":"type-product","3":"status-publish","4":"has-post-thumbnail","6":"product_brand-insta360-es","7":"product_cat-estabilizadores-gimbal","9":"first","10":"onbackorder","11":"taxable","12":"shipping-taxable","13":"purchasable","14":"product-type-simple"},"bundled_by":[],"bundle_stock_status":"onbackorder","bundle_stock_quantity":null,"bundle_virtual":false,"bundle_layout":"","bundle_add_to_cart_form_location":"","bundle_editable_in_cart":false,"bundle_sold_individually_context":"","bundle_item_grouping":"","bundle_min_size":"","bundle_max_size":"","bundle_price":[],"bundled_items":[],"bundle_sell_ids":[],"acf":[],"_links":{"self":[{"href":"https:\/\/hi-techwonder.com\/es\/wp-json\/wp\/v2\/product\/72737","targetHints":{"allow":["GET"]}}],"collection":[{"href":"https:\/\/hi-techwonder.com\/es\/wp-json\/wp\/v2\/product"}],"about":[{"href":"https:\/\/hi-techwonder.com\/es\/wp-json\/wp\/v2\/types\/product"}],"replies":[{"embeddable":true,"href":"https:\/\/hi-techwonder.com\/es\/wp-json\/wp\/v2\/comments?post=72737"}],"wp:featuredmedia":[{"embeddable":true,"href":"https:\/\/hi-techwonder.com\/es\/wp-json\/wp\/v2\/media\/69486"}],"wp:attachment":[{"href":"https:\/\/hi-techwonder.com\/es\/wp-json\/wp\/v2\/media?parent=72737"}],"wp:term":[{"taxonomy":"product_brand","embeddable":true,"href":"https:\/\/hi-techwonder.com\/es\/wp-json\/wp\/v2\/product_brand?post=72737"},{"taxonomy":"product_cat","embeddable":true,"href":"https:\/\/hi-techwonder.com\/es\/wp-json\/wp\/v2\/product_cat?post=72737"},{"taxonomy":"product_tag","embeddable":true,"href":"https:\/\/hi-techwonder.com\/es\/wp-json\/wp\/v2\/product_tag?post=72737"}],"curies":[{"name":"wp","href":"https:\/\/api.w.org\/{rel}","templated":true}]}}