{"id":72742,"date":"2025-07-28T23:43:49","date_gmt":"2025-07-28T23:43:49","guid":{"rendered":"https:\/\/fv6qoy3ls0.wpdns.site\/produto\/rodillo-ilford-ortho-plus-80-b-n-135-36\/"},"modified":"2026-01-31T03:36:08","modified_gmt":"2026-01-31T03:36:08","slug":"ilford-rodillo-ilford-ortho-plus-80-b-n-135-36","status":"publish","type":"product","link":"https:\/\/hi-techwonder.com\/es\/producto\/ilford-rodillo-ilford-ortho-plus-80-b-n-135-36\/","title":{"rendered":"Rodillo ILFORD Ortho Plus 80 B\/N &#8211; 135\/36"},"content":{"rendered":"<p><strong>ILFORD ORTHO PLUS<\/strong> es una pel\u00edcula ortocr\u00f3mica en blanco y negro. Dise\u00f1ado como una pel\u00edcula de copia de alta resoluci\u00f3n para negativos, ofrece un excelente potencial fotogr\u00e1fico, gracias a su grano fino y nitidez. <\/p>\n<p>Ideal para fotograf\u00eda de paisajes, la sensibilidad azul y verde de esta emulsi\u00f3n permite manipular la pel\u00edcula en condiciones de luz de seguridad de color rojo oscuro, lo que facilita su procesamiento e inspecci\u00f3n.<\/p>\n<p>Su falta de sensibilidad al rojo tambi\u00e9n significa que los rojos y naranjas se oscurecen con un contraste m\u00e1s fuerte que las pel\u00edculas pancrom\u00e1ticas ordinarias (todas las dem\u00e1s pel\u00edculas ILFORD y Kentmere son pancrom\u00e1ticas).<\/p>\n<p>Est\u00e1 codificado DX a ISO 80 para fotograf\u00eda con luz diurna \/ luz natural. Para trabajos de tungsteno, se debe utilizar un ajuste ISO manual de 40. Alternativamente, se puede realizar una correcci\u00f3n de exposici\u00f3n de 1 punto. Los tiempos de desarrollo se pueden encontrar en la ficha t\u00e9cnica o en el interior de las cajas de pel\u00edcula.   <\/p>\n<p><iframe loading=\"lazy\" src=\"\/\/www.youtube.com\/embed\/aPQ7OPy8T2w?feature=emb_title\" width=\"560\" height=\"314\" allowfullscreen=\"allowfullscreen\"><\/iframe><\/p>\n<p>Pel\u00edcula ortocrom\u00e1tica en blanco y negro de 35 mm, ISO 80, con grano fino y nitidez, perfecta para paisajes impresionantes.<\/p>\n<ul>\n<li>ISO 80 (ISO 40 en luz de tungsteno)<\/li>\n<li>Pel\u00edcula ortocrom\u00e1tica en blanco y negro de grano fino y n\u00edtido<\/li>\n<li>Se puede procesar \/ manipular en rojo intenso luz de seguridad<\/li>\n<li>35 mm, 120 rollos y l\u00e1minas disponibles<\/li>\n<\/ul>\n<p>ILFORD ORTHO PLUS es una pel\u00edcula ortocrom\u00e1tica en blanco y negro. Dise\u00f1ado como una pel\u00edcula de copia de alta resoluci\u00f3n para negativos, ORTHO PLUS ofrece un excelente potencial fotogr\u00e1fico gracias a su grano fino y nitidez. <\/p>\n<p>Ideal para la fotograf\u00eda de paisajes, la sensibilidad azul y verde de esta emulsi\u00f3n permite manipular la pel\u00edcula en condiciones de luz segura de color rojo intenso*, lo que facilita el procesamiento y la inspecci\u00f3n.<\/p>\n<p>Su falta de sensibilidad al rojo tambi\u00e9n significa que los rojos y naranjas en su marco se vuelven m\u00e1s oscuros con un contraste m\u00e1s fuerte que las pel\u00edculas pancrom\u00e1ticas est\u00e1ndar (todas las dem\u00e1s pel\u00edculas ILFORD y Kentmere son pancrom\u00e1ticas).<\/p>\n<p>ILFORD ORTHO PLUS tiene codificaci\u00f3n DX para ISO 80 para disparos con luz diurna \/ natural. Para el trabajo de tungsteno se debe utilizar un ajuste ISO manual de 40. Alternativamente, se puede realizar una correcci\u00f3n de exposici\u00f3n de 1 parada. Ya sea que dispare a ISO 80 o 40, se puede procesar como est\u00e1ndar. Los tiempos de desarrollo se pueden encontrar en la ficha t\u00e9cnica o en el interior de las cajas de filmaci\u00f3n.    <\/p>\n<p>* No lo use con una luz de seguridad \u00e1mbar, ya que esto puede causar empa\u00f1amiento.<\/p>\n","protected":false},"excerpt":{"rendered":"<p>ILFORD ORTHO PLUS es una pel\u00edcula ortocr\u00f3mica en blanco y negro. Dise\u00f1ado como una pel\u00edcula de copia de alta resoluci\u00f3n<\/p>\n","protected":false},"featured_media":26839,"comment_status":"closed","ping_status":"open","template":"","meta":{"_acf_changed":false},"product_brand":[2601],"product_cat":[883],"product_tag":[],"class_list":{"0":"post-72742","1":"product","2":"type-product","3":"status-publish","4":"has-post-thumbnail","6":"product_brand-ilford-es","7":"product_cat-35mm-es","9":"first","10":"onbackorder","11":"taxable","12":"shipping-taxable","13":"purchasable","14":"product-type-simple"},"bundled_by":[],"bundle_stock_status":"onbackorder","bundle_stock_quantity":null,"bundle_virtual":false,"bundle_layout":"","bundle_add_to_cart_form_location":"","bundle_editable_in_cart":false,"bundle_sold_individually_context":"","bundle_item_grouping":"","bundle_min_size":"","bundle_max_size":"","bundle_price":[],"bundled_items":[],"bundle_sell_ids":[],"acf":[],"_links":{"self":[{"href":"https:\/\/hi-techwonder.com\/es\/wp-json\/wp\/v2\/product\/72742","targetHints":{"allow":["GET"]}}],"collection":[{"href":"https:\/\/hi-techwonder.com\/es\/wp-json\/wp\/v2\/product"}],"about":[{"href":"https:\/\/hi-techwonder.com\/es\/wp-json\/wp\/v2\/types\/product"}],"replies":[{"embeddable":true,"href":"https:\/\/hi-techwonder.com\/es\/wp-json\/wp\/v2\/comments?post=72742"}],"wp:featuredmedia":[{"embeddable":true,"href":"https:\/\/hi-techwonder.com\/es\/wp-json\/wp\/v2\/media\/26839"}],"wp:attachment":[{"href":"https:\/\/hi-techwonder.com\/es\/wp-json\/wp\/v2\/media?parent=72742"}],"wp:term":[{"taxonomy":"product_brand","embeddable":true,"href":"https:\/\/hi-techwonder.com\/es\/wp-json\/wp\/v2\/product_brand?post=72742"},{"taxonomy":"product_cat","embeddable":true,"href":"https:\/\/hi-techwonder.com\/es\/wp-json\/wp\/v2\/product_cat?post=72742"},{"taxonomy":"product_tag","embeddable":true,"href":"https:\/\/hi-techwonder.com\/es\/wp-json\/wp\/v2\/product_tag?post=72742"}],"curies":[{"name":"wp","href":"https:\/\/api.w.org\/{rel}","templated":true}]}}