{"id":72745,"date":"2025-07-28T23:44:13","date_gmt":"2025-07-28T23:44:13","guid":{"rendered":"https:\/\/fv6qoy3ls0.wpdns.site\/produto\/rodillo-ilford-b-n-xp2-400-120\/"},"modified":"2026-05-11T10:21:03","modified_gmt":"2026-05-11T09:21:03","slug":"ilford-rodillo-ilford-b-n-xp2-400-120","status":"publish","type":"product","link":"https:\/\/hi-techwonder.com\/es\/producto\/ilford-rodillo-ilford-b-n-xp2-400-120\/","title":{"rendered":"Rodillo ILFORD B\/N XP2 400 &#8211; 120"},"content":{"rendered":"<p style=\"margin-bottom: 0cm;border: none;padding: 0cm;font-style: normal\"><span style=\"font-size: medium\"><strong><span style=\"text-decoration: underline\">Recursos:<\/strong><\/span><\/span><\/p>\n<ul>\n<li>\n<p style=\"margin-bottom: 0cm;border: none;padding: 0cm;font-style: normal;font-weight: normal;line-height: 0.48cm\"><span style=\"font-size: medium\">Pancrom\u00e1tico B&amp;N Cromog\u00e9nico Neg. Pel\u00edcula <\/span><\/p>\n<\/li>\n<\/ul>\n<ul>\n<li>\n<p style=\"margin-bottom: 0cm;border: none;padding: 0cm;font-style: normal;font-weight: normal;line-height: 0.48cm\"><span style=\"font-size: medium\">ISO 400\/27\u00b0 en el asunto C-41<\/span><\/p>\n<\/li>\n<li>\n<p style=\"margin-bottom: 0cm;border: none;padding: 0cm;font-style: normal;font-weight: normal;line-height: 0.48cm\"><span style=\"font-size: medium\">Latitud de exposici\u00f3n muy amplia<\/span><\/p>\n<\/li>\n<li>\n<p style=\"margin-bottom: 0cm;border: none;padding: 0cm;font-style: normal;font-weight: normal;line-height: 0.48cm\"><span style=\"font-size: medium\">Grano fino y nitidez<\/span><\/p>\n<\/li>\n<li>\n<p style=\"margin-bottom: 0cm;border: none;padding: 0cm;font-style: normal;font-weight: normal;line-height: 0.48cm\"><span style=\"font-size: medium\">Se puede imprimir en papel blanco y negro convencional<\/span><\/p>\n<\/li>\n<\/ul>\n<p style=\"margin-bottom: 0cm;border: none;padding: 0cm;font-style: normal;font-weight: normal;line-height: 0.48cm\"><span style=\"font-family: verdana, geneva\">&nbsp;<\/span><\/p>\n<p style=\"margin-bottom: 0cm;border: none;padding: 0cm;font-style: normal;font-weight: normal;line-height: 0.48cm\"><span style=\"font-family: verdana, geneva\">&nbsp;<\/span><\/p>\n<p style=\"margin-bottom: 0cm;border: none;padding: 0cm;font-style: normal\"><strong><span style=\"font-size: medium\"><span style=\"font-family: verdana, geneva\">Caracter\u00edsticas t\u00e9cnicas:<\/span><\/span><\/strong><\/p>\n<p style=\"margin-bottom: 0cm;border: none;padding: 0cm;font-style: normal\"><span style=\"font-family: verdana, geneva\">&nbsp;<\/span><\/p>\n<table style=\"width: 493px\" border=\"0\" cellspacing=\"0\" cellpadding=\"2\">\n<colgroup>\n<col width=\"135\">\n<col width=\"350\"><\/colgroup>\n<tbody>\n<tr>\n<td width=\"135\">\n<p style=\"border-top: none;border-bottom: 1px solid #e6e7e8;border-left: none;border-right: none;padding: 0cm 0cm 0.53cm 0cm\"><span style=\"font-family: verdana, geneva\">Formato de pel\u00edcula<\/span><\/p>\n<\/td>\n<td width=\"350\">\n<p style=\"border-top: none;border-bottom: 1px solid #e6e7e8;border-left: none;border-right: none;padding: 0cm 0cm 0.53cm 0cm\"><span style=\"font-family: verdana, geneva\">120<\/span><\/p>\n<\/td>\n<\/tr>\n<tr>\n<td width=\"135\">\n<p style=\"border-top: none;border-bottom: 1px solid #e6e7e8;border-left: none;border-right: none;padding: 0cm 0cm 0.53cm 0cm\"><span style=\"font-family: verdana, geneva\">Tipo de pel\u00edcula<\/span><\/p>\n<\/td>\n<td width=\"350\">\n<p style=\"border-top: none;border-bottom: 1px solid #e6e7e8;border-left: none;border-right: none;padding: 0cm 0cm 0.53cm 0cm\"><span style=\"font-family: verdana, geneva\">Negativo cromog\u00e9nico pancrom\u00e1tico en blanco y negro<\/span><\/p>\n<\/td>\n<\/tr>\n<tr>\n<td width=\"135\">\n<p style=\"border-top: none;border-bottom: 1px solid #e6e7e8;border-left: none;border-right: none;padding: 0cm 0cm 0.53cm 0cm\"><span style=\"font-family: verdana, geneva\">Velocidad de la pel\u00edcula<\/span><\/p>\n<\/td>\n<td width=\"350\">\n<p style=\"border-top: none;border-bottom: 1px solid #e6e7e8;border-left: none;border-right: none;padding: 0cm 0cm 0.53cm 0cm\"><span style=\"font-family: verdana, geneva\">ISO 400<\/span><\/p>\n<\/td>\n<\/tr>\n<tr>\n<td width=\"135\">\n<p style=\"border-top: none;border-bottom: 1px solid #e6e7e8;border-left: none;border-right: none;padding: 0cm 0cm 0.53cm 0cm\"><span style=\"font-family: verdana, geneva\">Procesamiento de pel\u00edculas<\/span><\/p>\n<\/td>\n<td width=\"350\">\n<p style=\"border-top: none;border-bottom: 1px solid #e6e7e8;border-left: none;border-right: none;padding: 0cm 0cm 0.53cm 0cm\"><span style=\"font-family: verdana, geneva\">C-41<\/span><\/p>\n<\/td>\n<\/tr>\n<tr>\n<td width=\"135\">\n<p style=\"border-top: none;border-bottom: 1px solid #e6e7e8;border-left: none;border-right: none;padding: 0cm 0cm 0.53cm 0cm\"><span style=\"font-family: verdana, geneva\">Base de pel\u00edcula<\/span><\/p>\n<\/td>\n<td width=\"350\">\n<p style=\"border-top: none;border-bottom: 1px solid #e6e7e8;border-left: none;border-right: none;padding: 0cm 0cm 0.53cm 0cm\"><span style=\"font-family: verdana, geneva\">Acetato<\/span><\/p>\n<\/td>\n<\/tr>\n<tr>\n<td width=\"135\">\n<p style=\"border-top: none;border-bottom: 1px solid #e6e7e8;border-left: none;border-right: none;padding: 0cm 0cm 0.53cm 0cm\"><span style=\"font-family: verdana, geneva\">N\u00famero de rollos<\/span><\/p>\n<\/td>\n<td width=\"350\">\n<p style=\"border-top: none;border-bottom: 1px solid #e6e7e8;border-left: none;border-right: none;padding: 0cm 0cm 0.53cm 0cm\"><span style=\"font-family: verdana, geneva\">1<\/span><\/p>\n<\/td>\n<\/tr>\n<tr>\n<td width=\"135\">\n<p style=\"border-top: none;border-bottom: 1px solid #e6e7e8;border-left: none;border-right: none;padding: 0cm 0cm 0.53cm 0cm\"><span style=\"font-family: verdana, geneva\">Espesor de la capa<\/span><\/p>\n<\/td>\n<td width=\"350\">\n<p style=\"border-top: none;border-bottom: 1px solid #e6e7e8;border-left: none;border-right: none;padding: 0cm 0cm 0.53cm 0cm\"><span style=\"font-family: verdana, geneva\">110,0 \u03bcm<\/span><\/p>\n<\/td>\n<\/tr>\n<\/tbody>\n<\/table>\n<p style=\"margin-bottom: 0cm;border: none;padding: 0cm;font-style: normal\"><span style=\"font-family: verdana, geneva\">&nbsp;<\/span><\/p>\n","protected":false},"excerpt":{"rendered":"<p>Recursos: Pancrom\u00e1tico B&amp;N Cromog\u00e9nico Neg. Pel\u00edcula ISO 400\/27\u00b0 en el asunto C-41 Latitud de exposici\u00f3n muy amplia Grano fino y<\/p>\n","protected":false},"featured_media":26935,"comment_status":"closed","ping_status":"open","template":"","meta":{"_acf_changed":false},"product_brand":[2601],"product_cat":[884],"product_tag":[],"class_list":{"0":"post-72745","1":"product","2":"type-product","3":"status-publish","4":"has-post-thumbnail","6":"product_brand-ilford-es","7":"product_cat-120mm-es","9":"first","10":"instock","11":"taxable","12":"shipping-taxable","13":"purchasable","14":"product-type-simple"},"bundled_by":[],"bundle_stock_status":"instock","bundle_stock_quantity":4,"bundle_virtual":false,"bundle_layout":"","bundle_add_to_cart_form_location":"","bundle_editable_in_cart":false,"bundle_sold_individually_context":"","bundle_item_grouping":"","bundle_min_size":"","bundle_max_size":"","bundle_price":[],"bundled_items":[],"bundle_sell_ids":[],"acf":[],"_links":{"self":[{"href":"https:\/\/hi-techwonder.com\/es\/wp-json\/wp\/v2\/product\/72745","targetHints":{"allow":["GET"]}}],"collection":[{"href":"https:\/\/hi-techwonder.com\/es\/wp-json\/wp\/v2\/product"}],"about":[{"href":"https:\/\/hi-techwonder.com\/es\/wp-json\/wp\/v2\/types\/product"}],"replies":[{"embeddable":true,"href":"https:\/\/hi-techwonder.com\/es\/wp-json\/wp\/v2\/comments?post=72745"}],"wp:featuredmedia":[{"embeddable":true,"href":"https:\/\/hi-techwonder.com\/es\/wp-json\/wp\/v2\/media\/26935"}],"wp:attachment":[{"href":"https:\/\/hi-techwonder.com\/es\/wp-json\/wp\/v2\/media?parent=72745"}],"wp:term":[{"taxonomy":"product_brand","embeddable":true,"href":"https:\/\/hi-techwonder.com\/es\/wp-json\/wp\/v2\/product_brand?post=72745"},{"taxonomy":"product_cat","embeddable":true,"href":"https:\/\/hi-techwonder.com\/es\/wp-json\/wp\/v2\/product_cat?post=72745"},{"taxonomy":"product_tag","embeddable":true,"href":"https:\/\/hi-techwonder.com\/es\/wp-json\/wp\/v2\/product_tag?post=72745"}],"curies":[{"name":"wp","href":"https:\/\/api.w.org\/{rel}","templated":true}]}}