{"id":72746,"date":"2025-07-28T23:44:13","date_gmt":"2025-07-28T23:44:13","guid":{"rendered":"https:\/\/fv6qoy3ls0.wpdns.site\/produto\/ilford-sfx-200-rollo-de-120\/"},"modified":"2025-09-30T14:07:57","modified_gmt":"2025-09-30T14:07:57","slug":"ilford-sfx-200-rollo-de-120","status":"publish","type":"product","link":"https:\/\/hi-techwonder.com\/es\/producto\/ilford-sfx-200-rollo-de-120\/","title":{"rendered":"ILFORD Sfx 200 &#8211; Rollo de 120"},"content":{"rendered":"<p>La <strong>ILFORD SFX 200<\/strong> es una pel\u00edcula en blanco y negro de velocidad media con mayor sensibilidad al rojo, lo que la convierte en la elecci\u00f3n perfecta para im\u00e1genes de estilo infrarrojo.<\/p>\n<p>Cuando se usa con un filtro rojo oscuro, el SFX 200 reproduce cielos azules casi negros y vegetaci\u00f3n verde casi blanca para crear una impresionante apariencia infrarroja en sus fotos.<\/p>\n<p>A diferencia de los materiales infrarrojos tradicionales, el SFX 200 se puede cargar con poca luz y es compatible con todos los reveladores normales en blanco y negro, produciendo negativos de alta calidad y contraste moderado.<\/p>\n<p>El SFX 200 tambi\u00e9n se puede usar con otros filtros de color, como amarillo, naranja o rojo claro, para producir efectos especiales igualmente dram\u00e1ticos.<\/p>\n<p><iframe loading=\"lazy\" style=\"min-height: 500px;\" src=\"\/\/www.youtube.com\/embed\/aPQ7OPy8T2w\" width=\"560\" height=\"314\" allowfullscreen=\"allowfullscreen\"><\/iframe><\/p>\n<ul>\n<li>ISO 200 de velocidad media<\/li>\n<li>Sensibilidad al rojo extendida<\/li>\n<li>Usar con filtros para efectos creativos<\/li>\n<li>Pel\u00edcula de 35 mm y 120 rollos disponibles<\/li>\n<\/ul>\n<p>ILFORD SFX 200 es una pel\u00edcula de c\u00e1mara en blanco y negro de velocidad media para fotograf\u00eda creativa. Tiene una sensibilidad roja extendida (hasta 740 nm) y es especialmente adecuado para usar con un filtro rojo para crear efectos especiales. Por ejemplo, al usar un filtro rojo muy profundo, los cielos se pueden representar casi negros y la mayor\u00eda de la vegetaci\u00f3n verde casi blanca.  <\/p>\n<p>Su inusual interpretaci\u00f3n tonal garantiza resultados interesantes para una variedad de sujetos, incluidos retratos, paisajes, paisajes urbanos y arquitectura. Los mejores resultados se obtienen a plena luz del sol o en el estudio bajo iluminaci\u00f3n de tungsteno. <\/p>\n<p>SFX tambi\u00e9n tiene una sensibilidad pancrom\u00e1tica completa para garantizar un buen contraste pict\u00f3rico con o sin el uso de un filtro. Tiene una amplia latitud de exposici\u00f3n y es compatible con todos los reveladores normales. Tiene una amplia gama tonal.  &nbsp;<\/p>\n<h2 class=\"western\" style=\"font-weight: normal;\"><strong><span style=\"color: #333333;\"><span style=\"font-family: OpenSans, Segoe UI, Helvetica, Roboto, Arial, sans-serif;\">Ilford SFX 200 Ficha Tecnica<\/span><\/strong><\/span><\/h2>\n<table border=\"0\" width=\"361\" cellspacing=\"0\" cellpadding=\"2\">\n<colgroup>\n<col width=\"110\">\n<col width=\"243\"> <\/colgroup>\n<tbody>\n<tr>\n<td width=\"110\">\n<p style=\"border: none; padding: 0cm;\" align=\"LEFT\">Formato de pel\u00edcula<\/p>\n<\/td>\n<td width=\"243\">\n<p style=\"border: none; padding: 0cm;\">120<\/p>\n<\/td>\n<\/tr>\n<tr>\n<td width=\"110\">\n<p style=\"border: none; padding: 0cm;\" align=\"LEFT\">Tipo de pel\u00edcula<\/p>\n<\/td>\n<td width=\"243\">\n<p style=\"border: none; padding: 0cm;\">Infrarrojos en blanco y negro<\/p>\n<\/td>\n<\/tr>\n<tr>\n<td width=\"110\">\n<p style=\"border: none; padding: 0cm;\" align=\"LEFT\">Velocidad de la pel\u00edcula<\/p>\n<\/td>\n<td width=\"243\">\n<p style=\"border: none; padding: 0cm;\">ISO 200<\/p>\n<\/td>\n<\/tr>\n<tr>\n<td width=\"110\">\n<p style=\"border: none; padding: 0cm;\" align=\"LEFT\">Procesamiento de pel\u00edculas<\/p>\n<\/td>\n<td width=\"243\">\n<p style=\"border: none; padding: 0cm;\">Qu\u00edmica est\u00e1ndar en blanco y negro<\/p>\n<\/td>\n<\/tr>\n<tr>\n<td width=\"110\">\n<p style=\"border: none; padding: 0cm;\" align=\"LEFT\">Base de pel\u00edcula<\/p>\n<\/td>\n<td width=\"243\">\n<p style=\"border: none; padding: 0cm;\">Acetato<\/p>\n<\/td>\n<\/tr>\n<tr>\n<td width=\"110\">\n<p style=\"border: none; padding: 0cm;\" align=\"LEFT\">N\u00famero de rollos<\/p>\n<\/td>\n<td width=\"243\">\n<p style=\"border: none; padding: 0cm;\">1<\/p>\n<\/td>\n<\/tr>\n<tr>\n<td width=\"110\">\n<p style=\"border: none; padding: 0cm;\" align=\"LEFT\">Espesor de capa<\/p>\n<\/td>\n<td width=\"243\">\n<p style=\"border: none; padding: 0cm;\">125,0 \u03bcm<\/p>\n<\/td>\n<\/tr>\n<\/tbody>\n<\/table>\n","protected":false},"excerpt":{"rendered":"<p>La ILFORD SFX 200 es una pel\u00edcula en blanco y negro de velocidad media con mayor sensibilidad al rojo, lo<\/p>\n","protected":false},"featured_media":26938,"comment_status":"closed","ping_status":"open","template":"","meta":{"_acf_changed":false},"product_brand":[2601],"product_cat":[884],"product_tag":[],"class_list":{"0":"post-72746","1":"product","2":"type-product","3":"status-publish","4":"has-post-thumbnail","6":"product_brand-ilford-es","7":"product_cat-120mm-es","9":"first","10":"instock","11":"taxable","12":"shipping-taxable","13":"purchasable","14":"product-type-simple"},"bundled_by":[],"bundle_stock_status":"instock","bundle_stock_quantity":3,"bundle_virtual":false,"bundle_layout":"","bundle_add_to_cart_form_location":"","bundle_editable_in_cart":false,"bundle_sold_individually_context":"","bundle_item_grouping":"","bundle_min_size":"","bundle_max_size":"","bundle_price":[],"bundled_items":[],"bundle_sell_ids":[],"acf":[],"_links":{"self":[{"href":"https:\/\/hi-techwonder.com\/es\/wp-json\/wp\/v2\/product\/72746","targetHints":{"allow":["GET"]}}],"collection":[{"href":"https:\/\/hi-techwonder.com\/es\/wp-json\/wp\/v2\/product"}],"about":[{"href":"https:\/\/hi-techwonder.com\/es\/wp-json\/wp\/v2\/types\/product"}],"replies":[{"embeddable":true,"href":"https:\/\/hi-techwonder.com\/es\/wp-json\/wp\/v2\/comments?post=72746"}],"wp:featuredmedia":[{"embeddable":true,"href":"https:\/\/hi-techwonder.com\/es\/wp-json\/wp\/v2\/media\/26938"}],"wp:attachment":[{"href":"https:\/\/hi-techwonder.com\/es\/wp-json\/wp\/v2\/media?parent=72746"}],"wp:term":[{"taxonomy":"product_brand","embeddable":true,"href":"https:\/\/hi-techwonder.com\/es\/wp-json\/wp\/v2\/product_brand?post=72746"},{"taxonomy":"product_cat","embeddable":true,"href":"https:\/\/hi-techwonder.com\/es\/wp-json\/wp\/v2\/product_cat?post=72746"},{"taxonomy":"product_tag","embeddable":true,"href":"https:\/\/hi-techwonder.com\/es\/wp-json\/wp\/v2\/product_tag?post=72746"}],"curies":[{"name":"wp","href":"https:\/\/api.w.org\/{rel}","templated":true}]}}