{"id":72757,"date":"2025-07-28T23:45:33","date_gmt":"2025-07-28T23:45:33","guid":{"rendered":"https:\/\/fv6qoy3ls0.wpdns.site\/produto\/revelador-universal-ilford-pq-500ml\/"},"modified":"2026-01-31T03:31:43","modified_gmt":"2026-01-31T03:31:43","slug":"ilford-revelador-universal-ilford-pq-500ml","status":"publish","type":"product","link":"https:\/\/hi-techwonder.com\/es\/producto\/ilford-revelador-universal-ilford-pq-500ml\/","title":{"rendered":"Revelador universal ILFORD PQ 500ml"},"content":{"rendered":"<p style=\"margin-bottom: 0cm;font-style: normal;font-weight: normal;text-decoration: none\"><span style=\"font-size: medium\"><span style=\"text-decoration: underline\"><strong>Recursos:<\/strong><\/span><\/span><\/p>\n<ul>\n<li>\n<p style=\"font-style: normal;font-weight: normal\"><span style=\"font-size: medium\"><span style=\"text-decoration: none\">Concentrado l\u00edquido<\/span><\/span><\/p>\n<\/li>\n<li>\n<p style=\"font-style: normal;font-weight: normal\"><span style=\"font-size: medium\">Tono de imagen ligeramente c\u00e1lido<\/span><\/p>\n<\/li>\n<li>\n<p style=\"margin-bottom: 0cm;border: none;padding: 0cm;font-style: normal;font-weight: normal;line-height: 0.48cm\"><span style=\"font-size: medium\">La diluci\u00f3n normal es 1+9<\/span><\/p>\n<\/li>\n<\/ul>\n<p style=\"margin-bottom: 0cm;font-style: normal;font-weight: normal;text-decoration: none\"><span style=\"font-family: verdana, geneva\">&nbsp;<\/span><\/p>\n<p style=\"margin-bottom: 0cm;border: none;padding: 0cm;font-style: normal;font-weight: normal;line-height: 0.79cm\"><span style=\"font-size: medium\">Ilford PQ Universal Paper and Film Developer, es un revelador de concentrado l\u00edquido adecuado para revelar platos o bandejas de todos los papeles fotogr\u00e1ficos recubiertos de resina (RC) y a base de fibra (FB) en blanco y negro. Es un derivado de dimezona\/hidroquinona. A diferencia del revelador Ilford Multigrade, este revelador producir\u00e1 un tono ligeramente m\u00e1s c\u00e1lido.  <\/span><\/p>\n<p style=\"margin-bottom: 0cm;border: none;padding: 0cm;font-style: normal;font-weight: normal;line-height: 0.74cm\"><span style=\"font-size: medium\">El revelador PQ tiene excelentes propiedades de mantenimiento. Adem\u00e1s, PQ Universal se puede utilizar para procesar pel\u00edculas t\u00e9cnicas de Ilford y otros fabricantes en placas o bandejas. Tambi\u00e9n es adecuado para revelar platos o bandejas de pel\u00edculas de l\u00e1minas de uso general cuando necesita un revelador de alto contraste y trabajo r\u00e1pido. Este revelador funciona bien cuando no se requiere un alto grado de aumento.   <\/span><\/p>\n<p style=\"margin-bottom: 0cm;border: none;padding: 0cm;font-style: normal;font-weight: normal;line-height: 0.74cm\"><span style=\"font-size: medium\">Cabe se\u00f1alar que Ilford recomienda usar guantes, protecci\u00f3n para los ojos, un delantal o overoles al manipular y mezclar todos los productos qu\u00edmicos.<\/span><\/p>\n<p style=\"margin-bottom: 0cm;border: none;padding: 0cm;font-style: normal;font-weight: normal;line-height: 0.48cm\"><span style=\"font-family: verdana, geneva\">&nbsp;<\/span><\/p>\n<p style=\"margin-bottom: 0cm;border: none;padding: 0cm;font-style: normal;font-weight: normal;line-height: 0.48cm\"><span style=\"font-size: medium\"><span style=\"text-decoration: underline\"><strong>Observaci\u00f3n:<\/strong> PQ Universal NO se recomienda para procesar formatos de rollo y pel\u00edcula de uso general de 35 mm, ni para aplicaciones de procesamiento a m\u00e1quina o a alta temperatura<\/span><\/span><\/p>\n<ul>\n<li><span style=\"font-size: medium\">Para aplicaciones de procesamiento de pel\u00edculas, se diluye a 1 + 9 (alto contraste) o 1 + 19 (contraste pict\u00f3rico)<\/span><\/li>\n<li><span style=\"font-size: medium\">El revelador PQ Universal est\u00e1 dise\u00f1ado para su uso a temperatura ambiente: 20 \u00b0C (68 \u00b0F)<\/span><\/li>\n<li><span style=\"font-size: medium\">Diluir 1+9 o 1+4 para condiciones normales de trabajo; Diluir 1+9\/1+19 para pel\u00edculas t\u00e9cnicas y en l\u00e1minas<\/span>\n<p style=\"margin-bottom: 0cm;border: none;padding: 0cm;font-style: normal;font-weight: normal;line-height: 0.79cm\"><span style=\"font-family: verdana, geneva\">&nbsp;<\/span><\/p>\n<\/li>\n<\/ul>\n","protected":false},"excerpt":{"rendered":"<p>Recursos: Concentrado l\u00edquido Tono de imagen ligeramente c\u00e1lido La diluci\u00f3n normal es 1+9 &nbsp; Ilford PQ Universal Paper and Film<\/p>\n","protected":false},"featured_media":27269,"comment_status":"closed","ping_status":"open","template":"","meta":{"_acf_changed":false},"product_brand":[2601],"product_cat":[886],"product_tag":[],"class_list":{"0":"post-72757","1":"product","2":"type-product","3":"status-publish","4":"has-post-thumbnail","6":"product_brand-ilford-es","7":"product_cat-quimicos-es","9":"first","10":"instock","11":"taxable","12":"shipping-taxable","13":"purchasable","14":"product-type-simple"},"bundled_by":[],"bundle_stock_status":"instock","bundle_stock_quantity":2,"bundle_virtual":false,"bundle_layout":"","bundle_add_to_cart_form_location":"","bundle_editable_in_cart":false,"bundle_sold_individually_context":"","bundle_item_grouping":"","bundle_min_size":"","bundle_max_size":"","bundle_price":[],"bundled_items":[],"bundle_sell_ids":[],"acf":[],"_links":{"self":[{"href":"https:\/\/hi-techwonder.com\/es\/wp-json\/wp\/v2\/product\/72757","targetHints":{"allow":["GET"]}}],"collection":[{"href":"https:\/\/hi-techwonder.com\/es\/wp-json\/wp\/v2\/product"}],"about":[{"href":"https:\/\/hi-techwonder.com\/es\/wp-json\/wp\/v2\/types\/product"}],"replies":[{"embeddable":true,"href":"https:\/\/hi-techwonder.com\/es\/wp-json\/wp\/v2\/comments?post=72757"}],"wp:featuredmedia":[{"embeddable":true,"href":"https:\/\/hi-techwonder.com\/es\/wp-json\/wp\/v2\/media\/27269"}],"wp:attachment":[{"href":"https:\/\/hi-techwonder.com\/es\/wp-json\/wp\/v2\/media?parent=72757"}],"wp:term":[{"taxonomy":"product_brand","embeddable":true,"href":"https:\/\/hi-techwonder.com\/es\/wp-json\/wp\/v2\/product_brand?post=72757"},{"taxonomy":"product_cat","embeddable":true,"href":"https:\/\/hi-techwonder.com\/es\/wp-json\/wp\/v2\/product_cat?post=72757"},{"taxonomy":"product_tag","embeddable":true,"href":"https:\/\/hi-techwonder.com\/es\/wp-json\/wp\/v2\/product_tag?post=72757"}],"curies":[{"name":"wp","href":"https:\/\/api.w.org\/{rel}","templated":true}]}}